{"id":23648,"date":"2022-08-26T14:46:48","date_gmt":"2022-08-26T18:46:48","guid":{"rendered":"https:\/\/wpclub.pro\/?post_type=product&#038;p=23648"},"modified":"2025-08-25T13:00:16","modified_gmt":"2025-08-25T17:00:16","slug":"videohive-retro-fashion-promo","status":"publish","type":"product","link":"https:\/\/wpclub.pro\/en\/item\/videohive-retro-fashion-promo\/","title":{"rendered":"Videohive Retro Fashion Promo"},"content":{"rendered":"<p>] css=\u00bb.vc_custom_1629733467375{margin-right: 15px !important;padding-top: 30px !important;padding-right: 30px !important;padding-bottom: 30px !important;padding-left: 30px !important;background-color: #f4f4f4 !important;border-radius: 5px !important;}\u00bb width=\u00bb1\/1&#8243; mobile_bg_img_hidden=\u00bbno\u00bb tablet_bg_img_hidden=\u00bbno\u00bb woodmart_parallax=\u00bb0&#8243; woodmart_sticky_column=\u00bbfalse\u00bb parallax_scroll=\u00bbno\u00bb mobile_reset_margin=\u00bbno\u00bb tablet_reset_margin=\u00bbno\u00bb]_text woodmart_inline=\u00bbno\u00bb text_larger=\u00bbno\u00bb]<\/p>\n<h2>Videohive Retro Fashion Promo<\/h2>\n<p>Haz una promoci\u00f3n de moda de estilo estricto de una nueva colecci\u00f3n. Muestre las novedades en una pantalla de video en su boutique.<\/p>\n<p>Perfecto para promocionar acciones de descuento o producir clips promocionales y colocarlos en pantallas de video en centros comerciales o tiendas o transmisiones de televisi\u00f3n.<\/p>\n<p>Adecuado para crear una historia de Instagram, una promoci\u00f3n de canal o una presentaci\u00f3n de su colecci\u00f3n de vestidos e impresionar a todas las ni\u00f1as y mujeres.<\/p>\n<h3>Todo se Puede con Videohive Retro Fashion Promo<\/h3>\n<p>Vestido de moda, accesorios de marca, hermosos zapatos de tac\u00f3n alto, etc. \u00a1Puedes demostrarlo usando esa plantilla!<\/p>\n<p>\u00a1Puedes cambiar de color f\u00e1cilmente y hacer tu propio estilo de color! Simplemente vuelva a escribir el texto del precio en el que desee y cree otro abridor de promoci\u00f3n de ropa de moda o anuncios de la presentaci\u00f3n de diapositivas de sus productos.<\/p>\n<h3>Caracter\u00edsticas Principales de Videohive Retro Fashion Promo<\/h3>\n<ul>\n<li>After Effects CC 2022 o software superior<\/li>\n<li>Resoluci\u00f3n FullHD 1080p (1920 \u00d7 1080) \/ 30 fps<\/li>\n<li>1:00 min duraci\u00f3n final<\/li>\n<li>13 marcadores de posici\u00f3n para fotos o videos de modelos<\/li>\n<li>30 ubicaciones para su texto<\/li>\n<li>Muy f\u00e1cil de personalizar \/ soporte en l\u00ednea<\/li>\n<li>No se requieren complementos<\/li>\n<\/ul>\n<p>Adquiera Ahora Videohive Retro Fashion Promo.[\/vc_column_text][\/vc_column][\/vc_row] css=\u00bb.vc_custom_1629733150529{margin-top: 30px !important;}\u00bb mobile_bg_img_hidden=\u00bbno\u00bb tablet_bg_img_hidden=\u00bbno\u00bb woodmart_parallax=\u00bb0&#8243; woodmart_gradient_switch=\u00bbno\u00bb row_reverse_mobile=\u00bb0&#8243; row_reverse_tablet=\u00bb0&#8243; woodmart_disable_overflow=\u00bb0&#8243;] css=\u00bb.vc_custom_1629733167411{background-color: #f4f4f4 !important;border-radius: 5px !important;}\u00bb mobile_bg_img_hidden=\u00bbno\u00bb tablet_bg_img_hidden=\u00bbno\u00bb woodmart_parallax=\u00bb0&#8243; woodmart_sticky_column=\u00bbfalse\u00bb parallax_scroll=\u00bbno\u00bb mobile_reset_margin=\u00bbno\u00bb tablet_reset_margin=\u00bbno\u00bb]_text woodmart_inline=\u00bbno\u00bb text_larger=\u00bbno\u00bb]<\/p>\n<p style=\"text-align: center;\">Los productos publicados en el sitio son distribuimos bajo licenciamiento <a href=\"https:\/\/www.gnu.org\/licenses\/licenses.es.html\" target=\"_blank\" rel=\"noopener\" data-schema-attribute=\"\"><strong>GPL \/ GNU<\/strong><\/a>. Recuerda siempre revisar nuestros <strong><a href=\"https:\/\/wpclub.pro\/terminos-de-uso\/\" target=\"_blank\" rel=\"noopener\" data-schema-attribute=\"\">T\u00e9rminos de Uso<\/a><\/strong> y <strong><a href=\"https:\/\/wpclub.pro\/politica-de-privacidad\/\" target=\"_blank\" rel=\"noopener\" data-schema-attribute=\"\">Pol\u00edtica de Privacidad<\/a><\/strong>.<\/p>\n<p>[\/vc_column_text][\/vc_column][\/vc_row]<\/p>\n","protected":false},"excerpt":{"rendered":"<p>] css=\u00bb.vc_custom_1629733467375{margin-right: 15px !important;padding-top: 30px !important;padding-right: 30px !important;padding-bottom: 30px !important;padding-left: 30px !important;background-color: #f4f4f4 !important;border-radius: 5px !important;}\u00bb width=\u00bb1\/1&#8243; mobile_bg_img_hidden=\u00bbno\u00bb tablet_bg_img_hidden=\u00bbno\u00bb woodmart_parallax=\u00bb0&#8243;<\/p>","protected":false},"featured_media":23649,"comment_status":"closed","ping_status":"closed","template":"","meta":{"_acf_changed":false},"product_brand":[],"product_cat":[464],"product_tag":[622],"class_list":{"0":"post-23648","1":"product","2":"type-product","3":"status-publish","4":"has-post-thumbnail","6":"product_cat-recursos","7":"product_tag-temas-para-ropa-y-accesorios","8":"pa_autores-videohive","10":"first","11":"instock","12":"sale","13":"downloadable","14":"virtual","15":"sold-individually","16":"purchasable","17":"product-type-simple"},"acf":[],"_links":{"self":[{"href":"https:\/\/wpclub.pro\/en\/wp-json\/wp\/v2\/product\/23648","targetHints":{"allow":["GET"]}}],"collection":[{"href":"https:\/\/wpclub.pro\/en\/wp-json\/wp\/v2\/product"}],"about":[{"href":"https:\/\/wpclub.pro\/en\/wp-json\/wp\/v2\/types\/product"}],"replies":[{"embeddable":true,"href":"https:\/\/wpclub.pro\/en\/wp-json\/wp\/v2\/comments?post=23648"}],"version-history":[{"count":0,"href":"https:\/\/wpclub.pro\/en\/wp-json\/wp\/v2\/product\/23648\/revisions"}],"wp:featuredmedia":[{"embeddable":true,"href":"https:\/\/wpclub.pro\/en\/wp-json\/wp\/v2\/media\/23649"}],"wp:attachment":[{"href":"https:\/\/wpclub.pro\/en\/wp-json\/wp\/v2\/media?parent=23648"}],"wp:term":[{"taxonomy":"product_brand","embeddable":true,"href":"https:\/\/wpclub.pro\/en\/wp-json\/wp\/v2\/product_brand?post=23648"},{"taxonomy":"product_cat","embeddable":true,"href":"https:\/\/wpclub.pro\/en\/wp-json\/wp\/v2\/product_cat?post=23648"},{"taxonomy":"product_tag","embeddable":true,"href":"https:\/\/wpclub.pro\/en\/wp-json\/wp\/v2\/product_tag?post=23648"}],"curies":[{"name":"wp","href":"https:\/\/api.w.org\/{rel}","templated":true}]}}