{"id":23751,"date":"2026-05-07T11:48:51","date_gmt":"2026-05-07T15:48:51","guid":{"rendered":"https:\/\/wpclub.pro\/?post_type=product&#038;p=23751"},"modified":"2026-05-07T11:49:29","modified_gmt":"2026-05-07T15:49:29","slug":"feeds-youtube-pro","status":"publish","type":"product","link":"https:\/\/wpclub.pro\/en\/item\/feeds-youtube-pro\/","title":{"rendered":"Feeds for YouTube Pro 2.6.5"},"content":{"rendered":"<div data-elementor-type=\"product-post\" data-elementor-id=\"23751\" class=\"elementor elementor-23751\" data-elementor-post-type=\"product\">\n\t\t\t\t<div class=\"wd-negative-gap elementor-element elementor-element-521d0b8e e-flex e-con-boxed e-con e-parent\" data-id=\"521d0b8e\" data-element_type=\"container\" data-e-type=\"container\">\n\t\t\t\t\t<div class=\"e-con-inner\">\n\t\t\t\t<div class=\"elementor-element elementor-element-3fa75cc6 color-scheme-inherit text-left elementor-widget elementor-widget-text-editor\" data-id=\"3fa75cc6\" data-element_type=\"widget\" data-e-type=\"widget\" data-widget_type=\"text-editor.default\">\n\t\t\t\t<div class=\"elementor-widget-container\">\n\t\t\t\t\t\t\t\t\t<h2><strong><span style=\"color: var(--wd-title-color); font-family: var(--wd-title-font); font-size: 24px; font-style: var(--wd-title-font-style); text-transform: var(--wd-title-transform); text-align: var(--text-align);\">Feeds for YouTube Pro<\/span><\/strong><\/h2><h3 class=\"h1\">Alimente el contenido de su canal de YouTube autom\u00e1ticamente con Feeds for YouTube Pro<\/h3><h3>Ahorrar tiempo<\/h3><p>\u00bfNo tienes tiempo para actualizar videos en tu sitio web?\u00a0Ahorre tiempo y aumente la eficiencia publicando solo sus videos en YouTube y mostr\u00e1ndolos autom\u00e1ticamente en su sitio web.<\/p><h3>Obtener m\u00e1s seguidores<\/h3><p>Con Feeds for YouTube Pro aumente el compromiso entre usted y sus suscriptores de YouTube. Aumente el n\u00famero de suscriptores de su canal al mostrar su contenido de YouTube directamente en su sitio.<\/p><h3>Mostrar prueba social<\/h3><p>Aprovecha el contenido de YouTube para ayudar a hacer crecer tu negocio.\u00a0Muestre f\u00e1cilmente rese\u00f1as de videos de usuarios reales para mostrar comentarios aut\u00e9nticos que ayuden a aumentar sus conversiones.<\/p><h3>Contenido SEO din\u00e1mico<\/h3><p>Env\u00ede autom\u00e1ticamente su nuevo contenido de video directamente a su sitio para que se vea fresco, mantenga a sus visitantes interesados por m\u00e1s tiempo y aumente su SEO.<\/p><h3 class=\"h1-large\">\u00a1Por qu\u00e9 Feeds for YouTube Pro es el adecuado para usted?<\/h3><p>Tuvimos la misi\u00f3n de crear un complemento de YouTube maravillosamente simple pero profundamente personalizable para WordPress que permita a cualquier persona, sin importar cu\u00e1n experto en tecnolog\u00eda o dise\u00f1o, agregue sin problemas su contenido de YouTube a su sitio web en minutos.<\/p><h3>S\u00faper f\u00e1cil de configurar<\/h3><p>Una vez instalado Feeds for YouTube Pro, \u00a1puede mostrar su contenido de YouTube en menos de un minuto! Sin pasos confusos o golpe\u00e1ndose la cabeza contra la pared.\u00a0Conectar, personalizar, incrustar.<\/p><h3>Completamente personalizable<\/h3><p>Tus feeds se pueden personalizar para que se vean como quieras.\u00a0Hemos agregado toneladas de opciones de personalizaci\u00f3n para que pueda ajustar exactamente c\u00f3mo se ve y c\u00f3mo se muestra su contenido de YouTube.<\/p><h3>Fuentes de transmisi\u00f3n en vivo<\/h3><p>Muestra autom\u00e1ticamente un feed de transmisiones en vivo pr\u00f3ximas y actualmente en reproducci\u00f3n desde tu canal.<\/p><h3>Acciones personalizadas de pausa y finalizaci\u00f3n<\/h3><p>Acciones personalizables cuando un video de YouTube est\u00e1 en pausa o finaliza, como mostrar un enlace a la p\u00e1gina de un producto o mostrar miniaturas de sus otros videos.<\/p><h3>No technical knowledge is required<\/h3><p>Feeds for YouTube Pro se ve y funciona muy bien desde el primer momento. Est\u00e1 dise\u00f1ado para heredar los estilos de su sitio web de su tema de WordPress.\u00a0Requiere poco o ning\u00fan trabajo para que se vea genial.<\/p><h3>Filtrado de video<\/h3><p>Use nuestras poderosas opciones de filtro para filtrar f\u00e1cilmente videos de YouTube usando palabras clave que se encuentran en la descripci\u00f3n o el t\u00edtulo.<\/p><h3>Curar contenido<\/h3><p>Elija alimentar videos de su lista de favoritos de YouTube autom\u00e1ticamente en su sitio web, lo que facilita compartir contenido seleccionado que se adaptar\u00e1 perfectamente a su audiencia.<\/p><h3>M\u00faltiples fuentes de YouTube sin limitaciones<\/h3><p>Las verificaciones de estado autom\u00e1ticas le aseguran saber cu\u00e1ndo hay problemas que impiden que sus feeds se actualicen en el sitio web.<\/p><h3>Velocidad de p\u00e1gina optimizada<\/h3><p>La mayor\u00eda de los complementos de YouTube ralentizan su sitio web, debido a que realizan muchas solicitudes externas y cargan incrustaciones de reproductores en su p\u00e1gina cuando se carga. Feeds for YouTube Pro est\u00e1 dise\u00f1ado desde cero teniendo en cuenta el rendimiento.<\/p><h3>Hermosamente receptivo<\/h3><p>Su tema de WordPress receptivo merece un complemento de YouTube receptivo.\u00a0Nuestros complementos se crean teniendo en cuenta los dispositivos m\u00f3viles, por lo que se ven muy bien en cualquier tama\u00f1o de pantalla y en cualquier dispositivo.<\/p><h3>Combinar m\u00faltiples fuentes<\/h3><p>Combine f\u00e1cilmente m\u00faltiples fuentes de YouTube de diferentes canales en una sola fuente.<\/p><h3>Carga inteligente de reproductores de YouTube para una carga m\u00e1s r\u00e1pida<\/h3><p>Demasiados reproductores de video de YouTube en su p\u00e1gina realmente ralentizan el tiempo de carga.\u00a0A diferencia de otros complementos, Feeds for YouTube Pro no carga el reproductor de video de YouTube en la p\u00e1gina hasta que su visitante comienza a interactuar con el feed. Esto mejora el rendimiento, la puntuaci\u00f3n de Google Page Speed y la experiencia de los visitantes en su sitio.<\/p><h3>M\u00faltiples dise\u00f1os de alimentaci\u00f3n<\/h3><p>Cree el dise\u00f1o perfecto para su contenido utilizando nuestras opciones predefinidas;\u00a0Cuadr\u00edcula, Galer\u00eda, Lista o Carrusel.<\/p><h3>International language support<\/h3><p>Totalmente localizado y traducible: cambie o traduzca cualquiera de las cadenas de texto en sus feeds para mostrar el texto en el idioma que desee.<\/p><h3>Siempre actualizado<\/h3><p>Tanto WordPress como YouTube se actualizan peri\u00f3dicamente, al igual que nuestro complemento.\u00a0Nos mantenemos actualizados con los \u00faltimos cambios de YouTube y WordPress para garantizar que el complemento contin\u00fae funcionando sin problemas con cada actualizaci\u00f3n en ambas plataformas.<\/p><h3>Hooks y plantillas amigables para desarrolladores<\/h3><p>Utilice nuestro sistema de plantillas incorporado para personalizar completamente la salida HTML de su feed de YouTube, o utilice ganchos integrados para modificar la configuraci\u00f3n y la funcionalidad del feed mediante programaci\u00f3n.<\/p><h3>Cumple con el RGPD<\/h3><p>Feeds for YouTube Pro se integra autom\u00e1ticamente con muchos de los complementos de consentimiento de GDPR m\u00e1s populares con un solo clic. Si est\u00e1 habilitado, mostrar\u00e1 una versi\u00f3n compatible con GDPR de su feed de YouTube sin solicitudes de terceros.<\/p><h3>Gutenberg Block<\/h3><p>Su tema de WordPress receptivo merece un complemento de Facebook receptivo.\u00a0Facebook feed Pro se cre\u00f3 teniendo en cuenta los dispositivos m\u00f3viles, por lo que se ve muy bien en cualquier tama\u00f1o de pantalla y en cualquier dispositivo.<\/p><p>Obt\u00e9n ahora Feeds for YouTube Pro.<\/p>\t\t\t\t\t\t\t\t<\/div>\n\t\t\t\t<\/div>\n\t\t\t\t\t<\/div>\n\t\t\t\t<\/div>\n\t\t\t\t<\/div>","protected":false},"excerpt":{"rendered":"<p>Feeds for YouTube Pro Alimente el contenido de su canal de YouTube autom\u00e1ticamente con Feeds for YouTube Pro Ahorrar tiempo<\/p>","protected":false},"featured_media":56658,"comment_status":"closed","ping_status":"closed","template":"","meta":{"_acf_changed":false},"product_brand":[],"product_cat":[67],"product_tag":[151],"class_list":{"0":"post-23751","1":"product","2":"type-product","3":"status-publish","4":"has-post-thumbnail","6":"product_cat-wordpress-plugins","7":"product_tag-plugins-para-comunidades-y-redes-sociales","8":"pa_autores-smash-balloon","10":"first","11":"instock","12":"sale","13":"downloadable","14":"virtual","15":"sold-individually","16":"purchasable","17":"product-type-simple"},"acf":[],"_links":{"self":[{"href":"https:\/\/wpclub.pro\/en\/wp-json\/wp\/v2\/product\/23751","targetHints":{"allow":["GET"]}}],"collection":[{"href":"https:\/\/wpclub.pro\/en\/wp-json\/wp\/v2\/product"}],"about":[{"href":"https:\/\/wpclub.pro\/en\/wp-json\/wp\/v2\/types\/product"}],"replies":[{"embeddable":true,"href":"https:\/\/wpclub.pro\/en\/wp-json\/wp\/v2\/comments?post=23751"}],"version-history":[{"count":0,"href":"https:\/\/wpclub.pro\/en\/wp-json\/wp\/v2\/product\/23751\/revisions"}],"wp:featuredmedia":[{"embeddable":true,"href":"https:\/\/wpclub.pro\/en\/wp-json\/wp\/v2\/media\/56658"}],"wp:attachment":[{"href":"https:\/\/wpclub.pro\/en\/wp-json\/wp\/v2\/media?parent=23751"}],"wp:term":[{"taxonomy":"product_brand","embeddable":true,"href":"https:\/\/wpclub.pro\/en\/wp-json\/wp\/v2\/product_brand?post=23751"},{"taxonomy":"product_cat","embeddable":true,"href":"https:\/\/wpclub.pro\/en\/wp-json\/wp\/v2\/product_cat?post=23751"},{"taxonomy":"product_tag","embeddable":true,"href":"https:\/\/wpclub.pro\/en\/wp-json\/wp\/v2\/product_tag?post=23751"}],"curies":[{"name":"wp","href":"https:\/\/api.w.org\/{rel}","templated":true}]}}