{"id":23854,"date":"2022-09-06T11:53:25","date_gmt":"2022-09-06T15:53:25","guid":{"rendered":"https:\/\/wpclub.pro\/?post_type=product&#038;p=23854"},"modified":"2024-10-03T13:03:56","modified_gmt":"2024-10-03T16:03:56","slug":"videohive-elegant-corporate-logo-reveal","status":"publish","type":"product","link":"https:\/\/wpclub.pro\/en\/item\/videohive-elegant-corporate-logo-reveal\/","title":{"rendered":"Videohive Elegant Corporate Logo Reveal"},"content":{"rendered":"<p>] css=\u00bb.vc_custom_1629733467375{margin-right: 15px !important;padding-top: 30px !important;padding-right: 30px !important;padding-bottom: 30px !important;padding-left: 30px !important;background-color: #f4f4f4 !important;border-radius: 5px !important;}\u00bb width=\u00bb1\/1&#8243; mobile_bg_img_hidden=\u00bbno\u00bb tablet_bg_img_hidden=\u00bbno\u00bb woodmart_parallax=\u00bb0&#8243; woodmart_sticky_column=\u00bbfalse\u00bb parallax_scroll=\u00bbno\u00bb mobile_reset_margin=\u00bbno\u00bb tablet_reset_margin=\u00bbno\u00bb]_text woodmart_inline=\u00bbno\u00bb text_larger=\u00bbno\u00bb]<\/p>\n<h2>Videohive Elegant Corporate Logo Reveal<\/h2>\n<p>Videohive Elegant Corporate Logo Reveal es un revelador de logotipo limpio, elegante y minimalista para marcas comerciales y corporativas! \u00a1Un hombre de negocios confiado sostiene su logotipo\/forma o texto en sus manos y luego hace clic en \u00e9l para presentarlo!<\/p>\n<p>\u00a1Adecuado para empresas de alta tecnolog\u00eda o negocios financieros, agencias de marketing electr\u00f3nico y corredores de negocios de emprendedores en todo el mundo o cualquier prop\u00f3sito cinematogr\u00e1fico que elija!<\/p>\n<h3>Especificaciones de Videohive Elegant Corporate Logo Reveal<\/h3>\n<ul>\n<li>\u00a1Cambie con un clic a la versi\u00f3n de \u00abprimer plano\u00bb o \u00abplano general\u00bb!<\/li>\n<li>\u00a1EL AUDIO EST\u00c1 INCLUIDO!<\/li>\n<li>Se incluye material de archivo de empresario.<\/li>\n<li>\u00a1Seleccione un fondo claro u oscuro al final para que coincida con los colores de su logotipo!<\/li>\n<li>\u00a1Los reflejos, los bokeh, las part\u00edculas (coloreadas), los desenfoques y las fugas de luz se pueden desactivar por separado para obtener una \u00abversi\u00f3n m\u00e1s limpia\u00bb!<\/li>\n<li>Software necesario para abrir y personalizar videos: After Effects CS5 y todas las versiones CC m\u00e1s recientes. No se requieren complementos (\u00a1incluso puede renderizar con la versi\u00f3n de prueba de After Effects!)<\/li>\n<li>Se incluye videotutorial con voz y breve documentaci\u00f3n escrita.<\/li>\n<\/ul>\n<p>Adquiera Ahora Videohive Elegant Corporate Logo Reveal.[\/vc_column_text][\/vc_column][\/vc_row] css=\u00bb.vc_custom_1629733150529{margin-top: 30px !important;}\u00bb mobile_bg_img_hidden=\u00bbno\u00bb tablet_bg_img_hidden=\u00bbno\u00bb woodmart_parallax=\u00bb0&#8243; woodmart_gradient_switch=\u00bbno\u00bb row_reverse_mobile=\u00bb0&#8243; row_reverse_tablet=\u00bb0&#8243; woodmart_disable_overflow=\u00bb0&#8243;] css=\u00bb.vc_custom_1629733167411{background-color: #f4f4f4 !important;border-radius: 5px !important;}\u00bb mobile_bg_img_hidden=\u00bbno\u00bb tablet_bg_img_hidden=\u00bbno\u00bb woodmart_parallax=\u00bb0&#8243; woodmart_sticky_column=\u00bbfalse\u00bb parallax_scroll=\u00bbno\u00bb mobile_reset_margin=\u00bbno\u00bb tablet_reset_margin=\u00bbno\u00bb]_text woodmart_inline=\u00bbno\u00bb text_larger=\u00bbno\u00bb]<\/p>\n<p style=\"text-align: center;\">Los productos publicados en el sitio son distribuimos bajo licenciamiento <a href=\"https:\/\/www.gnu.org\/licenses\/licenses.es.html\" target=\"_blank\" rel=\"noopener\" data-schema-attribute=\"\"><strong>GPL \/ GNU<\/strong><\/a>. Recuerda siempre revisar nuestros <strong><a href=\"https:\/\/wpclub.pro\/terminos-de-uso\/\" target=\"_blank\" rel=\"noopener\" data-schema-attribute=\"\">T\u00e9rminos de Uso<\/a><\/strong> y <strong><a href=\"https:\/\/wpclub.pro\/politica-de-privacidad\/\" target=\"_blank\" rel=\"noopener\" data-schema-attribute=\"\">Pol\u00edtica de Privacidad<\/a><\/strong>.<\/p>\n<p>[\/vc_column_text][\/vc_column][\/vc_row]<\/p>\n","protected":false},"excerpt":{"rendered":"<p>] css=\u00bb.vc_custom_1629733467375{margin-right: 15px !important;padding-top: 30px !important;padding-right: 30px !important;padding-bottom: 30px !important;padding-left: 30px !important;background-color: #f4f4f4 !important;border-radius: 5px !important;}\u00bb width=\u00bb1\/1&#8243; mobile_bg_img_hidden=\u00bbno\u00bb tablet_bg_img_hidden=\u00bbno\u00bb woodmart_parallax=\u00bb0&#8243;<\/p>","protected":false},"featured_media":23855,"comment_status":"closed","ping_status":"closed","template":"","meta":{"_acf_changed":false},"product_brand":[],"product_cat":[464],"product_tag":[],"class_list":{"0":"post-23854","1":"product","2":"type-product","3":"status-publish","4":"has-post-thumbnail","6":"product_cat-recursos","7":"pa_autores-videohive","9":"first","10":"instock","11":"sale","12":"downloadable","13":"virtual","14":"sold-individually","15":"purchasable","16":"product-type-simple"},"acf":[],"_links":{"self":[{"href":"https:\/\/wpclub.pro\/en\/wp-json\/wp\/v2\/product\/23854","targetHints":{"allow":["GET"]}}],"collection":[{"href":"https:\/\/wpclub.pro\/en\/wp-json\/wp\/v2\/product"}],"about":[{"href":"https:\/\/wpclub.pro\/en\/wp-json\/wp\/v2\/types\/product"}],"replies":[{"embeddable":true,"href":"https:\/\/wpclub.pro\/en\/wp-json\/wp\/v2\/comments?post=23854"}],"version-history":[{"count":0,"href":"https:\/\/wpclub.pro\/en\/wp-json\/wp\/v2\/product\/23854\/revisions"}],"wp:featuredmedia":[{"embeddable":true,"href":"https:\/\/wpclub.pro\/en\/wp-json\/wp\/v2\/media\/23855"}],"wp:attachment":[{"href":"https:\/\/wpclub.pro\/en\/wp-json\/wp\/v2\/media?parent=23854"}],"wp:term":[{"taxonomy":"product_brand","embeddable":true,"href":"https:\/\/wpclub.pro\/en\/wp-json\/wp\/v2\/product_brand?post=23854"},{"taxonomy":"product_cat","embeddable":true,"href":"https:\/\/wpclub.pro\/en\/wp-json\/wp\/v2\/product_cat?post=23854"},{"taxonomy":"product_tag","embeddable":true,"href":"https:\/\/wpclub.pro\/en\/wp-json\/wp\/v2\/product_tag?post=23854"}],"curies":[{"name":"wp","href":"https:\/\/api.w.org\/{rel}","templated":true}]}}