{"id":23902,"date":"2025-04-25T10:15:32","date_gmt":"2025-04-25T14:15:32","guid":{"rendered":"https:\/\/wpclub.pro\/?post_type=product&#038;p=23902"},"modified":"2025-08-22T16:02:09","modified_gmt":"2025-08-22T20:02:09","slug":"give-stripe-gateway","status":"publish","type":"product","link":"https:\/\/wpclub.pro\/en\/item\/give-stripe-gateway\/","title":{"rendered":"Give Stripe Gateway 2.7.0"},"content":{"rendered":"<div data-elementor-type=\"product-post\" data-elementor-id=\"23902\" class=\"elementor elementor-23902\" data-elementor-post-type=\"product\">\n\t\t\t\t<div class=\"wd-negative-gap elementor-element elementor-element-190f46f9 e-flex e-con-boxed e-con e-parent\" data-id=\"190f46f9\" data-element_type=\"container\" data-e-type=\"container\">\n\t\t\t\t\t<div class=\"e-con-inner\">\n\t\t\t\t<div class=\"elementor-element elementor-element-2d1443d5 color-scheme-inherit text-left elementor-widget elementor-widget-text-editor\" data-id=\"2d1443d5\" data-element_type=\"widget\" data-e-type=\"widget\" data-widget_type=\"text-editor.default\">\n\t\t\t\t<div class=\"elementor-widget-container\">\n\t\t\t\t\t\t\t\t\t<h2>Give Stripe Gateway<\/h2><h3 class=\"give-addon-content__heading\">C\u00f3mo funciona Give Stripe Gateway<\/h3><div class=\"give-addon-content__content\"><p>Give Stripe Gateway trabaja para aceptar donaciones en l\u00ednea directamente en su sitio web. Elija entre formularios de donaci\u00f3n con tarjeta de cr\u00e9dito en el sitio o Stripe Checkout.<\/p><p>De cualquier manera, sus donantes se benefician de la tranquilidad de saber que sus donaciones a su causa son seguras y cumplen con PCI. Conecta tus formularios de donaci\u00f3n a Stripe en minutos con el bot\u00f3n Stripe Connect.\u00a0Tambi\u00e9n puede configurar Google Pay y Apple Pay para facilitar las donaciones m\u00f3viles.<\/p><h3 class=\"give-addon-content__heading\">Usar pago con banda<\/h3><div class=\"give-addon-content__content\"><p>GiveWP es compatible con Stripe Checkout con Strong Customer Authentication y una interfaz de donaci\u00f3n personalizable.\u00a0El Stripe Modal<br \/>Checkout original tambi\u00e9n se incluye como alternativa.<\/p><div class=\"give-addon-content__content\"><h3 class=\"give-addon-content__heading\">Obtenga m\u00e1s ingresos con las donaciones recurrentes de Give Stripe Gateway<\/h3><div class=\"give-addon-content__content\"><p>La puerta de enlace Give Stripe Gateway es totalmente compatible con nuestro complemento de donaciones recurrentes. Es compatible con todas nuestras poderosas opciones de donaciones recurrentes:<\/p><ul><li>Frecuencias de donaciones flexibles (diarias, semanales, mensuales, etc.)<\/li><li>Permita que los donantes administren y actualicen sus suscripciones<\/li><li>Las suscripciones se sincronizan autom\u00e1ticamente (a trav\u00e9s de webhooks de Stripe)<\/li><\/ul><p>La recaudaci\u00f3n de fondos de Stripe combinada con el complemento GiveWP Recurring Donations es la pareja perfecta.<\/p><h3 class=\"give-addon-content__heading\">Habilite los pagos ACH para reducir sus tarifas de donaci\u00f3n de Give Stripe Gateway<\/h3><div class=\"give-addon-content__content\"><p>\u00bfQuiere tarifas y confiabilidad a\u00fan m\u00e1s bajas? Give Stripe Gateway se integra con Plaid para admitir pagos bancarios directos. Plaid es la forma m\u00e1s r\u00e1pida de recopilar y verificar la informaci\u00f3n bancaria de su cliente.<\/p><p>Los pagos bancarios proporcionan a su organizaci\u00f3n tarifas de transacci\u00f3n m\u00e1s bajas.\u00a0Tambi\u00e9n le dan a sus donantes la posibilidad de usar su cuenta bancaria en lugar de una tarjeta de cr\u00e9dito.\u00a0La integraci\u00f3n de Plaid de Stripe tambi\u00e9n admite donaciones recurrentes.<\/p><h3 class=\"give-addon-content__heading\">Haga que dar sea a\u00fan m\u00e1s f\u00e1cil con las donaciones de Google Pay y Apple Pay<\/h3><div class=\"give-addon-content__content\"><p>Las opciones de pago basadas en dispositivos m\u00f3viles son cada vez m\u00e1s populares. Give Stripe Gateway incluye soporte para donaciones de Google Pay y Apple Pay. Estas dos opciones de pago ayudan a los donantes a completar la informaci\u00f3n de pago con un solo toque usando sus dispositivos compatibles con Android o iOS.<\/p><h3 class=\"give-addon-content__heading\">Elija entre opciones de pago de Stripe adicionales<\/h3><div class=\"give-addon-content__content\"><p>Si bien Give Stripe Gateway le permite aceptar pagos con tarjeta de cr\u00e9dito directamente en su sitio web, el complemento hace mucho m\u00e1s.<\/p><p>Compare Stripe Free con el complemento Pro para ver todas las opciones de pago y las caracter\u00edsticas que desbloquea el complemento:<\/p><h3 class=\"give-addon-content__heading\">Acepte donaciones de Stripe en varios pa\u00edses y monedas<\/h3><div class=\"give-addon-content__content\"><p>Con Give Stripe Gateway puedes aceptar donaciones de Canad\u00e1, Reino Unido, Australia, Alemania, Dinamarca, Finlandia, Francia, Irlanda, Noruega, Suecia, Estados Unidos y m\u00e1s de 100 pa\u00edses.<\/p><p>Aquellos que quieran aceptar donaciones en Europa o de pa\u00edses europeos tambi\u00e9n pueden estar seguros de que sus donaciones cumplen con 3D Secure Payments 2.0 y Strong Customer Authentication.\u00a0Esta caracter\u00edstica de seguridad reduce el fraude y mejora la legitimidad de las donaciones que recibe.<\/p><h2 class=\"give-addon-content__heading\">Gane m\u00e1s cuando obtenga m\u00e1s<\/h2><div class=\"give-addon-content__content\"><p>Si bien Give Stripe Gateway\u00a0le permite aceptar pagos con tarjeta de cr\u00e9dito directamente en su sitio web, el complemento hace mucho m\u00e1s.<\/p><p>Compare Stripe Free con el complemento Pro para ver todas las opciones de pago y las caracter\u00edsticas que desbloquea el complemento:<\/p><ul class=\"give-addon-content__icon-list\"><li class=\"give-addon-content__icon-list-item\"><span class=\"give-addon-content__icon-list-item__text\"><strong>Recuperaci\u00f3n de tarifas:<\/strong> Solicite a sus donantes que cubran las tarifas de Stripe por cada donaci\u00f3n.<\/span><\/li><li class=\"give-addon-content__icon-list-item\"><span class=\"give-addon-content__icon-list-item__text\"><strong>Cambiador de divisas:<\/strong> Acepte donaciones en las m\u00e1s de 100 divisas admitidas por Stripe.<\/span><span class=\"give-addon-content__icon-list-item__text\"><strong>Form Field Manager:<\/strong> Personaliza la informaci\u00f3n que recopilas con cada donaci\u00f3n de Stripe.<\/span><\/li><li class=\"give-addon-content__icon-list-item\"><span class=\"give-addon-content__icon-list-item__text\"><strong>Tributos:<\/strong>\u00a0Permita que sus donantes dediquen sus donaciones a alguien a quien aman.<\/span><\/li><\/ul><\/div><\/div><\/div><\/div><\/div><\/div><\/div><\/div><\/div><p>Obt\u00e9n ahora Give Stripe Gateway.<\/p>\t\t\t\t\t\t\t\t<\/div>\n\t\t\t\t<\/div>\n\t\t\t\t\t<\/div>\n\t\t\t\t<\/div>\n\t\t\t\t<\/div>","protected":false},"excerpt":{"rendered":"<p>Give Stripe Gateway C\u00f3mo funciona Give Stripe Gateway Give Stripe Gateway trabaja para aceptar donaciones en l\u00ednea directamente en su<\/p>","protected":false},"featured_media":75603,"comment_status":"closed","ping_status":"closed","template":"","meta":{"_acf_changed":false},"product_brand":[],"product_cat":[67],"product_tag":[451],"class_list":{"0":"post-23902","1":"product","2":"type-product","3":"status-publish","4":"has-post-thumbnail","6":"product_cat-wordpress-plugins","7":"product_tag-plugins-para-pagos-y-checkout","8":"pa_autores-the-events-calendar","10":"first","11":"instock","12":"sale","13":"downloadable","14":"virtual","15":"sold-individually","16":"purchasable","17":"product-type-simple"},"acf":[],"_links":{"self":[{"href":"https:\/\/wpclub.pro\/en\/wp-json\/wp\/v2\/product\/23902","targetHints":{"allow":["GET"]}}],"collection":[{"href":"https:\/\/wpclub.pro\/en\/wp-json\/wp\/v2\/product"}],"about":[{"href":"https:\/\/wpclub.pro\/en\/wp-json\/wp\/v2\/types\/product"}],"replies":[{"embeddable":true,"href":"https:\/\/wpclub.pro\/en\/wp-json\/wp\/v2\/comments?post=23902"}],"version-history":[{"count":0,"href":"https:\/\/wpclub.pro\/en\/wp-json\/wp\/v2\/product\/23902\/revisions"}],"wp:featuredmedia":[{"embeddable":true,"href":"https:\/\/wpclub.pro\/en\/wp-json\/wp\/v2\/media\/75603"}],"wp:attachment":[{"href":"https:\/\/wpclub.pro\/en\/wp-json\/wp\/v2\/media?parent=23902"}],"wp:term":[{"taxonomy":"product_brand","embeddable":true,"href":"https:\/\/wpclub.pro\/en\/wp-json\/wp\/v2\/product_brand?post=23902"},{"taxonomy":"product_cat","embeddable":true,"href":"https:\/\/wpclub.pro\/en\/wp-json\/wp\/v2\/product_cat?post=23902"},{"taxonomy":"product_tag","embeddable":true,"href":"https:\/\/wpclub.pro\/en\/wp-json\/wp\/v2\/product_tag?post=23902"}],"curies":[{"name":"wp","href":"https:\/\/api.w.org\/{rel}","templated":true}]}}