{"id":23980,"date":"2026-04-06T15:31:14","date_gmt":"2026-04-06T19:31:14","guid":{"rendered":"https:\/\/wpclub.pro\/?post_type=product&#038;p=23980"},"modified":"2026-04-06T15:35:56","modified_gmt":"2026-04-06T19:35:56","slug":"mainwp-dashboard-lock-extension","status":"publish","type":"product","link":"https:\/\/wpclub.pro\/en\/item\/mainwp-dashboard-lock-extension\/","title":{"rendered":"MainWP Dashboard Lock Extension 5.1"},"content":{"rendered":"<div data-elementor-type=\"product-post\" data-elementor-id=\"23980\" class=\"elementor elementor-23980\" data-elementor-post-type=\"product\">\n\t\t\t\t<div class=\"wd-negative-gap elementor-element elementor-element-32a963d3 e-flex e-con-boxed e-con e-parent\" data-id=\"32a963d3\" data-element_type=\"container\" data-e-type=\"container\">\n\t\t\t\t\t<div class=\"e-con-inner\">\n\t\t\t\t<div class=\"elementor-element elementor-element-7ed111ba color-scheme-inherit text-left elementor-widget elementor-widget-text-editor\" data-id=\"7ed111ba\" data-element_type=\"widget\" data-e-type=\"widget\" data-widget_type=\"text-editor.default\">\n\t\t\t\t<div class=\"elementor-widget-container\">\n\t\t\t\t\t\t\t\t\t<h2>MainWP Dashboard Lock Extension<\/h2><p><span data-preserver-spaces=\"true\">MainWP Dashboard Lock Extension es una extensi\u00f3n simple pero poderosa que le permite limitar el acceso a WP-Admin e incluso redirige las p\u00e1ginas que no son de wp-admin a un sitio diferente, lo que hace que su MainWP Dashboard Lock Extension sea pr\u00e1cticamente invisible.<\/span><\/p><p><span data-preserver-spaces=\"true\">Puede realizar todos estos cambios sin tener que editar el archivo .htaccess usted mismo;\u00a0\u00a1Todo se maneja en la Extensi\u00f3n!<\/span><\/p><h3><span data-preserver-spaces=\"true\">Redirecci\u00f3n 301<\/span><\/h3><p><span data-preserver-spaces=\"true\">Haga que la p\u00e1gina principal de su tablero sea inaccesible para todos menos para usted.\u00a0Establezca r\u00e1pidamente una URL de redirecci\u00f3n, y todos los accesos a p\u00e1ginas que no sean de wp-admin se redirigir\u00e1n a ella, lo que har\u00e1 que su sitio de panel sea pr\u00e1cticamente invisible.<\/span><\/p><h3><span data-preserver-spaces=\"true\">Bloqueo del tablero<\/span><\/h3><p><span data-preserver-spaces=\"true\">En esta secci\u00f3n, puede controlar qui\u00e9n tiene acceso a su Tablero de MainWP. MainWP Dashboard Lock Extension le permite limitar el acceso a las p\u00e1ginas de wp-admin y su wp-login.php a direcciones IP espec\u00edficas sin tener que editar su archivo .htaccess manualmente.<\/span><\/p><p><span data-preserver-spaces=\"true\">Puede configurar direcciones IP adicionales para acceder a su administrador de WordPress agregando una direcci\u00f3n IP por l\u00ednea si accede a su Tablero desde varias ubicaciones.<\/span><\/p><p>Tambi\u00e9n puede agregar un inicio de sesi\u00f3n y una contrase\u00f1a secundarios para sus p\u00e1ginas de wp-admin y su wp-login.php;\u00a0esto es \u00fatil si tiene una IP din\u00e1mica pero a\u00fan desea agregar protecci\u00f3n adicional a su sitio.<\/p><p>Obt\u00e9n ahora MainWP Dashboard Lock Extension.<\/p>\t\t\t\t\t\t\t\t<\/div>\n\t\t\t\t<\/div>\n\t\t\t\t\t<\/div>\n\t\t\t\t<\/div>\n\t\t\t\t<\/div>","protected":false},"excerpt":{"rendered":"<p>MainWP Dashboard Lock Extension MainWP Dashboard Lock Extension es una extensi\u00f3n simple pero poderosa que le permite limitar el acceso<\/p>","protected":false},"featured_media":121576,"comment_status":"closed","ping_status":"closed","template":"","meta":{"_acf_changed":false},"product_brand":[],"product_cat":[67],"product_tag":[153],"class_list":{"0":"post-23980","1":"product","2":"type-product","3":"status-publish","4":"has-post-thumbnail","6":"product_cat-wordpress-plugins","7":"product_tag-utilidades","8":"pa_autores-mainwp","10":"first","11":"instock","12":"sale","13":"downloadable","14":"virtual","15":"sold-individually","16":"purchasable","17":"product-type-simple"},"acf":[],"_links":{"self":[{"href":"https:\/\/wpclub.pro\/en\/wp-json\/wp\/v2\/product\/23980","targetHints":{"allow":["GET"]}}],"collection":[{"href":"https:\/\/wpclub.pro\/en\/wp-json\/wp\/v2\/product"}],"about":[{"href":"https:\/\/wpclub.pro\/en\/wp-json\/wp\/v2\/types\/product"}],"replies":[{"embeddable":true,"href":"https:\/\/wpclub.pro\/en\/wp-json\/wp\/v2\/comments?post=23980"}],"version-history":[{"count":0,"href":"https:\/\/wpclub.pro\/en\/wp-json\/wp\/v2\/product\/23980\/revisions"}],"wp:featuredmedia":[{"embeddable":true,"href":"https:\/\/wpclub.pro\/en\/wp-json\/wp\/v2\/media\/121576"}],"wp:attachment":[{"href":"https:\/\/wpclub.pro\/en\/wp-json\/wp\/v2\/media?parent=23980"}],"wp:term":[{"taxonomy":"product_brand","embeddable":true,"href":"https:\/\/wpclub.pro\/en\/wp-json\/wp\/v2\/product_brand?post=23980"},{"taxonomy":"product_cat","embeddable":true,"href":"https:\/\/wpclub.pro\/en\/wp-json\/wp\/v2\/product_cat?post=23980"},{"taxonomy":"product_tag","embeddable":true,"href":"https:\/\/wpclub.pro\/en\/wp-json\/wp\/v2\/product_tag?post=23980"}],"curies":[{"name":"wp","href":"https:\/\/api.w.org\/{rel}","templated":true}]}}