{"id":24508,"date":"2026-04-08T11:40:18","date_gmt":"2026-04-08T15:40:18","guid":{"rendered":"https:\/\/wpclub.pro\/?post_type=product&#038;p=24508"},"modified":"2026-04-08T11:43:29","modified_gmt":"2026-04-08T15:43:29","slug":"mainwp-custom-dashboard-extension","status":"publish","type":"product","link":"https:\/\/wpclub.pro\/en\/item\/mainwp-custom-dashboard-extension\/","title":{"rendered":"MainWP Custom Dashboard Extension 5.0.1"},"content":{"rendered":"<div data-elementor-type=\"product-post\" data-elementor-id=\"24508\" class=\"elementor elementor-24508\" data-elementor-post-type=\"product\">\n\t\t\t\t<div class=\"wd-negative-gap elementor-element elementor-element-5ee5f2f6 e-flex e-con-boxed e-con e-parent\" data-id=\"5ee5f2f6\" data-element_type=\"container\" data-e-type=\"container\">\n\t\t\t\t\t<div class=\"e-con-inner\">\n\t\t\t\t<div class=\"elementor-element elementor-element-b053238 color-scheme-inherit text-left elementor-widget elementor-widget-text-editor\" data-id=\"b053238\" data-element_type=\"widget\" data-e-type=\"widget\" data-widget_type=\"text-editor.default\">\n\t\t\t\t<div class=\"elementor-widget-container\">\n\t\t\t\t\t\t\t\t\t<h2>MainWP Custom Dashboard Extension<\/h2><p><strong>\u00bfAlguna vez ha querido cambiar la fuente, el color o mover un bot\u00f3n en su Tablero de MainWP?\u00a0\u00a1Usando MainWP Custom Dashboard Extension, ahora puede hacerlo!<\/strong><\/p><p><span data-preserver-spaces=\"true\">MainWP Custom Dashboard Extension contiene temas integrados y fragmentos personalizados para su panel de MainWP.\u00a0<\/span><span data-preserver-spaces=\"true\">Al usar este complemento de panel personalizado de WordPress, puede\u00a0agregar c\u00f3digo a los\u00a0sitios web de WordPress para ampliar f\u00e1cilmente la funcionalidad de su Panel de MainWP o\u00a0cambiar su apariencia\u00a0.<\/span><\/p><h3>MainWP Custom Dashboard Extension es Perfecto<\/h3><p><span data-preserver-spaces=\"true\">MainWP Custom Dashboard Extension lo ayudar\u00e1 a mantener todos sus cambios en una ubicaci\u00f3n e independiente de los otros componentes. El editor de c\u00f3digo incorporado le permite agregar su c\u00f3digo directamente a trav\u00e9s de la interfaz de extensi\u00f3n.\u00a0\u00a1No se requiere acceso FTP!<\/span><\/p><p><span data-preserver-spaces=\"true\">Le permite actualizar de forma segura su complemento MainWP Dashboard<\/span><span data-preserver-spaces=\"true\">\u00a0sin preocuparse por perder sus modificaciones\u00a0, as\u00ed como desactivar su c\u00f3digo personalizado si es necesario para la resoluci\u00f3n de problemas.<\/span><\/p><h3>\u00a1C\u00f3mo funciona MainWP Custom Dashboard Extension!<\/h3><h3><strong>Temas incorporados<\/strong><\/h3><p>MainWP Custom Dashboard Extension incluye temas integrados para cambiar el dise\u00f1o del panel de MainWP. Vaya a Panel personalizado -&gt; Configuraci\u00f3n,\u00a0elija el tema que desee\u00a0del men\u00fa desplegable o siga las\u00a0instrucciones paso a paso.<\/p><p>Adem\u00e1s, dado que MainWP es una soluci\u00f3n de c\u00f3digo abierto y autohospedada, siempre puede\u00a0modificar los temas existentes\u00a0o crear los suyos propios.<\/p><h3><strong>Dise\u00f1o personalizado<\/strong><\/h3><p><span data-preserver-spaces=\"true\">Tambi\u00e9n guarda su c\u00f3digo personalizado en su base de datos de MainWP Dashboard en lugar de contener el c\u00f3digo en el archivo PHP\/CSS\/JS. Para los fragmentos de CSS y JS, la extensi\u00f3n imprimir\u00e1 el c\u00f3digo guardado en el elemento en su sitio de MainWP Dashboard.<\/span><\/p><h3><strong><span data-preserver-spaces=\"true\">Funci\u00f3n evaluar<\/span><\/strong><\/h3><p><span data-preserver-spaces=\"true\">Los fragmentos de c\u00f3digo PHP guardados se ejecutar\u00e1n utilizando la funci\u00f3n PHP eval().<\/span><\/p><p><span data-preserver-spaces=\"true\">En caso de que la funci\u00f3n eval() est\u00e9 deshabilitada en su host, comun\u00edquese con el soporte de su host y p\u00eddales que la habiliten por usted.<\/span><\/p><h3><strong><span data-preserver-spaces=\"true\">Integraci\u00f3n API Heartbeat<\/span><\/strong><\/h3><p><span data-preserver-spaces=\"true\">Si intenta guardar el c\u00f3digo PHP con un error de sintaxis y causa un error fatal de PHP, la extensi\u00f3n usa el filtro wp_php_error_message proporcionado por la API Heartbeat de WordPress para evitar que su sitio MainWP Dashboard se bloquee.\u00a0<\/span><\/p><p><span data-preserver-spaces=\"true\">Despu\u00e9s de guardar un c\u00f3digo no v\u00e1lido, ver\u00e1 el mensaje de error y el enlace para volver a corregirlo.<\/span><\/p><p>Obt\u00e9n ahora MainWP Custom Dashboard Extension.<\/p>\t\t\t\t\t\t\t\t<\/div>\n\t\t\t\t<\/div>\n\t\t\t\t\t<\/div>\n\t\t\t\t<\/div>\n\t\t\t\t<\/div>","protected":false},"excerpt":{"rendered":"<p>MainWP Custom Dashboard Extension \u00bfAlguna vez ha querido cambiar la fuente, el color o mover un bot\u00f3n en su Tablero<\/p>","protected":false},"featured_media":121689,"comment_status":"closed","ping_status":"closed","template":"","meta":{"_acf_changed":false},"product_brand":[],"product_cat":[67],"product_tag":[195],"class_list":{"0":"post-24508","1":"product","2":"type-product","3":"status-publish","4":"has-post-thumbnail","6":"product_cat-wordpress-plugins","7":"product_tag-plugins-para-multisitio","8":"pa_autores-mainwp","10":"first","11":"instock","12":"sale","13":"downloadable","14":"virtual","15":"sold-individually","16":"purchasable","17":"product-type-simple"},"acf":[],"_links":{"self":[{"href":"https:\/\/wpclub.pro\/en\/wp-json\/wp\/v2\/product\/24508","targetHints":{"allow":["GET"]}}],"collection":[{"href":"https:\/\/wpclub.pro\/en\/wp-json\/wp\/v2\/product"}],"about":[{"href":"https:\/\/wpclub.pro\/en\/wp-json\/wp\/v2\/types\/product"}],"replies":[{"embeddable":true,"href":"https:\/\/wpclub.pro\/en\/wp-json\/wp\/v2\/comments?post=24508"}],"version-history":[{"count":0,"href":"https:\/\/wpclub.pro\/en\/wp-json\/wp\/v2\/product\/24508\/revisions"}],"wp:featuredmedia":[{"embeddable":true,"href":"https:\/\/wpclub.pro\/en\/wp-json\/wp\/v2\/media\/121689"}],"wp:attachment":[{"href":"https:\/\/wpclub.pro\/en\/wp-json\/wp\/v2\/media?parent=24508"}],"wp:term":[{"taxonomy":"product_brand","embeddable":true,"href":"https:\/\/wpclub.pro\/en\/wp-json\/wp\/v2\/product_brand?post=24508"},{"taxonomy":"product_cat","embeddable":true,"href":"https:\/\/wpclub.pro\/en\/wp-json\/wp\/v2\/product_cat?post=24508"},{"taxonomy":"product_tag","embeddable":true,"href":"https:\/\/wpclub.pro\/en\/wp-json\/wp\/v2\/product_tag?post=24508"}],"curies":[{"name":"wp","href":"https:\/\/api.w.org\/{rel}","templated":true}]}}