{"id":24578,"date":"2026-04-09T11:34:58","date_gmt":"2026-04-09T15:34:58","guid":{"rendered":"https:\/\/wpclub.pro\/?post_type=product&#038;p=24578"},"modified":"2026-04-09T11:36:00","modified_gmt":"2026-04-09T15:36:00","slug":"memberpress-importer","status":"publish","type":"product","link":"https:\/\/wpclub.pro\/en\/item\/memberpress-importer\/","title":{"rendered":"Memberpress Importer 1.6.21"},"content":{"rendered":"<div data-elementor-type=\"product-post\" data-elementor-id=\"24578\" class=\"elementor elementor-24578\" data-elementor-post-type=\"product\">\n\t\t\t\t<div class=\"wd-negative-gap elementor-element elementor-element-170f3e35 e-flex e-con-boxed e-con e-parent\" data-id=\"170f3e35\" data-element_type=\"container\" data-e-type=\"container\">\n\t\t\t\t\t<div class=\"e-con-inner\">\n\t\t\t\t<div class=\"elementor-element elementor-element-1d77bd1a color-scheme-inherit text-left elementor-widget elementor-widget-text-editor\" data-id=\"1d77bd1a\" data-element_type=\"widget\" data-e-type=\"widget\" data-widget_type=\"text-editor.default\">\n\t\t\t\t<div class=\"elementor-widget-container\">\n\t\t\t\t\t\t\t\t\t<h2 data-start=\"280\" data-end=\"317\"><strong data-start=\"284\" data-end=\"317\">MemberPress Importer<\/strong><\/h2><p class=\"\" data-start=\"319\" data-end=\"734\">MemberPress Importer es una herramienta oficial dise\u00f1ada para importar de forma masiva datos esenciales en sitios que utilizan el plugin de membres\u00eda MemberPress en WordPress. Este complemento permite cargar listas completas de miembros, suscripciones, transacciones y reglas desde archivos CSV, facilitando la migraci\u00f3n, actualizaci\u00f3n o incorporaci\u00f3n r\u00e1pida de informaci\u00f3n sin necesidad de hacerlo manualmente.<\/p><p class=\"\" data-start=\"736\" data-end=\"1035\">Gracias a MemberPress Importer, puedes administrar grandes vol\u00famenes de datos con precisi\u00f3n y eficiencia, lo que lo convierte en una herramienta indispensable para desarrolladores, administradores de sitios y propietarios de negocios de membres\u00eda que buscan optimizar la gesti\u00f3n de sus usuarios.<\/p><h3 class=\"\" data-start=\"1037\" data-end=\"1082\"><strong data-start=\"1041\" data-end=\"1082\">\u00bfPara qu\u00e9 sirve MemberPress Importer?<\/strong><\/h3><p class=\"\" data-start=\"1084\" data-end=\"1451\">MemberPress Importer sirve para importar de forma masiva usuarios, membres\u00edas, transacciones, reglas y otros elementos clave del ecosistema MemberPress mediante archivos en formato CSV. Est\u00e1 pensado para facilitar la migraci\u00f3n de datos desde otras plataformas, la incorporaci\u00f3n de registros hist\u00f3ricos o la carga r\u00e1pida de contenido estructurado en nuevos sitios.<\/p><p class=\"\" data-start=\"1453\" data-end=\"1650\">Este addon es esencial para sitios que est\u00e1n lanzando un modelo de membres\u00eda o que est\u00e1n cambiando de proveedor de servicios y necesitan llevar sus datos a MemberPress de forma organizada y segura.<\/p><h3 class=\"\" data-start=\"1652\" data-end=\"1699\"><strong data-start=\"1656\" data-end=\"1699\">Beneficios de usar MemberPress Importer<\/strong><\/h3><ul data-start=\"1701\" data-end=\"2648\"><li class=\"\" data-start=\"1701\" data-end=\"1832\"><p class=\"\" data-start=\"1703\" data-end=\"1832\"><strong data-start=\"1703\" data-end=\"1741\">Ahorra tiempo en la carga de datos<\/strong>: Permite importar cientos o miles de registros en pocos minutos, sin tareas repetitivas.<\/p><\/li><li class=\"\" data-start=\"1833\" data-end=\"1972\"><p class=\"\" data-start=\"1835\" data-end=\"1972\"><strong data-start=\"1835\" data-end=\"1861\">Evita errores manuales<\/strong>: Al utilizar archivos CSV bien estructurados, se reducen dr\u00e1sticamente los errores humanos durante la carga.<\/p><\/li><li class=\"\" data-start=\"1973\" data-end=\"2115\"><p class=\"\" data-start=\"1975\" data-end=\"2115\"><strong data-start=\"1975\" data-end=\"2015\">Facilita la migraci\u00f3n de plataformas<\/strong>: Ideal para quienes vienen de otros plugins o sistemas de membres\u00eda y desean conservar sus datos.<\/p><\/li><li class=\"\" data-start=\"2116\" data-end=\"2252\"><p class=\"\" data-start=\"2118\" data-end=\"2252\"><strong data-start=\"2118\" data-end=\"2163\">Gesti\u00f3n avanzada de usuarios y membres\u00edas<\/strong>: Puedes importar usuarios con suscripciones activas, fechas, m\u00e9todos de pago y estado.<\/p><\/li><li class=\"\" data-start=\"2253\" data-end=\"2353\"><p class=\"\" data-start=\"2255\" data-end=\"2353\"><strong data-start=\"2255\" data-end=\"2293\">Compatible con WordPress Multisite<\/strong>: Funciona correctamente en entornos con m\u00faltiples sitios.<\/p><\/li><li class=\"\" data-start=\"2354\" data-end=\"2531\"><p class=\"\" data-start=\"2356\" data-end=\"2531\"><strong data-start=\"2356\" data-end=\"2448\">Ideal para academias, clubes, plataformas de contenido premium y sitios de cursos online<\/strong>: Permite mantener la continuidad de los usuarios al hacer cambios estructurales.<\/p><\/li><li class=\"\" data-start=\"2532\" data-end=\"2648\"><p class=\"\" data-start=\"2534\" data-end=\"2648\"><strong data-start=\"2534\" data-end=\"2564\">Interfaz amigable y segura<\/strong>: Carga asistida con mensajes claros sobre errores, conflictos y registros exitosos.<\/p><\/li><\/ul><h3 class=\"\" data-start=\"2650\" data-end=\"2709\"><strong data-start=\"2654\" data-end=\"2709\">Caracter\u00edsticas principales de MemberPress Importer<\/strong><\/h3><ul data-start=\"2711\" data-end=\"3211\"><li class=\"\" data-start=\"2711\" data-end=\"2770\"><p class=\"\" data-start=\"2713\" data-end=\"2770\"><strong data-start=\"2713\" data-end=\"2768\">Importaci\u00f3n de usuarios con suscripciones asignadas<\/strong><\/p><\/li><li class=\"\" data-start=\"2771\" data-end=\"2836\"><p class=\"\" data-start=\"2773\" data-end=\"2836\"><strong data-start=\"2773\" data-end=\"2834\">Importaci\u00f3n de reglas, productos, cupones y transacciones<\/strong><\/p><\/li><li class=\"\" data-start=\"2837\" data-end=\"2899\"><p class=\"\" data-start=\"2839\" data-end=\"2899\"><strong data-start=\"2839\" data-end=\"2897\">Soporte para campos personalizados en los archivos CSV<\/strong><\/p><\/li><li class=\"\" data-start=\"2900\" data-end=\"2962\"><p class=\"\" data-start=\"2902\" data-end=\"2962\"><strong data-start=\"2902\" data-end=\"2960\">Mapeo autom\u00e1tico de columnas para facilitar el proceso<\/strong><\/p><\/li><li class=\"\" data-start=\"2963\" data-end=\"3027\"><p class=\"\" data-start=\"2965\" data-end=\"3027\"><strong data-start=\"2965\" data-end=\"3025\">Manejo de suscripciones activas, expiradas y recurrentes<\/strong><\/p><\/li><li class=\"\" data-start=\"3028\" data-end=\"3080\"><p class=\"\" data-start=\"3030\" data-end=\"3080\"><strong data-start=\"3030\" data-end=\"3078\">Validaci\u00f3n de datos antes de aplicar cambios<\/strong><\/p><\/li><li class=\"\" data-start=\"3081\" data-end=\"3141\"><p class=\"\" data-start=\"3083\" data-end=\"3141\"><strong data-start=\"3083\" data-end=\"3139\">Vista previa antes de confirmar la importaci\u00f3n final<\/strong><\/p><\/li><li class=\"\" data-start=\"3142\" data-end=\"3211\"><p class=\"\" data-start=\"3144\" data-end=\"3211\"><strong data-start=\"3144\" data-end=\"3211\">Compatibilidad con la \u00faltima versi\u00f3n de WordPress y MemberPress<\/strong><\/p><\/li><\/ul><h3 class=\"\" data-start=\"3213\" data-end=\"3282\"><strong data-start=\"3217\" data-end=\"3282\">\u00bfPor qu\u00e9 elegir MemberPress Importer para tu sitio WordPress?<\/strong><\/h3><p class=\"\" data-start=\"3284\" data-end=\"3589\">Porque es la forma m\u00e1s r\u00e1pida, segura y flexible de administrar datos a gran escala en un sitio de membres\u00eda basado en WordPress. MemberPress Importer elimina las barreras t\u00e9cnicas y permite mantener intacta la estructura de negocio al realizar migraciones, integraciones o lanzamientos a gran escala.<\/p><p class=\"\" data-start=\"3591\" data-end=\"3841\">Adem\u00e1s, al ser una soluci\u00f3n desarrollada por el mismo equipo de MemberPress, garantiza total compatibilidad, actualizaciones frecuentes y soporte t\u00e9cnico confiable, lo que lo diferencia de herramientas externas o procesos manuales propensos a fallos.<\/p><h3 class=\"\" data-start=\"3843\" data-end=\"3861\"><strong data-start=\"3847\" data-end=\"3861\">Conclusion<\/strong><\/h3><p class=\"\" data-start=\"3863\" data-end=\"4248\">MemberPress Importer es una herramienta clave para cualquier sitio que administre membres\u00edas en WordPress y necesite importar datos de manera eficiente. Su interfaz intuitiva, su potencia para manejar m\u00faltiples tipos de registros y su enfoque en la precisi\u00f3n lo convierten en un recurso esencial para escalar, migrar o mantener la continuidad operativa de tu comunidad de miembros.<\/p><p class=\"\" data-start=\"4250\" data-end=\"4483\">Ya sea que est\u00e9s lanzando una nueva academia online, migrando desde otro sistema o gestionando una base de usuarios grande, MemberPress Importer te ayudar\u00e1 a hacerlo con orden, velocidad y sin perder control sobre la informaci\u00f3n.<\/p><p class=\"\" data-start=\"4485\" data-end=\"4656\">\u00bfQuieres que ahora convierta esta descripci\u00f3n en formato ficha WooCommerce o landing page con llamada a la acci\u00f3n incluida? Estoy listo para ayudarte en la siguiente fase.<\/p>\t\t\t\t\t\t\t\t<\/div>\n\t\t\t\t<\/div>\n\t\t\t\t\t<\/div>\n\t\t\t\t<\/div>\n\t\t\t\t<\/div>","protected":false},"excerpt":{"rendered":"<p>MemberPress Importer MemberPress Importer es una herramienta oficial dise\u00f1ada para importar de forma masiva datos esenciales en sitios que utilizan<\/p>","protected":false},"featured_media":78616,"comment_status":"closed","ping_status":"closed","template":"","meta":{"_acf_changed":false},"product_brand":[],"product_cat":[67],"product_tag":[128],"class_list":{"0":"post-24578","1":"product","2":"type-product","3":"status-publish","4":"has-post-thumbnail","6":"product_cat-wordpress-plugins","7":"product_tag-plugins-para-membresias-y-suscripciones","8":"pa_autores-memberpress","10":"first","11":"instock","12":"sale","13":"downloadable","14":"virtual","15":"sold-individually","16":"purchasable","17":"product-type-simple"},"acf":[],"_links":{"self":[{"href":"https:\/\/wpclub.pro\/en\/wp-json\/wp\/v2\/product\/24578","targetHints":{"allow":["GET"]}}],"collection":[{"href":"https:\/\/wpclub.pro\/en\/wp-json\/wp\/v2\/product"}],"about":[{"href":"https:\/\/wpclub.pro\/en\/wp-json\/wp\/v2\/types\/product"}],"replies":[{"embeddable":true,"href":"https:\/\/wpclub.pro\/en\/wp-json\/wp\/v2\/comments?post=24578"}],"version-history":[{"count":0,"href":"https:\/\/wpclub.pro\/en\/wp-json\/wp\/v2\/product\/24578\/revisions"}],"wp:featuredmedia":[{"embeddable":true,"href":"https:\/\/wpclub.pro\/en\/wp-json\/wp\/v2\/media\/78616"}],"wp:attachment":[{"href":"https:\/\/wpclub.pro\/en\/wp-json\/wp\/v2\/media?parent=24578"}],"wp:term":[{"taxonomy":"product_brand","embeddable":true,"href":"https:\/\/wpclub.pro\/en\/wp-json\/wp\/v2\/product_brand?post=24578"},{"taxonomy":"product_cat","embeddable":true,"href":"https:\/\/wpclub.pro\/en\/wp-json\/wp\/v2\/product_cat?post=24578"},{"taxonomy":"product_tag","embeddable":true,"href":"https:\/\/wpclub.pro\/en\/wp-json\/wp\/v2\/product_tag?post=24578"}],"curies":[{"name":"wp","href":"https:\/\/api.w.org\/{rel}","templated":true}]}}