{"id":25090,"date":"2022-10-18T21:41:39","date_gmt":"2022-10-19T00:41:39","guid":{"rendered":"https:\/\/wpclub.pro\/?post_type=product&#038;p=25090"},"modified":"2024-10-03T13:03:52","modified_gmt":"2024-10-03T16:03:52","slug":"company-profile-docx-indesign","status":"publish","type":"product","link":"https:\/\/wpclub.pro\/en\/item\/company-profile-docx-indesign\/","title":{"rendered":"Company Profile DOCX InDesign"},"content":{"rendered":"<p>] css=\u00bb.vc_custom_1629733467375{margin-right: 15px !important;padding-top: 30px !important;padding-right: 30px !important;padding-bottom: 30px !important;padding-left: 30px !important;background-color: #f4f4f4 !important;border-radius: 5px !important;}\u00bb width=\u00bb1\/1&#8243; mobile_bg_img_hidden=\u00bbno\u00bb tablet_bg_img_hidden=\u00bbno\u00bb woodmart_parallax=\u00bb0&#8243; woodmart_sticky_column=\u00bbfalse\u00bb parallax_scroll=\u00bbno\u00bb mobile_reset_margin=\u00bbno\u00bb tablet_reset_margin=\u00bbno\u00bb]_text woodmart_inline=\u00bbno\u00bb text_larger=\u00bbno\u00bb]<\/p>\n<h2>Company Profile DOCX InDesign<\/h2>\n<p>Esta plantilla de folleto reinventa el perfil de su empresa al combinar un dise\u00f1o atractivo y profesionalismo empresarial. Su dise\u00f1o limpio y rico le permite incluir una gran cantidad de contenido sin sacrificar la calidad o la legibilidad.<\/p>\n<p>Otra gran caracter\u00edstica de Company Profile DOCX InDesign, es que todos los contenidos son editables y los colores se pueden cambiar con un solo clic.<\/p>\n<h3>Caracter\u00edsticas Company Profile DOCX InDesign<\/h3>\n<ul>\n<li>Dos portadas incluidas (Alternar entre ellas a trav\u00e9s del nombre de la capa de grupo \u00abCubiertas\u00bb)<\/li>\n<li>Plantilla de InDesign.<\/li>\n<li>Plantilla de Microsoft Word.<\/li>\n<li>Tama\u00f1o A4: 210 \u00d7 297 mm + 3 mm sangrado<\/li>\n<li>Tama\u00f1o de carta de EE. UU.: 8,5 \u00d7 11 pulgadas + sangrado de 3 mm<\/li>\n<li>Listo para imprimir, CMYK, 300 DPI.<\/li>\n<li>24 p\u00e1ginas de dise\u00f1o personalizado.<\/li>\n<li>Estilos de caracteres y p\u00e1rrafos utilizados.<\/li>\n<li>N\u00famero de p\u00e1gina autom\u00e1tico.<\/li>\n<li>P\u00e1gina maestra (f\u00e1cil cambio de encabezado y pie de p\u00e1gina)<\/li>\n<li>Edite colores a trav\u00e9s de muestras para que coincidan con el tema de su marca.<\/li>\n<li>Elementos de texto, gr\u00e1ficos y formas en capas separadas.<\/li>\n<li>F\u00e1cil de personalizar.<\/li>\n<li>Fuentes gratuitas utilizadas.<\/li>\n<\/ul>\n<p>Adquiera Company Profile DOCX InDesign.[\/vc_column_text][\/vc_column][\/vc_row] css=\u00bb.vc_custom_1629733150529{margin-top: 30px !important;}\u00bb mobile_bg_img_hidden=\u00bbno\u00bb tablet_bg_img_hidden=\u00bbno\u00bb woodmart_parallax=\u00bb0&#8243; woodmart_gradient_switch=\u00bbno\u00bb row_reverse_mobile=\u00bb0&#8243; row_reverse_tablet=\u00bb0&#8243; woodmart_disable_overflow=\u00bb0&#8243;] css=\u00bb.vc_custom_1629733167411{background-color: #f4f4f4 !important;border-radius: 5px !important;}\u00bb mobile_bg_img_hidden=\u00bbno\u00bb tablet_bg_img_hidden=\u00bbno\u00bb woodmart_parallax=\u00bb0&#8243; woodmart_sticky_column=\u00bbfalse\u00bb parallax_scroll=\u00bbno\u00bb mobile_reset_margin=\u00bbno\u00bb tablet_reset_margin=\u00bbno\u00bb]_text woodmart_inline=\u00bbno\u00bb text_larger=\u00bbno\u00bb]<\/p>\n<p style=\"text-align: center;\">Los productos publicados en el sitio son distribuimos bajo licenciamiento <a href=\"https:\/\/www.gnu.org\/licenses\/licenses.es.html\" target=\"_blank\" rel=\"noopener\" data-schema-attribute=\"\"><strong>GPL \/ GNU<\/strong><\/a>. Recuerda siempre revisar nuestros <strong><a href=\"https:\/\/wpclub.pro\/terminos-de-uso\/\" target=\"_blank\" rel=\"noopener\" data-schema-attribute=\"\">T\u00e9rminos de Uso<\/a><\/strong> y <strong><a href=\"https:\/\/wpclub.pro\/politica-de-privacidad\/\" target=\"_blank\" rel=\"noopener\" data-schema-attribute=\"\">Pol\u00edtica de Privacidad<\/a><\/strong>.<\/p>\n<p>[\/vc_column_text][\/vc_column][\/vc_row]<\/p>\n","protected":false},"excerpt":{"rendered":"<p>] css=\u00bb.vc_custom_1629733467375{margin-right: 15px !important;padding-top: 30px !important;padding-right: 30px !important;padding-bottom: 30px !important;padding-left: 30px !important;background-color: #f4f4f4 !important;border-radius: 5px !important;}\u00bb width=\u00bb1\/1&#8243; mobile_bg_img_hidden=\u00bbno\u00bb tablet_bg_img_hidden=\u00bbno\u00bb woodmart_parallax=\u00bb0&#8243;<\/p>","protected":false},"featured_media":25091,"comment_status":"closed","ping_status":"closed","template":"","meta":{"_acf_changed":false},"product_brand":[],"product_cat":[464],"product_tag":[420],"class_list":{"0":"post-25090","1":"product","2":"type-product","3":"status-publish","4":"has-post-thumbnail","6":"product_cat-recursos","7":"product_tag-temas-para-agencias-digitales-y-creativas","8":"pa_autores-videohive","10":"first","11":"instock","12":"sale","13":"downloadable","14":"virtual","15":"sold-individually","16":"purchasable","17":"product-type-simple"},"acf":[],"_links":{"self":[{"href":"https:\/\/wpclub.pro\/en\/wp-json\/wp\/v2\/product\/25090","targetHints":{"allow":["GET"]}}],"collection":[{"href":"https:\/\/wpclub.pro\/en\/wp-json\/wp\/v2\/product"}],"about":[{"href":"https:\/\/wpclub.pro\/en\/wp-json\/wp\/v2\/types\/product"}],"replies":[{"embeddable":true,"href":"https:\/\/wpclub.pro\/en\/wp-json\/wp\/v2\/comments?post=25090"}],"version-history":[{"count":0,"href":"https:\/\/wpclub.pro\/en\/wp-json\/wp\/v2\/product\/25090\/revisions"}],"wp:featuredmedia":[{"embeddable":true,"href":"https:\/\/wpclub.pro\/en\/wp-json\/wp\/v2\/media\/25091"}],"wp:attachment":[{"href":"https:\/\/wpclub.pro\/en\/wp-json\/wp\/v2\/media?parent=25090"}],"wp:term":[{"taxonomy":"product_brand","embeddable":true,"href":"https:\/\/wpclub.pro\/en\/wp-json\/wp\/v2\/product_brand?post=25090"},{"taxonomy":"product_cat","embeddable":true,"href":"https:\/\/wpclub.pro\/en\/wp-json\/wp\/v2\/product_cat?post=25090"},{"taxonomy":"product_tag","embeddable":true,"href":"https:\/\/wpclub.pro\/en\/wp-json\/wp\/v2\/product_tag?post=25090"}],"curies":[{"name":"wp","href":"https:\/\/api.w.org\/{rel}","templated":true}]}}