{"id":25165,"date":"2026-05-06T12:09:50","date_gmt":"2026-05-06T16:09:50","guid":{"rendered":"https:\/\/wpclub.pro\/?post_type=product&#038;p=25165"},"modified":"2026-05-06T12:11:15","modified_gmt":"2026-05-06T16:11:15","slug":"aimogen-pro","status":"publish","type":"product","link":"https:\/\/wpclub.pro\/en\/item\/aimogen-pro\/","title":{"rendered":"Aimogen Pro Automatic AI Content Writer 2.8.0 (Aiomatic)"},"content":{"rendered":"\t\t<div data-elementor-type=\"product-post\" data-elementor-id=\"25165\" class=\"elementor elementor-25165\" data-elementor-post-type=\"product\">\n\t\t\t\t<div class=\"wd-negative-gap elementor-element elementor-element-694af7ed e-flex e-con-boxed e-con e-parent\" data-id=\"694af7ed\" data-element_type=\"container\" data-e-type=\"container\">\n\t\t\t\t\t<div class=\"e-con-inner\">\n\t\t\t\t<div class=\"elementor-element elementor-element-515ed24 color-scheme-inherit text-left elementor-widget elementor-widget-text-editor\" data-id=\"515ed24\" data-element_type=\"widget\" data-e-type=\"widget\" data-widget_type=\"text-editor.default\">\n\t\t\t\t<div class=\"elementor-widget-container\">\n\t\t\t\t\t\t\t\t\t<h2 style=\"text-align: left;\">Aimogen Pro<span style=\"color: var(--wd-title-color); font-family: var(--wd-title-font); font-size: 24px; font-style: var(--wd-title-font-style); font-weight: var(--wd-title-font-weight); text-transform: var(--wd-title-transform); text-align: var(--text-align);\">&nbsp;Automatic AI Content Writer<\/span><\/h2>\n<p>Le permitir\u00e1 publicar nuevas publicaciones con IA generada o actualizar publicaciones antiguas con contenido nuevo relevante para el art\u00edculo o publicaci\u00f3n.<\/p>\n<p>Puede decirle a la IA que escriba rese\u00f1as de productos negativas o positivas, di\u00e1logos entre diferentes personas, comentarios sobre eventos, art\u00edculos relevantes para el t\u00edtulo de una publicaci\u00f3n espec\u00edfica y muchos m\u00e1s. \u00a1Los l\u00edmites est\u00e1n m\u00e1s all\u00e1 de tu imaginaci\u00f3n!<\/p>\n<p>Cree nuevo contenido atractivo para los lectores de blogs o simplemente anime las publicaciones antiguas con nuevo contenido generado por IA.<\/p>\n<h3>\u00bfQu\u00e9 puedes hacer con Aimogen Pro Automatic AI Content Writer?<\/h3>\n<p>Es un innovador complemento de creaci\u00f3n de contenido de IA que es ideal para blogs autom\u00e1ticos y publicaciones o actualizaciones autom\u00e1ticas. }<\/p>\n<p><strong>\u00a1Utiliza el motor de IA GPT-3 de OpenAI para convertir su sitio web en un autoblogueo o incluso en una m\u00e1quina para hacer dinero!<\/strong><\/p>\n<p>\u00a1No es necesario pagar a terceros por sus servicios para canalizar el contenido generado por el modelo GPT-3 de OpenAI a su sitio! Con Aimogen Pro Automatic AI Content Writer, puede obtener el contenido directamente de OpenAI, lo que reduce el precio de cada llamada, en comparaci\u00f3n con otros complementos similares.<\/p>\n<h3>Algunas de las Caracter\u00edsticas de Aimogen Pro:<\/h3>\n<ul>\n<li>Usa el motor GPT-3 de OpenAI<\/li>\n<li>Agregue una lista de t\u00edtulos de publicaciones y un comando para la IA y el complemento generar\u00e1 una serie de publicaciones para su sitio que coincidan con sus requisitos<\/li>\n<li>Agregue autom\u00e1ticamente contenido generado por IA al principio o al final de las publicaciones publicadas en su sitio web: el contenido agregado ser\u00e1 relevante para el contenido original de la publicaci\u00f3n publicada<\/li>\n<li>Agregue un c\u00f3digo abreviado a las publicaciones o p\u00e1ginas [aiomatic-article], que podr\u00e1 crear contenido generado por IA para ellos y agregarlo al contenido existente de los art\u00edculos. Una alternativa de bloque de Gutenberg tambi\u00e9n estar\u00e1 disponible para este prop\u00f3sito.<\/li>\n<li>Cree siempre contenido \u00fanico y relevante, \u00a1gran valor de SEO!<\/li>\n<li>Estado de publicaci\u00f3n generado personalizable (publicado, borrador, pendiente, privado, papelera)<\/li>\n<li>Genere autom\u00e1ticamente categor\u00edas de publicaciones o etiquetas a partir del t\u00edtulo o el contenido<\/li>\n<li>Agregue manualmente categor\u00edas de publicaciones o etiquetas a los elementos<\/li>\n<li>Generar publicaci\u00f3n o p\u00e1gina o cualquier otro tipo de publicaci\u00f3n personalizada<\/li>\n<li>y mucho m\u00e1s!<\/li>\n<\/ul>\n<p>Descarga Ahora Aimogen Pro Automatic AI Content Writer.<\/p>\t\t\t\t\t\t\t\t<\/div>\n\t\t\t\t<\/div>\n\t\t\t\t\t<\/div>\n\t\t\t\t<\/div>\n\t\t\t\t<\/div>\n\t\t","protected":false},"excerpt":{"rendered":"<p>Aimogen Pro\u00a0Automatic AI Content Writer Le permitir\u00e1 publicar nuevas publicaciones con IA generada o actualizar publicaciones antiguas con contenido nuevo<\/p>","protected":false},"featured_media":79298,"comment_status":"closed","ping_status":"closed","template":"","meta":{"_acf_changed":false},"product_brand":[],"product_cat":[67],"product_tag":[625],"class_list":{"0":"post-25165","1":"product","2":"type-product","3":"status-publish","4":"has-post-thumbnail","6":"product_cat-wordpress-plugins","7":"product_tag-plugins-para-automatizacion-e-ia","8":"pa_autores-coderevolution","10":"first","11":"instock","12":"sale","13":"downloadable","14":"virtual","15":"sold-individually","16":"purchasable","17":"product-type-simple"},"acf":[],"_links":{"self":[{"href":"https:\/\/wpclub.pro\/en\/wp-json\/wp\/v2\/product\/25165","targetHints":{"allow":["GET"]}}],"collection":[{"href":"https:\/\/wpclub.pro\/en\/wp-json\/wp\/v2\/product"}],"about":[{"href":"https:\/\/wpclub.pro\/en\/wp-json\/wp\/v2\/types\/product"}],"replies":[{"embeddable":true,"href":"https:\/\/wpclub.pro\/en\/wp-json\/wp\/v2\/comments?post=25165"}],"version-history":[{"count":0,"href":"https:\/\/wpclub.pro\/en\/wp-json\/wp\/v2\/product\/25165\/revisions"}],"wp:featuredmedia":[{"embeddable":true,"href":"https:\/\/wpclub.pro\/en\/wp-json\/wp\/v2\/media\/79298"}],"wp:attachment":[{"href":"https:\/\/wpclub.pro\/en\/wp-json\/wp\/v2\/media?parent=25165"}],"wp:term":[{"taxonomy":"product_brand","embeddable":true,"href":"https:\/\/wpclub.pro\/en\/wp-json\/wp\/v2\/product_brand?post=25165"},{"taxonomy":"product_cat","embeddable":true,"href":"https:\/\/wpclub.pro\/en\/wp-json\/wp\/v2\/product_cat?post=25165"},{"taxonomy":"product_tag","embeddable":true,"href":"https:\/\/wpclub.pro\/en\/wp-json\/wp\/v2\/product_tag?post=25165"}],"curies":[{"name":"wp","href":"https:\/\/api.w.org\/{rel}","templated":true}]}}