{"id":25799,"date":"2025-12-15T16:01:51","date_gmt":"2025-12-15T19:01:51","guid":{"rendered":"https:\/\/wpclub.pro\/?post_type=product&#038;p=25799"},"modified":"2025-12-15T16:02:21","modified_gmt":"2025-12-15T19:02:21","slug":"peepso-social-wordpress-plugin","status":"publish","type":"product","link":"https:\/\/wpclub.pro\/en\/item\/peepso-social-wordpress-plugin\/","title":{"rendered":"PeepSo Social WordPress Plugin 8.0.0.0 (Core)"},"content":{"rendered":"<div data-elementor-type=\"product-post\" data-elementor-id=\"25799\" class=\"elementor elementor-25799\" data-elementor-post-type=\"product\">\n\t\t\t\t<div class=\"wd-negative-gap elementor-element elementor-element-2bc34b77 e-flex e-con-boxed e-con e-parent\" data-id=\"2bc34b77\" data-element_type=\"container\" data-e-type=\"container\">\n\t\t\t\t\t<div class=\"e-con-inner\">\n\t\t\t\t<div class=\"elementor-element elementor-element-196a432b color-scheme-inherit text-left elementor-widget elementor-widget-text-editor\" data-id=\"196a432b\" data-element_type=\"widget\" data-e-type=\"widget\" data-widget_type=\"text-editor.default\">\n\t\t\t\t<div class=\"elementor-widget-container\">\n\t\t\t\t\t\t\t\t\t<p><strong>Important<\/strong>This product is quite complex to activate, so the process may take some time. If you are unwilling or unable to wait when necessary, please do not purchase this product.<\/p>\n<h2>PeepSo Social WordPress Plugin<\/h2>\n<p>PeepSo Social Plugin es un complemento de redes sociales s\u00faper ligero y gratuito para WordPress,&nbsp; lo que permite agregar r\u00e1pida y f\u00e1cilmente una red social o una comunidad en l\u00ednea dentro de su sitio de WordPress.&nbsp;PeepSo es altamente eficiente y f\u00e1cil de usar, similar a Facebook en t\u00e9rminos de facilidad de uso, pero con mejor productividad.<\/p>\n<h3>PeepSo Social WordPress Plugin<\/h3>\n<p>El software por s\u00ed solo es incre\u00edble. Con PeepSo Social WordPress Plugin obtienes actualizaciones peri\u00f3dicas, un flujo constante de funciones y mejoras.<\/p>\n<h2>Las Bases de PeepSo Social WordPress Plugin<\/h2>\n<h3>Comunidad<\/h3>\n<p>Con PeepSo Social WordPress Plugin puedes crear una comunidad completa y hermosa. Los usuarios pueden escribir publicaciones en el flujo de actividad y los perfiles. Los comentarios en Publicaciones est\u00e1n anidados para que sus usuarios nunca pierdan el rastro de las conversaciones.<\/p>\n<p>Los usuarios pueden configurar sus propios avatares e im\u00e1genes de portada. Los perfiles vienen con campos personalizados que los usuarios pueden completar con informaci\u00f3n sobre ellos mismos.<\/p>\n<h3>Aprendizaje Electr\u00f3nico<\/h3>\n<p>PeepSo Social WordPress Plugin se integra con LearnDash y TutorLMS, lo que le brinda la posibilidad de realizar cursos y transformar su comunidad en una plataforma de aprendizaje electr\u00f3nico.<\/p>\n<h3>Comercio Electr\u00f3nico<\/h3>\n<p>La integraci\u00f3n de WooCommerce y Dokan le brinda la posibilidad de agregar una tienda a su comunidad y ganar dinero.<\/p>\n<h3>Anuncios y Clasificados<\/h3>\n<p>La integraci\u00f3n avanzada de anuncios con PeepSo Social WordPress Plugin puede hacer que el proceso de monetizaci\u00f3n sea mucho m\u00e1s simple y mucho m\u00e1s confiable que usar cualquier otro medio. Ejecutar un sitio de anuncios clasificados por s\u00ed solo puede ser un desaf\u00edo.<\/p>\n<p>Sin embargo, agregar anuncios clasificados con WPAdverts Integration a su comunidad existente puede ser una haza\u00f1a fant\u00e1stica, porque entonces puede tener lo mejor de ambos mundos.<\/p>\n<p>Adquiera ahora mismo PeepSo Social WordPress Plugin.<\/p>\t\t\t\t\t\t\t\t<\/div>\n\t\t\t\t<\/div>\n\t\t\t\t\t<\/div>\n\t\t\t\t<\/div>\n\t\t\t\t<\/div>","protected":false},"excerpt":{"rendered":"<p>Importante: Este es un producto bastante complejo de activar, por lo que podemos demorarnos en dicho proceso. Si no est\u00e1s<\/p>","protected":false},"featured_media":88371,"comment_status":"closed","ping_status":"closed","template":"","meta":{"_acf_changed":false},"product_brand":[],"product_cat":[67],"product_tag":[151],"class_list":{"0":"post-25799","1":"product","2":"type-product","3":"status-publish","4":"has-post-thumbnail","6":"product_cat-wordpress-plugins","7":"product_tag-plugins-para-comunidades-y-redes-sociales","8":"pa_autores-peepso","10":"first","11":"instock","12":"sale","13":"downloadable","14":"virtual","15":"sold-individually","16":"purchasable","17":"product-type-simple"},"acf":[],"_links":{"self":[{"href":"https:\/\/wpclub.pro\/en\/wp-json\/wp\/v2\/product\/25799","targetHints":{"allow":["GET"]}}],"collection":[{"href":"https:\/\/wpclub.pro\/en\/wp-json\/wp\/v2\/product"}],"about":[{"href":"https:\/\/wpclub.pro\/en\/wp-json\/wp\/v2\/types\/product"}],"replies":[{"embeddable":true,"href":"https:\/\/wpclub.pro\/en\/wp-json\/wp\/v2\/comments?post=25799"}],"version-history":[{"count":0,"href":"https:\/\/wpclub.pro\/en\/wp-json\/wp\/v2\/product\/25799\/revisions"}],"wp:featuredmedia":[{"embeddable":true,"href":"https:\/\/wpclub.pro\/en\/wp-json\/wp\/v2\/media\/88371"}],"wp:attachment":[{"href":"https:\/\/wpclub.pro\/en\/wp-json\/wp\/v2\/media?parent=25799"}],"wp:term":[{"taxonomy":"product_brand","embeddable":true,"href":"https:\/\/wpclub.pro\/en\/wp-json\/wp\/v2\/product_brand?post=25799"},{"taxonomy":"product_cat","embeddable":true,"href":"https:\/\/wpclub.pro\/en\/wp-json\/wp\/v2\/product_cat?post=25799"},{"taxonomy":"product_tag","embeddable":true,"href":"https:\/\/wpclub.pro\/en\/wp-json\/wp\/v2\/product_tag?post=25799"}],"curies":[{"name":"wp","href":"https:\/\/api.w.org\/{rel}","templated":true}]}}