{"id":25803,"date":"2025-12-15T16:00:08","date_gmt":"2025-12-15T19:00:08","guid":{"rendered":"https:\/\/wpclub.pro\/?post_type=product&#038;p=25803"},"modified":"2025-12-15T16:01:45","modified_gmt":"2025-12-15T19:01:45","slug":"peepso-gecko-wordpress-theme","status":"publish","type":"product","link":"https:\/\/wpclub.pro\/en\/item\/peepso-gecko-wordpress-theme\/","title":{"rendered":"PeepSo Gecko WordPress Theme 8.0.0.0"},"content":{"rendered":"<div data-elementor-type=\"product-post\" data-elementor-id=\"25803\" class=\"elementor elementor-25803\" data-elementor-post-type=\"product\">\n\t\t\t\t<div class=\"wd-negative-gap elementor-element elementor-element-2d0e38a8 e-flex e-con-boxed e-con e-parent\" data-id=\"2d0e38a8\" data-element_type=\"container\" data-e-type=\"container\">\n\t\t\t\t\t<div class=\"e-con-inner\">\n\t\t\t\t<div class=\"elementor-element elementor-element-42ecff9a color-scheme-inherit text-left elementor-widget elementor-widget-text-editor\" data-id=\"42ecff9a\" data-element_type=\"widget\" data-e-type=\"widget\" data-widget_type=\"text-editor.default\">\n\t\t\t\t<div class=\"elementor-widget-container\">\n\t\t\t\t\t\t\t\t\t<h2>PeepSo Gecko WordPress Theme<\/h2><p>PeepSo Gecko WordPress Theme fue dise\u00f1ado con el enfoque PeepSo First, para permitir aprovechar al m\u00e1ximo PeepSo como plataforma de redes sociales. Est\u00e1 especialmente dise\u00f1ado para ampliar las posibilidades de PeepSo, mientras se asegura de que todo el sitio se vea y funcione maravillosamente.<\/p><h3>PeepSo Gecko WordPress Theme es\u00e1 Aqu\u00ed<\/h3><p>PeepSo Gecko WordPress Theme se integra con todo; El poder de personalizaci\u00f3n de Gecko solo se compara con su belleza. No es necesario buscar un tema apropiado para su sitio: ya tendr\u00e1 uno que posee todas las funciones para la mejor presentaci\u00f3n.<\/p><h3>Uso de PeepSo Gecko WordPress Theme<\/h3><p>PeepSo Gecko WordPress Theme se puede usar como un tema de WordPress independiente completamente funcional y no requiere PeepSo. Puedes optar por otro de otra fuente con algunos ajustes. Sin embargo, recomendamos encarecidamente probar lo que ya hemos proporcionado.<\/p><p>La mayor\u00eda de las caracter\u00edsticas de Gecko son tan refinadas que solo se pueden encontrar en temas pagos.<\/p><h3>Personalizador de PeepSo Gecko WordPress Theme<\/h3><p>PeepSo Gecko WordPress Theme viene con el personalizador interno con controles deslizantes y opciones que realizan cambios en su sitio en tiempo real. No reemplaza el personalizador est\u00e1ndar de WordPress; sin embargo, todas las configuraciones relacionadas con Gecko se han movido a nuestro propio Personalizador de Gecko.<\/p><h3>Identidad del sitio y tipograf\u00eda<\/h3><p>Establezca un logotipo separado para la vista de escritorio y m\u00f3vil, cambie la familia de fuentes, el tama\u00f1o y el color de la fuente, as\u00ed como los colores de los enlaces.<\/p><h3>Cambia como quieras<\/h3><p>Gecko Theme Customizer le permite cambiar los colores de casi cualquier cosa. Desde fondos, fuentes, enlaces, botones, bordes y separadores, hasta los detalles m\u00e1s peque\u00f1os, como alertas y mensajes del sistema.<\/p><h3>Agregar sombras, controlar bordes<\/h3><p>Cuando los colores est\u00e1ndar no son suficientes, agregue un toque de sombras o bordes curvos. Tienes el control del radio del borde y la intensidad de la sombra.<\/p><h3>Encabezado magn\u00edfico<\/h3><p>Gecko viene con un encabezado vers\u00e1til y agradable a la vista que puede contener navegaci\u00f3n, b\u00fasqueda de actividad, notificaciones en vivo de PeepSo y m\u00e1s.<\/p><h3>Fully customizable<\/h3><p>Agregue men\u00fas, incluida la alineaci\u00f3n del men\u00fa y la posici\u00f3n del men\u00fa. Todo accesible inmediatamente y disponible en el personalizador de temas.<\/p><h3>Posiciones de widgets (en el encabezado)<\/h3><p>Puede colocar widgets en las posiciones de b\u00fasqueda y encabezado para incluir navegaci\u00f3n adicional, carritos de compras o m\u00e1s.<\/p><p>Adquiera ahora PeepSo Gecko WordPress Theme .<\/p>\t\t\t\t\t\t\t\t<\/div>\n\t\t\t\t<\/div>\n\t\t\t\t\t<\/div>\n\t\t\t\t<\/div>\n\t\t\t\t<\/div>","protected":false},"excerpt":{"rendered":"<p>PeepSo Gecko WordPress Theme PeepSo Gecko WordPress Theme fue dise\u00f1ado con el enfoque PeepSo First, para permitir aprovechar al m\u00e1ximo<\/p>","protected":false},"featured_media":88374,"comment_status":"closed","ping_status":"closed","template":"","meta":{"_acf_changed":false},"product_brand":[],"product_cat":[15],"product_tag":[151],"class_list":{"0":"post-25803","1":"product","2":"type-product","3":"status-publish","4":"has-post-thumbnail","6":"product_cat-wordpress-themes","7":"product_tag-plugins-para-comunidades-y-redes-sociales","8":"pa_autores-peepso","10":"first","11":"instock","12":"sale","13":"downloadable","14":"virtual","15":"sold-individually","16":"purchasable","17":"product-type-simple"},"acf":[],"_links":{"self":[{"href":"https:\/\/wpclub.pro\/en\/wp-json\/wp\/v2\/product\/25803","targetHints":{"allow":["GET"]}}],"collection":[{"href":"https:\/\/wpclub.pro\/en\/wp-json\/wp\/v2\/product"}],"about":[{"href":"https:\/\/wpclub.pro\/en\/wp-json\/wp\/v2\/types\/product"}],"replies":[{"embeddable":true,"href":"https:\/\/wpclub.pro\/en\/wp-json\/wp\/v2\/comments?post=25803"}],"version-history":[{"count":0,"href":"https:\/\/wpclub.pro\/en\/wp-json\/wp\/v2\/product\/25803\/revisions"}],"wp:featuredmedia":[{"embeddable":true,"href":"https:\/\/wpclub.pro\/en\/wp-json\/wp\/v2\/media\/88374"}],"wp:attachment":[{"href":"https:\/\/wpclub.pro\/en\/wp-json\/wp\/v2\/media?parent=25803"}],"wp:term":[{"taxonomy":"product_brand","embeddable":true,"href":"https:\/\/wpclub.pro\/en\/wp-json\/wp\/v2\/product_brand?post=25803"},{"taxonomy":"product_cat","embeddable":true,"href":"https:\/\/wpclub.pro\/en\/wp-json\/wp\/v2\/product_cat?post=25803"},{"taxonomy":"product_tag","embeddable":true,"href":"https:\/\/wpclub.pro\/en\/wp-json\/wp\/v2\/product_tag?post=25803"}],"curies":[{"name":"wp","href":"https:\/\/api.w.org\/{rel}","templated":true}]}}