{"id":25818,"date":"2025-12-15T16:21:56","date_gmt":"2025-12-15T19:21:56","guid":{"rendered":"https:\/\/wpclub.pro\/?post_type=product&#038;p=25818"},"modified":"2025-12-15T16:22:28","modified_gmt":"2025-12-15T19:22:28","slug":"peepso-woocommerce-addon","status":"publish","type":"product","link":"https:\/\/wpclub.pro\/en\/item\/peepso-woocommerce-addon\/","title":{"rendered":"PeepSo WooCommerce Addon 8.0.0.0"},"content":{"rendered":"<div data-elementor-type=\"product-post\" data-elementor-id=\"25818\" class=\"elementor elementor-25818\" data-elementor-post-type=\"product\">\n\t\t\t\t<div class=\"wd-negative-gap elementor-element elementor-element-1b5e67be e-flex e-con-boxed e-con e-parent\" data-id=\"1b5e67be\" data-element_type=\"container\" data-e-type=\"container\">\n\t\t\t\t\t<div class=\"e-con-inner\">\n\t\t\t\t<div class=\"elementor-element elementor-element-730d457d color-scheme-inherit text-left elementor-widget elementor-widget-text-editor\" data-id=\"730d457d\" data-element_type=\"widget\" data-e-type=\"widget\" data-widget_type=\"text-editor.default\">\n\t\t\t\t<div class=\"elementor-widget-container\">\n\t\t\t\t\t\t\t\t\t<p><strong>Important<\/strong>This product is quite complex to activate, so the process may take some time. If you are unwilling or unable to wait when necessary, please do not purchase this product.<\/p><h2>PeepSo WooCommerce Addon<\/h2><p>Contempla Integraci\u00f3n de WooCommerce, Dokan y proveedores de productos.\u00a0Requiere: WooCommerce.<\/p><p>Con PeepSo WooCommerce Addon, puede agregar con \u00e9xito la chispa social a su tienda existente o crear una tienda para su comunidad existente. Es una forma fant\u00e1stica de monetizar su sitio y hacer que su negocio prospere.<\/p><h3>PeepSo WooCommerce Addon ya lo Pens\u00f3<\/h3><p>Cuando hay un tema, siempre hay demanda de productos directamente relacionados con \u00e9l. \u00bfTu comunidad gira en torno a las motos? Aumente su compromiso vendi\u00e9ndoles equipo. \u00bfJuego de azar? Venderles accesorios de juego. \u00bfde viaje? V\u00e9ndeles un mont\u00f3n de cosas, desde equipos de senderismo hasta viajes reales. El mundo es tu ostra y el cielo es el l\u00edmite.<\/p><p>Genere lealtad a la marca, mantenga a sus clientes m\u00e1s cerca, cree esa atm\u00f3sfera \u00fanica que los haga regresar a su sitio y recomiende sus productos a sus amigos y familiares.<\/p><h3>\u00bfYa tienes una comunidad?<\/h3><p>\u00a1Fant\u00e1stico! Ahora puede concentrarse en aumentar sus ingresos, para garantizar un flujo constante de efectivo y mantener feliz a su comunidad.<\/p><p>PeepSo WooCommerce Addon viene con la integraci\u00f3n de proveedores de productos de WooCommerce, que convierte su tienda en un mercado de m\u00faltiples proveedores. Puede asignar productos existentes a proveedores, o ellos pueden agregar y editar los suyos propios.<\/p><h3>Caracter\u00edsticas de PeepSo WooCommerce Addon<\/h3><ul><li>Transmitir publicaciones sobre compras:Publicaciones bellamente mostradas cuando los usuarios hacen una compra.<\/li><li>Integraci\u00f3n de carrito: Experiencia de compra integrada en los perfiles de usuario. Pr\u00e1ctico y atractivo.<\/li><li>Rese\u00f1as de productos Transmitir publicaciones: Las rese\u00f1as de los usuarios sobre los productos se agregan al flujo de actividades.<\/li><li>Gesti\u00f3n de pedidos: Gesti\u00f3n completa de pedidos, historial de pedidos y descargas directamente en los perfiles de usuario.<\/li><li>Perfil de navegaci\u00f3n: Perfecta integraci\u00f3n con los perfiles de usuario para la gesti\u00f3n de campo.<\/li><li>Configuraci\u00f3n f\u00e1cil: Funciona fuera de la caja. F\u00e1cil y r\u00e1pido de configurar.<\/li><li>Proveedores de productos: Integraci\u00f3n con los proveedores de productos de WooCommerce.<\/li><li>Proveedor m\u00faltiple de Dokan: Integraci\u00f3n con el complemento Dokan Multi Vendor.<\/li><\/ul><p>Adquiera ahora PeepSo WooCommerce Addon.<\/p>\t\t\t\t\t\t\t\t<\/div>\n\t\t\t\t<\/div>\n\t\t\t\t\t<\/div>\n\t\t\t\t<\/div>\n\t\t\t\t<\/div>","protected":false},"excerpt":{"rendered":"<p>Importante: Este es un producto bastante complejo de activar, por lo que podemos demorarnos en dicho proceso. Si no est\u00e1s<\/p>","protected":false},"featured_media":88377,"comment_status":"closed","ping_status":"closed","template":"","meta":{"_acf_changed":false},"product_brand":[],"product_cat":[67],"product_tag":[151],"class_list":{"0":"post-25818","1":"product","2":"type-product","3":"status-publish","4":"has-post-thumbnail","6":"product_cat-wordpress-plugins","7":"product_tag-plugins-para-comunidades-y-redes-sociales","8":"pa_autores-peepso","10":"first","11":"instock","12":"sale","13":"downloadable","14":"virtual","15":"sold-individually","16":"purchasable","17":"product-type-simple"},"acf":[],"_links":{"self":[{"href":"https:\/\/wpclub.pro\/en\/wp-json\/wp\/v2\/product\/25818","targetHints":{"allow":["GET"]}}],"collection":[{"href":"https:\/\/wpclub.pro\/en\/wp-json\/wp\/v2\/product"}],"about":[{"href":"https:\/\/wpclub.pro\/en\/wp-json\/wp\/v2\/types\/product"}],"replies":[{"embeddable":true,"href":"https:\/\/wpclub.pro\/en\/wp-json\/wp\/v2\/comments?post=25818"}],"version-history":[{"count":0,"href":"https:\/\/wpclub.pro\/en\/wp-json\/wp\/v2\/product\/25818\/revisions"}],"wp:featuredmedia":[{"embeddable":true,"href":"https:\/\/wpclub.pro\/en\/wp-json\/wp\/v2\/media\/88377"}],"wp:attachment":[{"href":"https:\/\/wpclub.pro\/en\/wp-json\/wp\/v2\/media?parent=25818"}],"wp:term":[{"taxonomy":"product_brand","embeddable":true,"href":"https:\/\/wpclub.pro\/en\/wp-json\/wp\/v2\/product_brand?post=25818"},{"taxonomy":"product_cat","embeddable":true,"href":"https:\/\/wpclub.pro\/en\/wp-json\/wp\/v2\/product_cat?post=25818"},{"taxonomy":"product_tag","embeddable":true,"href":"https:\/\/wpclub.pro\/en\/wp-json\/wp\/v2\/product_tag?post=25818"}],"curies":[{"name":"wp","href":"https:\/\/api.w.org\/{rel}","templated":true}]}}