{"id":25822,"date":"2025-12-15T16:20:11","date_gmt":"2025-12-15T19:20:11","guid":{"rendered":"https:\/\/wpclub.pro\/?post_type=product&#038;p=25822"},"modified":"2025-12-15T16:21:36","modified_gmt":"2025-12-15T19:21:36","slug":"peepso-tutor-lms-integration-addon","status":"publish","type":"product","link":"https:\/\/wpclub.pro\/en\/item\/peepso-tutor-lms-integration-addon\/","title":{"rendered":"PeepSo Tutor LMS Integration Addon 8.0.0.0"},"content":{"rendered":"<div data-elementor-type=\"product-post\" data-elementor-id=\"25822\" class=\"elementor elementor-25822\" data-elementor-post-type=\"product\">\n\t\t\t\t<div class=\"wd-negative-gap elementor-element elementor-element-3740bd17 e-flex e-con-boxed e-con e-parent\" data-id=\"3740bd17\" data-element_type=\"container\" data-e-type=\"container\">\n\t\t\t\t\t<div class=\"e-con-inner\">\n\t\t\t\t<div class=\"elementor-element elementor-element-10bfa597 color-scheme-inherit text-left elementor-widget elementor-widget-text-editor\" data-id=\"10bfa597\" data-element_type=\"widget\" data-e-type=\"widget\" data-widget_type=\"text-editor.default\">\n\t\t\t\t<div class=\"elementor-widget-container\">\n\t\t\t\t\t\t\t\t\t<p><strong>Important<\/strong>: Este es un producto bastante complejo de activar, por lo que podemos demorarnos en dicho proceso. Si no est\u00e1s dispuesto o no puedes esperar un poco cuando sea necesario, por favor no adquieras este producto.<\/p><h2>PeepSo Tutor LMS Integration Addon<\/h2><p>TutorLMS es un complemento del sistema de gesti\u00f3n de aprendizaje robusto y repleto de funciones para WordPress para crear y vender cursos en l\u00ednea. Nuestro complemento de integraci\u00f3n TutorLMS proporciona una integraci\u00f3n perfecta con su comunidad impulsada por PeepSo.<\/p><h3>Caracter\u00edsticas de PeepSo Tutor LMS Integration Addon<\/h3><ul><li>Mostrar cursos en los perfiles de los usuarios: Habilite esta opci\u00f3n en la configuraci\u00f3n de PeepSo para mostrar la pesta\u00f1a del men\u00fa TutorLMS en los perfiles de usuario, donde los usuarios pueden acceder f\u00e1cilmente a sus cursos.<\/li><li>Dise\u00f1o configurable: Configure el dise\u00f1o de las columnas, habilite el texto de la descripci\u00f3n, personalice las im\u00e1genes destacadas y m\u00e1s.<\/li><li>Actividad del curso en Community Stream: Las publicaciones de inscripci\u00f3n y finalizaci\u00f3n del curso se pueden publicar en el flujo de actividades de su comunidad para lograr la m\u00e1xima participaci\u00f3n de los usuarios.<\/li><li>Est\u00edmulo mutuo: Los usuarios pueden ver los cursos de los dem\u00e1s en sus perfiles y recibir m\u00e1s inscripciones.<\/li><li>Gratificaci\u00f3n: Asigne autom\u00e1ticamente \u00edconos VIP a los usuarios que hayan completado un curso. Requiere complemento VIP.<\/li><li>Grupos para Cursos: Con PeepSo Tutor LMS Integration Addon, cree grupos que est\u00e9n directamente relacionados con los cursos y aumente la participaci\u00f3n de la comunidad. Requiere complemento de Grupos.<\/li><li>URL y etiqueta configurables: Personalice la URL y la etiqueta del perfil en la configuraci\u00f3n de PeepSo, de acuerdo con la descripci\u00f3n deseada.<\/li><\/ul><p>Adquiera ahora mismo PeepSo Tutor LMS Integration Addon.<\/p>\t\t\t\t\t\t\t\t<\/div>\n\t\t\t\t<\/div>\n\t\t\t\t\t<\/div>\n\t\t\t\t<\/div>\n\t\t\t\t<\/div>","protected":false},"excerpt":{"rendered":"<p>Importante: Este es un producto bastante complejo de activar, por lo que podemos demorarnos en dicho proceso. Si no est\u00e1s<\/p>","protected":false},"featured_media":88453,"comment_status":"closed","ping_status":"closed","template":"","meta":{"_acf_changed":false},"product_brand":[],"product_cat":[67],"product_tag":[486],"class_list":{"0":"post-25822","1":"product","2":"type-product","3":"status-publish","4":"has-post-thumbnail","6":"product_cat-wordpress-plugins","7":"product_tag-temas-para-educacion-y-formacion","8":"pa_autores-peepso","10":"first","11":"instock","12":"sale","13":"downloadable","14":"virtual","15":"sold-individually","16":"purchasable","17":"product-type-simple"},"acf":[],"_links":{"self":[{"href":"https:\/\/wpclub.pro\/en\/wp-json\/wp\/v2\/product\/25822","targetHints":{"allow":["GET"]}}],"collection":[{"href":"https:\/\/wpclub.pro\/en\/wp-json\/wp\/v2\/product"}],"about":[{"href":"https:\/\/wpclub.pro\/en\/wp-json\/wp\/v2\/types\/product"}],"replies":[{"embeddable":true,"href":"https:\/\/wpclub.pro\/en\/wp-json\/wp\/v2\/comments?post=25822"}],"version-history":[{"count":0,"href":"https:\/\/wpclub.pro\/en\/wp-json\/wp\/v2\/product\/25822\/revisions"}],"wp:featuredmedia":[{"embeddable":true,"href":"https:\/\/wpclub.pro\/en\/wp-json\/wp\/v2\/media\/88453"}],"wp:attachment":[{"href":"https:\/\/wpclub.pro\/en\/wp-json\/wp\/v2\/media?parent=25822"}],"wp:term":[{"taxonomy":"product_brand","embeddable":true,"href":"https:\/\/wpclub.pro\/en\/wp-json\/wp\/v2\/product_brand?post=25822"},{"taxonomy":"product_cat","embeddable":true,"href":"https:\/\/wpclub.pro\/en\/wp-json\/wp\/v2\/product_cat?post=25822"},{"taxonomy":"product_tag","embeddable":true,"href":"https:\/\/wpclub.pro\/en\/wp-json\/wp\/v2\/product_tag?post=25822"}],"curies":[{"name":"wp","href":"https:\/\/api.w.org\/{rel}","templated":true}]}}