{"id":25886,"date":"2025-10-13T13:51:54","date_gmt":"2025-10-13T16:51:54","guid":{"rendered":"https:\/\/wpclub.pro\/?post_type=product&#038;p=25886"},"modified":"2026-04-12T13:11:04","modified_gmt":"2026-04-12T17:11:04","slug":"gettrade-trading-elementor-template-kit","status":"publish","type":"product","link":"https:\/\/wpclub.pro\/en\/item\/gettrade-trading-elementor-template-kit\/","title":{"rendered":"GetTrade Trading Elementor Template Kit"},"content":{"rendered":"<div data-elementor-type=\"wp-post\" data-elementor-id=\"25886\" class=\"elementor elementor-25886\">\n\t\t\t\t<div class=\"wd-negative-gap elementor-element elementor-element-36d915b4 e-flex e-con-boxed e-con e-parent\" data-id=\"36d915b4\" data-element_type=\"container\" data-e-type=\"container\">\n\t\t\t\t\t<div class=\"e-con-inner\">\n\t\t\t\t<div class=\"elementor-element elementor-element-7db2a224 color-scheme-inherit text-left elementor-widget elementor-widget-text-editor\" data-id=\"7db2a224\" data-element_type=\"widget\" data-e-type=\"widget\" data-widget_type=\"text-editor.default\">\n\t\t\t\t<div class=\"elementor-widget-container\">\n\t\t\t\t\t\t\t\t\t<h2>GetTrade Trading Elementor Template Kit<\/h2><p>GetTrade Trading Elementor Template Kit es un kit de plantilla de Elementor para el sitio web de Trading &amp; Investment Company. Este kit de plantillas tambi\u00e9n es adecuado para crear cualquier sitio web relacionado con el sitio web de finanzas.<\/p><p>Puede crear un sitio web de la empresa de inversi\u00f3n relacionado con el comercio, la inversi\u00f3n, los fondos mutuos, la gesti\u00f3n patrimonial, el asesor de inversiones, la inversi\u00f3n criptogr\u00e1fica, la inversi\u00f3n en acciones, etc. Tiene m\u00e1s de 12 plantillas predise\u00f1adas con un dise\u00f1o de estilo moderno, aspecto simple y profesional.<\/p><h3>Algunas Caracter\u00edsticas de GetTrade Trading Elementor Template Kit<\/h3><ul><li>Modern and professional design.<\/li><li>Construido con Elementor Pro<\/li><li>100% receptivo y compatible con dispositivos m\u00f3viles<\/li><li>More than 12 pre-designed templates<\/li><li>Easy to customize<\/li><li>Template kit created with Elementor Hello Theme<\/li><\/ul><h3>C\u00f3mo Utilizar GetTrade Trading Elementor Template Kit<\/h3><ul><li>Download the &quot;Envato Elements&quot; plugin from the WordPress repository.<\/li><li>Next, go to the plugin in the main menu, and then go to &quot;Installed Packages&quot;.\u00ab<\/li><li>Click on &quot;Upload Zip \/ Template&quot;\u00ab<\/li><li>Ready to use.<\/li><\/ul>\t\t\t\t\t\t\t\t<\/div>\n\t\t\t\t<\/div>\n\t\t\t\t\t<\/div>\n\t\t\t\t<\/div>\n\t\t\t\t<\/div>","protected":false},"excerpt":{"rendered":"<p>GetTrade Trading Elementor Template Kit GetTrade Trading Elementor Template Kit es un kit de plantilla de Elementor para el sitio<\/p>","protected":false},"featured_media":98136,"comment_status":"closed","ping_status":"closed","template":"","meta":{"_acf_changed":false},"product_brand":[],"product_cat":[457],"product_tag":[136],"class_list":{"0":"post-25886","1":"product","2":"type-product","3":"status-publish","4":"has-post-thumbnail","6":"product_cat-elementor-template-kit","7":"product_tag-temas-para-tiendas-ecommerce","8":"pa_autores-themeforest","10":"first","11":"instock","12":"sale","13":"downloadable","14":"virtual","15":"sold-individually","16":"purchasable","17":"product-type-simple"},"acf":[],"_links":{"self":[{"href":"https:\/\/wpclub.pro\/en\/wp-json\/wp\/v2\/product\/25886","targetHints":{"allow":["GET"]}}],"collection":[{"href":"https:\/\/wpclub.pro\/en\/wp-json\/wp\/v2\/product"}],"about":[{"href":"https:\/\/wpclub.pro\/en\/wp-json\/wp\/v2\/types\/product"}],"replies":[{"embeddable":true,"href":"https:\/\/wpclub.pro\/en\/wp-json\/wp\/v2\/comments?post=25886"}],"version-history":[{"count":0,"href":"https:\/\/wpclub.pro\/en\/wp-json\/wp\/v2\/product\/25886\/revisions"}],"wp:featuredmedia":[{"embeddable":true,"href":"https:\/\/wpclub.pro\/en\/wp-json\/wp\/v2\/media\/98136"}],"wp:attachment":[{"href":"https:\/\/wpclub.pro\/en\/wp-json\/wp\/v2\/media?parent=25886"}],"wp:term":[{"taxonomy":"product_brand","embeddable":true,"href":"https:\/\/wpclub.pro\/en\/wp-json\/wp\/v2\/product_brand?post=25886"},{"taxonomy":"product_cat","embeddable":true,"href":"https:\/\/wpclub.pro\/en\/wp-json\/wp\/v2\/product_cat?post=25886"},{"taxonomy":"product_tag","embeddable":true,"href":"https:\/\/wpclub.pro\/en\/wp-json\/wp\/v2\/product_tag?post=25886"}],"curies":[{"name":"wp","href":"https:\/\/api.w.org\/{rel}","templated":true}]}}