{"id":26403,"date":"2024-08-23T12:41:22","date_gmt":"2024-08-23T16:41:22","guid":{"rendered":"https:\/\/wpclub.pro\/?post_type=product&#038;p=26403"},"modified":"2024-10-03T12:33:48","modified_gmt":"2024-10-03T15:33:48","slug":"ultimate-member-theme","status":"publish","type":"product","link":"https:\/\/wpclub.pro\/en\/item\/ultimate-member-theme\/","title":{"rendered":"Ultimate Member Theme 1.35"},"content":{"rendered":"<p>] css=\u00bb.vc_custom_1629733467375{margin-right: 15px !important;padding-top: 30px !important;padding-right: 30px !important;padding-bottom: 30px !important;padding-left: 30px !important;background-color: #f4f4f4 !important;border-radius: 5px !important;}\u00bb width=\u00bb1\/1&#8243; mobile_bg_img_hidden=\u00bbno\u00bb tablet_bg_img_hidden=\u00bbno\u00bb woodmart_parallax=\u00bb0&#8243; woodmart_sticky_column=\u00bbfalse\u00bb parallax_scroll=\u00bbno\u00bb mobile_reset_margin=\u00bbno\u00bb tablet_reset_margin=\u00bbno\u00bb]_text woodmart_inline=\u00bbno\u00bb text_larger=\u00bbno\u00bb]<\/p>\n<h2>Ultimate Member Theme<\/h2>\n<p>Ultimate Member Theme es un tema receptivo y liviano que ofrece una integraci\u00f3n profunda con Ultimate Member y ha sido creado espec\u00edficamente para sitios que tienen usuarios registrados.<\/p>\n<h3>Algunas Caracter\u00edsticas de Ultimate Member Theme<\/h3>\n<p>Ultimate Member Theme est\u00e1 creado y mantenido por los desarrolladores principales de Ultimate Member, por lo que puede estar seguro de que funciona perfectamente con nuestro complemento y extensiones.<\/p>\n<p>Ning\u00fan otro tema de WordPress ofrece la integraci\u00f3n que hacemos entre un tema y nuestro complemento Ultimate Member<\/p>\n<h3>\u00bfPor qu\u00e9 Utilizar Ultimate Member Theme?<\/h3>\n<ul>\n<li>Creado por el equipo Ultimate Member.<\/li>\n<li>Ligero.<\/li>\n<li>Respuesta m\u00f3vil.<\/li>\n<li>Integrado con el complemento y las extensiones Ultimate Member.<\/li>\n<li>Creado espec\u00edficamente para sitios con usuarios registrados.<\/li>\n<li>Funciona con los creadores de p\u00e1ginas Beaver Builder y Elementor.<\/li>\n<li>Encabezados \u00fanicos de inicio\/cierre de sesi\u00f3n.<\/li>\n<li>y m\u00e1s!<\/li>\n<\/ul>\n<h3>Encabezado de usuario registrado<\/h3>\n<p>Ultimate Member Theme viene con un dise\u00f1o de encabezado diferente para los usuarios que han iniciado sesi\u00f3n. Cuando un usuario inicia sesi\u00f3n, el encabezado mostrar\u00e1 el avatar y el nombre para mostrar del usuario.<\/p>\n<p>Adem\u00e1s, si est\u00e1 utilizando las extensiones de notificaci\u00f3n en tiempo real y mensajer\u00eda privada, aparecer\u00e1 un icono para cada extensi\u00f3n en el encabezado.<\/p>\n<p>Todo e sposible con este theme y mucho m\u00e1s&#8230;<\/p>\n<p>Adquiera ahora Ultimate Member Theme.[\/vc_column_text][\/vc_column][\/vc_row] css=\u00bb.vc_custom_1629733150529{margin-top: 30px !important;}\u00bb mobile_bg_img_hidden=\u00bbno\u00bb tablet_bg_img_hidden=\u00bbno\u00bb woodmart_parallax=\u00bb0&#8243; woodmart_gradient_switch=\u00bbno\u00bb row_reverse_mobile=\u00bb0&#8243; row_reverse_tablet=\u00bb0&#8243; woodmart_disable_overflow=\u00bb0&#8243;] css=\u00bb.vc_custom_1629733167411{background-color: #f4f4f4 !important;border-radius: 5px !important;}\u00bb mobile_bg_img_hidden=\u00bbno\u00bb tablet_bg_img_hidden=\u00bbno\u00bb woodmart_parallax=\u00bb0&#8243; woodmart_sticky_column=\u00bbfalse\u00bb parallax_scroll=\u00bbno\u00bb mobile_reset_margin=\u00bbno\u00bb tablet_reset_margin=\u00bbno\u00bb]_text woodmart_inline=\u00bbno\u00bb text_larger=\u00bbno\u00bb]<\/p>\n<p style=\"text-align: center;\">Los productos publicados en el sitio son distribuimos bajo licenciamiento <a href=\"https:\/\/www.gnu.org\/licenses\/licenses.es.html\" target=\"_blank\" rel=\"noopener\" data-schema-attribute=\"\"><strong>GPL \/ GNU<\/strong><\/a>. Recuerda siempre revisar nuestros <strong><a href=\"https:\/\/wpclub.pro\/terminos-de-uso\/\" target=\"_blank\" rel=\"noopener\" data-schema-attribute=\"\">T\u00e9rminos de Uso<\/a><\/strong> y <strong><a href=\"https:\/\/wpclub.pro\/politica-de-privacidad\/\" target=\"_blank\" rel=\"noopener\" data-schema-attribute=\"\">Pol\u00edtica de Privacidad<\/a><\/strong>.<\/p>\n<p>[\/vc_column_text][\/vc_column][\/vc_row]<\/p>\n","protected":false},"excerpt":{"rendered":"<p>] css=\u00bb.vc_custom_1629733467375{margin-right: 15px !important;padding-top: 30px !important;padding-right: 30px !important;padding-bottom: 30px !important;padding-left: 30px !important;background-color: #f4f4f4 !important;border-radius: 5px !important;}\u00bb width=\u00bb1\/1&#8243; mobile_bg_img_hidden=\u00bbno\u00bb tablet_bg_img_hidden=\u00bbno\u00bb woodmart_parallax=\u00bb0&#8243;<\/p>","protected":false},"featured_media":26404,"comment_status":"closed","ping_status":"closed","template":"","meta":{"_acf_changed":false},"product_brand":[],"product_cat":[15],"product_tag":[128],"class_list":{"0":"post-26403","1":"product","2":"type-product","3":"status-publish","4":"has-post-thumbnail","6":"product_cat-wordpress-themes","7":"product_tag-plugins-para-membresias-y-suscripciones","8":"pa_autores-ultimate-member","10":"first","11":"instock","12":"sale","13":"downloadable","14":"virtual","15":"sold-individually","16":"purchasable","17":"product-type-simple"},"acf":[],"_links":{"self":[{"href":"https:\/\/wpclub.pro\/en\/wp-json\/wp\/v2\/product\/26403","targetHints":{"allow":["GET"]}}],"collection":[{"href":"https:\/\/wpclub.pro\/en\/wp-json\/wp\/v2\/product"}],"about":[{"href":"https:\/\/wpclub.pro\/en\/wp-json\/wp\/v2\/types\/product"}],"replies":[{"embeddable":true,"href":"https:\/\/wpclub.pro\/en\/wp-json\/wp\/v2\/comments?post=26403"}],"version-history":[{"count":0,"href":"https:\/\/wpclub.pro\/en\/wp-json\/wp\/v2\/product\/26403\/revisions"}],"wp:featuredmedia":[{"embeddable":true,"href":"https:\/\/wpclub.pro\/en\/wp-json\/wp\/v2\/media\/26404"}],"wp:attachment":[{"href":"https:\/\/wpclub.pro\/en\/wp-json\/wp\/v2\/media?parent=26403"}],"wp:term":[{"taxonomy":"product_brand","embeddable":true,"href":"https:\/\/wpclub.pro\/en\/wp-json\/wp\/v2\/product_brand?post=26403"},{"taxonomy":"product_cat","embeddable":true,"href":"https:\/\/wpclub.pro\/en\/wp-json\/wp\/v2\/product_cat?post=26403"},{"taxonomy":"product_tag","embeddable":true,"href":"https:\/\/wpclub.pro\/en\/wp-json\/wp\/v2\/product_tag?post=26403"}],"curies":[{"name":"wp","href":"https:\/\/api.w.org\/{rel}","templated":true}]}}