{"id":26435,"date":"2025-01-28T12:26:42","date_gmt":"2025-01-28T15:26:42","guid":{"rendered":"https:\/\/wpclub.pro\/?post_type=product&#038;p=26435"},"modified":"2025-09-15T14:56:12","modified_gmt":"2025-09-15T17:56:12","slug":"affiliate-butler-pro-plugin","status":"publish","type":"product","link":"https:\/\/wpclub.pro\/en\/item\/affiliate-butler-pro-plugin\/","title":{"rendered":"Affiliate Butler Pro Plugin 2.2.0"},"content":{"rendered":"<div data-elementor-type=\"product-post\" data-elementor-id=\"26435\" class=\"elementor elementor-26435\" data-elementor-post-type=\"product\">\n\t\t\t\t<div class=\"wd-negative-gap elementor-element elementor-element-58fe39ed e-flex e-con-boxed e-con e-parent\" data-id=\"58fe39ed\" data-element_type=\"container\" data-e-type=\"container\">\n\t\t\t\t\t<div class=\"e-con-inner\">\n\t\t\t\t<div class=\"elementor-element elementor-element-4386b4d7 color-scheme-inherit text-left elementor-widget elementor-widget-text-editor\" data-id=\"4386b4d7\" data-element_type=\"widget\" data-e-type=\"widget\" data-widget_type=\"text-editor.default\">\n\t\t\t\t<div class=\"elementor-widget-container\">\n\t\t\t\t\t\t\t\t\t<h2>Affiliate Butler Pro Plugin<\/h2><ul><li>Autoenlace: Affiliate Butler Pro Plugin\u00a0le permite agregar una o varias palabras clave para vincularlas autom\u00e1ticamente a un enlace externo.<\/li><li>Seguir: Puede establecer si desea que el enlace de la palabra clave tenga los valores dofollow o nofollow para permitir que los motores de b\u00fasqueda sigan este enlace y lo usen en la clasificaci\u00f3n o no.<\/li><li>Objetivo abierto: Establezca el comportamiento de apertura del enlace de la palabra clave si se abre en la misma ventana o en una nueva ventana.<\/li><li>Acortamiento autom\u00e1tico: Puede acortar el enlace de la palabra clave para que sean enlaces limpios y embellecidos.<\/li><li>Distingue may\u00fasculas y min\u00fasculas: Puede configurar Auto-Link para que distinga entre may\u00fasculas y min\u00fasculas para un reemplazo m\u00e1s preciso.<\/li><\/ul><h3>Tipos de enlaces con Affiliate Butler Pro Plugin<\/h3><ul><li>URL interna Puede vincular sus palabras clave a una p\u00e1gina interna de su sitio web. Puede encontrar la p\u00e1gina mediante una sencilla lista de autocompletado.<\/li><li>Ventana emergente HTML personalizada: La palabra clave se puede vincular a una ventana emergente que contiene cualquier dise\u00f1o que desee, ya que el complemento acepta c\u00f3digo HTML para integrarlo en la ventana emergente. Por ejemplo, puede agregar un c\u00f3digo HTML de formulario de suscripci\u00f3n para recopilar los correos electr\u00f3nicos de los visitantes.<\/li><li>Las palabras clave emergentes de imagen se pueden vincular para mostrar una ventana emergente que contiene una sola imagen.<\/li><li>Galer\u00eda emergente \u00bfNecesita mostrar una galer\u00eda de im\u00e1genes cuando sus usuarios hacen clic en ciertas palabras clave? No hay problema, Affiliate Butler Pro Plugin le permite vincular palabras clave a las ventanas emergentes de la galer\u00eda.<\/li><li>Ventana emergente de video: Apuesto a que a veces desea mostrar a los visitantes un video, pero no quiere que salgan de su sitio web a YouTube. Puede vincular sus palabras clave a ventanas emergentes de video compatibles con videos de YouTube y Vimeo.<\/li><li>Ventana emergente de Google Maps: Supongamos que est\u00e1 rese\u00f1ando un restaurante en su sitio web. Ser\u00eda una buena idea vincular el nombre del restaurante con una ventana emergente de mapa que muestre la ubicaci\u00f3n de ese restaurante.<\/li><li>Informaci\u00f3n sobre herramientas para compartir en redes sociales Permita que sus visitantes compartan cualquier contenido\/enlace que desee a sus cuentas de redes sociales. Al vincular sus palabras clave a una informaci\u00f3n sobre herramientas para compartir en las redes sociales, el enlace de la palabra clave le indicar\u00e1 al visitante una informaci\u00f3n sobre herramientas que contiene redes sociales variantes para compartir su contenido.<\/li><\/ul><p>Adquiera ahora Affiliate Butler Pro Plugin.<\/p>\t\t\t\t\t\t\t\t<\/div>\n\t\t\t\t<\/div>\n\t\t\t\t\t<\/div>\n\t\t\t\t<\/div>\n\t\t\t\t<\/div>","protected":false},"excerpt":{"rendered":"<p>Affiliate Butler Pro Plugin Autoenlace: Affiliate Butler Pro Plugin\u00a0le permite agregar una o varias palabras clave para vincularlas autom\u00e1ticamente a<\/p>","protected":false},"featured_media":65702,"comment_status":"closed","ping_status":"closed","template":"","meta":{"_acf_changed":false},"product_brand":[],"product_cat":[67],"product_tag":[167],"class_list":{"0":"post-26435","1":"product","2":"type-product","3":"status-publish","4":"has-post-thumbnail","6":"product_cat-wordpress-plugins","7":"product_tag-plugins-para-marketing-de-afiliados","8":"pa_autores-wpruby","10":"first","11":"instock","12":"sale","13":"downloadable","14":"virtual","15":"sold-individually","16":"purchasable","17":"product-type-simple"},"acf":[],"_links":{"self":[{"href":"https:\/\/wpclub.pro\/en\/wp-json\/wp\/v2\/product\/26435","targetHints":{"allow":["GET"]}}],"collection":[{"href":"https:\/\/wpclub.pro\/en\/wp-json\/wp\/v2\/product"}],"about":[{"href":"https:\/\/wpclub.pro\/en\/wp-json\/wp\/v2\/types\/product"}],"replies":[{"embeddable":true,"href":"https:\/\/wpclub.pro\/en\/wp-json\/wp\/v2\/comments?post=26435"}],"version-history":[{"count":0,"href":"https:\/\/wpclub.pro\/en\/wp-json\/wp\/v2\/product\/26435\/revisions"}],"wp:featuredmedia":[{"embeddable":true,"href":"https:\/\/wpclub.pro\/en\/wp-json\/wp\/v2\/media\/65702"}],"wp:attachment":[{"href":"https:\/\/wpclub.pro\/en\/wp-json\/wp\/v2\/media?parent=26435"}],"wp:term":[{"taxonomy":"product_brand","embeddable":true,"href":"https:\/\/wpclub.pro\/en\/wp-json\/wp\/v2\/product_brand?post=26435"},{"taxonomy":"product_cat","embeddable":true,"href":"https:\/\/wpclub.pro\/en\/wp-json\/wp\/v2\/product_cat?post=26435"},{"taxonomy":"product_tag","embeddable":true,"href":"https:\/\/wpclub.pro\/en\/wp-json\/wp\/v2\/product_tag?post=26435"}],"curies":[{"name":"wp","href":"https:\/\/api.w.org\/{rel}","templated":true}]}}