{"id":26480,"date":"2026-04-20T14:50:55","date_gmt":"2026-04-20T18:50:55","guid":{"rendered":"https:\/\/wpclub.pro\/?post_type=product&#038;p=26480"},"modified":"2026-04-20T14:51:24","modified_gmt":"2026-04-20T18:51:24","slug":"memberpress-mailchimp","status":"publish","type":"product","link":"https:\/\/wpclub.pro\/en\/item\/memberpress-mailchimp\/","title":{"rendered":"MemberPress MailChimp 1.2.8"},"content":{"rendered":"<div data-elementor-type=\"product-post\" data-elementor-id=\"26480\" class=\"elementor elementor-26480\" data-elementor-post-type=\"product\">\n\t\t\t\t<div class=\"wd-negative-gap elementor-element elementor-element-4a97dba e-flex e-con-boxed e-con e-parent\" data-id=\"4a97dba\" data-element_type=\"container\" data-e-type=\"container\">\n\t\t\t\t\t<div class=\"e-con-inner\">\n\t\t\t\t<div class=\"elementor-element elementor-element-40cc0e76 color-scheme-inherit text-left elementor-widget elementor-widget-text-editor\" data-id=\"40cc0e76\" data-element_type=\"widget\" data-e-type=\"widget\" data-widget_type=\"text-editor.default\">\n\t\t\t\t<div class=\"elementor-widget-container\">\n\t\t\t\t\t\t\t\t\t<h2 data-start=\"325\" data-end=\"363\"><strong data-start=\"329\" data-end=\"363\">MemberPress MailChimp<\/strong><\/h2><p data-start=\"365\" data-end=\"770\">MemberPress MailChimp es un addon oficial que integra el plugin de membres\u00edas MemberPress con la reconocida plataforma de email marketing Mailchimp. Esta integraci\u00f3n permite sincronizar autom\u00e1ticamente a los miembros de tu sitio WordPress con una o m\u00e1s listas de Mailchimp, segmentarlos por nivel de membres\u00eda y automatizar campa\u00f1as de correo basadas en su comportamiento, nivel de acceso o actividad.<\/p><p data-start=\"772\" data-end=\"991\">Con MemberPress MailChimp, puedes convertir tu estrategia de email marketing en una poderosa herramienta de fidelizaci\u00f3n, retenci\u00f3n y ventas, al tiempo que mantienes tus contactos siempre organizados y actualizados.<\/p><h3 data-start=\"993\" data-end=\"1039\"><strong data-start=\"997\" data-end=\"1039\">\u00bfPara qu\u00e9 sirve MemberPress MailChimp?<\/strong><\/h3><p data-start=\"1041\" data-end=\"1444\">MemberPress MailChimp sirve para conectar tu sitio de membres\u00eda con Mailchimp, de manera que cada vez que un usuario se registre, actualice su plan o cancele su membres\u00eda, sus datos sean autom\u00e1ticamente sincronizados y segmentados en tu cuenta de Mailchimp. Esto te permite enviar correos automatizados, boletines informativos, promociones espec\u00edficas y contenido exclusivo seg\u00fan el tipo de usuario.<\/p><p data-start=\"1446\" data-end=\"1641\">Es ideal para academias online, sitios de membres\u00eda premium, comunidades privadas, clubes digitales y negocios que utilizan el correo electr\u00f3nico como canal principal de comunicaci\u00f3n y marketing.<\/p><h3 data-start=\"1643\" data-end=\"1691\"><strong data-start=\"1647\" data-end=\"1691\">Beneficios de usar MemberPress MailChimp<\/strong><\/h3><ul data-start=\"1693\" data-end=\"2387\"><li data-start=\"1693\" data-end=\"1825\"><p data-start=\"1695\" data-end=\"1825\"><strong data-start=\"1695\" data-end=\"1745\">Automatiza tu marketing por correo electr\u00f3nico<\/strong>: Cada usuario es a\u00f1adido o removido de listas espec\u00edficas seg\u00fan su actividad.<\/p><\/li><li data-start=\"1826\" data-end=\"1933\"><p data-start=\"1828\" data-end=\"1933\"><strong data-start=\"1828\" data-end=\"1874\">Segmenta f\u00e1cilmente por nivel de membres\u00eda<\/strong>: Env\u00eda contenido relevante y personalizado a cada grupo.<\/p><\/li><li data-start=\"1934\" data-end=\"1993\"><p data-start=\"1936\" data-end=\"1993\"><strong data-start=\"1936\" data-end=\"1991\">F\u00e1cil configuraci\u00f3n y sincronizaci\u00f3n en tiempo real<\/strong><\/p><\/li><li data-start=\"1994\" data-end=\"2082\"><p data-start=\"1996\" data-end=\"2082\"><strong data-start=\"1996\" data-end=\"2024\">Reduce el trabajo manual<\/strong>: No necesitas exportar o importar datos constantemente.<\/p><\/li><li data-start=\"2083\" data-end=\"2168\"><p data-start=\"2085\" data-end=\"2168\"><strong data-start=\"2085\" data-end=\"2166\">Compatible con campa\u00f1as automatizadas de bienvenida, retenci\u00f3n o recuperaci\u00f3n<\/strong><\/p><\/li><li data-start=\"2169\" data-end=\"2248\"><p data-start=\"2171\" data-end=\"2248\"><strong data-start=\"2171\" data-end=\"2246\">Perfecto para upsells, cross-sells o comunicaci\u00f3n estrat\u00e9gica por email<\/strong><\/p><\/li><li data-start=\"2249\" data-end=\"2307\"><p data-start=\"2251\" data-end=\"2307\"><strong data-start=\"2251\" data-end=\"2305\">Mejora la fidelizaci\u00f3n y retenci\u00f3n de tus miembros<\/strong><\/p><\/li><li data-start=\"2308\" data-end=\"2387\"><p data-start=\"2310\" data-end=\"2387\"><strong data-start=\"2310\" data-end=\"2387\">Maximiza el ROI de tus campa\u00f1as de email marketing con mensajes dirigidos<\/strong><\/p><\/li><\/ul><h3 data-start=\"2389\" data-end=\"2449\"><strong data-start=\"2393\" data-end=\"2449\">Caracter\u00edsticas principales de MemberPress MailChimp<\/strong><\/h3><ul data-start=\"2451\" data-end=\"3237\"><li data-start=\"2451\" data-end=\"2524\"><p data-start=\"2453\" data-end=\"2524\"><strong data-start=\"2453\" data-end=\"2522\">Sincronizaci\u00f3n autom\u00e1tica entre MemberPress y listas de Mailchimp<\/strong><\/p><\/li><li data-start=\"2525\" data-end=\"2611\"><p data-start=\"2527\" data-end=\"2611\"><strong data-start=\"2527\" data-end=\"2609\">Asignaci\u00f3n de miembros a grupos o etiquetas espec\u00edficas por nivel de membres\u00eda<\/strong><\/p><\/li><li data-start=\"2612\" data-end=\"2697\"><p data-start=\"2614\" data-end=\"2697\"><strong data-start=\"2614\" data-end=\"2695\">Opciones para suscribir usuarios manual o autom\u00e1ticamente durante el registro<\/strong><\/p><\/li><li data-start=\"2698\" data-end=\"2766\"><p data-start=\"2700\" data-end=\"2766\"><strong data-start=\"2700\" data-end=\"2764\">Soporte para Mailchimp Interest Groups y Tags personalizados<\/strong><\/p><\/li><li data-start=\"2767\" data-end=\"2873\"><p data-start=\"2769\" data-end=\"2873\"><strong data-start=\"2769\" data-end=\"2871\">Compatibilidad con automatizaciones predefinidas de Mailchimp (como bienvenida, aniversario, etc.)<\/strong><\/p><\/li><li data-start=\"2874\" data-end=\"2971\"><p data-start=\"2876\" data-end=\"2971\"><strong data-start=\"2876\" data-end=\"2969\">Permite enviar diferentes campa\u00f1as seg\u00fan si el usuario est\u00e1 activo, cancelado o en prueba<\/strong><\/p><\/li><li data-start=\"2972\" data-end=\"3042\"><p data-start=\"2974\" data-end=\"3042\"><strong data-start=\"2974\" data-end=\"3040\">Gesti\u00f3n sencilla desde el panel de administraci\u00f3n de WordPress<\/strong><\/p><\/li><li data-start=\"3043\" data-end=\"3111\"><p data-start=\"3045\" data-end=\"3111\"><strong data-start=\"3045\" data-end=\"3109\">Dise\u00f1ado para funcionar sin afectar el rendimiento del sitio<\/strong><\/p><\/li><li data-start=\"3112\" data-end=\"3173\"><p data-start=\"3114\" data-end=\"3173\"><strong data-start=\"3114\" data-end=\"3171\">Compatible con formularios de registro personalizados<\/strong><\/p><\/li><li data-start=\"3174\" data-end=\"3237\"><p data-start=\"3176\" data-end=\"3237\"><strong data-start=\"3176\" data-end=\"3237\">Incluye soporte t\u00e9cnico oficial y documentaci\u00f3n detallada<\/strong><\/p><\/li><\/ul><h3 data-start=\"3239\" data-end=\"3317\"><strong data-start=\"3243\" data-end=\"3317\">\u00bfPor qu\u00e9 elegir MemberPress MailChimp para tu estrategia de membres\u00eda?<\/strong><\/h3><p data-start=\"3319\" data-end=\"3686\">Porque te permite automatizar por completo el canal de comunicaci\u00f3n m\u00e1s importante de cualquier negocio digital: el correo electr\u00f3nico. MemberPress MailChimp es una soluci\u00f3n robusta, eficiente y f\u00e1cil de implementar que une el poder de MemberPress con la versatilidad de Mailchimp, creando una sinergia perfecta entre contenido exclusivo y marketing automatizado.<\/p><p data-start=\"3688\" data-end=\"3922\">Si ya usas Mailchimp para tus campa\u00f1as o newsletters, esta integraci\u00f3n es esencial para mantener actualizadas tus listas, segmentar correctamente y enviar mensajes relevantes que impulsen la retenci\u00f3n, ventas cruzadas y el engagement.<\/p><h3 data-start=\"3924\" data-end=\"3942\"><strong data-start=\"3928\" data-end=\"3942\">Conclusion<\/strong><\/h3><p data-start=\"3944\" data-end=\"4290\">MemberPress MailChimp es el complemento ideal para gestionar campa\u00f1as de email marketing inteligentes, automatizadas y personalizadas seg\u00fan el comportamiento y nivel de tus miembros. Su integraci\u00f3n directa con MemberPress te ahorra tiempo, mejora tus resultados de comunicaci\u00f3n y fortalece la relaci\u00f3n con tu comunidad desde el primer correo.<\/p><p data-start=\"4292\" data-end=\"4483\">Si deseas llevar tu estrategia de membres\u00eda a un nuevo nivel mediante automatizaciones por correo que realmente conviertan, MemberPress MailChimp es la herramienta perfecta para lograrlo.<\/p><p data-start=\"4485\" data-end=\"4638\" data-is-last-node=\"\" data-is-only-node=\"\">\u00bfNecesitas esta descripci\u00f3n adaptada a una p\u00e1gina de ventas, comparativa con otras integraciones o presentaci\u00f3n para clientes? Estoy listo para ayudarte.<\/p>\t\t\t\t\t\t\t\t<\/div>\n\t\t\t\t<\/div>\n\t\t\t\t\t<\/div>\n\t\t\t\t<\/div>\n\t\t\t\t<\/div>","protected":false},"excerpt":{"rendered":"<p>MemberPress MailChimp MemberPress MailChimp es un addon oficial que integra el plugin de membres\u00edas MemberPress con la reconocida plataforma de<\/p>","protected":false},"featured_media":79131,"comment_status":"closed","ping_status":"closed","template":"","meta":{"_acf_changed":false},"product_brand":[],"product_cat":[67],"product_tag":[418,128],"class_list":{"0":"post-26480","1":"product","2":"type-product","3":"status-publish","4":"has-post-thumbnail","6":"product_cat-wordpress-plugins","7":"product_tag-plugins-para-marketing-digital","8":"product_tag-plugins-para-membresias-y-suscripciones","9":"pa_autores-memberpress","11":"first","12":"instock","13":"sale","14":"downloadable","15":"virtual","16":"sold-individually","17":"purchasable","18":"product-type-simple"},"acf":[],"_links":{"self":[{"href":"https:\/\/wpclub.pro\/en\/wp-json\/wp\/v2\/product\/26480","targetHints":{"allow":["GET"]}}],"collection":[{"href":"https:\/\/wpclub.pro\/en\/wp-json\/wp\/v2\/product"}],"about":[{"href":"https:\/\/wpclub.pro\/en\/wp-json\/wp\/v2\/types\/product"}],"replies":[{"embeddable":true,"href":"https:\/\/wpclub.pro\/en\/wp-json\/wp\/v2\/comments?post=26480"}],"version-history":[{"count":0,"href":"https:\/\/wpclub.pro\/en\/wp-json\/wp\/v2\/product\/26480\/revisions"}],"wp:featuredmedia":[{"embeddable":true,"href":"https:\/\/wpclub.pro\/en\/wp-json\/wp\/v2\/media\/79131"}],"wp:attachment":[{"href":"https:\/\/wpclub.pro\/en\/wp-json\/wp\/v2\/media?parent=26480"}],"wp:term":[{"taxonomy":"product_brand","embeddable":true,"href":"https:\/\/wpclub.pro\/en\/wp-json\/wp\/v2\/product_brand?post=26480"},{"taxonomy":"product_cat","embeddable":true,"href":"https:\/\/wpclub.pro\/en\/wp-json\/wp\/v2\/product_cat?post=26480"},{"taxonomy":"product_tag","embeddable":true,"href":"https:\/\/wpclub.pro\/en\/wp-json\/wp\/v2\/product_tag?post=26480"}],"curies":[{"name":"wp","href":"https:\/\/api.w.org\/{rel}","templated":true}]}}