{"id":26785,"date":"2025-12-16T12:00:02","date_gmt":"2025-12-16T15:00:02","guid":{"rendered":"https:\/\/wpclub.pro\/?post_type=product&#038;p=26785"},"modified":"2025-12-16T12:02:03","modified_gmt":"2025-12-16T15:02:03","slug":"peepso-mycred-integration-addon","status":"publish","type":"product","link":"https:\/\/wpclub.pro\/en\/item\/peepso-mycred-integration-addon\/","title":{"rendered":"PeepSo myCRED Integration Addon 8.0.0.0"},"content":{"rendered":"<div data-elementor-type=\"product-post\" data-elementor-id=\"26785\" class=\"elementor elementor-26785\" data-elementor-post-type=\"product\">\n\t\t\t\t<div class=\"wd-negative-gap elementor-element elementor-element-6b3787b3 e-flex e-con-boxed e-con e-parent\" data-id=\"6b3787b3\" data-element_type=\"container\" data-e-type=\"container\">\n\t\t\t\t\t<div class=\"e-con-inner\">\n\t\t\t\t<div class=\"elementor-element elementor-element-3efed1cf color-scheme-inherit text-left elementor-widget elementor-widget-text-editor\" data-id=\"3efed1cf\" data-element_type=\"widget\" data-e-type=\"widget\" data-widget_type=\"text-editor.default\">\n\t\t\t\t<div class=\"elementor-widget-container\">\n\t\t\t\t\t\t\t\t\t<p><strong>Important<\/strong>This product is quite complex to activate, so the process may take some time. If you are unwilling or unable to wait when necessary, please do not purchase this product.<\/p><h2>PeepSo myCRED Integration Addon<\/h2><p>Los usuarios pueden ganar puntos por participar en la comunidad. El complemento myCRED otorga a los usuarios puntos por ciertas acciones realizadas en su sitio web.<\/p><p>Para ampliar esta posibilidad, PeepSo myCRED Integration Addon agrega un mont\u00f3n de nuevos ganchos para acciones relacionadas con PeepSo. Tus usuarios pueden ganar o perder puntos por cualquiera de estas acciones. Sus puntos se pueden mostrar en sus perfiles, debajo de la imagen de portada.<\/p><h3>Entonces, \u00bfqu\u00e9 hacen estos puntos?<\/h3><p>En realidad, eso depende totalmente de usted. El complemento myCRED, que se requiere para que funcione PeepSo myCRED Integration Addon, tiene una variedad de complementos que permiten a los usuarios comprar puntos y gastarlos en contenido y otras compras. Agrega una caracter\u00edstica nueva y emocionante para que sus usuarios los mantengan comprometidos y motivados.<\/p><h3>Caracter\u00edsticas de PeepSo myCRED Integration Addon<\/h3><ul><li>Actualizaciones de estado: Los usuarios pueden ganar o quitar puntos por las siguientes acciones: Nueva publicaci\u00f3n de PeepSo, Eliminaci\u00f3n de publicaci\u00f3n de PeepSo.<\/li><li>Comentarios: Los usuarios pueden ganar o quitar puntos por las siguientes acciones: Nuevo comentario de PeepSo, Eliminaci\u00f3n de comentarios.<\/li><li>Charlar: Los usuarios pueden ganar o quitar puntos por las siguientes acciones: Nuevo mensaje de PeepSo, Eliminaci\u00f3n de mensajes de PeepSo.<\/li><li>Amigos: Los usuarios pueden ganar o quitar puntos por las siguientes acciones: agregar un nuevo amigo de PeepSo, eliminar un amigo de PeepSo.<\/li><li>Fotos: Los usuarios pueden ganar o quitar puntos por las siguientes acciones: agregar una nueva foto de PeepSo Stream, eliminar la foto de PeepSo Stream.<\/li><li>Imagen de portada del usuario: Los usuarios pueden ganar o quitar puntos por las siguientes acciones: agregar una nueva portada de perfil de PeepSo, eliminar la portada de perfil de PeepSo.<\/li><li>Avatar de usuario: Los usuarios pueden ganar o quitar puntos por las siguientes acciones: agregar un nuevo avatar de perfil de PeepSo, eliminar el avatar de perfil de PeepSo.<\/li><li>and more!<\/li><\/ul><p>Adquiera hoy PeepSo myCRED Integration Addon.<\/p>\t\t\t\t\t\t\t\t<\/div>\n\t\t\t\t<\/div>\n\t\t\t\t\t<\/div>\n\t\t\t\t<\/div>\n\t\t\t\t<\/div>","protected":false},"excerpt":{"rendered":"<p>Importante: Este es un producto bastante complejo de activar, por lo que podemos demorarnos en dicho proceso. Si no est\u00e1s<\/p>","protected":false},"featured_media":88390,"comment_status":"closed","ping_status":"closed","template":"","meta":{"_acf_changed":false},"product_brand":[],"product_cat":[67],"product_tag":[151],"class_list":{"0":"post-26785","1":"product","2":"type-product","3":"status-publish","4":"has-post-thumbnail","6":"product_cat-wordpress-plugins","7":"product_tag-plugins-para-comunidades-y-redes-sociales","8":"pa_autores-peepso","10":"first","11":"instock","12":"sale","13":"downloadable","14":"virtual","15":"sold-individually","16":"purchasable","17":"product-type-simple"},"acf":[],"_links":{"self":[{"href":"https:\/\/wpclub.pro\/en\/wp-json\/wp\/v2\/product\/26785","targetHints":{"allow":["GET"]}}],"collection":[{"href":"https:\/\/wpclub.pro\/en\/wp-json\/wp\/v2\/product"}],"about":[{"href":"https:\/\/wpclub.pro\/en\/wp-json\/wp\/v2\/types\/product"}],"replies":[{"embeddable":true,"href":"https:\/\/wpclub.pro\/en\/wp-json\/wp\/v2\/comments?post=26785"}],"version-history":[{"count":0,"href":"https:\/\/wpclub.pro\/en\/wp-json\/wp\/v2\/product\/26785\/revisions"}],"wp:featuredmedia":[{"embeddable":true,"href":"https:\/\/wpclub.pro\/en\/wp-json\/wp\/v2\/media\/88390"}],"wp:attachment":[{"href":"https:\/\/wpclub.pro\/en\/wp-json\/wp\/v2\/media?parent=26785"}],"wp:term":[{"taxonomy":"product_brand","embeddable":true,"href":"https:\/\/wpclub.pro\/en\/wp-json\/wp\/v2\/product_brand?post=26785"},{"taxonomy":"product_cat","embeddable":true,"href":"https:\/\/wpclub.pro\/en\/wp-json\/wp\/v2\/product_cat?post=26785"},{"taxonomy":"product_tag","embeddable":true,"href":"https:\/\/wpclub.pro\/en\/wp-json\/wp\/v2\/product_tag?post=26785"}],"curies":[{"name":"wp","href":"https:\/\/api.w.org\/{rel}","templated":true}]}}