{"id":26799,"date":"2025-12-17T14:54:50","date_gmt":"2025-12-17T17:54:50","guid":{"rendered":"https:\/\/wpclub.pro\/?post_type=product&#038;p=26799"},"modified":"2025-12-17T14:55:17","modified_gmt":"2025-12-17T17:55:17","slug":"peepso-wpadverts-integration-addon","status":"publish","type":"product","link":"https:\/\/wpclub.pro\/en\/item\/peepso-wpadverts-integration-addon\/","title":{"rendered":"PeepSo WPAdverts Integration Addon 8.0.0.0"},"content":{"rendered":"<div data-elementor-type=\"product-post\" data-elementor-id=\"26799\" class=\"elementor elementor-26799\" data-elementor-post-type=\"product\">\n\t\t\t\t<div class=\"wd-negative-gap elementor-element elementor-element-6596cd91 e-flex e-con-boxed e-con e-parent\" data-id=\"6596cd91\" data-element_type=\"container\" data-e-type=\"container\">\n\t\t\t\t\t<div class=\"e-con-inner\">\n\t\t\t\t<div class=\"elementor-element elementor-element-7b1d4a35 color-scheme-inherit text-left elementor-widget elementor-widget-text-editor\" data-id=\"7b1d4a35\" data-element_type=\"widget\" data-e-type=\"widget\" data-widget_type=\"text-editor.default\">\n\t\t\t\t<div class=\"elementor-widget-container\">\n\t\t\t\t\t\t\t\t\t<p><strong>Important<\/strong>This product is quite complex to activate, so the process may take some time. If you are unwilling or unable to wait when necessary, please do not purchase this product.<\/p><h2>PeepSo WPAdverts Integration Addon<\/h2><p>WPAdverts es un complemento liviano que le permite crear un hermoso sitio de anuncios clasificados en minutos.<\/p><p>Ejecutar un sitio de anuncios clasificados por s\u00ed solo puede ser un desaf\u00edo. Sin embargo, agregar anuncios clasificados a su Comunidad existente puede ser una haza\u00f1a fant\u00e1stica, porque entonces puede tener lo mejor de ambos mundos.<\/p><h3>La base de PeepSo WPAdverts Integration Addon<\/h3><p>Todas las comunidades, y especialmente las que giran en torno a temas espec\u00edficos, tienen el potencial innato de ser monetizadas por sus administradores. Si tiene una comunidad que se mueve en torno a un determinado estilo de vida, puede darles la oportunidad de comprar\/vender sus art\u00edculos que apoyan o representan ese estilo de vida, herramientas y cualquier otra cosa que puedan necesitar o deseen adquirir.<\/p><p>Usted, como administrador de la comunidad, puede cobrar a sus miembros por proporcionar el lugar donde pueden publicar dichos anuncios de forma interactiva, para que todos se beneficien.<\/p><h3>Dise\u00f1o de PeepSo WPAdverts Integration Addon<\/h3><p>PeepSo WPAdverts Integration Addon ha sido dise\u00f1ado con un objetivo particular: la integraci\u00f3n perfecta de anuncios clasificados dentro de la comunidad PeepSo. El dise\u00f1o de los anuncios y la forma en que se muestran se combinan fabulosamente con los perfiles de los usuarios, las publicaciones de anuncios en la transmisi\u00f3n y el lugar donde desee colocarlos en su sitio web.<\/p><p>Este complemento requiere como m\u00ednimo los complementos PeepSo Core y WPAdverts para funcionar.<\/p><p>Adquiera ahora PeepSo WPAdverts Integration Addon.<\/p>\t\t\t\t\t\t\t\t<\/div>\n\t\t\t\t<\/div>\n\t\t\t\t\t<\/div>\n\t\t\t\t<\/div>\n\t\t\t\t<\/div>","protected":false},"excerpt":{"rendered":"<p>Importante: Este es un producto bastante complejo de activar, por lo que podemos demorarnos en dicho proceso. Si no est\u00e1s<\/p>","protected":false},"featured_media":88383,"comment_status":"closed","ping_status":"closed","template":"","meta":{"_acf_changed":false},"product_brand":[],"product_cat":[67],"product_tag":[151],"class_list":{"0":"post-26799","1":"product","2":"type-product","3":"status-publish","4":"has-post-thumbnail","6":"product_cat-wordpress-plugins","7":"product_tag-plugins-para-comunidades-y-redes-sociales","8":"pa_autores-peepso","10":"first","11":"instock","12":"sale","13":"downloadable","14":"virtual","15":"sold-individually","16":"purchasable","17":"product-type-simple"},"acf":[],"_links":{"self":[{"href":"https:\/\/wpclub.pro\/en\/wp-json\/wp\/v2\/product\/26799","targetHints":{"allow":["GET"]}}],"collection":[{"href":"https:\/\/wpclub.pro\/en\/wp-json\/wp\/v2\/product"}],"about":[{"href":"https:\/\/wpclub.pro\/en\/wp-json\/wp\/v2\/types\/product"}],"replies":[{"embeddable":true,"href":"https:\/\/wpclub.pro\/en\/wp-json\/wp\/v2\/comments?post=26799"}],"version-history":[{"count":0,"href":"https:\/\/wpclub.pro\/en\/wp-json\/wp\/v2\/product\/26799\/revisions"}],"wp:featuredmedia":[{"embeddable":true,"href":"https:\/\/wpclub.pro\/en\/wp-json\/wp\/v2\/media\/88383"}],"wp:attachment":[{"href":"https:\/\/wpclub.pro\/en\/wp-json\/wp\/v2\/media?parent=26799"}],"wp:term":[{"taxonomy":"product_brand","embeddable":true,"href":"https:\/\/wpclub.pro\/en\/wp-json\/wp\/v2\/product_brand?post=26799"},{"taxonomy":"product_cat","embeddable":true,"href":"https:\/\/wpclub.pro\/en\/wp-json\/wp\/v2\/product_cat?post=26799"},{"taxonomy":"product_tag","embeddable":true,"href":"https:\/\/wpclub.pro\/en\/wp-json\/wp\/v2\/product_tag?post=26799"}],"curies":[{"name":"wp","href":"https:\/\/api.w.org\/{rel}","templated":true}]}}