{"id":26910,"date":"2025-04-28T11:59:24","date_gmt":"2025-04-28T15:59:24","guid":{"rendered":"https:\/\/wpclub.pro\/?post_type=product&#038;p=26910"},"modified":"2025-08-22T19:34:04","modified_gmt":"2025-08-22T23:34:04","slug":"user-registration-multi-step-forms-addon","status":"publish","type":"product","link":"https:\/\/wpclub.pro\/en\/item\/user-registration-multi-step-forms-addon\/","title":{"rendered":"User Registration Multi-Step Forms Addon 1.3.1"},"content":{"rendered":"<div data-elementor-type=\"product-post\" data-elementor-id=\"26910\" class=\"elementor elementor-26910\" data-elementor-post-type=\"product\">\n\t\t\t\t<div class=\"wd-negative-gap elementor-element elementor-element-6b35dbc2 e-flex e-con-boxed e-con e-parent\" data-id=\"6b35dbc2\" data-element_type=\"container\" data-e-type=\"container\">\n\t\t\t\t\t<div class=\"e-con-inner\">\n\t\t\t\t<div class=\"elementor-element elementor-element-14b26e49 color-scheme-inherit text-left elementor-widget elementor-widget-text-editor\" data-id=\"14b26e49\" data-element_type=\"widget\" data-e-type=\"widget\" data-widget_type=\"text-editor.default\">\n\t\t\t\t<div class=\"elementor-widget-container\">\n\t\t\t\t\t\t\t\t\t<h2>User Registration Multi-Step Forms Addon<\/h2><p>Los formularios extensos consumen mucho tiempo y son aburridos. Las personas que completan formularios se distraen f\u00e1cilmente y abandonan la mitad de este tipo de formularios. Y, los formularios de registro de usuario pueden ser bastante largos al tener que solicitar detalles de la informaci\u00f3n del usuario.<\/p><h3>User Registration Multi Part Addon est\u00e1 Aqu\u00ed<\/h3><p>Pero, no hay necesidad de preocuparse! User Registration Multi-Step Forms Addon le permite dividir sus formularios de registro en varias partes de acuerdo con sus requisitos sin problemas.<\/p><h3>Interfaz f\u00e1cil de arrastrar y soltar<\/h3><p>Puede agregar tantas partes como desee a sus formularios de varias partes. Y administre f\u00e1cilmente el orden de las partes m\u00faltiples usando la funci\u00f3n de arrastrar y soltar. Por lo tanto, puede colocar las partes m\u00faltiples como desee mientras crea.<\/p><h3>Agregar t\u00edtulo de secci\u00f3n para cada paso del formulario<\/h3><p>A medida que avanza en la creaci\u00f3n de varios pasos para su formulario, puede resultar confuso para los que completan el formulario y para usted tambi\u00e9n. Pero puede resolver este problema agregando el t\u00edtulo deseado para cada paso. User Registration Multi-Step Forms Addon es perfecto.<\/p><h3>Botones personalizables Siguiente y Anterior<\/h3><p>User Registration Multi-Step Forms Addon ofrece los botones Siguiente y Anterior en el formulario paso a paso para ayudar a los usuarios a navegar. Adem\u00e1s, puede cambiar f\u00e1cilmente el texto y la alineaci\u00f3n del bot\u00f3n desde la configuraci\u00f3n.<\/p><h3>M\u00faltiples dise\u00f1os para indicador de progreso<\/h3><p>User Registration Multi-Step Forms Addon ofrece varios tipos de indicadores de progreso, como la barra de progreso, la barra circular y los pasos de flecha. Por lo tanto, puede elegir el que se adapte a su estilo desde la configuraci\u00f3n del formulario sin esfuerzo. Adem\u00e1s, puede elegir el color del tema para la barra de progreso a su gusto.<\/p><p>and more!<\/p><p>Adquiera ahora User Registration Multi-Step Forms Addon.<\/p>\t\t\t\t\t\t\t\t<\/div>\n\t\t\t\t<\/div>\n\t\t\t\t\t<\/div>\n\t\t\t\t<\/div>\n\t\t\t\t<\/div>","protected":false},"excerpt":{"rendered":"<p>User Registration Multi-Step Forms Addon Los formularios extensos consumen mucho tiempo y son aburridos. Las personas que completan formularios se<\/p>","protected":false},"featured_media":75730,"comment_status":"closed","ping_status":"closed","template":"","meta":{"_acf_changed":false},"product_brand":[],"product_cat":[67],"product_tag":[140],"class_list":{"0":"post-26910","1":"product","2":"type-product","3":"status-publish","4":"has-post-thumbnail","6":"product_cat-wordpress-plugins","7":"product_tag-plugins-para-perfiles-de-usuarios-y-accesos","8":"pa_autores-wpeverest","10":"first","11":"instock","12":"sale","13":"downloadable","14":"virtual","15":"sold-individually","16":"purchasable","17":"product-type-simple"},"acf":[],"_links":{"self":[{"href":"https:\/\/wpclub.pro\/en\/wp-json\/wp\/v2\/product\/26910","targetHints":{"allow":["GET"]}}],"collection":[{"href":"https:\/\/wpclub.pro\/en\/wp-json\/wp\/v2\/product"}],"about":[{"href":"https:\/\/wpclub.pro\/en\/wp-json\/wp\/v2\/types\/product"}],"replies":[{"embeddable":true,"href":"https:\/\/wpclub.pro\/en\/wp-json\/wp\/v2\/comments?post=26910"}],"version-history":[{"count":0,"href":"https:\/\/wpclub.pro\/en\/wp-json\/wp\/v2\/product\/26910\/revisions"}],"wp:featuredmedia":[{"embeddable":true,"href":"https:\/\/wpclub.pro\/en\/wp-json\/wp\/v2\/media\/75730"}],"wp:attachment":[{"href":"https:\/\/wpclub.pro\/en\/wp-json\/wp\/v2\/media?parent=26910"}],"wp:term":[{"taxonomy":"product_brand","embeddable":true,"href":"https:\/\/wpclub.pro\/en\/wp-json\/wp\/v2\/product_brand?post=26910"},{"taxonomy":"product_cat","embeddable":true,"href":"https:\/\/wpclub.pro\/en\/wp-json\/wp\/v2\/product_cat?post=26910"},{"taxonomy":"product_tag","embeddable":true,"href":"https:\/\/wpclub.pro\/en\/wp-json\/wp\/v2\/product_tag?post=26910"}],"curies":[{"name":"wp","href":"https:\/\/api.w.org\/{rel}","templated":true}]}}