{"id":26920,"date":"2025-03-05T13:41:36","date_gmt":"2025-03-05T16:41:36","guid":{"rendered":"https:\/\/wpclub.pro\/?post_type=product&#038;p=26920"},"modified":"2025-03-05T13:43:36","modified_gmt":"2025-03-05T16:43:36","slug":"user-registration-mailchimp-addon","status":"publish","type":"product","link":"https:\/\/wpclub.pro\/en\/item\/user-registration-mailchimp-addon\/","title":{"rendered":"User Registration MailChimp Addon 2.0.7"},"content":{"rendered":"<div data-elementor-type=\"product-post\" data-elementor-id=\"26920\" class=\"elementor elementor-26920\" data-elementor-post-type=\"product\">\n\t\t\t\t<div class=\"wd-negative-gap elementor-element elementor-element-22ba6dfc e-flex e-con-boxed e-con e-parent\" data-id=\"22ba6dfc\" data-element_type=\"container\" data-e-type=\"container\">\n\t\t\t\t\t<div class=\"e-con-inner\">\n\t\t\t\t<div class=\"elementor-element elementor-element-5a2995d7 color-scheme-inherit text-left elementor-widget elementor-widget-text-editor\" data-id=\"5a2995d7\" data-element_type=\"widget\" data-e-type=\"widget\" data-widget_type=\"text-editor.default\">\n\t\t\t\t<div class=\"elementor-widget-container\">\n\t\t\t\t\t\t\t\t\t<h2>User Registration MailChimp Addon<\/h2><p>\u00bfEst\u00e1 buscando una manera m\u00e1s f\u00e1cil de agregar suscriptores a su cuenta de MailChimp? Entonces, puede usar este complemento para integrar su cuenta de MailChimp con el complemento de registro de usuario.<\/p><p>Con User Registration MailChimp Addon, puede agregar f\u00e1cilmente suscriptores a su cuenta de MailChimp a medida que se registran en su sitio. Adem\u00e1s, hay m\u00e1s opciones que ofrece el complemento que no te puedes perder.<\/p><h3>Agregar usuarios a la lista de MailChimp autom\u00e1ticamente<\/h3><p>Despu\u00e9s de integrar su cuenta de MailChimp con User Registration MailChimp Addon, puede agregar los usuarios a su lista de MailChimp directamente despu\u00e9s de que se registren en su sitio. Entonces, puede crear un formulario de registro de MailChimp para agregar suscriptores autom\u00e1ticamente.<\/p><h3>Ofrezca a los usuarios la opci\u00f3n de participar en la lista de MailChimp<\/h3><p>Adem\u00e1s, puede dar a sus usuarios la libertad de elegir si se suscriben o no a su lista de MailChimp con este complemento. Hay una configuraci\u00f3n que le permite agregar la funci\u00f3n Opt-in en su formulario.<\/p><h3>Admite la funci\u00f3n \u00abdoble suscripci\u00f3n\u00bb de Mailchimp<\/h3><p>User Registration MailChimp Addon le permite habilitar la funci\u00f3n de suscripci\u00f3n doble de MailChimp. Despu\u00e9s de habilitarlo, se env\u00eda un mensaje de verificaci\u00f3n a los usuarios antes de que se suscriban.<\/p><h3>Sincronice los detalles de la cuenta del usuario con la lista de MailChimp<\/h3><p>A medida que agrega usuarios a su cuenta de MailChimp, tambi\u00e9n puede asignar los campos del formulario de registro de usuario con los campos de MailChimp. Esta caracter\u00edstica es un salvavidas porque la informaci\u00f3n de registro del usuario se sincroniza sin esfuerzo con la lista de MailChimp.<\/p><h3>Opci\u00f3n para agregar varias listas de MailChimp para que los usuarios puedan elegir una lista<\/h3><p>Incluso puede integrar varias listas de Mailchimp con la ayuda de User Registration MailChimp Addon. Esto permite al usuario elegir a qu\u00e9 lista de MailChimp desea suscribirse.<\/p><p>Adquiera ahora User Registration MailChimp Addon.<\/p>\t\t\t\t\t\t\t\t<\/div>\n\t\t\t\t<\/div>\n\t\t\t\t\t<\/div>\n\t\t\t\t<\/div>\n\t\t\t\t<\/div>","protected":false},"excerpt":{"rendered":"<p>User Registration MailChimp Addon \u00bfEst\u00e1 buscando una manera m\u00e1s f\u00e1cil de agregar suscriptores a su cuenta de MailChimp? Entonces, puede<\/p>","protected":false},"featured_media":70410,"comment_status":"closed","ping_status":"closed","template":"","meta":{"_acf_changed":false},"product_brand":[],"product_cat":[67],"product_tag":[418,140],"class_list":{"0":"post-26920","1":"product","2":"type-product","3":"status-publish","4":"has-post-thumbnail","6":"product_cat-wordpress-plugins","7":"product_tag-plugins-para-marketing-digital","8":"product_tag-plugins-para-perfiles-de-usuarios-y-accesos","9":"pa_autores-wpeverest","11":"first","12":"instock","13":"sale","14":"downloadable","15":"virtual","16":"sold-individually","17":"purchasable","18":"product-type-simple"},"acf":[],"_links":{"self":[{"href":"https:\/\/wpclub.pro\/en\/wp-json\/wp\/v2\/product\/26920","targetHints":{"allow":["GET"]}}],"collection":[{"href":"https:\/\/wpclub.pro\/en\/wp-json\/wp\/v2\/product"}],"about":[{"href":"https:\/\/wpclub.pro\/en\/wp-json\/wp\/v2\/types\/product"}],"replies":[{"embeddable":true,"href":"https:\/\/wpclub.pro\/en\/wp-json\/wp\/v2\/comments?post=26920"}],"version-history":[{"count":0,"href":"https:\/\/wpclub.pro\/en\/wp-json\/wp\/v2\/product\/26920\/revisions"}],"wp:featuredmedia":[{"embeddable":true,"href":"https:\/\/wpclub.pro\/en\/wp-json\/wp\/v2\/media\/70410"}],"wp:attachment":[{"href":"https:\/\/wpclub.pro\/en\/wp-json\/wp\/v2\/media?parent=26920"}],"wp:term":[{"taxonomy":"product_brand","embeddable":true,"href":"https:\/\/wpclub.pro\/en\/wp-json\/wp\/v2\/product_brand?post=26920"},{"taxonomy":"product_cat","embeddable":true,"href":"https:\/\/wpclub.pro\/en\/wp-json\/wp\/v2\/product_cat?post=26920"},{"taxonomy":"product_tag","embeddable":true,"href":"https:\/\/wpclub.pro\/en\/wp-json\/wp\/v2\/product_tag?post=26920"}],"curies":[{"name":"wp","href":"https:\/\/api.w.org\/{rel}","templated":true}]}}