{"id":26934,"date":"2025-04-08T08:34:11","date_gmt":"2025-04-08T12:34:11","guid":{"rendered":"https:\/\/wpclub.pro\/?post_type=product&#038;p=26934"},"modified":"2025-04-08T08:35:56","modified_gmt":"2025-04-08T12:35:56","slug":"user-registration-profile-connect-addon","status":"publish","type":"product","link":"https:\/\/wpclub.pro\/en\/item\/user-registration-profile-connect-addon\/","title":{"rendered":"User Registration Profile Connect Addon 1.1.2"},"content":{"rendered":"<div data-elementor-type=\"product-post\" data-elementor-id=\"26934\" class=\"elementor elementor-26934\" data-elementor-post-type=\"product\">\n\t\t\t\t<div class=\"wd-negative-gap elementor-element elementor-element-530468f9 e-flex e-con-boxed e-con e-parent\" data-id=\"530468f9\" data-element_type=\"container\" data-e-type=\"container\">\n\t\t\t\t\t<div class=\"e-con-inner\">\n\t\t\t\t<div class=\"elementor-element elementor-element-13b75d8f color-scheme-inherit text-left elementor-widget elementor-widget-text-editor\" data-id=\"13b75d8f\" data-element_type=\"widget\" data-e-type=\"widget\" data-widget_type=\"text-editor.default\">\n\t\t\t\t<div class=\"elementor-widget-container\">\n\t\t\t\t\t\t\t\t\t<h2>User Registration Profile Connect Addon<\/h2><p>User Registration Profile Connect Addon permite al administrador conectar a los usuarios registrados a trav\u00e9s de otros formularios al formulario seleccionado de Registro de usuario. Esto es especialmente \u00fatil si tiene usuarios antiguos que se registraron en su sitio a trav\u00e9s de otros complementos o se registraron mediante formularios de registro predeterminados de WordPress.<\/p><p>User Registration Profile Connect Addon permite que los usuarios se conecten con acciones individuales y masivas al formulario de registro de usuario deseado.<\/p><h3>Conectar usuarios previamente registrados a los formularios de Registro de Usuarios<\/h3><p>En su sitio, puede haber usuarios que ya est\u00e9n registrados en su sitio a trav\u00e9s del formulario de registro predeterminado de WordPress o cualquier otro complemento de registro.<\/p><p>Estos usuarios registrados pueden conectarse al formulario de registro creado a partir del complemento de registro de usuario sin esfuerzo con la ayuda de User Registration Profile Connect Addon.<\/p><h3>Conectar varios usuarios al formulario seleccionado<\/h3><p>User Registration Profile Connect le permite conectar varios usuarios al formulario de registro deseado al mismo tiempo. Esto significa que puede seleccionar los usuarios registrados previamente a la vez y conectarlos a un formulario de registro.<\/p><p>Obtenga ahora User Registration Profile Connect Addon.<\/p>\t\t\t\t\t\t\t\t<\/div>\n\t\t\t\t<\/div>\n\t\t\t\t\t<\/div>\n\t\t\t\t<\/div>\n\t\t\t\t<\/div>","protected":false},"excerpt":{"rendered":"<p>User Registration Profile Connect Addon User Registration Profile Connect Addon permite al administrador conectar a los usuarios registrados a trav\u00e9s<\/p>","protected":false},"featured_media":70389,"comment_status":"closed","ping_status":"closed","template":"","meta":{"_acf_changed":false},"product_brand":[],"product_cat":[67],"product_tag":[140],"class_list":{"0":"post-26934","1":"product","2":"type-product","3":"status-publish","4":"has-post-thumbnail","6":"product_cat-wordpress-plugins","7":"product_tag-plugins-para-perfiles-de-usuarios-y-accesos","8":"pa_autores-wpeverest","10":"first","11":"instock","12":"sale","13":"downloadable","14":"virtual","15":"sold-individually","16":"purchasable","17":"product-type-simple"},"acf":[],"_links":{"self":[{"href":"https:\/\/wpclub.pro\/en\/wp-json\/wp\/v2\/product\/26934","targetHints":{"allow":["GET"]}}],"collection":[{"href":"https:\/\/wpclub.pro\/en\/wp-json\/wp\/v2\/product"}],"about":[{"href":"https:\/\/wpclub.pro\/en\/wp-json\/wp\/v2\/types\/product"}],"replies":[{"embeddable":true,"href":"https:\/\/wpclub.pro\/en\/wp-json\/wp\/v2\/comments?post=26934"}],"version-history":[{"count":0,"href":"https:\/\/wpclub.pro\/en\/wp-json\/wp\/v2\/product\/26934\/revisions"}],"wp:featuredmedia":[{"embeddable":true,"href":"https:\/\/wpclub.pro\/en\/wp-json\/wp\/v2\/media\/70389"}],"wp:attachment":[{"href":"https:\/\/wpclub.pro\/en\/wp-json\/wp\/v2\/media?parent=26934"}],"wp:term":[{"taxonomy":"product_brand","embeddable":true,"href":"https:\/\/wpclub.pro\/en\/wp-json\/wp\/v2\/product_brand?post=26934"},{"taxonomy":"product_cat","embeddable":true,"href":"https:\/\/wpclub.pro\/en\/wp-json\/wp\/v2\/product_cat?post=26934"},{"taxonomy":"product_tag","embeddable":true,"href":"https:\/\/wpclub.pro\/en\/wp-json\/wp\/v2\/product_tag?post=26934"}],"curies":[{"name":"wp","href":"https:\/\/api.w.org\/{rel}","templated":true}]}}