{"id":26936,"date":"2025-04-28T10:31:36","date_gmt":"2025-04-28T14:31:36","guid":{"rendered":"https:\/\/wpclub.pro\/?post_type=product&#038;p=26936"},"modified":"2025-04-28T10:36:53","modified_gmt":"2025-04-28T14:36:53","slug":"user-registration-stripe-addon","status":"publish","type":"product","link":"https:\/\/wpclub.pro\/en\/item\/user-registration-stripe-addon\/","title":{"rendered":"User Registration Stripe Addon 1.3.9"},"content":{"rendered":"<div data-elementor-type=\"product-post\" data-elementor-id=\"26936\" class=\"elementor elementor-26936\" data-elementor-post-type=\"product\">\n\t\t\t\t<div class=\"wd-negative-gap elementor-element elementor-element-440f0e39 e-flex e-con-boxed e-con e-parent\" data-id=\"440f0e39\" data-element_type=\"container\" data-e-type=\"container\">\n\t\t\t\t\t<div class=\"e-con-inner\">\n\t\t\t\t<div class=\"elementor-element elementor-element-342b42ef color-scheme-inherit text-left elementor-widget elementor-widget-text-editor\" data-id=\"342b42ef\" data-element_type=\"widget\" data-e-type=\"widget\" data-widget_type=\"text-editor.default\">\n\t\t\t\t<div class=\"elementor-widget-container\">\n\t\t\t\t\t\t\t\t\t<h2 data-start=\"0\" data-end=\"98\"><strong data-start=\"4\" data-end=\"96\">User Registration Stripe Addon<\/strong><\/h2><h3 data-start=\"0\" data-end=\"98\"><strong data-start=\"4\" data-end=\"96\"> Pagos Seguros y Automatizados en Formularios de Registro<\/strong><\/h3><p data-start=\"100\" data-end=\"393\">Facilitar pagos en l\u00ednea de manera segura es fundamental para sitios que ofrecen membres\u00edas, cursos o servicios premium. User Registration Stripe Addon permite integrar pasarela de pago Stripe con formularios de registro en WordPress, automatizando cobros y mejorando experiencia de usuario.<\/p><h3 data-start=\"395\" data-end=\"444\"><strong data-start=\"399\" data-end=\"442\">\u00bfQu\u00e9 es User Registration Stripe Addon?<\/strong><\/h3><p data-start=\"446\" data-end=\"728\">Es una extensi\u00f3n que permite recibir pagos a trav\u00e9s de Stripe directamente desde formularios creados con User Registration. Con esta integraci\u00f3n, administradores pueden configurar opciones de pago recurrentes o \u00fanicos, ofreciendo un proceso de registro m\u00e1s din\u00e1mico y profesional.<\/p><p data-start=\"730\" data-end=\"885\">Este addon es ideal para academias en l\u00ednea, plataformas de membres\u00eda, tiendas digitales y cualquier sitio que requiera pagos en el momento del registro.<\/p><h3 data-start=\"887\" data-end=\"950\"><strong data-start=\"891\" data-end=\"948\">Beneficios de utilizar User Registration Stripe Addon<\/strong><\/h3><ul data-start=\"952\" data-end=\"1359\"><li data-start=\"952\" data-end=\"1051\"><strong data-start=\"954\" data-end=\"990\">Automatizaci\u00f3n de pagos en l\u00ednea<\/strong>: Permite cobrar tarifas de registro sin procesos manuales.<\/li><li data-start=\"1052\" data-end=\"1160\"><strong data-start=\"1054\" data-end=\"1089\">Mayor seguridad y confiabilidad<\/strong>: Stripe ofrece una de las pasarelas de pago m\u00e1s seguras del mercado.<\/li><li data-start=\"1161\" data-end=\"1254\"><strong data-start=\"1163\" data-end=\"1200\">Optimized user experience<\/strong>: Pagos r\u00e1pidos sin redirecciones a sitios externos.<\/li><li data-start=\"1255\" data-end=\"1359\"><strong data-start=\"1257\" data-end=\"1292\">Flexibilidad en m\u00e9todos de pago<\/strong>: Compatible con tarjetas de cr\u00e9dito, d\u00e9bito y pagos recurrentes.<\/li><\/ul><h3 data-start=\"1361\" data-end=\"1397\"><strong data-start=\"1365\" data-end=\"1395\">Key features<\/strong><\/h3><ul data-start=\"1399\" data-end=\"1888\"><li data-start=\"1399\" data-end=\"1490\"><strong data-start=\"1401\" data-end=\"1433\">Integraci\u00f3n total con Stripe<\/strong>: Permite gestionar pagos directamente desde WordPress.<\/li><li data-start=\"1491\" data-end=\"1594\"><strong data-start=\"1493\" data-end=\"1532\">Opciones de pago \u00fanico o recurrente<\/strong>: Ideal para cursos, membres\u00edas o servicios por suscripci\u00f3n.<\/li><li data-start=\"1595\" data-end=\"1702\"><strong data-start=\"1597\" data-end=\"1640\">Configuraci\u00f3n de precios personalizados<\/strong>: Administra costos seg\u00fan nivel de acceso o tipo de usuario.<\/li><li data-start=\"1703\" data-end=\"1798\"><strong data-start=\"1705\" data-end=\"1740\">Compatibilidad con otros addons<\/strong>: Funciona con LearnDash, WooCommerce y perfil avanzado.<\/li><li data-start=\"1799\" data-end=\"1888\"><strong data-start=\"1801\" data-end=\"1839\">Intuitive and easy-to-use interface<\/strong>: No requiere conocimientos t\u00e9cnicos avanzados.<\/li><\/ul><h3 data-start=\"1890\" data-end=\"1910\"><strong data-start=\"1894\" data-end=\"1908\">Conclusion<\/strong><\/h3><p data-start=\"1912\" data-end=\"2186\">User Registration Stripe Addon es herramienta imprescindible para sitios que buscan monetizar registros y membres\u00edas de manera automatizada y segura. Con su integraci\u00f3n fluida con Stripe, garantiza pagos eficientes y mejora conversi\u00f3n de usuarios en plataformas digitales.<\/p>\t\t\t\t\t\t\t\t<\/div>\n\t\t\t\t<\/div>\n\t\t\t\t\t<\/div>\n\t\t\t\t<\/div>\n\t\t\t\t<\/div>","protected":false},"excerpt":{"rendered":"<p>User Registration Stripe Addon Pagos Seguros y Automatizados en Formularios de Registro Facilitar pagos en l\u00ednea de manera segura es<\/p>","protected":false},"featured_media":75704,"comment_status":"closed","ping_status":"closed","template":"","meta":{"_acf_changed":false},"product_brand":[],"product_cat":[67],"product_tag":[451,140],"class_list":{"0":"post-26936","1":"product","2":"type-product","3":"status-publish","4":"has-post-thumbnail","6":"product_cat-wordpress-plugins","7":"product_tag-plugins-para-pagos-y-checkout","8":"product_tag-plugins-para-perfiles-de-usuarios-y-accesos","9":"pa_autores-wpeverest","11":"first","12":"instock","13":"sale","14":"downloadable","15":"virtual","16":"sold-individually","17":"purchasable","18":"product-type-simple"},"acf":[],"_links":{"self":[{"href":"https:\/\/wpclub.pro\/en\/wp-json\/wp\/v2\/product\/26936","targetHints":{"allow":["GET"]}}],"collection":[{"href":"https:\/\/wpclub.pro\/en\/wp-json\/wp\/v2\/product"}],"about":[{"href":"https:\/\/wpclub.pro\/en\/wp-json\/wp\/v2\/types\/product"}],"replies":[{"embeddable":true,"href":"https:\/\/wpclub.pro\/en\/wp-json\/wp\/v2\/comments?post=26936"}],"version-history":[{"count":0,"href":"https:\/\/wpclub.pro\/en\/wp-json\/wp\/v2\/product\/26936\/revisions"}],"wp:featuredmedia":[{"embeddable":true,"href":"https:\/\/wpclub.pro\/en\/wp-json\/wp\/v2\/media\/75704"}],"wp:attachment":[{"href":"https:\/\/wpclub.pro\/en\/wp-json\/wp\/v2\/media?parent=26936"}],"wp:term":[{"taxonomy":"product_brand","embeddable":true,"href":"https:\/\/wpclub.pro\/en\/wp-json\/wp\/v2\/product_brand?post=26936"},{"taxonomy":"product_cat","embeddable":true,"href":"https:\/\/wpclub.pro\/en\/wp-json\/wp\/v2\/product_cat?post=26936"},{"taxonomy":"product_tag","embeddable":true,"href":"https:\/\/wpclub.pro\/en\/wp-json\/wp\/v2\/product_tag?post=26936"}],"curies":[{"name":"wp","href":"https:\/\/api.w.org\/{rel}","templated":true}]}}