{"id":27109,"date":"2026-03-12T14:16:05","date_gmt":"2026-03-12T17:16:05","guid":{"rendered":"https:\/\/wpclub.pro\/?post_type=product&#038;p=27109"},"modified":"2026-03-12T14:20:33","modified_gmt":"2026-03-12T17:20:33","slug":"buddypress-user-profile-tabs-creator-pro","status":"publish","type":"product","link":"https:\/\/wpclub.pro\/en\/item\/buddypress-user-profile-tabs-creator-pro\/","title":{"rendered":"BuddyPress User Profile Tabs Creator Pro 1.4.6"},"content":{"rendered":"<div data-elementor-type=\"product-post\" data-elementor-id=\"27109\" class=\"elementor elementor-27109\" data-elementor-post-type=\"product\">\n\t\t\t\t<div class=\"wd-negative-gap elementor-element elementor-element-7a27179a e-flex e-con-boxed e-con e-parent\" data-id=\"7a27179a\" data-element_type=\"container\" data-e-type=\"container\">\n\t\t\t\t\t<div class=\"e-con-inner\">\n\t\t\t\t<div class=\"elementor-element elementor-element-4172f51a color-scheme-inherit text-left elementor-widget elementor-widget-text-editor\" data-id=\"4172f51a\" data-element_type=\"widget\" data-e-type=\"widget\" data-widget_type=\"text-editor.default\">\n\t\t\t\t<div class=\"elementor-widget-container\">\n\t\t\t\t\t\t\t\t\t<h2>BuddyPress User Profile Tabs Creator Pro<\/h2><p>Cree y administre pesta\u00f1as de perfil de usuario de BuddyPress (Componentes de BuddyPress) con facilidad. Ampl\u00ede BuddyPress, integre complementos de terceros, agregue nuevos componentes de BuddyPress, agregue una nueva pesta\u00f1a de perfil de usuario de BuddyPress sin escribir ning\u00fan c\u00f3digo.<\/p><h3>Algunas Caracter\u00edsticas de BuddyPress User Profile Tabs Creator Pro<\/h3><ul><li>Extender Buddy Press: Extiende Buddy Press como nunca antes.<\/li><li>Flexible: Agregue tantas pesta\u00f1as\/subpesta\u00f1as de perfil como desee. Modifique las pesta\u00f1as\/subnavegadores de perfil existentes.<\/li><li>Ahorre costos de desarrollo: Le ahorra muchas horas de costos de desarrollo al agregar nuevas pesta\u00f1as\/componentes de BuddyPress.<\/li><li>y mucho m\u00e1s!<\/li><\/ul><h3>Haga el control de las pesta\u00f1as de perfil de usuario de BuddyPress<\/h3><ul><li>Puede agregar un nuevo componente de BuddyPress o pesta\u00f1as de perfil.<\/li><li>Puede modificar las pesta\u00f1as de perfil existentes.<\/li><li>Pesta\u00f1as \/ subnavegaci\u00f3n de pesta\u00f1as ilimitadas.<\/li><li>Puede agregar nuevas subnavegaciones a las pesta\u00f1as existentes (pesta\u00f1as agregadas originalmente por BuddyPress o complementos de terceros).<\/li><li>Puede modificar los elementos de subnavegaci\u00f3n existentes (agregados por BuddyPress o complementos de terceros).<\/li><\/ul><h3>BuddyPress User Profile Tabs Creator Pro tiene una Interfaz simple e intuitiva para crear\/administrar pesta\u00f1as<\/h3><ul><li>Acceda desde Tablero-&gt;Usuarios-&gt;Pesta\u00f1as de perfil.<\/li><li>Opciones autoexplicativas para agregar nuevas pesta\u00f1as.<\/li><li>Documentaci\u00f3n detallada para ayudarte a lograr tu objetivo.<\/li><\/ul><p>y much\u00edsimo m\u00e1s!<\/p><p>Adquiera ahora BuddyPress User Profile Tabs Creator Pro.<\/p>\t\t\t\t\t\t\t\t<\/div>\n\t\t\t\t<\/div>\n\t\t\t\t\t<\/div>\n\t\t\t\t<\/div>\n\t\t\t\t<\/div>","protected":false},"excerpt":{"rendered":"<p>BuddyPress User Profile Tabs Creator Pro Cree y administre pesta\u00f1as de perfil de usuario de BuddyPress (Componentes de BuddyPress) con<\/p>","protected":false},"featured_media":117524,"comment_status":"closed","ping_status":"closed","template":"","meta":{"_acf_changed":false},"product_brand":[],"product_cat":[67],"product_tag":[151],"class_list":{"0":"post-27109","1":"product","2":"type-product","3":"status-publish","4":"has-post-thumbnail","6":"product_cat-wordpress-plugins","7":"product_tag-plugins-para-comunidades-y-redes-sociales","8":"pa_autores-buddydev","10":"first","11":"instock","12":"sale","13":"downloadable","14":"virtual","15":"sold-individually","16":"purchasable","17":"product-type-simple"},"acf":[],"_links":{"self":[{"href":"https:\/\/wpclub.pro\/en\/wp-json\/wp\/v2\/product\/27109","targetHints":{"allow":["GET"]}}],"collection":[{"href":"https:\/\/wpclub.pro\/en\/wp-json\/wp\/v2\/product"}],"about":[{"href":"https:\/\/wpclub.pro\/en\/wp-json\/wp\/v2\/types\/product"}],"replies":[{"embeddable":true,"href":"https:\/\/wpclub.pro\/en\/wp-json\/wp\/v2\/comments?post=27109"}],"version-history":[{"count":0,"href":"https:\/\/wpclub.pro\/en\/wp-json\/wp\/v2\/product\/27109\/revisions"}],"wp:featuredmedia":[{"embeddable":true,"href":"https:\/\/wpclub.pro\/en\/wp-json\/wp\/v2\/media\/117524"}],"wp:attachment":[{"href":"https:\/\/wpclub.pro\/en\/wp-json\/wp\/v2\/media?parent=27109"}],"wp:term":[{"taxonomy":"product_brand","embeddable":true,"href":"https:\/\/wpclub.pro\/en\/wp-json\/wp\/v2\/product_brand?post=27109"},{"taxonomy":"product_cat","embeddable":true,"href":"https:\/\/wpclub.pro\/en\/wp-json\/wp\/v2\/product_cat?post=27109"},{"taxonomy":"product_tag","embeddable":true,"href":"https:\/\/wpclub.pro\/en\/wp-json\/wp\/v2\/product_tag?post=27109"}],"curies":[{"name":"wp","href":"https:\/\/api.w.org\/{rel}","templated":true}]}}