{"id":27113,"date":"2024-02-21T14:14:45","date_gmt":"2024-02-21T17:14:45","guid":{"rendered":"https:\/\/wpclub.pro\/?post_type=product&#038;p=27113"},"modified":"2025-09-15T13:01:15","modified_gmt":"2025-09-15T16:01:15","slug":"buddypress-user-badges","status":"publish","type":"product","link":"https:\/\/wpclub.pro\/en\/item\/buddypress-user-badges\/","title":{"rendered":"BuddyPress User Badges 1.2.9"},"content":{"rendered":"<p>] css=\u00bb.vc_custom_1629733467375{margin-right: 15px !important;padding-top: 30px !important;padding-right: 30px !important;padding-bottom: 30px !important;padding-left: 30px !important;background-color: #f4f4f4 !important;border-radius: 5px !important;}\u00bb width=\u00bb1\/1&#8243; mobile_bg_img_hidden=\u00bbno\u00bb tablet_bg_img_hidden=\u00bbno\u00bb woodmart_parallax=\u00bb0&#8243; woodmart_sticky_column=\u00bbfalse\u00bb parallax_scroll=\u00bbno\u00bb mobile_reset_margin=\u00bbno\u00bb tablet_reset_margin=\u00bbno\u00bb]_text woodmart_inline=\u00bbno\u00bb text_larger=\u00bbno\u00bb]<\/p>\n<h2>BuddyPress User Badges<\/h2>\n<p>Las insignias de usuario de BuddyPress agregan la funcionalidad de insignias a las comunidades basadas en BuddyPress. Este complemento le permite crear cualquier cantidad de insignias personalizadas y asignar estas insignias a los usuarios. Las insignias se pueden asignar de forma manual o autom\u00e1tica. Estas insignias se mostrar\u00e1n en la lista de miembros de BuddyPress, as\u00ed como en la p\u00e1gina de perfil.<\/p>\n<h3>\u00bfPor qu\u00e9 Utilizar BuddyPress User Badges?<\/h3>\n<p>Las insignias pueden ser una excelente manera de mostrar agradecimiento a sus usuarios. A\u00f1ade un sentido de diferencia, un sentido de pertenencia. Puede otorgar insignias para que sus usuarios se sientan especiales. Tener la funcionalidad de la insignia agrega ese factor x a su comunidad.<\/p>\n<p>Estos son algunos ejemplos del uso de insignias: puede crear insignias para un jugador de alto rendimiento, los mejores jugadores de cr\u00edquet, futbolistas, mejor estudiante, maestro, etc. Si\u00e9ntete libre de usar tu imaginaci\u00f3n.<\/p>\n<h3>Caracter\u00edsticas de BuddyPress User Badges<\/h3>\n<ul>\n<li><strong>Insignias personalizadas<\/strong>: se pueden crear y asignar insignias personalizadas a los usuarios. Por ejemplo, puedes crear una insignia con el icono de un bate y asign\u00e1rsela a todos los amantes del b\u00e9isbol.<\/li>\n<li><strong>Insignias clasificables<\/strong>: Con BuddyPress User Badges puede ordenar arrastrando y soltando. Usted, como administrador del sitio de BuddyPress, puede controlar el orden en que se muestra una insignia en el perfil de un usuario. La posici\u00f3n se reflejar\u00e1 en la lista frontal de insignias.<\/li>\n<li><strong>Insignias m\u00faltiples<\/strong>: puede crear y asignar tantas insignias como desee.<\/li>\n<li><strong>Insignias basadas en tipos de miembros<\/strong>: &#8211; Si est\u00e1 utilizando tipos de miembros (es posible que desee explorar el incre\u00edble complemento Member Types Pro), puede agregar insignias para cada tipo de miembro. Todos los usuarios con el tipo de miembro obtendr\u00e1n las insignias correspondientes a su tipo de miembro. Las insignias de tipo de miembro se pueden habilitar\/deshabilitar por tipo de miembro.<\/li>\n<li><strong>Insignias basadas en roles<\/strong>: Con BuddyPress User Badges puede asignar insignias a los roles de WordPress. A todos los usuarios con el rol se les asignar\u00e1 la insignia. La insignia basada en roles se puede habilitar\/deshabilitar para cada rol.<\/li>\n<li><strong>Activar\/Desactivar credencial<\/strong>: puede marcar una credencial como activa o desactivarla cuando lo necesite.<\/li>\n<li><strong>Posici\u00f3n de la insignia de tipo de rol\/miembro<\/strong>: &#8211; La posici\u00f3n de las insignias de tipo de rol y miembro se puede cambiar usando la configuraci\u00f3n. El administrador del sitio puede seleccionar las opciones de insignia personalizada &#8216;antes&#8217; o &#8216;despu\u00e9s&#8217;.<\/li>\n<li><strong>Pantalla para mostrar insignias<\/strong>: &#8211; Las insignias se pueden mostrar en la pantalla seleccionada mediante el uso de la configuraci\u00f3n. Las opciones son Directorio de miembros, Lista de miembros del grupo o Perfil de usuario \u00fanico.<\/li>\n<li><strong>Posici\u00f3n de la credencial<\/strong>: &#8211; La posici\u00f3n de la credencial se puede establecer mediante la configuraci\u00f3n. Las opciones disponibles son Antes y Despu\u00e9s del nombre.<\/li>\n<\/ul>\n<p>Puede cargar un png\/jpg o SVG para usarlo como icono. Por defecto, usamos 32px pero puedes controlarlo a trav\u00e9s de CSS.<\/p>\n<p>Adquiera ahora BuddyPress User Badges.[\/vc_column_text][\/vc_column][\/vc_row] css=\u00bb.vc_custom_1629733150529{margin-top: 30px !important;}\u00bb mobile_bg_img_hidden=\u00bbno\u00bb tablet_bg_img_hidden=\u00bbno\u00bb woodmart_parallax=\u00bb0&#8243; woodmart_gradient_switch=\u00bbno\u00bb row_reverse_mobile=\u00bb0&#8243; row_reverse_tablet=\u00bb0&#8243; woodmart_disable_overflow=\u00bb0&#8243;] css=\u00bb.vc_custom_1629733167411{background-color: #f4f4f4 !important;border-radius: 5px !important;}\u00bb mobile_bg_img_hidden=\u00bbno\u00bb tablet_bg_img_hidden=\u00bbno\u00bb woodmart_parallax=\u00bb0&#8243; woodmart_sticky_column=\u00bbfalse\u00bb parallax_scroll=\u00bbno\u00bb mobile_reset_margin=\u00bbno\u00bb tablet_reset_margin=\u00bbno\u00bb]_text woodmart_inline=\u00bbno\u00bb text_larger=\u00bbno\u00bb]<\/p>\n<p style=\"text-align: center;\">Los productos publicados en el sitio son distribuimos bajo licenciamiento <a href=\"https:\/\/www.gnu.org\/licenses\/licenses.es.html\" target=\"_blank\" rel=\"noopener\" data-schema-attribute=\"\"><strong>GPL \/ GNU<\/strong><\/a>. Recuerda siempre revisar nuestros <strong><a href=\"https:\/\/wpclub.pro\/terminos-de-uso\/\" target=\"_blank\" rel=\"noopener\" data-schema-attribute=\"\">T\u00e9rminos de Uso<\/a><\/strong> y <strong><a href=\"https:\/\/wpclub.pro\/politica-de-privacidad\/\" target=\"_blank\" rel=\"noopener\" data-schema-attribute=\"\">Pol\u00edtica de Privacidad<\/a><\/strong>.<\/p>\n<p>[\/vc_column_text][\/vc_column][\/vc_row]<\/p>\n","protected":false},"excerpt":{"rendered":"<p>] css=\u00bb.vc_custom_1629733467375{margin-right: 15px !important;padding-top: 30px !important;padding-right: 30px !important;padding-bottom: 30px !important;padding-left: 30px !important;background-color: #f4f4f4 !important;border-radius: 5px !important;}\u00bb width=\u00bb1\/1&#8243; mobile_bg_img_hidden=\u00bbno\u00bb tablet_bg_img_hidden=\u00bbno\u00bb woodmart_parallax=\u00bb0&#8243;<\/p>","protected":false},"featured_media":27114,"comment_status":"closed","ping_status":"closed","template":"","meta":{"_acf_changed":false},"product_brand":[],"product_cat":[67],"product_tag":[151],"class_list":{"0":"post-27113","1":"product","2":"type-product","3":"status-publish","4":"has-post-thumbnail","6":"product_cat-wordpress-plugins","7":"product_tag-plugins-para-comunidades-y-redes-sociales","8":"pa_autores-buddydev","10":"first","11":"instock","12":"sale","13":"downloadable","14":"virtual","15":"sold-individually","16":"purchasable","17":"product-type-simple"},"acf":[],"_links":{"self":[{"href":"https:\/\/wpclub.pro\/en\/wp-json\/wp\/v2\/product\/27113","targetHints":{"allow":["GET"]}}],"collection":[{"href":"https:\/\/wpclub.pro\/en\/wp-json\/wp\/v2\/product"}],"about":[{"href":"https:\/\/wpclub.pro\/en\/wp-json\/wp\/v2\/types\/product"}],"replies":[{"embeddable":true,"href":"https:\/\/wpclub.pro\/en\/wp-json\/wp\/v2\/comments?post=27113"}],"version-history":[{"count":0,"href":"https:\/\/wpclub.pro\/en\/wp-json\/wp\/v2\/product\/27113\/revisions"}],"wp:featuredmedia":[{"embeddable":true,"href":"https:\/\/wpclub.pro\/en\/wp-json\/wp\/v2\/media\/27114"}],"wp:attachment":[{"href":"https:\/\/wpclub.pro\/en\/wp-json\/wp\/v2\/media?parent=27113"}],"wp:term":[{"taxonomy":"product_brand","embeddable":true,"href":"https:\/\/wpclub.pro\/en\/wp-json\/wp\/v2\/product_brand?post=27113"},{"taxonomy":"product_cat","embeddable":true,"href":"https:\/\/wpclub.pro\/en\/wp-json\/wp\/v2\/product_cat?post=27113"},{"taxonomy":"product_tag","embeddable":true,"href":"https:\/\/wpclub.pro\/en\/wp-json\/wp\/v2\/product_tag?post=27113"}],"curies":[{"name":"wp","href":"https:\/\/api.w.org\/{rel}","templated":true}]}}