{"id":27472,"date":"2025-03-05T15:16:16","date_gmt":"2025-03-05T18:16:16","guid":{"rendered":"https:\/\/wpclub.pro\/?post_type=product&#038;p=27472"},"modified":"2025-08-25T14:28:17","modified_gmt":"2025-08-25T18:28:17","slug":"f-omatic-automatic-post-generator","status":"publish","type":"product","link":"https:\/\/wpclub.pro\/en\/item\/f-omatic-automatic-post-generator\/","title":{"rendered":"F-omatic Automatic Post Generator 3.4.4"},"content":{"rendered":"<div data-elementor-type=\"product-post\" data-elementor-id=\"27472\" class=\"elementor elementor-27472\" data-elementor-post-type=\"product\">\n\t\t\t\t<div class=\"wd-negative-gap elementor-element elementor-element-4a130981 e-flex e-con-boxed e-con e-parent\" data-id=\"4a130981\" data-element_type=\"container\" data-e-type=\"container\">\n\t\t\t\t\t<div class=\"e-con-inner\">\n\t\t\t\t<div class=\"elementor-element elementor-element-4a484f79 color-scheme-inherit text-left elementor-widget elementor-widget-text-editor\" data-id=\"4a484f79\" data-element_type=\"widget\" data-e-type=\"widget\" data-widget_type=\"text-editor.default\">\n\t\t\t\t<div class=\"elementor-widget-container\">\n\t\t\t\t\t\t\t\t\t<h2 data-start=\"0\" data-end=\"93\"><strong data-start=\"4\" data-end=\"91\">F-omatic Automatic Post Generator<\/strong><\/h2><h3 data-start=\"0\" data-end=\"93\"><strong data-start=\"4\" data-end=\"91\"> Automatizaci\u00f3n de Contenidos en WordPress con IA<\/strong><\/h3><p data-start=\"95\" data-end=\"469\">Generar contenido de manera automatizada es clave para mantener un sitio web actualizado y optimizado sin necesidad de crear publicaciones manualmente. F-omatic Automatic Post Generator es una herramienta poderosa que permite importar, generar y publicar contenido autom\u00e1ticamente en WordPress utilizando diversas fuentes de datos y tecnolog\u00edas de inteligencia artificial.<\/p><h3 data-start=\"471\" data-end=\"523\"><strong data-start=\"475\" data-end=\"521\">\u00bfQu\u00e9 es F-omatic Automatic Post Generator?<\/strong><\/h3><p data-start=\"525\" data-end=\"902\">Es un plugin avanzado para WordPress dise\u00f1ado para crear publicaciones autom\u00e1ticas a partir de diferentes fuentes, como feeds RSS, APIs, contenido basado en IA y m\u00e1s. Su capacidad de integraci\u00f3n con m\u00faltiples plataformas lo convierte en una soluci\u00f3n eficiente para bloggers, sitios de noticias, afiliados y cualquier p\u00e1gina web que requiera generaci\u00f3n de contenido constante.<\/p><h3 data-start=\"904\" data-end=\"970\"><strong data-start=\"908\" data-end=\"968\">Beneficios de utilizar F-omatic Automatic Post Generator<\/strong><\/h3><ul data-start=\"972\" data-end=\"1477\"><li data-start=\"972\" data-end=\"1098\"><strong data-start=\"974\" data-end=\"1015\">Automatizaci\u00f3n completa del contenido<\/strong>: Permite generar art\u00edculos sin intervenci\u00f3n manual, ahorrando tiempo y esfuerzo.<\/li><li data-start=\"1099\" data-end=\"1221\"><strong data-start=\"1101\" data-end=\"1126\">Diversidad de fuentes<\/strong>: Compatible con feeds RSS, API de IA, p\u00e1ginas web externas y otras plataformas de contenido.<\/li><li data-start=\"1222\" data-end=\"1343\"><strong data-start=\"1224\" data-end=\"1244\">SEO Optimization<\/strong>: Posibilidad de configurar meta etiquetas, palabras clave y estructura amigable para buscadores.<\/li><li data-start=\"1344\" data-end=\"1477\"><strong data-start=\"1346\" data-end=\"1385\">Filtrado y personalizaci\u00f3n avanzada<\/strong>: Permite definir qu\u00e9 tipo de contenido importar y c\u00f3mo estructurarlo antes de publicarlo.<\/li><\/ul><h3 data-start=\"1479\" data-end=\"1515\"><strong data-start=\"1483\" data-end=\"1513\">Key features<\/strong><\/h3><ul data-start=\"1517\" data-end=\"2073\"><li data-start=\"1517\" data-end=\"1618\"><strong data-start=\"1519\" data-end=\"1541\">Integraci\u00f3n con IA<\/strong>: Generaci\u00f3n de contenido basado en tecnolog\u00edas de inteligencia artificial.<\/li><li data-start=\"1619\" data-end=\"1713\"><strong data-start=\"1621\" data-end=\"1672\">Extracci\u00f3n de contenido desde m\u00faltiples fuentes<\/strong>: Feeds RSS, APIs, webs externas y m\u00e1s.<\/li><li data-start=\"1714\" data-end=\"1837\"><strong data-start=\"1716\" data-end=\"1753\">Opciones de curaci\u00f3n de contenido<\/strong>: Personalizaci\u00f3n avanzada para evitar contenido duplicado y mejorar originalidad.<\/li><li data-start=\"1838\" data-end=\"1952\"><strong data-start=\"1840\" data-end=\"1874\">Compatibilidad con plugins SEO<\/strong>: Funciona con Yoast SEO y Rank Math para mejorar posicionamiento en Google.<\/li><li data-start=\"1953\" data-end=\"2073\"><strong data-start=\"1955\" data-end=\"1994\">Publicaci\u00f3n programada y autom\u00e1tica<\/strong>: Posibilidad de establecer horarios y frecuencia de generaci\u00f3n de contenido.<\/li><\/ul><h3 data-start=\"2075\" data-end=\"2095\"><strong data-start=\"2079\" data-end=\"2093\">Conclusion<\/strong><\/h3><p data-start=\"2097\" data-end=\"2426\">F-omatic Automatic Post Generator es una herramienta indispensable para quienes buscan automatizar la creaci\u00f3n de contenido en WordPress sin perder calidad ni relevancia. Su integraci\u00f3n con IA y m\u00faltiples fuentes permite mantener un sitio web actualizado de forma eficiente, optimizando tr\u00e1fico y posicionamiento en buscadores.<\/p>\t\t\t\t\t\t\t\t<\/div>\n\t\t\t\t<\/div>\n\t\t\t\t\t<\/div>\n\t\t\t\t<\/div>\n\t\t\t\t<\/div>","protected":false},"excerpt":{"rendered":"<p>F-omatic Automatic Post Generator Automatizaci\u00f3n de Contenidos en WordPress con IA Generar contenido de manera automatizada es clave para mantener<\/p>","protected":false},"featured_media":70490,"comment_status":"closed","ping_status":"closed","template":"","meta":{"_acf_changed":false},"product_brand":[],"product_cat":[67],"product_tag":[625],"class_list":{"0":"post-27472","1":"product","2":"type-product","3":"status-publish","4":"has-post-thumbnail","6":"product_cat-wordpress-plugins","7":"product_tag-plugins-para-automatizacion-e-ia","8":"pa_autores-coderevolution","10":"first","11":"instock","12":"sale","13":"downloadable","14":"virtual","15":"sold-individually","16":"purchasable","17":"product-type-simple"},"acf":[],"_links":{"self":[{"href":"https:\/\/wpclub.pro\/en\/wp-json\/wp\/v2\/product\/27472","targetHints":{"allow":["GET"]}}],"collection":[{"href":"https:\/\/wpclub.pro\/en\/wp-json\/wp\/v2\/product"}],"about":[{"href":"https:\/\/wpclub.pro\/en\/wp-json\/wp\/v2\/types\/product"}],"replies":[{"embeddable":true,"href":"https:\/\/wpclub.pro\/en\/wp-json\/wp\/v2\/comments?post=27472"}],"version-history":[{"count":0,"href":"https:\/\/wpclub.pro\/en\/wp-json\/wp\/v2\/product\/27472\/revisions"}],"wp:featuredmedia":[{"embeddable":true,"href":"https:\/\/wpclub.pro\/en\/wp-json\/wp\/v2\/media\/70490"}],"wp:attachment":[{"href":"https:\/\/wpclub.pro\/en\/wp-json\/wp\/v2\/media?parent=27472"}],"wp:term":[{"taxonomy":"product_brand","embeddable":true,"href":"https:\/\/wpclub.pro\/en\/wp-json\/wp\/v2\/product_brand?post=27472"},{"taxonomy":"product_cat","embeddable":true,"href":"https:\/\/wpclub.pro\/en\/wp-json\/wp\/v2\/product_cat?post=27472"},{"taxonomy":"product_tag","embeddable":true,"href":"https:\/\/wpclub.pro\/en\/wp-json\/wp\/v2\/product_tag?post=27472"}],"curies":[{"name":"wp","href":"https:\/\/api.w.org\/{rel}","templated":true}]}}