{"id":27641,"date":"2025-11-17T15:00:39","date_gmt":"2025-11-17T18:00:39","guid":{"rendered":"https:\/\/wpclub.pro\/?post_type=product&#038;p=27641"},"modified":"2025-11-17T15:03:38","modified_gmt":"2025-11-17T18:03:38","slug":"uncanny-learndash-enrollment-codes","status":"publish","type":"product","link":"https:\/\/wpclub.pro\/en\/item\/uncanny-learndash-enrollment-codes\/","title":{"rendered":"Uncanny Learndash Enrollment Codes 5.0.0"},"content":{"rendered":"<div data-elementor-type=\"product-post\" data-elementor-id=\"27641\" class=\"elementor elementor-27641\" data-elementor-post-type=\"product\">\n\t\t\t\t<div class=\"wd-negative-gap elementor-element elementor-element-2d899351 e-flex e-con-boxed e-con e-parent\" data-id=\"2d899351\" data-element_type=\"container\" data-e-type=\"container\">\n\t\t\t\t\t<div class=\"e-con-inner\">\n\t\t\t\t<div class=\"elementor-element elementor-element-33f1e097 color-scheme-inherit text-left elementor-widget elementor-widget-text-editor\" data-id=\"33f1e097\" data-element_type=\"widget\" data-e-type=\"widget\" data-widget_type=\"text-editor.default\">\n\t\t\t\t<div class=\"elementor-widget-container\">\n\t\t\t\t\t\t\t\t\t<div class=\"css-1ks6zk5\"><div class=\"space-y-4 prose dark:prose-invert flex-1\"><h2 class=\"chakra-text css-1ltj640\"><strong class=\"chakra-text css-0\">Uncanny LearnDash Enrollment Codes<\/strong><\/h2><p class=\"chakra-text css-1ltj640\">Uncanny LearnDash Enrollment Codes es una herramienta poderosa dise\u00f1ada para simplificar y optimizar la gesti\u00f3n de inscripciones en cursos de LearnDash. Este plugin permite a los administradores generar y distribuir c\u00f3digos de inscripci\u00f3n \u00fanicos que los estudiantes pueden usar para registrarse autom\u00e1ticamente en cursos, grupos o incluso en contenido premium. Ideal para educadores, administradores de sitios web, y due\u00f1os de tiendas en l\u00ednea, esta soluci\u00f3n facilita la gesti\u00f3n de inscripciones masivas, el seguimiento del uso de c\u00f3digos, y la automatizaci\u00f3n de procesos de registro, ahorrando tiempo y reduciendo la carga administrativa <sup class=\"chakra-text css-17ba1m\">1<\/sup>.<\/p><h3 class=\"chakra-text css-1ltj640\"><strong class=\"chakra-text css-0\">Key benefits<\/strong><\/h3><p class=\"chakra-text css-1ltj640\">Con Uncanny LearnDash Enrollment Codes, puedes incrementar la eficiencia operativa al eliminar la necesidad de inscribir manualmente a cada estudiante. Esto no solo ahorra tiempo, sino que tambi\u00e9n reduce errores humanos en el proceso de registro. Adem\u00e1s, al integrarse perfectamente con WooCommerce y m\u00e1s de 175 otros plugins y aplicaciones populares, ofrece una flexibilidad incomparable para gestionar accesos y promociones. La capacidad de crear c\u00f3digos flexibles y seguros que pueden desbloquear no solo cursos, sino tambi\u00e9n membres\u00edas, descargas digitales y m\u00e1s, convierte a este plugin en una herramienta esencial para cualquier sitio de e-learning que busque optimizar su flujo de trabajo y mejorar la experiencia del usuario <sup class=\"chakra-text css-17ba1m\">1<\/sup>.<\/p><h3 class=\"chakra-text css-1ltj640\"><strong class=\"chakra-text css-0\">Main features<\/strong><\/h3><ul class=\"css-tu0njr\" role=\"list\"><li class=\"css-xs9fqv\"><strong class=\"chakra-text css-0\">Generaci\u00f3n y distribuci\u00f3n de c\u00f3digos \u00fanicos<\/strong>: Crea c\u00f3digos espec\u00edficos para cada curso, grupo o contenido, permitiendo a los estudiantes autoinscribirse con facilidad.<\/li><li class=\"css-xs9fqv\"><strong class=\"chakra-text css-0\">Integraci\u00f3n con WooCommerce<\/strong>: Autom\u00e1ticamente asigna c\u00f3digos a los clientes al realizar una compra, facilitando la gesti\u00f3n de inscripciones pagadas.<\/li><li class=\"css-xs9fqv\"><strong class=\"chakra-text css-0\">Compatibilidad con m\u00faltiples plugins<\/strong>: Se integra con m\u00e1s de 175 plugins y aplicaciones, incluyendo Uncanny Automator, para crear flujos de trabajo automatizados complejos.<\/li><li class=\"css-xs9fqv\"><strong class=\"chakra-text css-0\">Seguimiento y an\u00e1lisis<\/strong>: Ofrece informes detallados sobre el uso de c\u00f3digos, permitiendo a los administradores monitorear la eficiencia de sus campa\u00f1as de inscripci\u00f3n.<\/li><li class=\"css-xs9fqv\"><strong class=\"chakra-text css-0\">Automatizaci\u00f3n de inscripciones<\/strong>: Configura reglas para asignar autom\u00e1ticamente c\u00f3digos a los estudiantes basados en acciones espec\u00edficas, como el registro o la finalizaci\u00f3n de un curso.<\/li><\/ul><p class=\"chakra-text css-1ltj640\">Uncanny LearnDash Enrollment Codes redefine la manera en que se gestionan las inscripciones en cursos de LearnDash. \u00a1Optimiza tus procesos de registro con Uncanny LearnDash Enrollment Codes y convierte cada inscripci\u00f3n en una experiencia fluida y eficiente! Al implementar este plugin, tu sitio de e-learning se beneficia de una soluci\u00f3n robusta y flexible que no solo facilita la gesti\u00f3n de inscripciones, sino que tambi\u00e9n mejora la satisfacci\u00f3n del estudiante al proporcionar una experiencia de registro sin complicaciones. Este plugin es indispensable para cualquier sitio que busque escalar sus operaciones de e-learning, asegurando que cada estudiante pueda acceder f\u00e1cilmente a los recursos educativos que necesita.<\/p><\/div><\/div><p>\u00a0<\/p>\t\t\t\t\t\t\t\t<\/div>\n\t\t\t\t<\/div>\n\t\t\t\t\t<\/div>\n\t\t\t\t<\/div>\n\t\t\t\t<\/div>","protected":false},"excerpt":{"rendered":"<p>Uncanny LearnDash Enrollment Codes Uncanny LearnDash Enrollment Codes es una herramienta poderosa dise\u00f1ada para simplificar y optimizar la gesti\u00f3n de<\/p>","protected":false},"featured_media":102580,"comment_status":"closed","ping_status":"closed","template":"","meta":{"_acf_changed":false},"product_brand":[],"product_cat":[67],"product_tag":[486],"class_list":{"0":"post-27641","1":"product","2":"type-product","3":"status-publish","4":"has-post-thumbnail","6":"product_cat-wordpress-plugins","7":"product_tag-temas-para-educacion-y-formacion","8":"pa_autores-uncanny-owl","10":"first","11":"instock","12":"sale","13":"downloadable","14":"virtual","15":"sold-individually","16":"purchasable","17":"product-type-simple"},"acf":[],"_links":{"self":[{"href":"https:\/\/wpclub.pro\/en\/wp-json\/wp\/v2\/product\/27641","targetHints":{"allow":["GET"]}}],"collection":[{"href":"https:\/\/wpclub.pro\/en\/wp-json\/wp\/v2\/product"}],"about":[{"href":"https:\/\/wpclub.pro\/en\/wp-json\/wp\/v2\/types\/product"}],"replies":[{"embeddable":true,"href":"https:\/\/wpclub.pro\/en\/wp-json\/wp\/v2\/comments?post=27641"}],"version-history":[{"count":0,"href":"https:\/\/wpclub.pro\/en\/wp-json\/wp\/v2\/product\/27641\/revisions"}],"wp:featuredmedia":[{"embeddable":true,"href":"https:\/\/wpclub.pro\/en\/wp-json\/wp\/v2\/media\/102580"}],"wp:attachment":[{"href":"https:\/\/wpclub.pro\/en\/wp-json\/wp\/v2\/media?parent=27641"}],"wp:term":[{"taxonomy":"product_brand","embeddable":true,"href":"https:\/\/wpclub.pro\/en\/wp-json\/wp\/v2\/product_brand?post=27641"},{"taxonomy":"product_cat","embeddable":true,"href":"https:\/\/wpclub.pro\/en\/wp-json\/wp\/v2\/product_cat?post=27641"},{"taxonomy":"product_tag","embeddable":true,"href":"https:\/\/wpclub.pro\/en\/wp-json\/wp\/v2\/product_tag?post=27641"}],"curies":[{"name":"wp","href":"https:\/\/api.w.org\/{rel}","templated":true}]}}