{"id":28405,"date":"2023-10-19T13:09:57","date_gmt":"2023-10-19T16:09:57","guid":{"rendered":"https:\/\/wpclub.pro\/?post_type=product&#038;p=28405"},"modified":"2024-10-03T12:54:08","modified_gmt":"2024-10-03T15:54:08","slug":"wordpress-share-logins-pro","status":"publish","type":"product","link":"https:\/\/wpclub.pro\/en\/item\/wordpress-share-logins-pro\/","title":{"rendered":"WordPress Share Logins Pro 5.3"},"content":{"rendered":"<p>] css=\u00bb.vc_custom_1629733467375{margin-right: 15px !important;padding-top: 30px !important;padding-right: 30px !important;padding-bottom: 30px !important;padding-left: 30px !important;background-color: #f4f4f4 !important;border-radius: 5px !important;}\u00bb width=\u00bb1\/1&#8243; mobile_bg_img_hidden=\u00bbno\u00bb tablet_bg_img_hidden=\u00bbno\u00bb woodmart_parallax=\u00bb0&#8243; woodmart_sticky_column=\u00bbfalse\u00bb parallax_scroll=\u00bbno\u00bb mobile_reset_margin=\u00bbno\u00bb tablet_reset_margin=\u00bbno\u00bb]_text woodmart_inline=\u00bbno\u00bb text_larger=\u00bbno\u00bb]<\/p>\n<h2>WordPress Share Logins Pro<\/h2>\n<p>\u00bfEjecutas varios sitios de WordPress y quieres sincronizar las actividades de los usuarios? P.ej. cuando inician sesi\u00f3n en cualquiera de sus sitios, \u00bfquiere que inicien sesi\u00f3n en otros sitios autom\u00e1ticamente? Bueno, \u00a1aqu\u00ed entramos en escena! \u00a1Compartir inicios de sesi\u00f3n es el complemento que ha estado esperando durante mucho tiempo!<\/p>\n<h3>Sincronizar Actividad del Usuario<\/h3>\n<p>WordPress Share Logins Pro puede sincronizar autom\u00e1ticamente varias actividades de usuarios en varios sitios. Las sincronizaciones incluyen inicio de sesi\u00f3n de usuario, cierre de sesi\u00f3n, actualizaci\u00f3n de perfil, restablecimiento de contrase\u00f1a, creaci\u00f3n de nuevos usuarios y eliminaci\u00f3n de usuarios.<\/p>\n<h3>Bondades de\u00a0Wordpress Share Logins Pro<\/h3>\n<ul>\n<li>Acceso: Cuando un usuario inicia sesi\u00f3n en un sitio, \u00a1este complemento lo iniciar\u00e1 autom\u00e1ticamente en otros sitios!<\/li>\n<li>Actualizaci\u00f3n del perfil: Cuando se actualiza un perfil de usuario en un sitio, los cambios realizados se reflejar\u00e1n en otros sitios.<\/li>\n<li>Cerrar sesi\u00f3n: Cuando un usuario cierra sesi\u00f3n en un sitio, WordPress Share Logins Pro lo cerrar\u00e1 autom\u00e1ticamente en otros sitios.<\/li>\n<li>Restablecimiento de contrase\u00f1a: Cuando la contrase\u00f1a de un usuario se actualiza en un sitio, \u00a1su contrase\u00f1a tambi\u00e9n se actualizar\u00e1 en otros sitios!<\/li>\n<li>Crear usuario: Cuando se crea una cuenta de usuario en un sitio, \u00a1la misma cuenta se crear\u00e1 en otros sitios!<\/li>\n<li>Borrar usuario: Cuando se elimina una cuenta de usuario de un sitio, \u00a1su cuenta tambi\u00e9n se eliminar\u00e1 de otros sitios!<\/li>\n<\/ul>\n<h3>Otras Caracter\u00edsticas de WordPress Share Logins Pro<\/h3>\n<ul>\n<li>Validaci\u00f3n: Puede validar si sus sitios remotos est\u00e1n conectados y configurados correctamente.<\/li>\n<li>Transacci\u00f3n segura: Sus claves est\u00e1n seguras y encriptadas mientras se realizan transacciones en sus sitios. Por lo tanto, ya no tendr\u00e1 miedo a las infracciones de seguridad.<\/li>\n<li>Migraci\u00f3n de usuarios: \u00bfYa tiene algunos usuarios en sus sitios? \u00a1No se preocupe, puede exportarlos desde un sitio e importarlos a otros!<\/li>\n<li>y m\u00e1s!<\/li>\n<\/ul>\n<p>Adquiera ahora WordPress Share Logins Pro.[\/vc_column_text][\/vc_column][\/vc_row] css=\u00bb.vc_custom_1629733150529{margin-top: 30px !important;}\u00bb mobile_bg_img_hidden=\u00bbno\u00bb tablet_bg_img_hidden=\u00bbno\u00bb woodmart_parallax=\u00bb0&#8243; woodmart_gradient_switch=\u00bbno\u00bb row_reverse_mobile=\u00bb0&#8243; row_reverse_tablet=\u00bb0&#8243; woodmart_disable_overflow=\u00bb0&#8243;] css=\u00bb.vc_custom_1629733167411{background-color: #f4f4f4 !important;border-radius: 5px !important;}\u00bb mobile_bg_img_hidden=\u00bbno\u00bb tablet_bg_img_hidden=\u00bbno\u00bb woodmart_parallax=\u00bb0&#8243; woodmart_sticky_column=\u00bbfalse\u00bb parallax_scroll=\u00bbno\u00bb mobile_reset_margin=\u00bbno\u00bb tablet_reset_margin=\u00bbno\u00bb]_text woodmart_inline=\u00bbno\u00bb text_larger=\u00bbno\u00bb]<\/p>\n<p style=\"text-align: center;\">Los productos publicados en el sitio son distribuimos bajo licenciamiento <a href=\"https:\/\/www.gnu.org\/licenses\/licenses.es.html\" target=\"_blank\" rel=\"noopener\" data-schema-attribute=\"\"><strong>GPL \/ GNU<\/strong><\/a>. Recuerda siempre revisar nuestros <strong><a href=\"https:\/\/wpclub.pro\/terminos-de-uso\/\" target=\"_blank\" rel=\"noopener\" data-schema-attribute=\"\">T\u00e9rminos de Uso<\/a><\/strong> y <strong><a href=\"https:\/\/wpclub.pro\/politica-de-privacidad\/\" target=\"_blank\" rel=\"noopener\" data-schema-attribute=\"\">Pol\u00edtica de Privacidad<\/a><\/strong>.<\/p>\n<p>[\/vc_column_text][\/vc_column][\/vc_row]<\/p>\n","protected":false},"excerpt":{"rendered":"<p>] css=\u00bb.vc_custom_1629733467375{margin-right: 15px !important;padding-top: 30px !important;padding-right: 30px !important;padding-bottom: 30px !important;padding-left: 30px !important;background-color: #f4f4f4 !important;border-radius: 5px !important;}\u00bb width=\u00bb1\/1&#8243; mobile_bg_img_hidden=\u00bbno\u00bb tablet_bg_img_hidden=\u00bbno\u00bb woodmart_parallax=\u00bb0&#8243;<\/p>","protected":false},"featured_media":28406,"comment_status":"closed","ping_status":"closed","template":"","meta":{"_acf_changed":false},"product_brand":[],"product_cat":[67],"product_tag":[153],"class_list":{"0":"post-28405","1":"product","2":"type-product","3":"status-publish","4":"has-post-thumbnail","6":"product_cat-wordpress-plugins","7":"product_tag-utilidades","8":"pa_autores-codexpert","10":"first","11":"instock","12":"sale","13":"featured","14":"downloadable","15":"virtual","16":"sold-individually","17":"purchasable","18":"product-type-simple"},"acf":[],"_links":{"self":[{"href":"https:\/\/wpclub.pro\/en\/wp-json\/wp\/v2\/product\/28405","targetHints":{"allow":["GET"]}}],"collection":[{"href":"https:\/\/wpclub.pro\/en\/wp-json\/wp\/v2\/product"}],"about":[{"href":"https:\/\/wpclub.pro\/en\/wp-json\/wp\/v2\/types\/product"}],"replies":[{"embeddable":true,"href":"https:\/\/wpclub.pro\/en\/wp-json\/wp\/v2\/comments?post=28405"}],"version-history":[{"count":0,"href":"https:\/\/wpclub.pro\/en\/wp-json\/wp\/v2\/product\/28405\/revisions"}],"wp:featuredmedia":[{"embeddable":true,"href":"https:\/\/wpclub.pro\/en\/wp-json\/wp\/v2\/media\/28406"}],"wp:attachment":[{"href":"https:\/\/wpclub.pro\/en\/wp-json\/wp\/v2\/media?parent=28405"}],"wp:term":[{"taxonomy":"product_brand","embeddable":true,"href":"https:\/\/wpclub.pro\/en\/wp-json\/wp\/v2\/product_brand?post=28405"},{"taxonomy":"product_cat","embeddable":true,"href":"https:\/\/wpclub.pro\/en\/wp-json\/wp\/v2\/product_cat?post=28405"},{"taxonomy":"product_tag","embeddable":true,"href":"https:\/\/wpclub.pro\/en\/wp-json\/wp\/v2\/product_tag?post=28405"}],"curies":[{"name":"wp","href":"https:\/\/api.w.org\/{rel}","templated":true}]}}