{"id":29801,"date":"2025-10-08T11:45:32","date_gmt":"2025-10-08T14:45:32","guid":{"rendered":"https:\/\/wpclub.pro\/?post_type=product&#038;p=29801"},"modified":"2025-10-08T11:48:02","modified_gmt":"2025-10-08T14:48:02","slug":"ultimate-member-unsplash","status":"publish","type":"product","link":"https:\/\/wpclub.pro\/en\/item\/ultimate-member-unsplash\/","title":{"rendered":"Ultimate Member Unsplash 2.1.4"},"content":{"rendered":"<div data-elementor-type=\"product-post\" data-elementor-id=\"29801\" class=\"elementor elementor-29801\" data-elementor-post-type=\"product\">\n\t\t\t\t<div class=\"wd-negative-gap elementor-element elementor-element-273651bf e-flex e-con-boxed e-con e-parent\" data-id=\"273651bf\" data-element_type=\"container\" data-e-type=\"container\">\n\t\t\t\t\t<div class=\"e-con-inner\">\n\t\t\t\t<div class=\"elementor-element elementor-element-6ed28ed7 color-scheme-inherit text-left elementor-widget elementor-widget-text-editor\" data-id=\"6ed28ed7\" data-element_type=\"widget\" data-e-type=\"widget\" data-widget_type=\"text-editor.default\">\n\t\t\t\t<div class=\"elementor-widget-container\">\n\t\t\t\t\t\t\t\t\t<h2><strong>Ultimate Member Unsplash<\/strong><\/h2><p>Permite a los usuarios seleccionar una foto de portada de perfil de Unsplash desde su perfil<\/p><h4><strong>Caracter\u00edsticas clave de Ultimate Member Unsplash<br \/><\/strong><\/h4><ul><li>Cuando los usuarios hacen clic para agregar una foto de portada, pueden cargar su propia foto de portada o buscar una foto de portada de Unsplash<\/li><li>Cuando un usuario elige seleccionar una foto de Unsplash, aparecer\u00e1 un modal que incluye algunas fotos precargadas<\/li><li>Las fotos precargadas se basan en un t\u00e9rmino de b\u00fasqueda que ingresa en la configuraci\u00f3n del administrador<\/li><li>Luego, los usuarios pueden buscar y seleccionar una foto para usarla como su foto de portada.<\/li><\/ul><h4><strong>importante<br \/><\/strong><\/h4><ul><li>El uso de esta extensi\u00f3n requiere la creaci\u00f3n de una cuenta de desarrollador y una aplicaci\u00f3n en el sitio web de Unsplash para obtener una clave API de Unsplash<\/li><li>Los l\u00edmites de tasa de nivel de producci\u00f3n requieren la solicitud y aprobaci\u00f3n del equipo de Unsplash.\u00a0No podemos garantizar que su aplicaci\u00f3n sea aprobada.<\/li><li>Las fotos de portada mostrar\u00e1n la atribuci\u00f3n en la parte superior derecha de la foto de portada para cumplir con uno de los requisitos para que la aplicaci\u00f3n sea aprobada para el acceso de producci\u00f3n.<\/li><\/ul><p>Adquiera ahora Ultimate Member Unsplash.<\/p>\t\t\t\t\t\t\t\t<\/div>\n\t\t\t\t<\/div>\n\t\t\t\t\t<\/div>\n\t\t\t\t<\/div>\n\t\t\t\t<\/div>","protected":false},"excerpt":{"rendered":"<p>Ultimate Member Unsplash Permite a los usuarios seleccionar una foto de portada de perfil de Unsplash desde su perfil Caracter\u00edsticas<\/p>","protected":false},"featured_media":97642,"comment_status":"closed","ping_status":"closed","template":"","meta":{"_acf_changed":false},"product_brand":[],"product_cat":[67],"product_tag":[128],"class_list":{"0":"post-29801","1":"product","2":"type-product","3":"status-publish","4":"has-post-thumbnail","6":"product_cat-wordpress-plugins","7":"product_tag-plugins-para-membresias-y-suscripciones","8":"pa_autores-ultimate-member","10":"first","11":"instock","12":"sale","13":"downloadable","14":"virtual","15":"sold-individually","16":"purchasable","17":"product-type-simple"},"acf":[],"_links":{"self":[{"href":"https:\/\/wpclub.pro\/en\/wp-json\/wp\/v2\/product\/29801","targetHints":{"allow":["GET"]}}],"collection":[{"href":"https:\/\/wpclub.pro\/en\/wp-json\/wp\/v2\/product"}],"about":[{"href":"https:\/\/wpclub.pro\/en\/wp-json\/wp\/v2\/types\/product"}],"replies":[{"embeddable":true,"href":"https:\/\/wpclub.pro\/en\/wp-json\/wp\/v2\/comments?post=29801"}],"version-history":[{"count":0,"href":"https:\/\/wpclub.pro\/en\/wp-json\/wp\/v2\/product\/29801\/revisions"}],"wp:featuredmedia":[{"embeddable":true,"href":"https:\/\/wpclub.pro\/en\/wp-json\/wp\/v2\/media\/97642"}],"wp:attachment":[{"href":"https:\/\/wpclub.pro\/en\/wp-json\/wp\/v2\/media?parent=29801"}],"wp:term":[{"taxonomy":"product_brand","embeddable":true,"href":"https:\/\/wpclub.pro\/en\/wp-json\/wp\/v2\/product_brand?post=29801"},{"taxonomy":"product_cat","embeddable":true,"href":"https:\/\/wpclub.pro\/en\/wp-json\/wp\/v2\/product_cat?post=29801"},{"taxonomy":"product_tag","embeddable":true,"href":"https:\/\/wpclub.pro\/en\/wp-json\/wp\/v2\/product_tag?post=29801"}],"curies":[{"name":"wp","href":"https:\/\/api.w.org\/{rel}","templated":true}]}}