{"id":29882,"date":"2026-04-01T14:55:31","date_gmt":"2026-04-01T17:55:31","guid":{"rendered":"https:\/\/wpclub.pro\/?post_type=product&#038;p=29882"},"modified":"2026-04-01T14:57:13","modified_gmt":"2026-04-01T17:57:13","slug":"mainwp-database-updater-extension","status":"publish","type":"product","link":"https:\/\/wpclub.pro\/en\/item\/mainwp-database-updater-extension\/","title":{"rendered":"MainWP Database Updater Extension 5.1.1"},"content":{"rendered":"<div data-elementor-type=\"product-post\" data-elementor-id=\"29882\" class=\"elementor elementor-29882\" data-elementor-post-type=\"product\">\n\t\t\t\t<div class=\"wd-negative-gap elementor-element elementor-element-6bd8adfc e-flex e-con-boxed e-con e-parent\" data-id=\"6bd8adfc\" data-element_type=\"container\" data-e-type=\"container\">\n\t\t\t\t\t<div class=\"e-con-inner\">\n\t\t\t\t<div class=\"elementor-element elementor-element-2af861de color-scheme-inherit text-left elementor-widget elementor-widget-text-editor\" data-id=\"2af861de\" data-element_type=\"widget\" data-e-type=\"widget\" data-widget_type=\"text-editor.default\">\n\t\t\t\t<div class=\"elementor-widget-container\">\n\t\t\t\t\t\t\t\t\t<h2 data-start=\"0\" data-end=\"50\"><strong data-start=\"4\" data-end=\"50\">MainWP Database Updater Extension<\/strong><\/h2><p class=\"\" data-start=\"52\" data-end=\"551\">MainWP Database Updater Extension es una extensi\u00f3n premium dise\u00f1ada para integrarse con el ecosistema de MainWP, la popular herramienta de gesti\u00f3n centralizada de m\u00faltiples sitios WordPress. Esta extensi\u00f3n permite automatizar y optimizar la actualizaci\u00f3n de bases de datos en todos los sitios conectados a tu panel MainWP, garantizando que cada instalaci\u00f3n de WordPress mantenga su base de datos en perfecto estado tras actualizaciones de plugins, temas o del propio n\u00facleo de WordPress.<\/p><p class=\"\" data-start=\"553\" data-end=\"773\">Con MainWP Database Updater Extension, los administradores y agencias pueden ahorrar tiempo valioso, evitando tareas manuales repetitivas y asegurando un mejor rendimiento y estabilidad en todas sus webs gestionadas.<\/p><h3 class=\"\" data-start=\"775\" data-end=\"833\"><strong data-start=\"779\" data-end=\"833\">\u00bfPara qu\u00e9 sirve MainWP Database Updater Extension?<\/strong><\/h3><p class=\"\" data-start=\"835\" data-end=\"1258\">MainWP Database Updater Extension sirve para automatizar el proceso de actualizaci\u00f3n y optimizaci\u00f3n de bases de datos en sitios WordPress conectados a tu red MainWP. Cada vez que se realiza una actualizaci\u00f3n de plugins, temas o del core, esta extensi\u00f3n ejecuta autom\u00e1ticamente los procesos necesarios para que las bases de datos reflejen correctamente los cambios, evitando errores, conflictos o p\u00e9rdida de rendimiento.<\/p><p class=\"\" data-start=\"1260\" data-end=\"1491\">Es ideal para agencias, desarrolladores y administradores que gestionan m\u00faltiples sitios WordPress y necesitan mantener cada instalaci\u00f3n eficiente y libre de problemas relacionados con estructuras de bases de datos desactualizadas.<\/p><h3 class=\"\" data-start=\"1493\" data-end=\"1553\"><strong data-start=\"1497\" data-end=\"1553\">Beneficios de usar MainWP Database Updater Extension<\/strong><\/h3><ul data-start=\"1555\" data-end=\"2391\"><li class=\"\" data-start=\"1555\" data-end=\"1668\"><p class=\"\" data-start=\"1557\" data-end=\"1668\"><strong data-start=\"1557\" data-end=\"1584\">Automatizaci\u00f3n completa<\/strong>: Olv\u00eddate de actualizar manualmente las bases de datos tras cada cambio importante.<\/p><\/li><li class=\"\" data-start=\"1669\" data-end=\"1792\"><p class=\"\" data-start=\"1671\" data-end=\"1792\"><strong data-start=\"1671\" data-end=\"1697\">Mejora del rendimiento<\/strong>: Una base de datos optimizada garantiza mayor velocidad y estabilidad en tus sitios WordPress.<\/p><\/li><li class=\"\" data-start=\"1793\" data-end=\"1912\"><p class=\"\" data-start=\"1795\" data-end=\"1912\"><strong data-start=\"1795\" data-end=\"1820\">Prevenci\u00f3n de errores<\/strong>: Evita problemas comunes derivados de bases de datos desfasadas despu\u00e9s de actualizaciones.<\/p><\/li><li class=\"\" data-start=\"1913\" data-end=\"2051\"><p class=\"\" data-start=\"1915\" data-end=\"2051\"><strong data-start=\"1915\" data-end=\"1939\">Gesti\u00f3n centralizada<\/strong>: Controla y ejecuta las actualizaciones de bases de datos desde tu panel MainWP para todos tus sitios a la vez.<\/p><\/li><li class=\"\" data-start=\"2052\" data-end=\"2139\"><p class=\"\" data-start=\"2054\" data-end=\"2139\"><strong data-start=\"2054\" data-end=\"2074\">Time saving<\/strong>: Automatiza procesos tediosos y enf\u00f3cate en tareas estrat\u00e9gicas.<\/p><\/li><li class=\"\" data-start=\"2140\" data-end=\"2274\"><p class=\"\" data-start=\"2142\" data-end=\"2274\"><strong data-start=\"2142\" data-end=\"2171\">Notificaciones y reportes<\/strong>: Recibe alertas sobre el estado de las bases de datos y confirmaci\u00f3n de las actualizaciones aplicadas.<\/p><\/li><li class=\"\" data-start=\"2275\" data-end=\"2391\"><p class=\"\" data-start=\"2277\" data-end=\"2391\"><strong data-start=\"2277\" data-end=\"2299\">Seguridad mejorada<\/strong>: Mantener la base de datos actualizada tambi\u00e9n reduce riesgos de vulnerabilidades t\u00e9cnicas.<\/p><\/li><\/ul><h3 class=\"\" data-start=\"2393\" data-end=\"2464\"><strong data-start=\"2397\" data-end=\"2464\">Caracter\u00edsticas destacadas de MainWP Database Updater Extension<\/strong><\/h3><ul data-start=\"2466\" data-end=\"3059\"><li class=\"\" data-start=\"2466\" data-end=\"2573\"><p class=\"\" data-start=\"2468\" data-end=\"2573\">Ejecuci\u00f3n autom\u00e1tica de actualizaciones de base de datos tras actualizar plugins, temas o WordPress core.<\/p><\/li><li class=\"\" data-start=\"2574\" data-end=\"2646\"><p class=\"\" data-start=\"2576\" data-end=\"2646\">Opciones de actualizaci\u00f3n manual por sitio o en lote para toda tu red.<\/p><\/li><li class=\"\" data-start=\"2647\" data-end=\"2702\"><p class=\"\" data-start=\"2649\" data-end=\"2702\">Reportes detallados del estado de cada base de datos.<\/p><\/li><li class=\"\" data-start=\"2703\" data-end=\"2757\"><p class=\"\" data-start=\"2705\" data-end=\"2757\">Integraci\u00f3n nativa con el panel principal de MainWP.<\/p><\/li><li class=\"\" data-start=\"2758\" data-end=\"2802\"><p class=\"\" data-start=\"2760\" data-end=\"2802\">Programaci\u00f3n de optimizaciones peri\u00f3dicas.<\/p><\/li><li class=\"\" data-start=\"2803\" data-end=\"2900\"><p class=\"\" data-start=\"2805\" data-end=\"2900\">Compatibilidad con plugins populares que requieren actualizaciones frecuentes de base de datos.<\/p><\/li><li class=\"\" data-start=\"2901\" data-end=\"2960\"><p class=\"\" data-start=\"2903\" data-end=\"2960\">Registro hist\u00f3rico de acciones realizadas para auditor\u00eda.<\/p><\/li><li class=\"\" data-start=\"2961\" data-end=\"2998\"><p class=\"\" data-start=\"2963\" data-end=\"2998\">Interfaz intuitiva y f\u00e1cil de usar.<\/p><\/li><li class=\"\" data-start=\"2999\" data-end=\"3059\"><p class=\"\" data-start=\"3001\" data-end=\"3059\">Compatible con entornos multisitio gestionados por MainWP.<\/p><\/li><\/ul><h3 class=\"\" data-start=\"3061\" data-end=\"3155\"><strong data-start=\"3065\" data-end=\"3155\">\u00bfPor qu\u00e9 elegir MainWP Database Updater Extension para gestionar tus sitios WordPress?<\/strong><\/h3><p class=\"\" data-start=\"3157\" data-end=\"3565\">MainWP Database Updater Extension es una herramienta imprescindible para cualquier profesional que gestione m\u00faltiples sitios WordPress y quiera asegurarse de que cada instalaci\u00f3n funcione de manera \u00f3ptima tras cada actualizaci\u00f3n. Automatizar este proceso no solo reduce el margen de error humano, sino que tambi\u00e9n garantiza que todos tus sitios operen con bases de datos limpias, actualizadas y estables.<\/p><p class=\"\" data-start=\"3567\" data-end=\"3765\">Si utilizas MainWP como tu panel de control centralizado, esta extensi\u00f3n te permitir\u00e1 elevar el nivel de mantenimiento proactivo, mejorando la salud general de tus sitios sin esfuerzo adicional.<\/p><p class=\"\" data-start=\"3767\" data-end=\"3977\">Para agencias, freelancers o administradores de sistemas, MainWP Database Updater Extension es una inversi\u00f3n estrat\u00e9gica que mejora la eficiencia operativa y la calidad del servicio ofrecido a los clientes.<\/p>\t\t\t\t\t\t\t\t<\/div>\n\t\t\t\t<\/div>\n\t\t\t\t\t<\/div>\n\t\t\t\t<\/div>\n\t\t\t\t<\/div>","protected":false},"excerpt":{"rendered":"<p>MainWP Database Updater Extension MainWP Database Updater Extension es una extensi\u00f3n premium dise\u00f1ada para integrarse con el ecosistema de MainWP,<\/p>","protected":false},"featured_media":120539,"comment_status":"closed","ping_status":"closed","template":"","meta":{"_acf_changed":false},"product_brand":[],"product_cat":[67],"product_tag":[195],"class_list":{"0":"post-29882","1":"product","2":"type-product","3":"status-publish","4":"has-post-thumbnail","6":"product_cat-wordpress-plugins","7":"product_tag-plugins-para-multisitio","8":"pa_autores-mainwp","10":"first","11":"instock","12":"sale","13":"downloadable","14":"virtual","15":"sold-individually","16":"purchasable","17":"product-type-simple"},"acf":[],"_links":{"self":[{"href":"https:\/\/wpclub.pro\/en\/wp-json\/wp\/v2\/product\/29882","targetHints":{"allow":["GET"]}}],"collection":[{"href":"https:\/\/wpclub.pro\/en\/wp-json\/wp\/v2\/product"}],"about":[{"href":"https:\/\/wpclub.pro\/en\/wp-json\/wp\/v2\/types\/product"}],"replies":[{"embeddable":true,"href":"https:\/\/wpclub.pro\/en\/wp-json\/wp\/v2\/comments?post=29882"}],"version-history":[{"count":0,"href":"https:\/\/wpclub.pro\/en\/wp-json\/wp\/v2\/product\/29882\/revisions"}],"wp:featuredmedia":[{"embeddable":true,"href":"https:\/\/wpclub.pro\/en\/wp-json\/wp\/v2\/media\/120539"}],"wp:attachment":[{"href":"https:\/\/wpclub.pro\/en\/wp-json\/wp\/v2\/media?parent=29882"}],"wp:term":[{"taxonomy":"product_brand","embeddable":true,"href":"https:\/\/wpclub.pro\/en\/wp-json\/wp\/v2\/product_brand?post=29882"},{"taxonomy":"product_cat","embeddable":true,"href":"https:\/\/wpclub.pro\/en\/wp-json\/wp\/v2\/product_cat?post=29882"},{"taxonomy":"product_tag","embeddable":true,"href":"https:\/\/wpclub.pro\/en\/wp-json\/wp\/v2\/product_tag?post=29882"}],"curies":[{"name":"wp","href":"https:\/\/api.w.org\/{rel}","templated":true}]}}