{"id":30195,"date":"2026-01-21T11:18:58","date_gmt":"2026-01-21T14:18:58","guid":{"rendered":"https:\/\/wpclub.pro\/?post_type=product&#038;p=30195"},"modified":"2026-01-21T11:20:16","modified_gmt":"2026-01-21T14:20:16","slug":"export-order-items-pro","status":"publish","type":"product","link":"https:\/\/wpclub.pro\/en\/item\/export-order-items-pro\/","title":{"rendered":"Export Order Items Pro 2.1.37"},"content":{"rendered":"<div data-elementor-type=\"product-post\" data-elementor-id=\"30195\" class=\"elementor elementor-30195\" data-elementor-post-type=\"product\">\n\t\t\t\t<div class=\"wd-negative-gap elementor-element elementor-element-3fe34e60 e-flex e-con-boxed e-con e-parent\" data-id=\"3fe34e60\" data-element_type=\"container\" data-e-type=\"container\">\n\t\t\t\t\t<div class=\"e-con-inner\">\n\t\t\t\t<div class=\"elementor-element elementor-element-18b1d4da color-scheme-inherit text-left elementor-widget elementor-widget-text-editor\" data-id=\"18b1d4da\" data-element_type=\"widget\" data-e-type=\"widget\" data-widget_type=\"text-editor.default\">\n\t\t\t\t<div class=\"elementor-widget-container\">\n\t\t\t\t\t\t\t\t\t<p><strong style=\"color: var(--wd-title-color); font-family: var(--wd-title-font); font-size: 24px; font-style: var(--wd-title-font-style); text-transform: var(--wd-title-transform); text-align: var(--text-align);\">Export Order Items Pro<\/strong><\/p>\n<p><\/p>\n<p>Exporte pedidos desde su tienda WooCommerce con opciones de clasificaci\u00f3n avanzadas en m\u00faltiples formatos, bajo demanda.&nbsp;Simplifique el cumplimiento de pedidos, descargue r\u00e1pidamente los detalles de los pedidos y ahorre tiempo generando informes contables con Export Order Items Pro.<\/p>\n<h3>Caracter\u00edsticas de Export Order Items Pro:<\/h3>\n<ul>\n<li>Clasificaci\u00f3n de pedidos simple para extraer informaci\u00f3n de compra espec\u00edfica<\/li>\n<li>Selector de rango de fechas con preajustes comunes o fecha y hora de inicio y finalizaci\u00f3n personalizadas<\/li>\n<li>Los ajustes preestablecidos le permiten guardar su configuraci\u00f3n de exportaci\u00f3n y reutilizar sus informes<\/li>\n<li>Establezca los campos de datos que desea que se incluyan en el informe<\/li>\n<li>Filtrar por estado del pedido (Pendiente de pago, Procesando, Completado, Cancelado, etc.)<\/li>\n<li>Use l\u00f3gica condicional con campos din\u00e1micos para ordenar informes<\/li>\n<li>Exportar informes de pedidos por rol de usuario<\/li>\n<li>Exporte todas las ventas u ordene por categor\u00eda, etiqueta, ID de producto y campo incluido<\/li>\n<li>Excluir o incluir art\u00edculos gratuitos, reembolsos e informaci\u00f3n de env\u00edo<\/li>\n<li>Establezca lo que se muestra en sus informes, incluidos los campos personalizados, la l\u00ednea de pedido y la variaci\u00f3n<\/li>\n<li>Cambiar los nombres y el orden de los campos en el informe<\/li>\n<li>Exporte en formatos CSV, CSV-ASCII, XLS, XLSX, HTML y HTML mejorado<\/li>\n<li>Personalice el dise\u00f1o de su informe con t\u00edtulos din\u00e1micos, filas adicionales, c\u00f3mo se muestran los decimales y clasificaci\u00f3n condicional<\/li>\n<\/ul>\n<p>Adquiera ahora Export Order Items Pro.<\/p>\t\t\t\t\t\t\t\t<\/div>\n\t\t\t\t<\/div>\n\t\t\t\t\t<\/div>\n\t\t\t\t<\/div>\n\t\t\t\t<\/div>","protected":false},"excerpt":{"rendered":"<p>Export Order Items Pro Exporte pedidos desde su tienda WooCommerce con opciones de clasificaci\u00f3n avanzadas en m\u00faltiples formatos, bajo demanda.\u00a0Simplifique<\/p>","protected":false},"featured_media":94805,"comment_status":"closed","ping_status":"closed","template":"","meta":{"_acf_changed":false},"product_brand":[],"product_cat":[67],"product_tag":[139],"class_list":{"0":"post-30195","1":"product","2":"type-product","3":"status-publish","4":"has-post-thumbnail","6":"product_cat-wordpress-plugins","7":"product_tag-plugins-de-utilidades-ecommerce","8":"pa_autores-wpzone","10":"first","11":"instock","12":"sale","13":"downloadable","14":"virtual","15":"sold-individually","16":"purchasable","17":"product-type-simple"},"acf":[],"_links":{"self":[{"href":"https:\/\/wpclub.pro\/en\/wp-json\/wp\/v2\/product\/30195","targetHints":{"allow":["GET"]}}],"collection":[{"href":"https:\/\/wpclub.pro\/en\/wp-json\/wp\/v2\/product"}],"about":[{"href":"https:\/\/wpclub.pro\/en\/wp-json\/wp\/v2\/types\/product"}],"replies":[{"embeddable":true,"href":"https:\/\/wpclub.pro\/en\/wp-json\/wp\/v2\/comments?post=30195"}],"version-history":[{"count":0,"href":"https:\/\/wpclub.pro\/en\/wp-json\/wp\/v2\/product\/30195\/revisions"}],"wp:featuredmedia":[{"embeddable":true,"href":"https:\/\/wpclub.pro\/en\/wp-json\/wp\/v2\/media\/94805"}],"wp:attachment":[{"href":"https:\/\/wpclub.pro\/en\/wp-json\/wp\/v2\/media?parent=30195"}],"wp:term":[{"taxonomy":"product_brand","embeddable":true,"href":"https:\/\/wpclub.pro\/en\/wp-json\/wp\/v2\/product_brand?post=30195"},{"taxonomy":"product_cat","embeddable":true,"href":"https:\/\/wpclub.pro\/en\/wp-json\/wp\/v2\/product_cat?post=30195"},{"taxonomy":"product_tag","embeddable":true,"href":"https:\/\/wpclub.pro\/en\/wp-json\/wp\/v2\/product_tag?post=30195"}],"curies":[{"name":"wp","href":"https:\/\/api.w.org\/{rel}","templated":true}]}}