{"id":31086,"date":"2023-06-28T09:18:05","date_gmt":"2023-06-28T13:18:05","guid":{"rendered":"https:\/\/wpclub.pro\/?post_type=product&#038;p=31086"},"modified":"2024-10-03T12:58:59","modified_gmt":"2024-10-03T15:58:59","slug":"interiorx-interior-design-elementor-template-kit","status":"publish","type":"product","link":"https:\/\/wpclub.pro\/en\/item\/interiorx-interior-design-elementor-template-kit\/","title":{"rendered":"InteriorX Interior Design Elementor Template Kit"},"content":{"rendered":"<p>] css=\u00bb.vc_custom_1629733467375{margin-right: 15px !important;padding-top: 30px !important;padding-right: 30px !important;padding-bottom: 30px !important;padding-left: 30px !important;background-color: #f4f4f4 !important;border-radius: 5px !important;}\u00bb width=\u00bb1\/1&#8243; mobile_bg_img_hidden=\u00bbno\u00bb tablet_bg_img_hidden=\u00bbno\u00bb woodmart_parallax=\u00bb0&#8243; woodmart_sticky_column=\u00bbfalse\u00bb parallax_scroll=\u00bbno\u00bb mobile_reset_margin=\u00bbno\u00bb tablet_reset_margin=\u00bbno\u00bb]_text woodmart_inline=\u00bbno\u00bb text_larger=\u00bbno\u00bb]<\/p>\n<h2>InteriorX Interior Design Elementor Template Kit<\/h2>\n<p>&nbsp;<\/p>\n<p>InteriorX es una plantilla de sitio web de dise\u00f1o de interiores personalizada, receptiva y mundial. Debido a que InteriorX nunca requiere conocimientos de codificaci\u00f3n, incluso los principiantes pueden crear una p\u00e1gina efectiva. Nuestra plantilla ofrece todo lo que necesita para tener \u00e9xito, ya sea que est\u00e9 planeando su primera casa o desee iniciar un nuevo negocio.<\/p>\n<p>Esta plantilla, con su aspecto b\u00e1sico y elegante, es ideal para tu negocio por su dise\u00f1o limpio y minimalista. \u00a1Puede personalizarlos r\u00e1pidamente con m\u00e9todos simples de arrastrar y soltar para adaptarse a cualquier proyecto o est\u00e9tica! Adem\u00e1s, incluye muchos tipos de demostraciones para satisfacer sus demandas y permitir un inicio r\u00e1pido. Por \u00faltimo, pero no menos importante, InteriorX mostrar\u00e1 perfectamente todas sus ideas en dispositivos de escritorio y m\u00f3viles y se adaptar\u00e1 r\u00e1pidamente a todos los navegadores web contempor\u00e1neos.<\/p>\n<h3>Caracter\u00edsticas de InteriorX Interior Design Elementor Template Kit<\/h3>\n<ul>\n<li>Generador visual de arrastrar y soltar para una verdadera personalizaci\u00f3n sin c\u00f3digo.<\/li>\n<li>Los elementos individuales se pueden ajustar con precisi\u00f3n o las fuentes y los colores se pueden cambiar, todo en un solo lugar.<\/li>\n<li>Dise\u00f1o que es a la vez contempor\u00e1neo y profesional.<\/li>\n<li>Carga r\u00e1pida.<\/li>\n<li>La mayor\u00eda de los temas de Elementor son compatibles con este complemento.<\/li>\n<\/ul>\n<h3>Plugins Necesarios para InteriorX Interior Design Elementor Template Kit<\/h3>\n<ul>\n<li>Elementor<\/li>\n<li>ElementsKit Lite<\/li>\n<li>MetForm<\/li>\n<li>Happy Elementor Addons<\/li>\n<\/ul>\n<h3>C\u00f3mo Utilizar InteriorX Interior Design Elementor Template Kit<\/h3>\n<ul>\n<li>Descarga desde el repositorio de WordPress el plugin \u00abEnvato Elements\u00bb o \u201cTemplate Kit Import\u201d.<\/li>\n<li>Importa tu Elementor Template Kit adquirido.<\/li>\n<li>Cargar los estilos globales y utiliza todo seg\u00fan desees al momento de crear una nueva p\u00e1gina.<\/li>\n<\/ul>\n<p>[\/vc_column_text][\/vc_column][\/vc_row] css=\u00bb.vc_custom_1629733150529{margin-top: 30px !important;}\u00bb mobile_bg_img_hidden=\u00bbno\u00bb tablet_bg_img_hidden=\u00bbno\u00bb woodmart_parallax=\u00bb0&#8243; woodmart_gradient_switch=\u00bbno\u00bb row_reverse_mobile=\u00bb0&#8243; row_reverse_tablet=\u00bb0&#8243; woodmart_disable_overflow=\u00bb0&#8243;] css=\u00bb.vc_custom_1629733167411{background-color: #f4f4f4 !important;border-radius: 5px !important;}\u00bb mobile_bg_img_hidden=\u00bbno\u00bb tablet_bg_img_hidden=\u00bbno\u00bb woodmart_parallax=\u00bb0&#8243; woodmart_sticky_column=\u00bbfalse\u00bb parallax_scroll=\u00bbno\u00bb mobile_reset_margin=\u00bbno\u00bb tablet_reset_margin=\u00bbno\u00bb]_text woodmart_inline=\u00bbno\u00bb text_larger=\u00bbno\u00bb]<\/p>\n<p style=\"text-align: center;\">Los productos publicados en el sitio son distribuimos bajo licenciamiento <a href=\"https:\/\/www.gnu.org\/licenses\/licenses.es.html\" target=\"_blank\" rel=\"noopener\" data-schema-attribute=\"\"><strong>GPL \/ GNU<\/strong><\/a>. Recuerda siempre revisar nuestros <strong><a href=\"https:\/\/wpclub.pro\/terminos-de-uso\/\" target=\"_blank\" rel=\"noopener\" data-schema-attribute=\"\">T\u00e9rminos de Uso<\/a><\/strong> y <strong><a href=\"https:\/\/wpclub.pro\/politica-de-privacidad\/\" target=\"_blank\" rel=\"noopener\" data-schema-attribute=\"\">Pol\u00edtica de Privacidad<\/a><\/strong>.<\/p>\n<p>[\/vc_column_text][\/vc_column][\/vc_row]<\/p>\n","protected":false},"excerpt":{"rendered":"<p>] css=\u00bb.vc_custom_1629733467375{margin-right: 15px !important;padding-top: 30px !important;padding-right: 30px !important;padding-bottom: 30px !important;padding-left: 30px !important;background-color: #f4f4f4 !important;border-radius: 5px !important;}\u00bb width=\u00bb1\/1&#8243; mobile_bg_img_hidden=\u00bbno\u00bb tablet_bg_img_hidden=\u00bbno\u00bb woodmart_parallax=\u00bb0&#8243;<\/p>","protected":false},"featured_media":31087,"comment_status":"closed","ping_status":"closed","template":"","meta":{"_acf_changed":false},"product_brand":[],"product_cat":[457],"product_tag":[420],"class_list":{"0":"post-31086","1":"product","2":"type-product","3":"status-publish","4":"has-post-thumbnail","6":"product_cat-elementor-template-kit","7":"product_tag-temas-para-agencias-digitales-y-creativas","8":"pa_autores-themeforest","10":"first","11":"instock","12":"sale","13":"downloadable","14":"virtual","15":"sold-individually","16":"purchasable","17":"product-type-simple"},"acf":[],"_links":{"self":[{"href":"https:\/\/wpclub.pro\/en\/wp-json\/wp\/v2\/product\/31086","targetHints":{"allow":["GET"]}}],"collection":[{"href":"https:\/\/wpclub.pro\/en\/wp-json\/wp\/v2\/product"}],"about":[{"href":"https:\/\/wpclub.pro\/en\/wp-json\/wp\/v2\/types\/product"}],"replies":[{"embeddable":true,"href":"https:\/\/wpclub.pro\/en\/wp-json\/wp\/v2\/comments?post=31086"}],"version-history":[{"count":0,"href":"https:\/\/wpclub.pro\/en\/wp-json\/wp\/v2\/product\/31086\/revisions"}],"wp:featuredmedia":[{"embeddable":true,"href":"https:\/\/wpclub.pro\/en\/wp-json\/wp\/v2\/media\/31087"}],"wp:attachment":[{"href":"https:\/\/wpclub.pro\/en\/wp-json\/wp\/v2\/media?parent=31086"}],"wp:term":[{"taxonomy":"product_brand","embeddable":true,"href":"https:\/\/wpclub.pro\/en\/wp-json\/wp\/v2\/product_brand?post=31086"},{"taxonomy":"product_cat","embeddable":true,"href":"https:\/\/wpclub.pro\/en\/wp-json\/wp\/v2\/product_cat?post=31086"},{"taxonomy":"product_tag","embeddable":true,"href":"https:\/\/wpclub.pro\/en\/wp-json\/wp\/v2\/product_tag?post=31086"}],"curies":[{"name":"wp","href":"https:\/\/api.w.org\/{rel}","templated":true}]}}