{"id":31129,"date":"2023-06-28T13:58:25","date_gmt":"2023-06-28T17:58:25","guid":{"rendered":"https:\/\/wpclub.pro\/?post_type=product&#038;p=31129"},"modified":"2024-10-03T12:58:59","modified_gmt":"2024-10-03T15:58:59","slug":"pmpro-member-homepages-addon","status":"publish","type":"product","link":"https:\/\/wpclub.pro\/en\/item\/pmpro-member-homepages-addon\/","title":{"rendered":"PMPRO Member Homepages Addon 0.3"},"content":{"rendered":"<p>] css=\u00bb.vc_custom_1629733467375{margin-right: 15px !important;padding-top: 30px !important;padding-right: 30px !important;padding-bottom: 30px !important;padding-left: 30px !important;background-color: #f4f4f4 !important;border-radius: 5px !important;}\u00bb width=\u00bb1\/1&#8243; mobile_bg_img_hidden=\u00bbno\u00bb tablet_bg_img_hidden=\u00bbno\u00bb woodmart_parallax=\u00bb0&#8243; woodmart_sticky_column=\u00bbfalse\u00bb parallax_scroll=\u00bbno\u00bb mobile_reset_margin=\u00bbno\u00bb tablet_reset_margin=\u00bbno\u00bb]_text woodmart_inline=\u00bbno\u00bb text_larger=\u00bbno\u00bb]<\/p>\n<h2><strong>PMPRO Member Homepages Addon<\/strong><\/h2>\n<p>Opcionalmente, redirija a los miembros a una p\u00e1gina de inicio\/p\u00e1gina de destino \u00fanica en funci\u00f3n de su nivel despu\u00e9s de iniciar sesi\u00f3n o al vincular directamente a su sitio web.<\/p>\n<h4><strong>C\u00f3mo funciona PMPRO Member Homepages Addon<\/strong><\/h4>\n<p>PMPRO Member Homepages Addon le permite asignar una p\u00e1gina de inicio para cada nivel de membres\u00eda (o solo para niveles espec\u00edficos). Ahora puede usar la p\u00e1gina de inicio de su sitio como una verdadera p\u00e1gina de &#8216;ventas&#8217; para sus ofertas de membres\u00eda y dise\u00f1ar una p\u00e1gina de destino alternativa o una p\u00e1gina de &#8216;panel de control para miembros&#8217; para cada nivel de membres\u00eda.<\/p>\n<p>Cuando un miembro registrado intente acceder a la p\u00e1gina de inicio de su sitio, ser\u00e1 redirigido autom\u00e1ticamente a la p\u00e1gina de inicio de su nivel asignado.\u00a0Esto se aplica a una p\u00e1gina de inicio configurada como una p\u00e1gina est\u00e1tica o la p\u00e1gina de publicaciones como se define en Configuraci\u00f3n&gt; Lectura en su administrador de WordPress.\u00a0Puede deshabilitar la redirecci\u00f3n autom\u00e1tica a trav\u00e9s de la configuraci\u00f3n del complemento.<\/p>\n<p>Cuando un miembro inicia sesi\u00f3n en su sitio, ser\u00e1 redirigido a la p\u00e1gina de inicio de su nivel.\u00a0Los usuarios sin nivel ser\u00e1n llevados a la p\u00e1gina est\u00e1tica o a la p\u00e1gina de publicaciones como se define en Configuraci\u00f3n &gt; Lectura en su administrador de WordPress.\u00a0Puede deshabilitar la redirecci\u00f3n si se especifica otra URL de redirecci\u00f3n anterior a trav\u00e9s de la configuraci\u00f3n del complemento.<\/p>\n<p>&nbsp;<\/p>\n<p>Adquiera ahora PMPRO Member Homepages Addon.[\/vc_column_text][\/vc_column][\/vc_row] css=\u00bb.vc_custom_1629733150529{margin-top: 30px !important;}\u00bb mobile_bg_img_hidden=\u00bbno\u00bb tablet_bg_img_hidden=\u00bbno\u00bb woodmart_parallax=\u00bb0&#8243; woodmart_gradient_switch=\u00bbno\u00bb row_reverse_mobile=\u00bb0&#8243; row_reverse_tablet=\u00bb0&#8243; woodmart_disable_overflow=\u00bb0&#8243;] css=\u00bb.vc_custom_1629733167411{background-color: #f4f4f4 !important;border-radius: 5px !important;}\u00bb mobile_bg_img_hidden=\u00bbno\u00bb tablet_bg_img_hidden=\u00bbno\u00bb woodmart_parallax=\u00bb0&#8243; woodmart_sticky_column=\u00bbfalse\u00bb parallax_scroll=\u00bbno\u00bb mobile_reset_margin=\u00bbno\u00bb tablet_reset_margin=\u00bbno\u00bb]_text woodmart_inline=\u00bbno\u00bb text_larger=\u00bbno\u00bb]<\/p>\n<p style=\"text-align: center;\">Los productos publicados en el sitio son distribuimos bajo licenciamiento <a href=\"https:\/\/www.gnu.org\/licenses\/licenses.es.html\" target=\"_blank\" rel=\"noopener\" data-schema-attribute=\"\"><strong>GPL \/ GNU<\/strong><\/a>. Recuerda siempre revisar nuestros <strong><a href=\"https:\/\/wpclub.pro\/terminos-de-uso\/\" target=\"_blank\" rel=\"noopener\" data-schema-attribute=\"\">T\u00e9rminos de Uso<\/a><\/strong> y <strong><a href=\"https:\/\/wpclub.pro\/politica-de-privacidad\/\" target=\"_blank\" rel=\"noopener\" data-schema-attribute=\"\">Pol\u00edtica de Privacidad<\/a><\/strong>.<\/p>\n<p>[\/vc_column_text][\/vc_column][\/vc_row]<\/p>\n","protected":false},"excerpt":{"rendered":"<p>] css=\u00bb.vc_custom_1629733467375{margin-right: 15px !important;padding-top: 30px !important;padding-right: 30px !important;padding-bottom: 30px !important;padding-left: 30px !important;background-color: #f4f4f4 !important;border-radius: 5px !important;}\u00bb width=\u00bb1\/1&#8243; mobile_bg_img_hidden=\u00bbno\u00bb tablet_bg_img_hidden=\u00bbno\u00bb woodmart_parallax=\u00bb0&#8243;<\/p>","protected":false},"featured_media":31130,"comment_status":"closed","ping_status":"closed","template":"","meta":{"_acf_changed":false},"product_brand":[],"product_cat":[67],"product_tag":[128],"class_list":{"0":"post-31129","1":"product","2":"type-product","3":"status-publish","4":"has-post-thumbnail","6":"product_cat-wordpress-plugins","7":"product_tag-plugins-para-membresias-y-suscripciones","8":"pa_autores-paid-memberships-pro","10":"first","11":"instock","12":"sale","13":"downloadable","14":"virtual","15":"sold-individually","16":"purchasable","17":"product-type-simple"},"acf":[],"_links":{"self":[{"href":"https:\/\/wpclub.pro\/en\/wp-json\/wp\/v2\/product\/31129","targetHints":{"allow":["GET"]}}],"collection":[{"href":"https:\/\/wpclub.pro\/en\/wp-json\/wp\/v2\/product"}],"about":[{"href":"https:\/\/wpclub.pro\/en\/wp-json\/wp\/v2\/types\/product"}],"replies":[{"embeddable":true,"href":"https:\/\/wpclub.pro\/en\/wp-json\/wp\/v2\/comments?post=31129"}],"version-history":[{"count":0,"href":"https:\/\/wpclub.pro\/en\/wp-json\/wp\/v2\/product\/31129\/revisions"}],"wp:featuredmedia":[{"embeddable":true,"href":"https:\/\/wpclub.pro\/en\/wp-json\/wp\/v2\/media\/31130"}],"wp:attachment":[{"href":"https:\/\/wpclub.pro\/en\/wp-json\/wp\/v2\/media?parent=31129"}],"wp:term":[{"taxonomy":"product_brand","embeddable":true,"href":"https:\/\/wpclub.pro\/en\/wp-json\/wp\/v2\/product_brand?post=31129"},{"taxonomy":"product_cat","embeddable":true,"href":"https:\/\/wpclub.pro\/en\/wp-json\/wp\/v2\/product_cat?post=31129"},{"taxonomy":"product_tag","embeddable":true,"href":"https:\/\/wpclub.pro\/en\/wp-json\/wp\/v2\/product_tag?post=31129"}],"curies":[{"name":"wp","href":"https:\/\/api.w.org\/{rel}","templated":true}]}}