{"id":31156,"date":"2025-03-17T11:40:20","date_gmt":"2025-03-17T14:40:20","guid":{"rendered":"https:\/\/wpclub.pro\/?post_type=product&#038;p=31156"},"modified":"2025-03-17T11:42:23","modified_gmt":"2025-03-17T14:42:23","slug":"pmpro-payment-plans-addon","status":"publish","type":"product","link":"https:\/\/wpclub.pro\/en\/item\/pmpro-payment-plans-addon\/","title":{"rendered":"PMPRO Payment Plans Addon 0.5"},"content":{"rendered":"<div data-elementor-type=\"product-post\" data-elementor-id=\"31156\" class=\"elementor elementor-31156\" data-elementor-post-type=\"product\">\n\t\t\t\t<div class=\"wd-negative-gap elementor-element elementor-element-23276e27 e-flex e-con-boxed e-con e-parent\" data-id=\"23276e27\" data-element_type=\"container\" data-e-type=\"container\">\n\t\t\t\t\t<div class=\"e-con-inner\">\n\t\t\t\t<div class=\"elementor-element elementor-element-790d1f9 color-scheme-inherit text-left elementor-widget elementor-widget-text-editor\" data-id=\"790d1f9\" data-element_type=\"widget\" data-e-type=\"widget\" data-widget_type=\"text-editor.default\">\n\t\t\t\t<div class=\"elementor-widget-container\">\n\t\t\t\t\t\t\t\t\t<h2><strong>PMPRO Payment Plans Addon<\/strong><\/h2><p>Ofrezca diferentes estructuras de pago recurrente en el mismo nivel de membres\u00eda, como precios mensuales, trimestrales o anuales.\u00a0Los usuarios pueden seleccionar un plan de pago durante el proceso de pago.<\/p><h3><strong>C\u00f3mo funciona PMPRO Payment Plans Addon<\/strong><\/h3><p>PMPRO Payment Plans Addon le permite ofrecer m\u00e1s de una estructura de precios en el mismo nivel de membres\u00eda. M\u00faltiples estructuras de precios, como una opci\u00f3n mensual y anual\/anual, ayudan a que su membres\u00eda atraiga a una gama m\u00e1s amplia de posibles compradores.<\/p><p>Los planes de pago ayudan a los usuarios a hacer que los compromisos financieros sean menos intimidantes, lo que le permite lanzar una red m\u00e1s amplia a los miembros potenciales que desean un descuento por pagar anualmente o que prefieren una tarifa mensual m\u00e1s baja.\u00a0Al proporcionar un medio para que cualquier persona se convierta en miembro, independientemente de su presupuesto, aumenta las posibilidades de \u00e9xito de su sitio de membres\u00eda.<\/p><h3><strong>Diferentes opciones<\/strong><\/h3><p>Los planes de pago suelen ofrecer incentivos para las personas que se comprometan con una membres\u00eda a m\u00e1s largo plazo.\u00a0Un miembro puede elegir un costo inicial mayor que cubra el a\u00f1o completo de membres\u00eda, mientras que un miembro m\u00e1s conservador puede pagar pagos frecuentes y de menor precio que se suman a un pago mayor durante el a\u00f1o para usted.<\/p><p><strong>Sugerencia<\/strong>: no debe tener m\u00e1s de cuatro opciones de pago para que sus miembros elijan.\u00a0Idealmente, desea apuntar a tres opciones de pago para incluir en su plan de pago.<\/p><p>\u00a0<\/p><p>Adquiera ahora PMPRO Payment Plans Addon.<\/p>\t\t\t\t\t\t\t\t<\/div>\n\t\t\t\t<\/div>\n\t\t\t\t\t<\/div>\n\t\t\t\t<\/div>\n\t\t\t\t<\/div>","protected":false},"excerpt":{"rendered":"<p>PMPRO Payment Plans Addon Ofrezca diferentes estructuras de pago recurrente en el mismo nivel de membres\u00eda, como precios mensuales, trimestrales<\/p>","protected":false},"featured_media":71935,"comment_status":"closed","ping_status":"closed","template":"","meta":{"_acf_changed":false},"product_brand":[],"product_cat":[67],"product_tag":[128],"class_list":{"0":"post-31156","1":"product","2":"type-product","3":"status-publish","4":"has-post-thumbnail","6":"product_cat-wordpress-plugins","7":"product_tag-plugins-para-membresias-y-suscripciones","8":"pa_autores-paid-memberships-pro","10":"first","11":"instock","12":"sale","13":"downloadable","14":"virtual","15":"sold-individually","16":"purchasable","17":"product-type-simple"},"acf":[],"_links":{"self":[{"href":"https:\/\/wpclub.pro\/en\/wp-json\/wp\/v2\/product\/31156","targetHints":{"allow":["GET"]}}],"collection":[{"href":"https:\/\/wpclub.pro\/en\/wp-json\/wp\/v2\/product"}],"about":[{"href":"https:\/\/wpclub.pro\/en\/wp-json\/wp\/v2\/types\/product"}],"replies":[{"embeddable":true,"href":"https:\/\/wpclub.pro\/en\/wp-json\/wp\/v2\/comments?post=31156"}],"version-history":[{"count":0,"href":"https:\/\/wpclub.pro\/en\/wp-json\/wp\/v2\/product\/31156\/revisions"}],"wp:featuredmedia":[{"embeddable":true,"href":"https:\/\/wpclub.pro\/en\/wp-json\/wp\/v2\/media\/71935"}],"wp:attachment":[{"href":"https:\/\/wpclub.pro\/en\/wp-json\/wp\/v2\/media?parent=31156"}],"wp:term":[{"taxonomy":"product_brand","embeddable":true,"href":"https:\/\/wpclub.pro\/en\/wp-json\/wp\/v2\/product_brand?post=31156"},{"taxonomy":"product_cat","embeddable":true,"href":"https:\/\/wpclub.pro\/en\/wp-json\/wp\/v2\/product_cat?post=31156"},{"taxonomy":"product_tag","embeddable":true,"href":"https:\/\/wpclub.pro\/en\/wp-json\/wp\/v2\/product_tag?post=31156"}],"curies":[{"name":"wp","href":"https:\/\/api.w.org\/{rel}","templated":true}]}}