{"id":31536,"date":"2025-04-28T11:54:42","date_gmt":"2025-04-28T15:54:42","guid":{"rendered":"https:\/\/wpclub.pro\/?post_type=product&#038;p=31536"},"modified":"2025-04-28T11:56:28","modified_gmt":"2025-04-28T15:56:28","slug":"user-registration-email-templates-addon","status":"publish","type":"product","link":"https:\/\/wpclub.pro\/en\/item\/user-registration-email-templates-addon\/","title":{"rendered":"User Registration Email Templates Addon 1.2.3"},"content":{"rendered":"<div data-elementor-type=\"product-post\" data-elementor-id=\"31536\" class=\"elementor elementor-31536\" data-elementor-post-type=\"product\">\n\t\t\t\t<div class=\"wd-negative-gap elementor-element elementor-element-19370a14 e-flex e-con-boxed e-con e-parent\" data-id=\"19370a14\" data-element_type=\"container\" data-e-type=\"container\">\n\t\t\t\t\t<div class=\"e-con-inner\">\n\t\t\t\t<div class=\"elementor-element elementor-element-5677a36d color-scheme-inherit text-left elementor-widget elementor-widget-text-editor\" data-id=\"5677a36d\" data-element_type=\"widget\" data-e-type=\"widget\" data-widget_type=\"text-editor.default\">\n\t\t\t\t<div class=\"elementor-widget-container\">\n\t\t\t\t\t\t\t\t\t<h2><strong>User Registration Email Templates Addon<\/strong><\/h2><p>Con User Registration Email Templates Addon, Elija una plantilla de correo electr\u00f3nico o cree una plantilla de correo electr\u00f3nico personalizada con un personalizador f\u00e1cil de usar para cambiar la apariencia de sus correos electr\u00f3nicos de registro de usuario.<\/p><h3><strong>Cree plantillas de correo electr\u00f3nico con facilidad<\/strong><\/h3><p>Cree plantillas de correo electr\u00f3nico desde cero con un personalizador intuitivo o comience con las existentes con el complemento Plantillas de correo electr\u00f3nico.<\/p><ul><li><strong>Plantillas de correo electr\u00f3nico predise\u00f1adas<\/strong><br \/>Seleccione entre plantillas de correo electr\u00f3nico listas para usar y comience r\u00e1pidamente con sus campa\u00f1as de correo electr\u00f3nico. Personal\u00edcelos a\u00fan m\u00e1s para satisfacer sus necesidades espec\u00edficas.<\/li><li><strong>Incre\u00edbles opciones de personalizaci\u00f3n<\/strong><br \/>Personalice el CSS general, controlador, encabezado, cuerpo, pie de p\u00e1gina y CSS adicional con facilidad.<\/li><li><strong>Herramienta de personalizaci\u00f3n f\u00e1cil con vista previa en vivo<\/strong><br \/>Cambie varios componentes de dise\u00f1o como el tama\u00f1o de la fuente, el color de la fuente, el color de fondo, la imagen de fondo, el borde, el relleno, el margen, la alineaci\u00f3n, etc., en tiempo real para que fluya su creatividad.<\/li><li><strong>Anular contenido de correo electr\u00f3nico<\/strong><br \/>Anule el contenido de correo electr\u00f3nico predeterminado establecido para el complemento de registro de usuario para el formulario individual. Puede anular f\u00e1cilmente el contenido del correo electr\u00f3nico del administrador, en espera de la aprobaci\u00f3n del administrador, etc.<\/li><\/ul><p>Adquiera ahora User Registration Email Templates Addon.<\/p>\t\t\t\t\t\t\t\t<\/div>\n\t\t\t\t<\/div>\n\t\t\t\t\t<\/div>\n\t\t\t\t<\/div>\n\t\t\t\t<\/div>","protected":false},"excerpt":{"rendered":"<p>User Registration Email Templates Addon Con User Registration Email Templates Addon, Elija una plantilla de correo electr\u00f3nico o cree una<\/p>","protected":false},"featured_media":75724,"comment_status":"closed","ping_status":"closed","template":"","meta":{"_acf_changed":false},"product_brand":[],"product_cat":[67],"product_tag":[140],"class_list":{"0":"post-31536","1":"product","2":"type-product","3":"status-publish","4":"has-post-thumbnail","6":"product_cat-wordpress-plugins","7":"product_tag-plugins-para-perfiles-de-usuarios-y-accesos","8":"pa_autores-wpeverest","10":"first","11":"instock","12":"sale","13":"downloadable","14":"virtual","15":"sold-individually","16":"purchasable","17":"product-type-simple"},"acf":[],"_links":{"self":[{"href":"https:\/\/wpclub.pro\/en\/wp-json\/wp\/v2\/product\/31536","targetHints":{"allow":["GET"]}}],"collection":[{"href":"https:\/\/wpclub.pro\/en\/wp-json\/wp\/v2\/product"}],"about":[{"href":"https:\/\/wpclub.pro\/en\/wp-json\/wp\/v2\/types\/product"}],"replies":[{"embeddable":true,"href":"https:\/\/wpclub.pro\/en\/wp-json\/wp\/v2\/comments?post=31536"}],"version-history":[{"count":0,"href":"https:\/\/wpclub.pro\/en\/wp-json\/wp\/v2\/product\/31536\/revisions"}],"wp:featuredmedia":[{"embeddable":true,"href":"https:\/\/wpclub.pro\/en\/wp-json\/wp\/v2\/media\/75724"}],"wp:attachment":[{"href":"https:\/\/wpclub.pro\/en\/wp-json\/wp\/v2\/media?parent=31536"}],"wp:term":[{"taxonomy":"product_brand","embeddable":true,"href":"https:\/\/wpclub.pro\/en\/wp-json\/wp\/v2\/product_brand?post=31536"},{"taxonomy":"product_cat","embeddable":true,"href":"https:\/\/wpclub.pro\/en\/wp-json\/wp\/v2\/product_cat?post=31536"},{"taxonomy":"product_tag","embeddable":true,"href":"https:\/\/wpclub.pro\/en\/wp-json\/wp\/v2\/product_tag?post=31536"}],"curies":[{"name":"wp","href":"https:\/\/api.w.org\/{rel}","templated":true}]}}