{"id":31745,"date":"2023-07-19T13:42:39","date_gmt":"2023-07-19T17:42:39","guid":{"rendered":"https:\/\/wpclub.pro\/?post_type=product&#038;p=31745"},"modified":"2024-10-03T12:58:56","modified_gmt":"2024-10-03T15:58:56","slug":"vision-multipurpose-elementor-template-kit","status":"publish","type":"product","link":"https:\/\/wpclub.pro\/en\/item\/vision-multipurpose-elementor-template-kit\/","title":{"rendered":"Vision Multipurpose Elementor Template Kit"},"content":{"rendered":"<p>] css=\u00bb.vc_custom_1629733467375{margin-right: 15px !important;padding-top: 30px !important;padding-right: 30px !important;padding-bottom: 30px !important;padding-left: 30px !important;background-color: #f4f4f4 !important;border-radius: 5px !important;}\u00bb width=\u00bb1\/1&#8243; mobile_bg_img_hidden=\u00bbno\u00bb tablet_bg_img_hidden=\u00bbno\u00bb woodmart_parallax=\u00bb0&#8243; woodmart_sticky_column=\u00bbfalse\u00bb parallax_scroll=\u00bbno\u00bb mobile_reset_margin=\u00bbno\u00bb tablet_reset_margin=\u00bbno\u00bb]_text woodmart_inline=\u00bbno\u00bb text_larger=\u00bbno\u00bb]<\/p>\n<h2>Vision Multipurpose Elementor Template Kit<\/h2>\n<p>&nbsp;<\/p>\n<p>Vision Multipurpose Elementor Template Kit\u00a0es un impresionante kit de plantillas de Elementor adecuado para cualquier sitio web basado en servicios. Puede personalizar esta plantilla f\u00e1cilmente con Elementor Page Builder, simplemente arrastre y suelte elementos y no se requiere actividad de codificaci\u00f3n.<\/p>\n<p>Vision Multipurpose Elementor Template Kit\u00a0 contiene m\u00e1s de 12 p\u00e1ginas, viene con un dise\u00f1o limpio y moderno, cuidadosamente elaborado en cada p\u00e1gina y secci\u00f3n para asegurarse de que tenga un buen dise\u00f1o.<\/p>\n<p>Vision est\u00e1 dise\u00f1ado para adaptarse a varias proporciones de dispositivos, lo que brindar\u00e1 una buena capacidad de respuesta.<\/p>\n<h3>Caracter\u00edsticas de Vision Multipurpose Elementor Template Kit<\/h3>\n<ul>\n<li>11+ p\u00e1ginas<\/li>\n<li>Disposici\u00f3n Responsive<\/li>\n<li>F\u00e1cil de editar con Elementor Page Builder<\/li>\n<li>Pr\u00f3ximas actualizaciones gratuitas<\/li>\n<li>Estilo visual limpio y moderno.<\/li>\n<\/ul>\n<h3>Plugins Necesarios para Vision Multipurpose Elementor Template Kit<\/h3>\n<ul>\n<li>ElementsKit Lite<\/li>\n<li>Elementor Header &amp; Footer Builder<\/li>\n<li>Envato Elements<\/li>\n<li>Premium Addons for Elementor<\/li>\n<\/ul>\n<h3>C\u00f3mo Utilizar Vision Multipurpose Elementor Template Kit<\/h3>\n<ul>\n<li>Descarga desde el repositorio de WordPress el plugin \u00abEnvato Elements\u00bb o \u201cTemplate Kit Import\u201d.<\/li>\n<li>Importa tu Elementor Template Kit adquirido.<\/li>\n<li>Cargar los estilos globales y utiliza todo seg\u00fan desees al momento de crear una nueva p\u00e1gina.<\/li>\n<\/ul>\n<p>[\/vc_column_text][\/vc_column][\/vc_row] css=\u00bb.vc_custom_1629733150529{margin-top: 30px !important;}\u00bb mobile_bg_img_hidden=\u00bbno\u00bb tablet_bg_img_hidden=\u00bbno\u00bb woodmart_parallax=\u00bb0&#8243; woodmart_gradient_switch=\u00bbno\u00bb row_reverse_mobile=\u00bb0&#8243; row_reverse_tablet=\u00bb0&#8243; woodmart_disable_overflow=\u00bb0&#8243;] css=\u00bb.vc_custom_1629733167411{background-color: #f4f4f4 !important;border-radius: 5px !important;}\u00bb mobile_bg_img_hidden=\u00bbno\u00bb tablet_bg_img_hidden=\u00bbno\u00bb woodmart_parallax=\u00bb0&#8243; woodmart_sticky_column=\u00bbfalse\u00bb parallax_scroll=\u00bbno\u00bb mobile_reset_margin=\u00bbno\u00bb tablet_reset_margin=\u00bbno\u00bb]_text woodmart_inline=\u00bbno\u00bb text_larger=\u00bbno\u00bb]<\/p>\n<p style=\"text-align: center;\">Los productos publicados en el sitio son distribuimos bajo licenciamiento <a href=\"https:\/\/www.gnu.org\/licenses\/licenses.es.html\" target=\"_blank\" rel=\"noopener\" data-schema-attribute=\"\"><strong>GPL \/ GNU<\/strong><\/a>. Recuerda siempre revisar nuestros <strong><a href=\"https:\/\/wpclub.pro\/terminos-de-uso\/\" target=\"_blank\" rel=\"noopener\" data-schema-attribute=\"\">T\u00e9rminos de Uso<\/a><\/strong> y <strong><a href=\"https:\/\/wpclub.pro\/politica-de-privacidad\/\" target=\"_blank\" rel=\"noopener\" data-schema-attribute=\"\">Pol\u00edtica de Privacidad<\/a><\/strong>.<\/p>\n<p>[\/vc_column_text][\/vc_column][\/vc_row]<\/p>\n","protected":false},"excerpt":{"rendered":"<p>] css=\u00bb.vc_custom_1629733467375{margin-right: 15px !important;padding-top: 30px !important;padding-right: 30px !important;padding-bottom: 30px !important;padding-left: 30px !important;background-color: #f4f4f4 !important;border-radius: 5px !important;}\u00bb width=\u00bb1\/1&#8243; mobile_bg_img_hidden=\u00bbno\u00bb tablet_bg_img_hidden=\u00bbno\u00bb woodmart_parallax=\u00bb0&#8243;<\/p>","protected":false},"featured_media":31746,"comment_status":"closed","ping_status":"closed","template":"","meta":{"_acf_changed":false},"product_brand":[],"product_cat":[457],"product_tag":[499],"class_list":{"0":"post-31745","1":"product","2":"type-product","3":"status-publish","4":"has-post-thumbnail","6":"product_cat-elementor-template-kit","7":"product_tag-temas-para-servicios-profesionales","8":"pa_autores-themeforest","10":"first","11":"instock","12":"sale","13":"downloadable","14":"virtual","15":"sold-individually","16":"purchasable","17":"product-type-simple"},"acf":[],"_links":{"self":[{"href":"https:\/\/wpclub.pro\/en\/wp-json\/wp\/v2\/product\/31745","targetHints":{"allow":["GET"]}}],"collection":[{"href":"https:\/\/wpclub.pro\/en\/wp-json\/wp\/v2\/product"}],"about":[{"href":"https:\/\/wpclub.pro\/en\/wp-json\/wp\/v2\/types\/product"}],"replies":[{"embeddable":true,"href":"https:\/\/wpclub.pro\/en\/wp-json\/wp\/v2\/comments?post=31745"}],"version-history":[{"count":0,"href":"https:\/\/wpclub.pro\/en\/wp-json\/wp\/v2\/product\/31745\/revisions"}],"wp:featuredmedia":[{"embeddable":true,"href":"https:\/\/wpclub.pro\/en\/wp-json\/wp\/v2\/media\/31746"}],"wp:attachment":[{"href":"https:\/\/wpclub.pro\/en\/wp-json\/wp\/v2\/media?parent=31745"}],"wp:term":[{"taxonomy":"product_brand","embeddable":true,"href":"https:\/\/wpclub.pro\/en\/wp-json\/wp\/v2\/product_brand?post=31745"},{"taxonomy":"product_cat","embeddable":true,"href":"https:\/\/wpclub.pro\/en\/wp-json\/wp\/v2\/product_cat?post=31745"},{"taxonomy":"product_tag","embeddable":true,"href":"https:\/\/wpclub.pro\/en\/wp-json\/wp\/v2\/product_tag?post=31745"}],"curies":[{"name":"wp","href":"https:\/\/api.w.org\/{rel}","templated":true}]}}