{"id":32194,"date":"2023-08-02T13:45:19","date_gmt":"2023-08-02T17:45:19","guid":{"rendered":"https:\/\/wpclub.pro\/?post_type=product&#038;p=32194"},"modified":"2025-08-21T12:15:41","modified_gmt":"2025-08-21T16:15:41","slug":"aports-single-property-elementor-template-kit","status":"publish","type":"product","link":"https:\/\/wpclub.pro\/en\/item\/aports-single-property-elementor-template-kit\/","title":{"rendered":"Aports Single Property Elementor Template Kit"},"content":{"rendered":"<p>] css=\u00bb.vc_custom_1629733467375{margin-right: 15px !important;padding-top: 30px !important;padding-right: 30px !important;padding-bottom: 30px !important;padding-left: 30px !important;background-color: #f4f4f4 !important;border-radius: 5px !important;}\u00bb width=\u00bb1\/1&#8243; mobile_bg_img_hidden=\u00bbno\u00bb tablet_bg_img_hidden=\u00bbno\u00bb woodmart_parallax=\u00bb0&#8243; woodmart_sticky_column=\u00bbfalse\u00bb parallax_scroll=\u00bbno\u00bb mobile_reset_margin=\u00bbno\u00bb tablet_reset_margin=\u00bbno\u00bb]_text woodmart_inline=\u00bbno\u00bb text_larger=\u00bbno\u00bb]<\/p>\n<h2>Aports Single Property Elementor Template Kit<\/h2>\n<p>&nbsp;<\/p>\n<p>Aports: el kit de plantilla de propiedad \u00fanica es un kit de plantilla de Elementor moderno y limpio, ideal para alquilar y vender propiedades, propiedades individuales, complejos, alquileres de edificios, apartamentos, exhibici\u00f3n de propiedades y todos los sitios web de edificios, villas y granjas.<\/p>\n<p>Aports es una plantilla espec\u00edfica para resaltar y publicitar una propiedad o listado de bienes ra\u00edces. La plantilla a menudo se crea con una est\u00e9tica de dise\u00f1o limpia y moderna, e incluye una gran cantidad de herramientas y funciones que simplifican la visualizaci\u00f3n de fotograf\u00edas de propiedades y otros detalles clave.<\/p>\n<h3>Caracter\u00edsticas de Aports Single Property Elementor Template Kit<\/h3>\n<ul>\n<li>03 P\u00e1gina de inicio \u00fanica<\/li>\n<li>Propiedad individual y apartamento<\/li>\n<li>Sin conocimiento de codificaci\u00f3n<\/li>\n<li>Completamente con la versi\u00f3n gratuita de Elementor (no se requiere Elementor Pro)<\/li>\n<li>Creador de encabezado y pie de p\u00e1gina incluido<\/li>\n<li>Estilo \u00fanico y moderno.<\/li>\n<li>Dise\u00f1o s\u00faper claro y limpio<\/li>\n<li>Compatible con varios navegadores<\/li>\n<li>Publicar widget<\/li>\n<li>Carrusel Slide Box (Crear controles deslizantes con cualquier cosa)<\/li>\n<li>Ultra Sensible y Retina Ready<\/li>\n<li>Compatible con la mayor\u00eda de los temas de WordPress<\/li>\n<li>Optimizado para motores de b\u00fasqueda<\/li>\n<\/ul>\n<h3>Plugins Necesarios para Aports Single Property Elementor Template Kit<\/h3>\n<ul>\n<li>Elementor<\/li>\n<li>Themesflat Addons For Elementor<\/li>\n<li>MetForm<\/li>\n<li>ElementsKit Lite<\/li>\n<li>Happy Elementor Addons<\/li>\n<\/ul>\n<h3>C\u00f3mo Utilizar Aports Single Property Elementor Template Kit<\/h3>\n<ul>\n<li>Descarga desde el repositorio de WordPress el plugin \u00abEnvato Elements\u00bb o \u201cTemplate Kit Import\u201d.<\/li>\n<li>Importa tu Elementor Template Kit adquirido.<\/li>\n<li>Cargar los estilos globales y utiliza todo seg\u00fan desees al momento de crear una nueva p\u00e1gina.<\/li>\n<\/ul>\n<p>[\/vc_column_text][\/vc_column][\/vc_row] css=\u00bb.vc_custom_1629733150529{margin-top: 30px !important;}\u00bb mobile_bg_img_hidden=\u00bbno\u00bb tablet_bg_img_hidden=\u00bbno\u00bb woodmart_parallax=\u00bb0&#8243; woodmart_gradient_switch=\u00bbno\u00bb row_reverse_mobile=\u00bb0&#8243; row_reverse_tablet=\u00bb0&#8243; woodmart_disable_overflow=\u00bb0&#8243;] css=\u00bb.vc_custom_1629733167411{background-color: #f4f4f4 !important;border-radius: 5px !important;}\u00bb mobile_bg_img_hidden=\u00bbno\u00bb tablet_bg_img_hidden=\u00bbno\u00bb woodmart_parallax=\u00bb0&#8243; woodmart_sticky_column=\u00bbfalse\u00bb parallax_scroll=\u00bbno\u00bb mobile_reset_margin=\u00bbno\u00bb tablet_reset_margin=\u00bbno\u00bb]_text woodmart_inline=\u00bbno\u00bb text_larger=\u00bbno\u00bb]<\/p>\n<p style=\"text-align: center;\">Los productos publicados en el sitio son distribuimos bajo licenciamiento <a href=\"https:\/\/www.gnu.org\/licenses\/licenses.es.html\" target=\"_blank\" rel=\"noopener\" data-schema-attribute=\"\"><strong>GPL \/ GNU<\/strong><\/a>. Recuerda siempre revisar nuestros <strong><a href=\"https:\/\/wpclub.pro\/terminos-de-uso\/\" target=\"_blank\" rel=\"noopener\" data-schema-attribute=\"\">T\u00e9rminos de Uso<\/a><\/strong> y <strong><a href=\"https:\/\/wpclub.pro\/politica-de-privacidad\/\" target=\"_blank\" rel=\"noopener\" data-schema-attribute=\"\">Pol\u00edtica de Privacidad<\/a><\/strong>.<\/p>\n<p>[\/vc_column_text][\/vc_column][\/vc_row]<\/p>\n","protected":false},"excerpt":{"rendered":"<p>] css=\u00bb.vc_custom_1629733467375{margin-right: 15px !important;padding-top: 30px !important;padding-right: 30px !important;padding-bottom: 30px !important;padding-left: 30px !important;background-color: #f4f4f4 !important;border-radius: 5px !important;}\u00bb width=\u00bb1\/1&#8243; mobile_bg_img_hidden=\u00bbno\u00bb tablet_bg_img_hidden=\u00bbno\u00bb woodmart_parallax=\u00bb0&#8243;<\/p>","protected":false},"featured_media":32195,"comment_status":"closed","ping_status":"closed","template":"","meta":{"_acf_changed":false},"product_brand":[],"product_cat":[457],"product_tag":[553],"class_list":{"0":"post-32194","1":"product","2":"type-product","3":"status-publish","4":"has-post-thumbnail","6":"product_cat-elementor-template-kit","7":"product_tag-temas-para-construccion-y-bienes-raices","8":"pa_autores-themeforest","10":"first","11":"instock","12":"sale","13":"downloadable","14":"virtual","15":"sold-individually","16":"purchasable","17":"product-type-simple"},"acf":[],"_links":{"self":[{"href":"https:\/\/wpclub.pro\/en\/wp-json\/wp\/v2\/product\/32194","targetHints":{"allow":["GET"]}}],"collection":[{"href":"https:\/\/wpclub.pro\/en\/wp-json\/wp\/v2\/product"}],"about":[{"href":"https:\/\/wpclub.pro\/en\/wp-json\/wp\/v2\/types\/product"}],"replies":[{"embeddable":true,"href":"https:\/\/wpclub.pro\/en\/wp-json\/wp\/v2\/comments?post=32194"}],"version-history":[{"count":0,"href":"https:\/\/wpclub.pro\/en\/wp-json\/wp\/v2\/product\/32194\/revisions"}],"wp:featuredmedia":[{"embeddable":true,"href":"https:\/\/wpclub.pro\/en\/wp-json\/wp\/v2\/media\/32195"}],"wp:attachment":[{"href":"https:\/\/wpclub.pro\/en\/wp-json\/wp\/v2\/media?parent=32194"}],"wp:term":[{"taxonomy":"product_brand","embeddable":true,"href":"https:\/\/wpclub.pro\/en\/wp-json\/wp\/v2\/product_brand?post=32194"},{"taxonomy":"product_cat","embeddable":true,"href":"https:\/\/wpclub.pro\/en\/wp-json\/wp\/v2\/product_cat?post=32194"},{"taxonomy":"product_tag","embeddable":true,"href":"https:\/\/wpclub.pro\/en\/wp-json\/wp\/v2\/product_tag?post=32194"}],"curies":[{"name":"wp","href":"https:\/\/api.w.org\/{rel}","templated":true}]}}