{"id":32216,"date":"2023-08-03T13:15:01","date_gmt":"2023-08-03T17:15:01","guid":{"rendered":"https:\/\/wpclub.pro\/?post_type=product&#038;p=32216"},"modified":"2025-08-21T13:59:40","modified_gmt":"2025-08-21T17:59:40","slug":"arcatec-architecture-wordpress-theme","status":"publish","type":"product","link":"https:\/\/wpclub.pro\/en\/item\/arcatec-architecture-wordpress-theme\/","title":{"rendered":"Arcatec Architecture WordPress Theme 1.0.1"},"content":{"rendered":"<p>] css=\u00bb.vc_custom_1629733467375{margin-right: 15px !important;padding-top: 30px !important;padding-right: 30px !important;padding-bottom: 30px !important;padding-left: 30px !important;background-color: #f4f4f4 !important;border-radius: 5px !important;}\u00bb width=\u00bb1\/1&#8243; mobile_bg_img_hidden=\u00bbno\u00bb tablet_bg_img_hidden=\u00bbno\u00bb woodmart_parallax=\u00bb0&#8243; woodmart_sticky_column=\u00bbfalse\u00bb parallax_scroll=\u00bbno\u00bb mobile_reset_margin=\u00bbno\u00bb tablet_reset_margin=\u00bbno\u00bb]_text woodmart_inline=\u00bbno\u00bb text_larger=\u00bbno\u00bb]<\/p>\n<h2><strong>Arcatec Architecture WordPress Theme<\/strong><\/h2>\n<p>&nbsp;<\/p>\n<p>Arcatec Architecture WordPress Theme: tema de WordPress para arquitectura e interiores adecuado para su agencia de arquitectura, escaparate de interiores, software, empresa de ingenier\u00eda de dise\u00f1o de interiores y sitio web de arquitectura. Puede usar Arcatec como una forma creativa de exhibir y promocionar su agencia de arquitectura, o su inicio, o ejecutar cualquier sitio web de agencia de dise\u00f1o de interiores.<\/p>\n<p>A los usuarios les encantar\u00e1 su sitio porque les brinda una experiencia de usuario \u00fanica con un aspecto limpio, moderno y moderno. Est\u00e1 construido de la manera que amas y te prometemos que dir\u00e1s \u00abWow, esto es incre\u00edble\u00bb despu\u00e9s de comprarlo.<\/p>\n<h3><strong>Lista completa de caracter\u00edsticas de Arcatec Architecture WordPress Theme<\/strong><\/h3>\n<ul>\n<li>100 % sensible a los fluidos: se adapta perfectamente a cualquier dispositivo<\/li>\n<li>Probado en dispositivos reales<\/li>\n<li>Dise\u00f1o Flexible<\/li>\n<li>Utilice nuestro dise\u00f1o de demostraci\u00f3n o cree su propia experiencia visualmente diferente utilizando la p\u00e1gina Arcatec y el backend rico en funciones.<\/li>\n<li>Barras laterales del blog<\/li>\n<li>retina optimizada<\/li>\n<li>Panel de administraci\u00f3n avanzado<\/li>\n<li>Importaci\u00f3n de demostraci\u00f3n, contenido y controles deslizantes<\/li>\n<li>v\u00ednculos sociales<\/li>\n<li>C\u00f3digo limpio y comentado<\/li>\n<li>Tipograf\u00eda avanzada<\/li>\n<li>Fuentes de Google: m\u00e1s de 600 familias de fuentes disponibles<\/li>\n<li>Plantillas de p\u00e1gina personalizadas<\/li>\n<li>Dise\u00f1o perfecto de p\u00edxeles<\/li>\n<li>Instalaci\u00f3n y configuraci\u00f3n r\u00e1pida y f\u00e1cil<\/li>\n<li>Localizable con archivos de traducci\u00f3n .pot<\/li>\n<li>P\u00e1ginas ilimitadas<\/li>\n<li>Widgets personalizados y panel de administraci\u00f3n inteligente para personalizaciones<\/li>\n<li>Formularios de contacto personalizables con soporte de Contact Form 7<\/li>\n<li>Compatibilidad entre navegadores<\/li>\n<li>Bien documentado y m\u00e1s\u2026.<\/li>\n<\/ul>\n<p>Adquiera ahora Arcatec Architecture WordPress Theme.[\/vc_column_text][\/vc_column][\/vc_row] css=\u00bb.vc_custom_1629733150529{margin-top: 30px !important;}\u00bb mobile_bg_img_hidden=\u00bbno\u00bb tablet_bg_img_hidden=\u00bbno\u00bb woodmart_parallax=\u00bb0&#8243; woodmart_gradient_switch=\u00bbno\u00bb row_reverse_mobile=\u00bb0&#8243; row_reverse_tablet=\u00bb0&#8243; woodmart_disable_overflow=\u00bb0&#8243;] css=\u00bb.vc_custom_1629733167411{background-color: #f4f4f4 !important;border-radius: 5px !important;}\u00bb mobile_bg_img_hidden=\u00bbno\u00bb tablet_bg_img_hidden=\u00bbno\u00bb woodmart_parallax=\u00bb0&#8243; woodmart_sticky_column=\u00bbfalse\u00bb parallax_scroll=\u00bbno\u00bb mobile_reset_margin=\u00bbno\u00bb tablet_reset_margin=\u00bbno\u00bb]_text woodmart_inline=\u00bbno\u00bb text_larger=\u00bbno\u00bb]<\/p>\n<p>Los productos publicados en el sitio son distribuimos bajo licenciamiento <a href=\"https:\/\/www.gnu.org\/licenses\/licenses.es.html\" target=\"_blank\" rel=\"noopener\" data-schema-attribute=\"\"><strong>GPL \/ GNU<\/strong><\/a>. Recuerda siempre revisar nuestros <strong><a href=\"https:\/\/wpclub.pro\/terminos-de-uso\/\" target=\"_blank\" rel=\"noopener\" data-schema-attribute=\"\">T\u00e9rminos de Uso<\/a><\/strong> y <strong><a href=\"https:\/\/wpclub.pro\/politica-de-privacidad\/\" target=\"_blank\" rel=\"noopener\" data-schema-attribute=\"\">Pol\u00edtica de Privacidad<\/a><\/strong>.<\/p>\n<p>[\/vc_column_text][\/vc_column][\/vc_row]<\/p>\n","protected":false},"excerpt":{"rendered":"<p>] css=\u00bb.vc_custom_1629733467375{margin-right: 15px !important;padding-top: 30px !important;padding-right: 30px !important;padding-bottom: 30px !important;padding-left: 30px !important;background-color: #f4f4f4 !important;border-radius: 5px !important;}\u00bb width=\u00bb1\/1&#8243; mobile_bg_img_hidden=\u00bbno\u00bb tablet_bg_img_hidden=\u00bbno\u00bb woodmart_parallax=\u00bb0&#8243;<\/p>","protected":false},"featured_media":32217,"comment_status":"closed","ping_status":"closed","template":"","meta":{"_acf_changed":false},"product_brand":[],"product_cat":[15],"product_tag":[553],"class_list":{"0":"post-32216","1":"product","2":"type-product","3":"status-publish","4":"has-post-thumbnail","6":"product_cat-wordpress-themes","7":"product_tag-temas-para-construccion-y-bienes-raices","8":"pa_autores-themeforest","10":"first","11":"instock","12":"sale","13":"downloadable","14":"virtual","15":"sold-individually","16":"purchasable","17":"product-type-simple"},"acf":[],"_links":{"self":[{"href":"https:\/\/wpclub.pro\/en\/wp-json\/wp\/v2\/product\/32216","targetHints":{"allow":["GET"]}}],"collection":[{"href":"https:\/\/wpclub.pro\/en\/wp-json\/wp\/v2\/product"}],"about":[{"href":"https:\/\/wpclub.pro\/en\/wp-json\/wp\/v2\/types\/product"}],"replies":[{"embeddable":true,"href":"https:\/\/wpclub.pro\/en\/wp-json\/wp\/v2\/comments?post=32216"}],"version-history":[{"count":0,"href":"https:\/\/wpclub.pro\/en\/wp-json\/wp\/v2\/product\/32216\/revisions"}],"wp:featuredmedia":[{"embeddable":true,"href":"https:\/\/wpclub.pro\/en\/wp-json\/wp\/v2\/media\/32217"}],"wp:attachment":[{"href":"https:\/\/wpclub.pro\/en\/wp-json\/wp\/v2\/media?parent=32216"}],"wp:term":[{"taxonomy":"product_brand","embeddable":true,"href":"https:\/\/wpclub.pro\/en\/wp-json\/wp\/v2\/product_brand?post=32216"},{"taxonomy":"product_cat","embeddable":true,"href":"https:\/\/wpclub.pro\/en\/wp-json\/wp\/v2\/product_cat?post=32216"},{"taxonomy":"product_tag","embeddable":true,"href":"https:\/\/wpclub.pro\/en\/wp-json\/wp\/v2\/product_tag?post=32216"}],"curies":[{"name":"wp","href":"https:\/\/api.w.org\/{rel}","templated":true}]}}