{"id":32724,"date":"2023-08-25T09:39:50","date_gmt":"2023-08-25T13:39:50","guid":{"rendered":"https:\/\/wpclub.pro\/?post_type=product&#038;p=32724"},"modified":"2024-10-03T12:54:14","modified_gmt":"2024-10-03T15:54:14","slug":"termosolar-maintenance-services-theme","status":"publish","type":"product","link":"https:\/\/wpclub.pro\/en\/item\/termosolar-maintenance-services-theme\/","title":{"rendered":"Termosolar Maintenance Services Theme 3.5"},"content":{"rendered":"<p>] css=\u00bb.vc_custom_1629733467375{margin-right: 15px !important;padding-top: 30px !important;padding-right: 30px !important;padding-bottom: 30px !important;padding-left: 30px !important;background-color: #f4f4f4 !important;border-radius: 5px !important;}\u00bb width=\u00bb1\/1&#8243; mobile_bg_img_hidden=\u00bbno\u00bb tablet_bg_img_hidden=\u00bbno\u00bb woodmart_parallax=\u00bb0&#8243; woodmart_sticky_column=\u00bbfalse\u00bb parallax_scroll=\u00bbno\u00bb mobile_reset_margin=\u00bbno\u00bb tablet_reset_margin=\u00bbno\u00bb]_text woodmart_inline=\u00bbno\u00bb text_larger=\u00bbno\u00bb]<\/p>\n<h2><strong>Termosolar Maintenance Services Theme<\/strong><\/h2>\n<p>&nbsp;<\/p>\n<p>Termosolar es un tema de WordPress WooCommerce bien dise\u00f1ado y completamente funcional para servicios de calefacci\u00f3n, refrigeraci\u00f3n, plomer\u00eda, instalaci\u00f3n el\u00e9ctrica y mantenimiento. Creamos todos los elementos, p\u00e1ginas y formularios necesarios para cualquier Sitio de Servicios de Mantenimiento. Empieza hoy con Termosolar y convierte a tus visitantes en clientes.<\/p>\n<h3><strong>Todas las caracter\u00edsticas de Termosolar Theme:<\/strong><\/h3>\n<ul>\n<li>Dise\u00f1o \u00fanico para cualquier sitio web de mantenimiento;<\/li>\n<li>Basado en la cuadr\u00edcula Bootstrap 3;<\/li>\n<li>Dise\u00f1o responsivo y listo para retina;<\/li>\n<li>Instalaci\u00f3n con un clic;<\/li>\n<li>Soporte RTL;<\/li>\n<li>Configuraci\u00f3n del tema Redux;<\/li>\n<li>Listo para WooCommerce;<\/li>\n<li>Compatibilidad entre navegadores (IE10+);<\/li>\n<li>Formulario de contacto 7;<\/li>\n<li>Creador de p\u00e1ginas de panader\u00eda WP;<\/li>\n<li>Complemento de tablas f\u00e1ciles;<\/li>\n<li>Complemento Mega Men\u00fa;<\/li>\n<li>3 p\u00e1ginas de inicio diferentes;<\/li>\n<li>Revoluci\u00f3n de los controles deslizantes;<\/li>\n<li>encabezados adhesivos;<\/li>\n<li>Men\u00fas desplegables y mega;<\/li>\n<li>3 variantes de p\u00e1ginas de Blog;<\/li>\n<li>4 variantes de p\u00e1ginas de Portafolio;<\/li>\n<li>C\u00f3digos cortos (carruseles, pesta\u00f1as, botones, acorde\u00f3n, secci\u00f3n de recorrido, botones, citas en bloque, tablas, cuadros de alerta, listas, formularios, testimonios, bloques de informaci\u00f3n, barra de progreso, tablas de precios, formularios, \u00edconos sociales, reproductores de audio y video, contadores, etc. );<\/li>\n<li>P\u00e1ginas de tipograf\u00eda y columnas;<\/li>\n<li>fuentes de Google;<\/li>\n<li>Fuentes de iconos;<\/li>\n<li>Fuentes de iconos personalizados para servicios;<\/li>\n<li>Galer\u00eda de Instagram;<\/li>\n<li>Diferentes bloques de informaci\u00f3n de servicios y testimonios;<\/li>\n<li>P\u00e1ginas adicionales: Acerca de, Carreras, Servicios, Descripci\u00f3n general de servicios, Equipo, Preguntas frecuentes, Programa de mantenimiento, Ofertas especiales y cupones, Contacto, Pr\u00f3ximamente p\u00e1gina;<\/li>\n<li>Formularios de contacto y programaci\u00f3n de citas;<\/li>\n<li>Formulario de suscripci\u00f3n al bolet\u00edn;<\/li>\n<li>Trabajando el bloque \u00abMe gusta en Facebook\u00bb;<\/li>\n<li>3 formularios principales completamente creados;<\/li>\n<li>Documentaci\u00f3n;<\/li>\n<\/ul>\n<p>&nbsp;<\/p>\n<p>Adquiera ahora Termosolar Maintenance Services Theme.[\/vc_column_text][\/vc_column][\/vc_row] css=\u00bb.vc_custom_1629733150529{margin-top: 30px !important;}\u00bb mobile_bg_img_hidden=\u00bbno\u00bb tablet_bg_img_hidden=\u00bbno\u00bb woodmart_parallax=\u00bb0&#8243; woodmart_gradient_switch=\u00bbno\u00bb row_reverse_mobile=\u00bb0&#8243; row_reverse_tablet=\u00bb0&#8243; woodmart_disable_overflow=\u00bb0&#8243;] css=\u00bb.vc_custom_1629733167411{background-color: #f4f4f4 !important;border-radius: 5px !important;}\u00bb mobile_bg_img_hidden=\u00bbno\u00bb tablet_bg_img_hidden=\u00bbno\u00bb woodmart_parallax=\u00bb0&#8243; woodmart_sticky_column=\u00bbfalse\u00bb parallax_scroll=\u00bbno\u00bb mobile_reset_margin=\u00bbno\u00bb tablet_reset_margin=\u00bbno\u00bb]_text woodmart_inline=\u00bbno\u00bb text_larger=\u00bbno\u00bb]<\/p>\n<p style=\"text-align: center;\">Los productos publicados en el sitio son distribuimos bajo licenciamiento <a href=\"https:\/\/www.gnu.org\/licenses\/licenses.es.html\" target=\"_blank\" rel=\"noopener\" data-schema-attribute=\"\"><strong>GPL \/ GNU<\/strong><\/a>. Recuerda siempre revisar nuestros <strong><a href=\"https:\/\/wpclub.pro\/terminos-de-uso\/\" target=\"_blank\" rel=\"noopener\" data-schema-attribute=\"\">T\u00e9rminos de Uso<\/a><\/strong> y <strong><a href=\"https:\/\/wpclub.pro\/politica-de-privacidad\/\" target=\"_blank\" rel=\"noopener\" data-schema-attribute=\"\">Pol\u00edtica de Privacidad<\/a><\/strong>.<\/p>\n<p>[\/vc_column_text][\/vc_column][\/vc_row]<\/p>\n","protected":false},"excerpt":{"rendered":"<p>] css=\u00bb.vc_custom_1629733467375{margin-right: 15px !important;padding-top: 30px !important;padding-right: 30px !important;padding-bottom: 30px !important;padding-left: 30px !important;background-color: #f4f4f4 !important;border-radius: 5px !important;}\u00bb width=\u00bb1\/1&#8243; mobile_bg_img_hidden=\u00bbno\u00bb tablet_bg_img_hidden=\u00bbno\u00bb woodmart_parallax=\u00bb0&#8243;<\/p>","protected":false},"featured_media":32725,"comment_status":"closed","ping_status":"closed","template":"","meta":{"_acf_changed":false},"product_brand":[],"product_cat":[15],"product_tag":[499],"class_list":{"0":"post-32724","1":"product","2":"type-product","3":"status-publish","4":"has-post-thumbnail","6":"product_cat-wordpress-themes","7":"product_tag-temas-para-servicios-profesionales","8":"pa_autores-themeforest","10":"first","11":"instock","12":"sale","13":"downloadable","14":"virtual","15":"sold-individually","16":"purchasable","17":"product-type-simple"},"acf":[],"_links":{"self":[{"href":"https:\/\/wpclub.pro\/en\/wp-json\/wp\/v2\/product\/32724","targetHints":{"allow":["GET"]}}],"collection":[{"href":"https:\/\/wpclub.pro\/en\/wp-json\/wp\/v2\/product"}],"about":[{"href":"https:\/\/wpclub.pro\/en\/wp-json\/wp\/v2\/types\/product"}],"replies":[{"embeddable":true,"href":"https:\/\/wpclub.pro\/en\/wp-json\/wp\/v2\/comments?post=32724"}],"version-history":[{"count":0,"href":"https:\/\/wpclub.pro\/en\/wp-json\/wp\/v2\/product\/32724\/revisions"}],"wp:featuredmedia":[{"embeddable":true,"href":"https:\/\/wpclub.pro\/en\/wp-json\/wp\/v2\/media\/32725"}],"wp:attachment":[{"href":"https:\/\/wpclub.pro\/en\/wp-json\/wp\/v2\/media?parent=32724"}],"wp:term":[{"taxonomy":"product_brand","embeddable":true,"href":"https:\/\/wpclub.pro\/en\/wp-json\/wp\/v2\/product_brand?post=32724"},{"taxonomy":"product_cat","embeddable":true,"href":"https:\/\/wpclub.pro\/en\/wp-json\/wp\/v2\/product_cat?post=32724"},{"taxonomy":"product_tag","embeddable":true,"href":"https:\/\/wpclub.pro\/en\/wp-json\/wp\/v2\/product_tag?post=32724"}],"curies":[{"name":"wp","href":"https:\/\/api.w.org\/{rel}","templated":true}]}}