{"id":32774,"date":"2023-08-28T11:09:44","date_gmt":"2023-08-28T15:09:44","guid":{"rendered":"https:\/\/wpclub.pro\/?post_type=product&#038;p=32774"},"modified":"2024-10-03T12:54:14","modified_gmt":"2024-10-03T15:54:14","slug":"ippsum-business-consulting-theme","status":"publish","type":"product","link":"https:\/\/wpclub.pro\/en\/item\/ippsum-business-consulting-theme\/","title":{"rendered":"Ippsum Business Consulting Theme 1.1.3"},"content":{"rendered":"<p>] css=\u00bb.vc_custom_1629733467375{margin-right: 15px !important;padding-top: 30px !important;padding-right: 30px !important;padding-bottom: 30px !important;padding-left: 30px !important;background-color: #f4f4f4 !important;border-radius: 5px !important;}\u00bb width=\u00bb1\/1&#8243; mobile_bg_img_hidden=\u00bbno\u00bb tablet_bg_img_hidden=\u00bbno\u00bb woodmart_parallax=\u00bb0&#8243; woodmart_sticky_column=\u00bbfalse\u00bb parallax_scroll=\u00bbno\u00bb mobile_reset_margin=\u00bbno\u00bb tablet_reset_margin=\u00bbno\u00bb]_text woodmart_inline=\u00bbno\u00bb text_larger=\u00bbno\u00bb]<\/p>\n<h2><strong>Ippsum Business Consulting Theme<\/strong><\/h2>\n<p>&nbsp;<\/p>\n<p>Ippsum es un tema de WordPress adecuado para diversos servicios empresariales y de consultor\u00eda, como consultor\u00eda empresarial, consultor\u00eda de marketing, consultor\u00eda publicitaria, asesores financieros, corredores de seguros, consultores de inversiones, servicios contables, consultor\u00eda de recursos humanos y relaciones p\u00fablicas, pero tambi\u00e9n para peque\u00f1as y medianas empresas y agencias. en el sector TI o similar.<\/p>\n<p>Ippsum ofrece un panel de opciones completo, transiciones de p\u00e1gina \u00fanicas y una tipograf\u00eda distintiva. Complemento de calculadora de costos personalizable altamente calificado que viene gratis con este tema. Tambi\u00e9n incluye Bold Timeline Lite, un complemento gratuito de WordPress. Este tema viene con muchas p\u00e1ginas internas predefinidas, pero puedes crear f\u00e1cilmente las tuyas propias con el r\u00e1pido creador de p\u00e1ginas en negrita.<\/p>\n<h3 id=\"item-description__general\"><strong>Caracter\u00edsticas de Ippsum Business Consulting Theme<\/strong><\/h3>\n<ul>\n<li>\u00daltima compatibilidad con WordPress<\/li>\n<li>C\u00f3digo limpio y bien organizado<\/li>\n<li>WordPress multisitio (WPMU) probado<\/li>\n<li>Child theme ready<\/li>\n<li>Opciones de tema impulsadas por el personalizador nativo de WordPress<\/li>\n<li>Traducci\u00f3n lista<\/li>\n<li>Soporte de una p\u00e1gina<\/li>\n<li>Navegadores compatibles: IE11, Firefox, Safari, Opera, Chrome, Edge<\/li>\n<li>Dise\u00f1o de respuesta<\/li>\n<li>Retina ready<\/li>\n<\/ul>\n<p>&nbsp;<\/p>\n<p>Adquiera ahora Ippsum Business Consulting Theme[\/vc_column_text][\/vc_column][\/vc_row] css=\u00bb.vc_custom_1629733150529{margin-top: 30px !important;}\u00bb mobile_bg_img_hidden=\u00bbno\u00bb tablet_bg_img_hidden=\u00bbno\u00bb woodmart_parallax=\u00bb0&#8243; woodmart_gradient_switch=\u00bbno\u00bb row_reverse_mobile=\u00bb0&#8243; row_reverse_tablet=\u00bb0&#8243; woodmart_disable_overflow=\u00bb0&#8243;] css=\u00bb.vc_custom_1629733167411{background-color: #f4f4f4 !important;border-radius: 5px !important;}\u00bb mobile_bg_img_hidden=\u00bbno\u00bb tablet_bg_img_hidden=\u00bbno\u00bb woodmart_parallax=\u00bb0&#8243; woodmart_sticky_column=\u00bbfalse\u00bb parallax_scroll=\u00bbno\u00bb mobile_reset_margin=\u00bbno\u00bb tablet_reset_margin=\u00bbno\u00bb]_text woodmart_inline=\u00bbno\u00bb text_larger=\u00bbno\u00bb]<\/p>\n<p style=\"text-align: center;\">Los productos publicados en el sitio son distribuimos bajo licenciamiento <a href=\"https:\/\/www.gnu.org\/licenses\/licenses.es.html\" target=\"_blank\" rel=\"noopener\" data-schema-attribute=\"\"><strong>GPL \/ GNU<\/strong><\/a>. Recuerda siempre revisar nuestros <strong><a href=\"https:\/\/wpclub.pro\/terminos-de-uso\/\" target=\"_blank\" rel=\"noopener\" data-schema-attribute=\"\">T\u00e9rminos de Uso<\/a><\/strong> y <strong><a href=\"https:\/\/wpclub.pro\/politica-de-privacidad\/\" target=\"_blank\" rel=\"noopener\" data-schema-attribute=\"\">Pol\u00edtica de Privacidad<\/a><\/strong>.<\/p>\n<p>[\/vc_column_text][\/vc_column][\/vc_row]<\/p>\n","protected":false},"excerpt":{"rendered":"<p>] css=\u00bb.vc_custom_1629733467375{margin-right: 15px !important;padding-top: 30px !important;padding-right: 30px !important;padding-bottom: 30px !important;padding-left: 30px !important;background-color: #f4f4f4 !important;border-radius: 5px !important;}\u00bb width=\u00bb1\/1&#8243; mobile_bg_img_hidden=\u00bbno\u00bb tablet_bg_img_hidden=\u00bbno\u00bb woodmart_parallax=\u00bb0&#8243;<\/p>","protected":false},"featured_media":32775,"comment_status":"closed","ping_status":"closed","template":"","meta":{"_acf_changed":false},"product_brand":[],"product_cat":[15],"product_tag":[143],"class_list":{"0":"post-32774","1":"product","2":"type-product","3":"status-publish","4":"has-post-thumbnail","6":"product_cat-wordpress-themes","7":"product_tag-temas-para-negocios-y-corporativos","8":"pa_autores-themeforest","10":"first","11":"instock","12":"sale","13":"downloadable","14":"virtual","15":"sold-individually","16":"purchasable","17":"product-type-simple"},"acf":[],"_links":{"self":[{"href":"https:\/\/wpclub.pro\/en\/wp-json\/wp\/v2\/product\/32774","targetHints":{"allow":["GET"]}}],"collection":[{"href":"https:\/\/wpclub.pro\/en\/wp-json\/wp\/v2\/product"}],"about":[{"href":"https:\/\/wpclub.pro\/en\/wp-json\/wp\/v2\/types\/product"}],"replies":[{"embeddable":true,"href":"https:\/\/wpclub.pro\/en\/wp-json\/wp\/v2\/comments?post=32774"}],"version-history":[{"count":0,"href":"https:\/\/wpclub.pro\/en\/wp-json\/wp\/v2\/product\/32774\/revisions"}],"wp:featuredmedia":[{"embeddable":true,"href":"https:\/\/wpclub.pro\/en\/wp-json\/wp\/v2\/media\/32775"}],"wp:attachment":[{"href":"https:\/\/wpclub.pro\/en\/wp-json\/wp\/v2\/media?parent=32774"}],"wp:term":[{"taxonomy":"product_brand","embeddable":true,"href":"https:\/\/wpclub.pro\/en\/wp-json\/wp\/v2\/product_brand?post=32774"},{"taxonomy":"product_cat","embeddable":true,"href":"https:\/\/wpclub.pro\/en\/wp-json\/wp\/v2\/product_cat?post=32774"},{"taxonomy":"product_tag","embeddable":true,"href":"https:\/\/wpclub.pro\/en\/wp-json\/wp\/v2\/product_tag?post=32774"}],"curies":[{"name":"wp","href":"https:\/\/api.w.org\/{rel}","templated":true}]}}