{"id":33322,"date":"2023-09-15T10:29:34","date_gmt":"2023-09-15T13:29:34","guid":{"rendered":"https:\/\/wpclub.pro\/?post_type=product&#038;p=33322"},"modified":"2025-09-15T14:28:09","modified_gmt":"2025-09-15T17:28:09","slug":"bwd-product-estimated-shipping-date","status":"publish","type":"product","link":"https:\/\/wpclub.pro\/en\/item\/bwd-product-estimated-shipping-date\/","title":{"rendered":"BWD Product Estimated Shipping Date 1.0"},"content":{"rendered":"<p>] css=\u00bb.vc_custom_1629733467375{margin-right: 15px !important;padding-top: 30px !important;padding-right: 30px !important;padding-bottom: 30px !important;padding-left: 30px !important;background-color: #f4f4f4 !important;border-radius: 5px !important;}\u00bb width=\u00bb1\/1&#8243; mobile_bg_img_hidden=\u00bbno\u00bb tablet_bg_img_hidden=\u00bbno\u00bb woodmart_parallax=\u00bb0&#8243; woodmart_sticky_column=\u00bbfalse\u00bb parallax_scroll=\u00bbno\u00bb mobile_reset_margin=\u00bbno\u00bb tablet_reset_margin=\u00bbno\u00bb]_text woodmart_inline=\u00bbno\u00bb text_larger=\u00bbno\u00bb]<\/p>\n<h2><strong>BWD Product Estimated Shipping Date<\/strong><\/h2>\n<p>&nbsp;<\/p>\n<p>Mejore su tienda WooCommerce con el complemento BWD Product Estimated Shipping Date. Impresione a los clientes con fechas de env\u00edo estimadas precisas basadas en datos en tiempo real. Personalice la visualizaci\u00f3n, calcule los tiempos de env\u00edo de forma din\u00e1mica y reduzca la incertidumbre. Aumente las conversiones, reduzca las consultas de soporte y aumente las ventas. \u00a1Pru\u00e9balo hoy!<\/p>\n<h3><strong>Principales caracter\u00edsticas de BWD Product Estimated Shipping Date<\/strong><\/h3>\n<ul>\n<li>Fecha estimada de env\u00edo por producto<\/li>\n<li>Mostrar la fecha de env\u00edo estimada en la p\u00e1gina de detalles del producto<\/li>\n<li>Mostrar la fecha de env\u00edo estimada en el carrito, en la p\u00e1gina de pago y de pedido<\/li>\n<li>Mostrar la fecha de env\u00edo estimada en el correo electr\u00f3nico del pedido<\/li>\n<li>Opci\u00f3n de mensaje de motivo personalizado<\/li>\n<li>Imagen compatible<\/li>\n<li>F\u00e1cil de usar: no se requiere codificaci\u00f3n<\/li>\n<li>Responsivo y compatible con SEO<\/li>\n<li>C\u00f3digo limpio y optimizado<\/li>\n<li>Archivo pot incluido para una traducci\u00f3n r\u00e1pida en cualquier idioma<\/li>\n<li>Compatibilidad entre navegadores<\/li>\n<li>Codificaci\u00f3n de validaci\u00f3n W3C<\/li>\n<li>Bien documentada<\/li>\n<li>Compatible con la \u00faltima versi\u00f3n de WordPress<\/li>\n<\/ul>\n<p>&nbsp;<\/p>\n<p>Adquiera ahora BWD Product Estimated Shipping Date.[\/vc_column_text][\/vc_column][\/vc_row] css=\u00bb.vc_custom_1629733150529{margin-top: 30px !important;}\u00bb mobile_bg_img_hidden=\u00bbno\u00bb tablet_bg_img_hidden=\u00bbno\u00bb woodmart_parallax=\u00bb0&#8243; woodmart_gradient_switch=\u00bbno\u00bb row_reverse_mobile=\u00bb0&#8243; row_reverse_tablet=\u00bb0&#8243; woodmart_disable_overflow=\u00bb0&#8243;] css=\u00bb.vc_custom_1629733167411{background-color: #f4f4f4 !important;border-radius: 5px !important;}\u00bb mobile_bg_img_hidden=\u00bbno\u00bb tablet_bg_img_hidden=\u00bbno\u00bb woodmart_parallax=\u00bb0&#8243; woodmart_sticky_column=\u00bbfalse\u00bb parallax_scroll=\u00bbno\u00bb mobile_reset_margin=\u00bbno\u00bb tablet_reset_margin=\u00bbno\u00bb]_text woodmart_inline=\u00bbno\u00bb text_larger=\u00bbno\u00bb]<\/p>\n<p style=\"text-align: center;\">Los productos publicados en el sitio son distribuimos bajo licenciamiento <a href=\"https:\/\/www.gnu.org\/licenses\/licenses.es.html\" target=\"_blank\" rel=\"noopener\" data-schema-attribute=\"\"><strong>GPL \/ GNU<\/strong><\/a>. Recuerda siempre revisar nuestros <strong><a href=\"https:\/\/wpclub.pro\/terminos-de-uso\/\" target=\"_blank\" rel=\"noopener\" data-schema-attribute=\"\">T\u00e9rminos de Uso<\/a><\/strong> y <strong><a href=\"https:\/\/wpclub.pro\/politica-de-privacidad\/\" target=\"_blank\" rel=\"noopener\" data-schema-attribute=\"\">Pol\u00edtica de Privacidad<\/a><\/strong>.<\/p>\n<p>[\/vc_column_text][\/vc_column][\/vc_row]<\/p>\n","protected":false},"excerpt":{"rendered":"<p>] css=\u00bb.vc_custom_1629733467375{margin-right: 15px !important;padding-top: 30px !important;padding-right: 30px !important;padding-bottom: 30px !important;padding-left: 30px !important;background-color: #f4f4f4 !important;border-radius: 5px !important;}\u00bb width=\u00bb1\/1&#8243; mobile_bg_img_hidden=\u00bbno\u00bb tablet_bg_img_hidden=\u00bbno\u00bb woodmart_parallax=\u00bb0&#8243;<\/p>","protected":false},"featured_media":33323,"comment_status":"closed","ping_status":"closed","template":"","meta":{"_acf_changed":false},"product_brand":[],"product_cat":[67],"product_tag":[417],"class_list":{"0":"post-33322","1":"product","2":"type-product","3":"status-publish","4":"has-post-thumbnail","6":"product_cat-wordpress-plugins","7":"product_tag-plugins-para-envios-y-delivery","8":"pa_autores-bestwpdeveloper","10":"first","11":"instock","12":"sale","13":"downloadable","14":"virtual","15":"sold-individually","16":"purchasable","17":"product-type-simple"},"acf":[],"_links":{"self":[{"href":"https:\/\/wpclub.pro\/en\/wp-json\/wp\/v2\/product\/33322","targetHints":{"allow":["GET"]}}],"collection":[{"href":"https:\/\/wpclub.pro\/en\/wp-json\/wp\/v2\/product"}],"about":[{"href":"https:\/\/wpclub.pro\/en\/wp-json\/wp\/v2\/types\/product"}],"replies":[{"embeddable":true,"href":"https:\/\/wpclub.pro\/en\/wp-json\/wp\/v2\/comments?post=33322"}],"version-history":[{"count":0,"href":"https:\/\/wpclub.pro\/en\/wp-json\/wp\/v2\/product\/33322\/revisions"}],"wp:featuredmedia":[{"embeddable":true,"href":"https:\/\/wpclub.pro\/en\/wp-json\/wp\/v2\/media\/33323"}],"wp:attachment":[{"href":"https:\/\/wpclub.pro\/en\/wp-json\/wp\/v2\/media?parent=33322"}],"wp:term":[{"taxonomy":"product_brand","embeddable":true,"href":"https:\/\/wpclub.pro\/en\/wp-json\/wp\/v2\/product_brand?post=33322"},{"taxonomy":"product_cat","embeddable":true,"href":"https:\/\/wpclub.pro\/en\/wp-json\/wp\/v2\/product_cat?post=33322"},{"taxonomy":"product_tag","embeddable":true,"href":"https:\/\/wpclub.pro\/en\/wp-json\/wp\/v2\/product_tag?post=33322"}],"curies":[{"name":"wp","href":"https:\/\/api.w.org\/{rel}","templated":true}]}}