{"id":33524,"date":"2023-09-20T14:41:09","date_gmt":"2023-09-20T17:41:09","guid":{"rendered":"https:\/\/wpclub.pro\/?post_type=product&#038;p=33524"},"modified":"2024-10-03T12:54:11","modified_gmt":"2024-10-03T15:54:11","slug":"mibooz-agency-elementor-template-kit","status":"publish","type":"product","link":"https:\/\/wpclub.pro\/en\/item\/mibooz-agency-elementor-template-kit\/","title":{"rendered":"Mibooz Agency Elementor Template Kit"},"content":{"rendered":"<p>] css=\u00bb.vc_custom_1629733467375{margin-right: 15px !important;padding-top: 30px !important;padding-right: 30px !important;padding-bottom: 30px !important;padding-left: 30px !important;background-color: #f4f4f4 !important;border-radius: 5px !important;}\u00bb width=\u00bb1\/1&#8243; mobile_bg_img_hidden=\u00bbno\u00bb tablet_bg_img_hidden=\u00bbno\u00bb woodmart_parallax=\u00bb0&#8243; woodmart_sticky_column=\u00bbfalse\u00bb parallax_scroll=\u00bbno\u00bb mobile_reset_margin=\u00bbno\u00bb tablet_reset_margin=\u00bbno\u00bb]_text woodmart_inline=\u00bbno\u00bb text_larger=\u00bbno\u00bb]<\/p>\n<h2>Mibooz Agency Elementor Template Kit<\/h2>\n<p>&nbsp;<\/p>\n<p>Mibooz: Creative Agency Template Kit es un kit de plantilla de Elementor moderno y limpio, ideal para todas las agencias, ya sea una agencia de negocios, una agencia web, un profesional independiente, una agencia de cartera, una empresa de dise\u00f1o web, un dise\u00f1ador web, marketing digital o cualquier tipo de sitio web de agencia de dise\u00f1o y negocios<\/p>\n<p>Est\u00e1 creado con una est\u00e9tica de dise\u00f1o limpia y moderna, e incluye una gran cantidad de herramientas y funciones que simplifican la exhibici\u00f3n de sus servicios, la presentaci\u00f3n de su talentoso equipo y la exhibici\u00f3n de sus mejores proyectos.<\/p>\n<h3>Caracter\u00edsticas de Mibooz Agency Elementor Template Kit<\/h3>\n<ul>\n<li>03 P\u00e1gina de inicio \u00fanica<\/li>\n<li>Agencia de Dise\u00f1o Web y Marketing Digital<\/li>\n<li>Sin conocimiento de codificaci\u00f3n<\/li>\n<li>Completamente con la versi\u00f3n gratuita de Elementor (no se requiere Elementor Pro)<\/li>\n<li>Creador de encabezado y pie de p\u00e1gina incluido<\/li>\n<li>Estilo \u00fanico y moderno.<\/li>\n<li>Dise\u00f1o s\u00faper claro y limpio<\/li>\n<li>Compatible con varios navegadores<\/li>\n<li>Publicar widget<\/li>\n<li>Carrusel Slide Box (Crear controles deslizantes con cualquier cosa)<\/li>\n<li>Ultra Sensible y Retina Ready<\/li>\n<li>Compatible con la mayor\u00eda de los temas de WordPress<\/li>\n<li>Optimizado para motores de b\u00fasqueda<\/li>\n<\/ul>\n<h3>Plugins Necesarios para Mibooz Agency Elementor Template Kit<\/h3>\n<ul>\n<li>Elementor<\/li>\n<li>Themesflat Addons For Elementor<\/li>\n<li>MetForm<\/li>\n<li>ElementsKit Lite<\/li>\n<\/ul>\n<h3>C\u00f3mo Utilizar Mibooz Agency Elementor Template Kit<\/h3>\n<ul>\n<li>Descarga desde el repositorio de WordPress el plugin \u00abEnvato Elements\u00bb o \u201cTemplate Kit Import\u201d.<\/li>\n<li>Importa tu Elementor Template Kit adquirido.<\/li>\n<li>Cargar los estilos globales y utiliza todo seg\u00fan desees al momento de crear una nueva p\u00e1gina.<\/li>\n<\/ul>\n<p>[\/vc_column_text][\/vc_column][\/vc_row] css=\u00bb.vc_custom_1629733150529{margin-top: 30px !important;}\u00bb mobile_bg_img_hidden=\u00bbno\u00bb tablet_bg_img_hidden=\u00bbno\u00bb woodmart_parallax=\u00bb0&#8243; woodmart_gradient_switch=\u00bbno\u00bb row_reverse_mobile=\u00bb0&#8243; row_reverse_tablet=\u00bb0&#8243; woodmart_disable_overflow=\u00bb0&#8243;] css=\u00bb.vc_custom_1629733167411{background-color: #f4f4f4 !important;border-radius: 5px !important;}\u00bb mobile_bg_img_hidden=\u00bbno\u00bb tablet_bg_img_hidden=\u00bbno\u00bb woodmart_parallax=\u00bb0&#8243; woodmart_sticky_column=\u00bbfalse\u00bb parallax_scroll=\u00bbno\u00bb mobile_reset_margin=\u00bbno\u00bb tablet_reset_margin=\u00bbno\u00bb]_text woodmart_inline=\u00bbno\u00bb text_larger=\u00bbno\u00bb]<\/p>\n<p style=\"text-align: center;\">Los productos publicados en el sitio son distribuimos bajo licenciamiento <a href=\"https:\/\/www.gnu.org\/licenses\/licenses.es.html\" target=\"_blank\" rel=\"noopener\" data-schema-attribute=\"\"><strong>GPL \/ GNU<\/strong><\/a>. Recuerda siempre revisar nuestros <strong><a href=\"https:\/\/wpclub.pro\/terminos-de-uso\/\" target=\"_blank\" rel=\"noopener\" data-schema-attribute=\"\">T\u00e9rminos de Uso<\/a><\/strong> y <strong><a href=\"https:\/\/wpclub.pro\/politica-de-privacidad\/\" target=\"_blank\" rel=\"noopener\" data-schema-attribute=\"\">Pol\u00edtica de Privacidad<\/a><\/strong>.<\/p>\n<p>[\/vc_column_text][\/vc_column][\/vc_row]<\/p>\n","protected":false},"excerpt":{"rendered":"<p>] css=\u00bb.vc_custom_1629733467375{margin-right: 15px !important;padding-top: 30px !important;padding-right: 30px !important;padding-bottom: 30px !important;padding-left: 30px !important;background-color: #f4f4f4 !important;border-radius: 5px !important;}\u00bb width=\u00bb1\/1&#8243; mobile_bg_img_hidden=\u00bbno\u00bb tablet_bg_img_hidden=\u00bbno\u00bb woodmart_parallax=\u00bb0&#8243;<\/p>","protected":false},"featured_media":33525,"comment_status":"closed","ping_status":"closed","template":"","meta":{"_acf_changed":false},"product_brand":[],"product_cat":[457],"product_tag":[420,154],"class_list":{"0":"post-33524","1":"product","2":"type-product","3":"status-publish","4":"has-post-thumbnail","6":"product_cat-elementor-template-kit","7":"product_tag-temas-para-agencias-digitales-y-creativas","8":"product_tag-temas-para-marketing-digital","9":"pa_autores-themeforest","11":"first","12":"instock","13":"sale","14":"downloadable","15":"virtual","16":"sold-individually","17":"purchasable","18":"product-type-simple"},"acf":[],"_links":{"self":[{"href":"https:\/\/wpclub.pro\/en\/wp-json\/wp\/v2\/product\/33524","targetHints":{"allow":["GET"]}}],"collection":[{"href":"https:\/\/wpclub.pro\/en\/wp-json\/wp\/v2\/product"}],"about":[{"href":"https:\/\/wpclub.pro\/en\/wp-json\/wp\/v2\/types\/product"}],"replies":[{"embeddable":true,"href":"https:\/\/wpclub.pro\/en\/wp-json\/wp\/v2\/comments?post=33524"}],"version-history":[{"count":0,"href":"https:\/\/wpclub.pro\/en\/wp-json\/wp\/v2\/product\/33524\/revisions"}],"wp:featuredmedia":[{"embeddable":true,"href":"https:\/\/wpclub.pro\/en\/wp-json\/wp\/v2\/media\/33525"}],"wp:attachment":[{"href":"https:\/\/wpclub.pro\/en\/wp-json\/wp\/v2\/media?parent=33524"}],"wp:term":[{"taxonomy":"product_brand","embeddable":true,"href":"https:\/\/wpclub.pro\/en\/wp-json\/wp\/v2\/product_brand?post=33524"},{"taxonomy":"product_cat","embeddable":true,"href":"https:\/\/wpclub.pro\/en\/wp-json\/wp\/v2\/product_cat?post=33524"},{"taxonomy":"product_tag","embeddable":true,"href":"https:\/\/wpclub.pro\/en\/wp-json\/wp\/v2\/product_tag?post=33524"}],"curies":[{"name":"wp","href":"https:\/\/api.w.org\/{rel}","templated":true}]}}