{"id":33729,"date":"2023-10-19T14:04:30","date_gmt":"2023-10-19T17:04:30","guid":{"rendered":"https:\/\/wpclub.pro\/?post_type=product&#038;p=33729"},"modified":"2024-10-03T12:54:08","modified_gmt":"2024-10-03T15:54:08","slug":"optin-cat-elite","status":"publish","type":"product","link":"https:\/\/wpclub.pro\/en\/item\/optin-cat-elite\/","title":{"rendered":"Optin Cat Elite 2.5.7"},"content":{"rendered":"<p>] css=\u00bb.vc_custom_1629733467375{margin-right: 15px !important;padding-top: 30px !important;padding-right: 30px !important;padding-bottom: 30px !important;padding-left: 30px !important;background-color: #f4f4f4 !important;border-radius: 5px !important;}\u00bb width=\u00bb1\/1&#8243; mobile_bg_img_hidden=\u00bbno\u00bb tablet_bg_img_hidden=\u00bbno\u00bb woodmart_parallax=\u00bb0&#8243; woodmart_sticky_column=\u00bbfalse\u00bb parallax_scroll=\u00bbno\u00bb mobile_reset_margin=\u00bbno\u00bb tablet_reset_margin=\u00bbno\u00bb]_text woodmart_inline=\u00bbno\u00bb text_larger=\u00bbno\u00bb]<\/p>\n<h2><strong>Optin Cat Elite<\/strong><\/h2>\n<p>&nbsp;<\/p>\n<p><strong>Convierta m\u00e1s lectores de blogs en Suscriptores de correo electr\u00f3nico<\/strong><br \/>\nCreado desde cero para blogueros y especialistas en marketing de contenido, Optin Cat Elite es un complemento de WordPress que incluye todo lo que necesita para hacer crecer su lista de correo electr\u00f3nico. Config\u00farelo en 2 minutos.<\/p>\n<h3><strong>As\u00ed es como puedes convertirte en una estrella del marketing por correo electr\u00f3nico mientras tienes m\u00e1s tiempo para hacer lo que amas.<\/strong><\/h3>\n<ul>\n<li><strong>Ahorra un mont\u00f3n de tiempo<\/strong><br \/>\nConfigurar formularios de suscripci\u00f3n eficaces puede ser complicado. Ahora puede configurar formularios de suscripci\u00f3n magn\u00edficos y de alta conversi\u00f3n en cuesti\u00f3n de minutos, incluso si no tiene conocimientos de HTML y CSS, para que pueda concentrarse en los blogs.<\/li>\n<li><strong>Haga crecer su lista de correo electr\u00f3nico masivamente<\/strong><br \/>\nOptin Cat Elite viene con algunos de los \u00faltimos trucos de crecimiento para la creaci\u00f3n de listas integrados. Algunos usuarios han visto un aumento en las conversiones de hasta un 500%.<\/li>\n<li><strong>Impulse las ventas y el tr\u00e1fico con solo presionar un bot\u00f3n<\/strong><br \/>\nCuanto m\u00e1s grande sea tu lista de correo electr\u00f3nico, m\u00e1s vender\u00e1s. Es por eso que los blogueros y los growth hackers clasificaron el correo electr\u00f3nico como el mejor canal de marketing digital en t\u00e9rminos de retorno de la inversi\u00f3n en una encuesta reciente.<\/li>\n<\/ul>\n<p>y Mucho mas!<\/p>\n<p>&nbsp;<\/p>\n<p>Adquiera ahora Optin Cat Elite.[\/vc_column_text][\/vc_column][\/vc_row] css=\u00bb.vc_custom_1629733150529{margin-top: 30px !important;}\u00bb mobile_bg_img_hidden=\u00bbno\u00bb tablet_bg_img_hidden=\u00bbno\u00bb woodmart_parallax=\u00bb0&#8243; woodmart_gradient_switch=\u00bbno\u00bb row_reverse_mobile=\u00bb0&#8243; row_reverse_tablet=\u00bb0&#8243; woodmart_disable_overflow=\u00bb0&#8243;] css=\u00bb.vc_custom_1629733167411{background-color: #f4f4f4 !important;border-radius: 5px !important;}\u00bb mobile_bg_img_hidden=\u00bbno\u00bb tablet_bg_img_hidden=\u00bbno\u00bb woodmart_parallax=\u00bb0&#8243; woodmart_sticky_column=\u00bbfalse\u00bb parallax_scroll=\u00bbno\u00bb mobile_reset_margin=\u00bbno\u00bb tablet_reset_margin=\u00bbno\u00bb]_text woodmart_inline=\u00bbno\u00bb text_larger=\u00bbno\u00bb]<\/p>\n<p style=\"text-align: center;\">Los productos publicados en el sitio son distribuimos bajo licenciamiento <a href=\"https:\/\/www.gnu.org\/licenses\/licenses.es.html\" target=\"_blank\" rel=\"noopener\" data-schema-attribute=\"\"><strong>GPL \/ GNU<\/strong><\/a>. Recuerda siempre revisar nuestros <strong><a href=\"https:\/\/wpclub.pro\/terminos-de-uso\/\" target=\"_blank\" rel=\"noopener\" data-schema-attribute=\"\">T\u00e9rminos de Uso<\/a><\/strong> y <strong><a href=\"https:\/\/wpclub.pro\/politica-de-privacidad\/\" target=\"_blank\" rel=\"noopener\" data-schema-attribute=\"\">Pol\u00edtica de Privacidad<\/a><\/strong>.<\/p>\n<p>[\/vc_column_text][\/vc_column][\/vc_row]<\/p>\n","protected":false},"excerpt":{"rendered":"<p>] css=\u00bb.vc_custom_1629733467375{margin-right: 15px !important;padding-top: 30px !important;padding-right: 30px !important;padding-bottom: 30px !important;padding-left: 30px !important;background-color: #f4f4f4 !important;border-radius: 5px !important;}\u00bb width=\u00bb1\/1&#8243; mobile_bg_img_hidden=\u00bbno\u00bb tablet_bg_img_hidden=\u00bbno\u00bb woodmart_parallax=\u00bb0&#8243;<\/p>","protected":false},"featured_media":33731,"comment_status":"closed","ping_status":"closed","template":"","meta":{"_acf_changed":false},"product_brand":[],"product_cat":[67],"product_tag":[418],"class_list":{"0":"post-33729","1":"product","2":"type-product","3":"status-publish","4":"has-post-thumbnail","6":"product_cat-wordpress-plugins","7":"product_tag-plugins-para-marketing-digital","8":"pa_autores-fatcat-apps","10":"first","11":"instock","12":"sale","13":"featured","14":"downloadable","15":"virtual","16":"sold-individually","17":"purchasable","18":"product-type-simple"},"acf":[],"_links":{"self":[{"href":"https:\/\/wpclub.pro\/en\/wp-json\/wp\/v2\/product\/33729","targetHints":{"allow":["GET"]}}],"collection":[{"href":"https:\/\/wpclub.pro\/en\/wp-json\/wp\/v2\/product"}],"about":[{"href":"https:\/\/wpclub.pro\/en\/wp-json\/wp\/v2\/types\/product"}],"replies":[{"embeddable":true,"href":"https:\/\/wpclub.pro\/en\/wp-json\/wp\/v2\/comments?post=33729"}],"version-history":[{"count":0,"href":"https:\/\/wpclub.pro\/en\/wp-json\/wp\/v2\/product\/33729\/revisions"}],"wp:featuredmedia":[{"embeddable":true,"href":"https:\/\/wpclub.pro\/en\/wp-json\/wp\/v2\/media\/33731"}],"wp:attachment":[{"href":"https:\/\/wpclub.pro\/en\/wp-json\/wp\/v2\/media?parent=33729"}],"wp:term":[{"taxonomy":"product_brand","embeddable":true,"href":"https:\/\/wpclub.pro\/en\/wp-json\/wp\/v2\/product_brand?post=33729"},{"taxonomy":"product_cat","embeddable":true,"href":"https:\/\/wpclub.pro\/en\/wp-json\/wp\/v2\/product_cat?post=33729"},{"taxonomy":"product_tag","embeddable":true,"href":"https:\/\/wpclub.pro\/en\/wp-json\/wp\/v2\/product_tag?post=33729"}],"curies":[{"name":"wp","href":"https:\/\/api.w.org\/{rel}","templated":true}]}}