{"id":33758,"date":"2023-09-28T08:48:30","date_gmt":"2023-09-28T11:48:30","guid":{"rendered":"https:\/\/wpclub.pro\/?post_type=product&#038;p=33758"},"modified":"2024-10-03T12:54:11","modified_gmt":"2024-10-03T15:54:11","slug":"alis-wedding-planner-wordpress-theme","status":"publish","type":"product","link":"https:\/\/wpclub.pro\/en\/item\/alis-wedding-planner-wordpress-theme\/","title":{"rendered":"Alis Wedding Planner WordPress Theme 14.1"},"content":{"rendered":"<p>] css=\u00bb.vc_custom_1629733467375{margin-right: 15px !important;padding-top: 30px !important;padding-right: 30px !important;padding-bottom: 30px !important;padding-left: 30px !important;background-color: #f4f4f4 !important;border-radius: 5px !important;}\u00bb width=\u00bb1\/1&#8243; mobile_bg_img_hidden=\u00bbno\u00bb tablet_bg_img_hidden=\u00bbno\u00bb woodmart_parallax=\u00bb0&#8243; woodmart_sticky_column=\u00bbfalse\u00bb parallax_scroll=\u00bbno\u00bb mobile_reset_margin=\u00bbno\u00bb tablet_reset_margin=\u00bbno\u00bb]_text woodmart_inline=\u00bbno\u00bb text_larger=\u00bbno\u00bb]<\/p>\n<h2><strong>Alis Wedding Planner WordPress Theme<\/strong><\/h2>\n<p>&nbsp;<\/p>\n<p>Este encantador tema de nicho est\u00e1 dise\u00f1ado y es adecuado para bodas y empresas de planificaci\u00f3n de bodas. Alis Wedding Planner WordPress Theme Tiene un dise\u00f1o orientado a un prop\u00f3sito y es adecuado para usuarios sin conocimientos de programaci\u00f3n y desarrolladores avanzados.<\/p>\n<p>Alis Wedding Planner WordPress Theme Incluye una amplia colecci\u00f3n de elegantes p\u00e1ginas predise\u00f1adas que se pueden utilizar para diversos fines: anuncios de boda, p\u00e1ginas de fotograf\u00eda y galer\u00eda, invitaciones de boda, libro de visitas y p\u00e1ginas de confirmaci\u00f3n de asistencia. Puede agregar las ubicaciones del lugar de la boda en el mapa. Tambi\u00e9n puedes configurar f\u00e1cilmente una lista de regalos.<\/p>\n<h3><strong>Caracter\u00edsticas de Alis Wedding Planner WordPress Theme<\/strong><\/h3>\n<ul>\n<li>Soporte oportuno: tiempo de respuesta promedio de 8 horas<\/li>\n<li>Constructor de castores frontales<\/li>\n<li>Amplia gu\u00eda de configuraci\u00f3n<\/li>\n<li>Rendimiento excepcional de carga de p\u00e1ginas desde el primer momento<\/li>\n<li>Dise\u00f1o y funcionalidad espec\u00edficos de un nicho<\/li>\n<li>No se requieren conocimientos de codificaci\u00f3n<\/li>\n<li>Dise\u00f1o responsivo m\u00f3vil dedicado, luce perfecto en su dispositivo IOS o Android<\/li>\n<li>Control deslizante Premium Revolution (ahorre $25)<\/li>\n<li>Efecto de precarga con elecci\u00f3n de diferentes animaciones.<\/li>\n<li>Cuatro tipos distintos de encabezados<\/li>\n<li>Versiones separadas del logotipo de encabezado normal, fijo y m\u00f3vil<\/li>\n<li>Mega men\u00fa personalizable<\/li>\n<li>Fondo de v\u00eddeo para filas y columnas.<\/li>\n<li>Feed de Twitter<\/li>\n<li>B\u00fasqueda integrada<\/li>\n<li>M\u00e1s de 10 dise\u00f1os de cartera<\/li>\n<li>Dise\u00f1o de galer\u00eda de mamposter\u00eda<\/li>\n<li>Integraci\u00f3n de WooCommerce<\/li>\n<li>M\u00faltiples barras laterales personalizadas<\/li>\n<li>Listo para SEO<\/li>\n<li>MailChimp integrado<\/li>\n<li>Todas las im\u00e1genes est\u00e1n incluidas en el contenido de demostraci\u00f3n.<\/li>\n<li>Potente panel de opciones de temas<\/li>\n<li>Edici\u00f3n en vivo a trav\u00e9s del Personalizador de WordPress<\/li>\n<li>23 tutoriales en v\u00eddeo HD para principiantes<\/li>\n<li>M\u00e1s de 100 art\u00edculos de ayuda escritos por nosotros<\/li>\n<li>Actualizaciones autom\u00e1ticas gratuitas<\/li>\n<li>Alta y f\u00e1cilmente personalizable<\/li>\n<li>Importaci\u00f3n de contenido de demostraci\u00f3n con un solo clic<\/li>\n<li>Ninja Forms<\/li>\n<li>Transiciones de p\u00e1gina suaves<\/li>\n<li>Posibilidades de dise\u00f1o infinitas<\/li>\n<li>M\u00faltiples comportamientos de encabezado<\/li>\n<li>Funcionalidad de anclaje en el men\u00fa: navegue f\u00e1cilmente a cualquier secci\u00f3n en la misma p\u00e1gina o en otra diferente.<\/li>\n<li>Secciones de paralaje con opci\u00f3n de altura completa<\/li>\n<li>Funcionalidad de compartir en redes sociales<\/li>\n<li>Funcionalidad de publicaciones relacionadas en publicaciones individuales de blog<\/li>\n<li>Mapas de Google: m\u00faltiples ubicaciones, \u00edconos personalizados<\/li>\n<li>P\u00e1gina de error 404 personalizable<\/li>\n<li>M\u00e1s de 600 fuentes de Google<\/li>\n<li>Traducci\u00f3n (archivos po&amp;mo) Listo<\/li>\n<li>Integraci\u00f3n del complemento WPML<\/li>\n<li>Tema Child listo<\/li>\n<li>M\u00e1s de 1200 iconos<\/li>\n<li>y muchas m\u00e1s funciones&#8230;<\/li>\n<\/ul>\n<p>&nbsp;<\/p>\n<p>Adquiera ahora Alis Wedding Planner WordPress Theme.[\/vc_column_text][\/vc_column][\/vc_row] css=\u00bb.vc_custom_1629733150529{margin-top: 30px !important;}\u00bb mobile_bg_img_hidden=\u00bbno\u00bb tablet_bg_img_hidden=\u00bbno\u00bb woodmart_parallax=\u00bb0&#8243; woodmart_gradient_switch=\u00bbno\u00bb row_reverse_mobile=\u00bb0&#8243; row_reverse_tablet=\u00bb0&#8243; woodmart_disable_overflow=\u00bb0&#8243;] css=\u00bb.vc_custom_1629733167411{background-color: #f4f4f4 !important;border-radius: 5px !important;}\u00bb mobile_bg_img_hidden=\u00bbno\u00bb tablet_bg_img_hidden=\u00bbno\u00bb woodmart_parallax=\u00bb0&#8243; woodmart_sticky_column=\u00bbfalse\u00bb parallax_scroll=\u00bbno\u00bb mobile_reset_margin=\u00bbno\u00bb tablet_reset_margin=\u00bbno\u00bb]_text woodmart_inline=\u00bbno\u00bb text_larger=\u00bbno\u00bb]<\/p>\n<p style=\"text-align: center;\">Los productos publicados en el sitio son distribuimos bajo licenciamiento <a href=\"https:\/\/www.gnu.org\/licenses\/licenses.es.html\" target=\"_blank\" rel=\"noopener\" data-schema-attribute=\"\"><strong>GPL \/ GNU<\/strong><\/a>. Recuerda siempre revisar nuestros <strong><a href=\"https:\/\/wpclub.pro\/terminos-de-uso\/\" target=\"_blank\" rel=\"noopener\" data-schema-attribute=\"\">T\u00e9rminos de Uso<\/a><\/strong> y <strong><a href=\"https:\/\/wpclub.pro\/politica-de-privacidad\/\" target=\"_blank\" rel=\"noopener\" data-schema-attribute=\"\">Pol\u00edtica de Privacidad<\/a><\/strong>.<\/p>\n<p>[\/vc_column_text][\/vc_column][\/vc_row]<\/p>\n","protected":false},"excerpt":{"rendered":"<p>] css=\u00bb.vc_custom_1629733467375{margin-right: 15px !important;padding-top: 30px !important;padding-right: 30px !important;padding-bottom: 30px !important;padding-left: 30px !important;background-color: #f4f4f4 !important;border-radius: 5px !important;}\u00bb width=\u00bb1\/1&#8243; mobile_bg_img_hidden=\u00bbno\u00bb tablet_bg_img_hidden=\u00bbno\u00bb woodmart_parallax=\u00bb0&#8243;<\/p>","protected":false},"featured_media":33759,"comment_status":"closed","ping_status":"closed","template":"","meta":{"_acf_changed":false},"product_brand":[],"product_cat":[15],"product_tag":[202,136],"class_list":{"0":"post-33758","1":"product","2":"type-product","3":"status-publish","4":"has-post-thumbnail","6":"product_cat-wordpress-themes","7":"product_tag-temas-para-fotografia-y-arte","8":"product_tag-temas-para-tiendas-ecommerce","9":"pa_autores-themeforest","11":"first","12":"instock","13":"sale","14":"downloadable","15":"virtual","16":"sold-individually","17":"purchasable","18":"product-type-simple"},"acf":[],"_links":{"self":[{"href":"https:\/\/wpclub.pro\/en\/wp-json\/wp\/v2\/product\/33758","targetHints":{"allow":["GET"]}}],"collection":[{"href":"https:\/\/wpclub.pro\/en\/wp-json\/wp\/v2\/product"}],"about":[{"href":"https:\/\/wpclub.pro\/en\/wp-json\/wp\/v2\/types\/product"}],"replies":[{"embeddable":true,"href":"https:\/\/wpclub.pro\/en\/wp-json\/wp\/v2\/comments?post=33758"}],"version-history":[{"count":0,"href":"https:\/\/wpclub.pro\/en\/wp-json\/wp\/v2\/product\/33758\/revisions"}],"wp:featuredmedia":[{"embeddable":true,"href":"https:\/\/wpclub.pro\/en\/wp-json\/wp\/v2\/media\/33759"}],"wp:attachment":[{"href":"https:\/\/wpclub.pro\/en\/wp-json\/wp\/v2\/media?parent=33758"}],"wp:term":[{"taxonomy":"product_brand","embeddable":true,"href":"https:\/\/wpclub.pro\/en\/wp-json\/wp\/v2\/product_brand?post=33758"},{"taxonomy":"product_cat","embeddable":true,"href":"https:\/\/wpclub.pro\/en\/wp-json\/wp\/v2\/product_cat?post=33758"},{"taxonomy":"product_tag","embeddable":true,"href":"https:\/\/wpclub.pro\/en\/wp-json\/wp\/v2\/product_tag?post=33758"}],"curies":[{"name":"wp","href":"https:\/\/api.w.org\/{rel}","templated":true}]}}