{"id":34004,"date":"2023-10-06T12:16:34","date_gmt":"2023-10-06T15:16:34","guid":{"rendered":"https:\/\/wpclub.pro\/?post_type=product&#038;p=34004"},"modified":"2024-10-03T12:54:10","modified_gmt":"2024-10-03T15:54:10","slug":"zed-programmer-resume-elementor-template-kit","status":"publish","type":"product","link":"https:\/\/wpclub.pro\/en\/item\/zed-programmer-resume-elementor-template-kit\/","title":{"rendered":"Zed Programmer Resume Elementor Template Kit"},"content":{"rendered":"<p>] css=\u00bb.vc_custom_1629733467375{margin-right: 15px !important;padding-top: 30px !important;padding-right: 30px !important;padding-bottom: 30px !important;padding-left: 30px !important;background-color: #f4f4f4 !important;border-radius: 5px !important;}\u00bb width=\u00bb1\/1&#8243; mobile_bg_img_hidden=\u00bbno\u00bb tablet_bg_img_hidden=\u00bbno\u00bb woodmart_parallax=\u00bb0&#8243; woodmart_sticky_column=\u00bbfalse\u00bb parallax_scroll=\u00bbno\u00bb mobile_reset_margin=\u00bbno\u00bb tablet_reset_margin=\u00bbno\u00bb]_text woodmart_inline=\u00bbno\u00bb text_larger=\u00bbno\u00bb]<\/p>\n<h2>Zed Programmer Resume Elementor Template Kit<\/h2>\n<p>&nbsp;<\/p>\n<p>\u00a1Conozca a Zed especialmente dise\u00f1ado para el curr\u00edculum y la cartera del programador! El kit de plantillas viene con una selecci\u00f3n ideal de plantillas para programador, tecnolog\u00eda, personal, cartera, servicio y TI.<\/p>\n<p>Este kit tiene un dise\u00f1o moderno y creativo con un dise\u00f1o 100% totalmente receptivo, f\u00e1cil instalaci\u00f3n y muy f\u00e1cil de personalizar porque usa Elementor para que no necesite una sola l\u00ednea de codificaci\u00f3n.<\/p>\n<h3>Caracter\u00edsticas de Zed Programmer Resume Elementor Template Kit<\/h3>\n<ul>\n<li>Compatibilidad entre navegadores: Chrome, Firefox, Safari, Opera<\/li>\n<li>Uso de complementos gratuitos (no se requiere Elementor Pro)<\/li>\n<li>100 % totalmente receptivo y compatible con dispositivos m\u00f3viles<\/li>\n<li>Dise\u00f1o moderno y \u00fanico.<\/li>\n<li>M\u00e1s de 14 plantillas predise\u00f1adas listas para usar<\/li>\n<li>Personalice fuentes y colores en un solo lugar (estilo de kit global)<\/li>\n<\/ul>\n<h3>Plugins Necesarios para Zed Programmer Resume Elementor Template Kit<\/h3>\n<ul>\n<li>Premium Addons for Elementor<\/li>\n<li>Qi Addons for Elementor<\/li>\n<li>RomethemeKit for Elementor<\/li>\n<li>RomethemeForm<\/li>\n<li>Elementor<\/li>\n<\/ul>\n<h3>C\u00f3mo Utilizar Zed Programmer Resume Elementor Template Kit<\/h3>\n<ul>\n<li>Descarga desde el repositorio de WordPress el plugin \u00abEnvato Elements\u00bb o \u201cTemplate Kit Import\u201d.<\/li>\n<li>Importa tu Elementor Template Kit adquirido.<\/li>\n<li>Cargar los estilos globales y utiliza todo seg\u00fan desees al momento de crear una nueva p\u00e1gina.<\/li>\n<\/ul>\n<p>[\/vc_column_text][\/vc_column][\/vc_row] css=\u00bb.vc_custom_1629733150529{margin-top: 30px !important;}\u00bb mobile_bg_img_hidden=\u00bbno\u00bb tablet_bg_img_hidden=\u00bbno\u00bb woodmart_parallax=\u00bb0&#8243; woodmart_gradient_switch=\u00bbno\u00bb row_reverse_mobile=\u00bb0&#8243; row_reverse_tablet=\u00bb0&#8243; woodmart_disable_overflow=\u00bb0&#8243;] css=\u00bb.vc_custom_1629733167411{background-color: #f4f4f4 !important;border-radius: 5px !important;}\u00bb mobile_bg_img_hidden=\u00bbno\u00bb tablet_bg_img_hidden=\u00bbno\u00bb woodmart_parallax=\u00bb0&#8243; woodmart_sticky_column=\u00bbfalse\u00bb parallax_scroll=\u00bbno\u00bb mobile_reset_margin=\u00bbno\u00bb tablet_reset_margin=\u00bbno\u00bb]_text woodmart_inline=\u00bbno\u00bb text_larger=\u00bbno\u00bb]<\/p>\n<p style=\"text-align: center;\">Los productos publicados en el sitio son distribuimos bajo licenciamiento <a href=\"https:\/\/www.gnu.org\/licenses\/licenses.es.html\" target=\"_blank\" rel=\"noopener\" data-schema-attribute=\"\"><strong>GPL \/ GNU<\/strong><\/a>. Recuerda siempre revisar nuestros <strong><a href=\"https:\/\/wpclub.pro\/terminos-de-uso\/\" target=\"_blank\" rel=\"noopener\" data-schema-attribute=\"\">T\u00e9rminos de Uso<\/a><\/strong> y <strong><a href=\"https:\/\/wpclub.pro\/politica-de-privacidad\/\" target=\"_blank\" rel=\"noopener\" data-schema-attribute=\"\">Pol\u00edtica de Privacidad<\/a><\/strong>.<\/p>\n<p>[\/vc_column_text][\/vc_column][\/vc_row]<\/p>\n","protected":false},"excerpt":{"rendered":"<p>] css=\u00bb.vc_custom_1629733467375{margin-right: 15px !important;padding-top: 30px !important;padding-right: 30px !important;padding-bottom: 30px !important;padding-left: 30px !important;background-color: #f4f4f4 !important;border-radius: 5px !important;}\u00bb width=\u00bb1\/1&#8243; mobile_bg_img_hidden=\u00bbno\u00bb tablet_bg_img_hidden=\u00bbno\u00bb woodmart_parallax=\u00bb0&#8243;<\/p>","protected":false},"featured_media":34005,"comment_status":"closed","ping_status":"closed","template":"","meta":{"_acf_changed":false},"product_brand":[],"product_cat":[457],"product_tag":[461],"class_list":{"0":"post-34004","1":"product","2":"type-product","3":"status-publish","4":"has-post-thumbnail","6":"product_cat-elementor-template-kit","7":"product_tag-temas-para-tecnologia-y-webhosting","8":"pa_autores-themeforest","10":"first","11":"instock","12":"sale","13":"downloadable","14":"virtual","15":"sold-individually","16":"purchasable","17":"product-type-simple"},"acf":[],"_links":{"self":[{"href":"https:\/\/wpclub.pro\/en\/wp-json\/wp\/v2\/product\/34004","targetHints":{"allow":["GET"]}}],"collection":[{"href":"https:\/\/wpclub.pro\/en\/wp-json\/wp\/v2\/product"}],"about":[{"href":"https:\/\/wpclub.pro\/en\/wp-json\/wp\/v2\/types\/product"}],"replies":[{"embeddable":true,"href":"https:\/\/wpclub.pro\/en\/wp-json\/wp\/v2\/comments?post=34004"}],"version-history":[{"count":0,"href":"https:\/\/wpclub.pro\/en\/wp-json\/wp\/v2\/product\/34004\/revisions"}],"wp:featuredmedia":[{"embeddable":true,"href":"https:\/\/wpclub.pro\/en\/wp-json\/wp\/v2\/media\/34005"}],"wp:attachment":[{"href":"https:\/\/wpclub.pro\/en\/wp-json\/wp\/v2\/media?parent=34004"}],"wp:term":[{"taxonomy":"product_brand","embeddable":true,"href":"https:\/\/wpclub.pro\/en\/wp-json\/wp\/v2\/product_brand?post=34004"},{"taxonomy":"product_cat","embeddable":true,"href":"https:\/\/wpclub.pro\/en\/wp-json\/wp\/v2\/product_cat?post=34004"},{"taxonomy":"product_tag","embeddable":true,"href":"https:\/\/wpclub.pro\/en\/wp-json\/wp\/v2\/product_tag?post=34004"}],"curies":[{"name":"wp","href":"https:\/\/api.w.org\/{rel}","templated":true}]}}