{"id":34147,"date":"2023-10-12T14:00:10","date_gmt":"2023-10-12T17:00:10","guid":{"rendered":"https:\/\/wpclub.pro\/?post_type=product&#038;p=34147"},"modified":"2025-08-22T19:34:04","modified_gmt":"2025-08-22T23:34:04","slug":"login-as-customer-or-user-pro","status":"publish","type":"product","link":"https:\/\/wpclub.pro\/en\/item\/login-as-customer-or-user-pro\/","title":{"rendered":"Login as Customer or User Pro 10.7"},"content":{"rendered":"<p>] css=\u00bb.vc_custom_1629733467375{margin-right: 15px !important;padding-top: 30px !important;padding-right: 30px !important;padding-bottom: 30px !important;padding-left: 30px !important;background-color: #f4f4f4 !important;border-radius: 5px !important;}\u00bb width=\u00bb1\/1&#8243; mobile_bg_img_hidden=\u00bbno\u00bb tablet_bg_img_hidden=\u00bbno\u00bb woodmart_parallax=\u00bb0&#8243; woodmart_sticky_column=\u00bbfalse\u00bb parallax_scroll=\u00bbno\u00bb mobile_reset_margin=\u00bbno\u00bb tablet_reset_margin=\u00bbno\u00bb]_text woodmart_inline=\u00bbno\u00bb text_larger=\u00bbno\u00bb]<\/p>\n<h2><strong>Login as Customer or User Pro<\/strong><\/h2>\n<p>&nbsp;<\/p>\n<p>\u00a1Experimente su sitio web a trav\u00e9s de los ojos de sus usuarios! Nuestro complemento permite a los administradores de sitios web iniciar sesi\u00f3n sin problemas como cliente, obteniendo informaci\u00f3n valiosa y mejorando la experiencia del usuario. Libere el poder de la empat\u00eda y optimice su sitio como nunca antes.<\/p>\n<h3><strong>Caracter\u00edsticas de Login as Customer or User Pro:<\/strong><\/h3>\n<ul>\n<li>Posibilidad de acceder a cualquier cuenta de usuario sin tener la contrase\u00f1a de usuario (simplemente haga clic en el bot\u00f3n Iniciar sesi\u00f3n como en la lista de usuarios)<\/li>\n<li>Posibilidad de acceder a cualquier cuenta de usuario desde el perfil del usuario tambi\u00e9n<\/li>\n<li>Ver\u00e1 el bot\u00f3n Iniciar sesi\u00f3n como usuario al lado de cada cliente en la p\u00e1gina de pedidos de WooCommerce<\/li>\n<li>Brinde un mejor soporte a sus clientes o usuarios.<\/li>\n<li>No es necesario cerrar sesi\u00f3n y volver a iniciar sesi\u00f3n en su cuenta de cliente o usuario.<\/li>\n<li>\u00a1Podr\u00e1s saber qu\u00e9 ven tus clientes o usuarios dentro de las p\u00e1ginas de su cuenta con solo un clic!<\/li>\n<li>No m\u00e1s b\u00fasquedas de contrase\u00f1as de clientes para iniciar sesi\u00f3n.<\/li>\n<li>Consulta el dise\u00f1o de tus cuentas de clientes o usuarios con s\u00f3lo un clic de rat\u00f3n.<\/li>\n<li>Compatible con todas las versiones (Woocommerce).<\/li>\n<li>Panel de control muy f\u00e1cil de usar<\/li>\n<\/ul>\n<p>Adquiera ahora Login as Customer or User Pro.[\/vc_column_text][\/vc_column][\/vc_row] css=\u00bb.vc_custom_1629733150529{margin-top: 30px !important;}\u00bb mobile_bg_img_hidden=\u00bbno\u00bb tablet_bg_img_hidden=\u00bbno\u00bb woodmart_parallax=\u00bb0&#8243; woodmart_gradient_switch=\u00bbno\u00bb row_reverse_mobile=\u00bb0&#8243; row_reverse_tablet=\u00bb0&#8243; woodmart_disable_overflow=\u00bb0&#8243;] css=\u00bb.vc_custom_1629733167411{background-color: #f4f4f4 !important;border-radius: 5px !important;}\u00bb mobile_bg_img_hidden=\u00bbno\u00bb tablet_bg_img_hidden=\u00bbno\u00bb woodmart_parallax=\u00bb0&#8243; woodmart_sticky_column=\u00bbfalse\u00bb parallax_scroll=\u00bbno\u00bb mobile_reset_margin=\u00bbno\u00bb tablet_reset_margin=\u00bbno\u00bb]_text woodmart_inline=\u00bbno\u00bb text_larger=\u00bbno\u00bb]<\/p>\n<p style=\"text-align: center;\">Los productos publicados en el sitio son distribuimos bajo licenciamiento <a href=\"https:\/\/www.gnu.org\/licenses\/licenses.es.html\" target=\"_blank\" rel=\"noopener\" data-schema-attribute=\"\"><strong>GPL \/ GNU<\/strong><\/a>. Recuerda siempre revisar nuestros <strong><a href=\"https:\/\/wpclub.pro\/terminos-de-uso\/\" target=\"_blank\" rel=\"noopener\" data-schema-attribute=\"\">T\u00e9rminos de Uso<\/a><\/strong> y <strong><a href=\"https:\/\/wpclub.pro\/politica-de-privacidad\/\" target=\"_blank\" rel=\"noopener\" data-schema-attribute=\"\">Pol\u00edtica de Privacidad<\/a><\/strong>.<\/p>\n<p>[\/vc_column_text][\/vc_column][\/vc_row]<\/p>\n","protected":false},"excerpt":{"rendered":"<p>] css=\u00bb.vc_custom_1629733467375{margin-right: 15px !important;padding-top: 30px !important;padding-right: 30px !important;padding-bottom: 30px !important;padding-left: 30px !important;background-color: #f4f4f4 !important;border-radius: 5px !important;}\u00bb width=\u00bb1\/1&#8243; mobile_bg_img_hidden=\u00bbno\u00bb tablet_bg_img_hidden=\u00bbno\u00bb woodmart_parallax=\u00bb0&#8243;<\/p>","protected":false},"featured_media":34154,"comment_status":"closed","ping_status":"closed","template":"","meta":{"_acf_changed":false},"product_brand":[],"product_cat":[67],"product_tag":[140],"class_list":{"0":"post-34147","1":"product","2":"type-product","3":"status-publish","4":"has-post-thumbnail","6":"product_cat-wordpress-plugins","7":"product_tag-plugins-para-perfiles-de-usuarios-y-accesos","8":"pa_autores-wp-buy","10":"first","11":"instock","12":"sale","13":"downloadable","14":"virtual","15":"sold-individually","16":"purchasable","17":"product-type-simple"},"acf":[],"_links":{"self":[{"href":"https:\/\/wpclub.pro\/en\/wp-json\/wp\/v2\/product\/34147","targetHints":{"allow":["GET"]}}],"collection":[{"href":"https:\/\/wpclub.pro\/en\/wp-json\/wp\/v2\/product"}],"about":[{"href":"https:\/\/wpclub.pro\/en\/wp-json\/wp\/v2\/types\/product"}],"replies":[{"embeddable":true,"href":"https:\/\/wpclub.pro\/en\/wp-json\/wp\/v2\/comments?post=34147"}],"version-history":[{"count":0,"href":"https:\/\/wpclub.pro\/en\/wp-json\/wp\/v2\/product\/34147\/revisions"}],"wp:featuredmedia":[{"embeddable":true,"href":"https:\/\/wpclub.pro\/en\/wp-json\/wp\/v2\/media\/34154"}],"wp:attachment":[{"href":"https:\/\/wpclub.pro\/en\/wp-json\/wp\/v2\/media?parent=34147"}],"wp:term":[{"taxonomy":"product_brand","embeddable":true,"href":"https:\/\/wpclub.pro\/en\/wp-json\/wp\/v2\/product_brand?post=34147"},{"taxonomy":"product_cat","embeddable":true,"href":"https:\/\/wpclub.pro\/en\/wp-json\/wp\/v2\/product_cat?post=34147"},{"taxonomy":"product_tag","embeddable":true,"href":"https:\/\/wpclub.pro\/en\/wp-json\/wp\/v2\/product_tag?post=34147"}],"curies":[{"name":"wp","href":"https:\/\/api.w.org\/{rel}","templated":true}]}}