{"id":34318,"date":"2023-10-19T14:08:29","date_gmt":"2023-10-19T17:08:29","guid":{"rendered":"https:\/\/wpclub.pro\/?post_type=product&#038;p=34318"},"modified":"2024-10-03T12:54:08","modified_gmt":"2024-10-03T15:54:08","slug":"quiz-cat-elite","status":"publish","type":"product","link":"https:\/\/wpclub.pro\/en\/item\/quiz-cat-elite\/","title":{"rendered":"Quiz Cat Elite 3.0.5"},"content":{"rendered":"<p>] css=\u00bb.vc_custom_1629733467375{margin-right: 15px !important;padding-top: 30px !important;padding-right: 30px !important;padding-bottom: 30px !important;padding-left: 30px !important;background-color: #f4f4f4 !important;border-radius: 5px !important;}\u00bb width=\u00bb1\/1&#8243; mobile_bg_img_hidden=\u00bbno\u00bb tablet_bg_img_hidden=\u00bbno\u00bb woodmart_parallax=\u00bb0&#8243; woodmart_sticky_column=\u00bbfalse\u00bb parallax_scroll=\u00bbno\u00bb mobile_reset_margin=\u00bbno\u00bb tablet_reset_margin=\u00bbno\u00bb]_text woodmart_inline=\u00bbno\u00bb text_larger=\u00bbno\u00bb]<\/p>\n<h2>Quiz Cat Elite<\/h2>\n<h4><\/h4>\n<h4><strong>Cree cuestionarios divertidos y virales en solo unos minutos<\/strong><\/h4>\n<p>Quiz Cat Elite le permite crear cuestionarios muy atractivos en cualquier lugar de su sitio de WordPress en cuesti\u00f3n de minutos, sin necesidad de conocimientos t\u00e9cnicos. Cree cuestionarios incre\u00edbles para entretener y conocer a su audiencia, aumentar las acciones en las redes sociales u obtener m\u00e1s tr\u00e1fico, clientes potenciales y suscriptores de correo electr\u00f3nico.<\/p>\n<h4><strong>Entretenga a sus visitantes con diversi\u00f3n y pruebas que les encantar\u00e1<\/strong><\/h4>\n<p>Quiz Cat Elite ayuda a que su contenido se destaque entre la multitud al agregar cuestionarios divertidos e interactivos a cualquier p\u00e1gina de su sitio. Los cuestionarios son contenidos muy atractivos con una gran posibilidad de volverse virales. A la gente le encanta conocerse a s\u00ed misma y descubrir lo inteligentes que son en realidad. Entretenga a su audiencia con cuestionarios hermosos y divertidos que les encanta completar y compartir.<\/p>\n<h4><strong>Crea un nuevo cuestionario en solo unos pocos clics simples<\/strong><\/h4>\n<p>Crear un nuevo cuestionario en l\u00ednea es sencillo y s\u00f3lo lleva unos minutos. Elija el tipo de cuestionario que desea realizar, escriba sus preguntas y respuestas y su cuestionario estar\u00e1 listo para comenzar.<\/p>\n<p>Puede insertar un cuestionario en cualquier p\u00e1gina o publicaci\u00f3n que desee con el editor Gutenberg de WordPress o un simple c\u00f3digo corto. Cree cualquier cuestionario que desee con solo unos pocos clics, sin necesidad de conocimientos t\u00e9cnicos.<\/p>\n<ol>\n<li>Seleccione tipo de prueba<\/li>\n<li>Escriba preguntas y respuestas<\/li>\n<li>\u00a1Hecho!<\/li>\n<\/ol>\n<p>Y mucho mas!<\/p>\n<p>&nbsp;<\/p>\n<p>Adquiera ahora Quiz Cat Elite[\/vc_column_text][\/vc_column][\/vc_row] css=\u00bb.vc_custom_1629733150529{margin-top: 30px !important;}\u00bb mobile_bg_img_hidden=\u00bbno\u00bb tablet_bg_img_hidden=\u00bbno\u00bb woodmart_parallax=\u00bb0&#8243; woodmart_gradient_switch=\u00bbno\u00bb row_reverse_mobile=\u00bb0&#8243; row_reverse_tablet=\u00bb0&#8243; woodmart_disable_overflow=\u00bb0&#8243;] css=\u00bb.vc_custom_1629733167411{background-color: #f4f4f4 !important;border-radius: 5px !important;}\u00bb mobile_bg_img_hidden=\u00bbno\u00bb tablet_bg_img_hidden=\u00bbno\u00bb woodmart_parallax=\u00bb0&#8243; woodmart_sticky_column=\u00bbfalse\u00bb parallax_scroll=\u00bbno\u00bb mobile_reset_margin=\u00bbno\u00bb tablet_reset_margin=\u00bbno\u00bb]_text woodmart_inline=\u00bbno\u00bb text_larger=\u00bbno\u00bb]<\/p>\n<p style=\"text-align: center;\">Los productos publicados en el sitio son distribuimos bajo licenciamiento <a href=\"https:\/\/www.gnu.org\/licenses\/licenses.es.html\" target=\"_blank\" rel=\"noopener\" data-schema-attribute=\"\"><strong>GPL \/ GNU<\/strong><\/a>. Recuerda siempre revisar nuestros <strong><a href=\"https:\/\/wpclub.pro\/terminos-de-uso\/\" target=\"_blank\" rel=\"noopener\" data-schema-attribute=\"\">T\u00e9rminos de Uso<\/a><\/strong> y <strong><a href=\"https:\/\/wpclub.pro\/politica-de-privacidad\/\" target=\"_blank\" rel=\"noopener\" data-schema-attribute=\"\">Pol\u00edtica de Privacidad<\/a><\/strong>.<\/p>\n<p>[\/vc_column_text][\/vc_column][\/vc_row]<\/p>\n","protected":false},"excerpt":{"rendered":"<p>] css=\u00bb.vc_custom_1629733467375{margin-right: 15px !important;padding-top: 30px !important;padding-right: 30px !important;padding-bottom: 30px !important;padding-left: 30px !important;background-color: #f4f4f4 !important;border-radius: 5px !important;}\u00bb width=\u00bb1\/1&#8243; mobile_bg_img_hidden=\u00bbno\u00bb tablet_bg_img_hidden=\u00bbno\u00bb woodmart_parallax=\u00bb0&#8243;<\/p>","protected":false},"featured_media":34319,"comment_status":"closed","ping_status":"closed","template":"","meta":{"_acf_changed":false},"product_brand":[],"product_cat":[67],"product_tag":[418,153],"class_list":{"0":"post-34318","1":"product","2":"type-product","3":"status-publish","4":"has-post-thumbnail","6":"product_cat-wordpress-plugins","7":"product_tag-plugins-para-marketing-digital","8":"product_tag-utilidades","9":"pa_autores-fatcat-apps","11":"first","12":"instock","13":"sale","14":"featured","15":"downloadable","16":"virtual","17":"sold-individually","18":"purchasable","19":"product-type-simple"},"acf":[],"_links":{"self":[{"href":"https:\/\/wpclub.pro\/en\/wp-json\/wp\/v2\/product\/34318","targetHints":{"allow":["GET"]}}],"collection":[{"href":"https:\/\/wpclub.pro\/en\/wp-json\/wp\/v2\/product"}],"about":[{"href":"https:\/\/wpclub.pro\/en\/wp-json\/wp\/v2\/types\/product"}],"replies":[{"embeddable":true,"href":"https:\/\/wpclub.pro\/en\/wp-json\/wp\/v2\/comments?post=34318"}],"version-history":[{"count":0,"href":"https:\/\/wpclub.pro\/en\/wp-json\/wp\/v2\/product\/34318\/revisions"}],"wp:featuredmedia":[{"embeddable":true,"href":"https:\/\/wpclub.pro\/en\/wp-json\/wp\/v2\/media\/34319"}],"wp:attachment":[{"href":"https:\/\/wpclub.pro\/en\/wp-json\/wp\/v2\/media?parent=34318"}],"wp:term":[{"taxonomy":"product_brand","embeddable":true,"href":"https:\/\/wpclub.pro\/en\/wp-json\/wp\/v2\/product_brand?post=34318"},{"taxonomy":"product_cat","embeddable":true,"href":"https:\/\/wpclub.pro\/en\/wp-json\/wp\/v2\/product_cat?post=34318"},{"taxonomy":"product_tag","embeddable":true,"href":"https:\/\/wpclub.pro\/en\/wp-json\/wp\/v2\/product_tag?post=34318"}],"curies":[{"name":"wp","href":"https:\/\/api.w.org\/{rel}","templated":true}]}}