{"id":34448,"date":"2023-10-25T18:28:51","date_gmt":"2023-10-25T21:28:51","guid":{"rendered":"https:\/\/wpclub.pro\/?post_type=product&#038;p=34448"},"modified":"2024-10-03T12:54:08","modified_gmt":"2024-10-03T15:54:08","slug":"knowledgedesk-knowledge-base-theme","status":"publish","type":"product","link":"https:\/\/wpclub.pro\/en\/item\/knowledgedesk-knowledge-base-theme\/","title":{"rendered":"Knowledgedesk Knowledge Base Theme 1.3.8"},"content":{"rendered":"<p>] css=\u00bb.vc_custom_1629733467375{margin-right: 15px !important;padding-top: 30px !important;padding-right: 30px !important;padding-bottom: 30px !important;padding-left: 30px !important;background-color: #f4f4f4 !important;border-radius: 5px !important;}\u00bb width=\u00bb1\/1&#8243; mobile_bg_img_hidden=\u00bbno\u00bb tablet_bg_img_hidden=\u00bbno\u00bb woodmart_parallax=\u00bb0&#8243; woodmart_sticky_column=\u00bbfalse\u00bb parallax_scroll=\u00bbno\u00bb mobile_reset_margin=\u00bbno\u00bb tablet_reset_margin=\u00bbno\u00bb]_text woodmart_inline=\u00bbno\u00bb text_larger=\u00bbno\u00bb]<\/p>\n<h2><strong>Knowledgedesk Knowledge Base Theme<\/strong><\/h2>\n<p>&nbsp;<\/p>\n<p>El Tema de WordPress Knowledgedesk est\u00e1 creado con el \u00faltimo marco de opciones Bootstrap y Potente Redux, que tiene toneladas de opciones de panel de administraci\u00f3n para administrar su sitio sin muchos conocimientos de codificaci\u00f3n.<\/p>\n<p>El tema es mejor para cualquier sitio web de base de conocimientos para brindar soporte. Knowledgedesk incluye muchas funciones que le ayudar\u00e1n a crear un sitio web excelente para su empresa. Viene con las posibilidades ilimitadas del creador de p\u00e1ginas premium WPBakery Page Builder Arrastrar y soltar con nuestro complemento personalizado WPBakery Page Builder para crear diferentes bloques simplemente haciendo clic con el mouse.<\/p>\n<p>Knowledgedesk es totalmente responsivo y garantiza que su sitio web se vea bien en diferentes pantallas y dispositivos. Crear un sitio web con este tema ser\u00e1 una manera f\u00e1cil de atraer nuevos consumidores.<\/p>\n<h3><strong>Funciones de Knowledgedesk<\/strong><\/h3>\n<ul>\n<li>Dise\u00f1o totalmente responsivo.<\/li>\n<li>6 p\u00e1ginas de inicio.<\/li>\n<li>Instalador de demostraci\u00f3n con un clic.<\/li>\n<li>Plantilla basada en Bootstrap.<\/li>\n<li>Estilo de color ilimitado en la opci\u00f3n de tema.<\/li>\n<li>compatible con WPML<\/li>\n<li>Opci\u00f3n de administraci\u00f3n avanzada en el tema (con tecnolog\u00eda de Redux Framework)<\/li>\n<li>Complemento BWL Knowledge Base Manager<\/li>\n<li>Complemento KB para el complemento WPBakery Page Builder<\/li>\n<li>Acorde\u00f3n con capacidad de b\u00fasqueda definitiva: complemento de WPBakery Page Builder<\/li>\n<li>Complemento personalizado de WPBakery Page Builder para crear bloques diferentes con solo hacer clic con el mouse<\/li>\n<li>Elementos personalizados f\u00e1ciles de crear (control deslizante, aspectos destacados, servicios, acerca de, mostrador, blog, equipo, llamado a la acci\u00f3n, logotipo del cliente, testimonio, etc.)<\/li>\n<li>Integraci\u00f3n del formulario de contact form 7<\/li>\n<li>Integraci\u00f3n del bolet\u00edn informativo MailChimp.<\/li>\n<li>Fondo de paralaje de secci\u00f3n.<\/li>\n<li>Secci\u00f3n V\u00eddeo de fondo.<\/li>\n<li>Tema secundario incluido: utilice el tema secundario para evitar la<\/li>\n<li>superposici\u00f3n de cambios.<\/li>\n<li>Tienda WooCommerce lista<\/li>\n<li>Soporte RTL (lenguaje de derecha a izquierda)<\/li>\n<li>Hermosas p\u00e1ginas interiores<\/li>\n<li>Admite la \u00faltima versi\u00f3n de WordPress<\/li>\n<li>Aspecto moderno y muy limpio.<\/li>\n<li>SEO optimizado<\/li>\n<li>M\u00e1s de 500 fuentes de Google incluidas en el tema<\/li>\n<li>Basado en tecnolog\u00eda HTML5\/CSS3<\/li>\n<li>Animaci\u00f3n de desplazamiento del encabezado fijo<\/li>\n<li>Bloque de animaci\u00f3n con (fadeIn, rollIn, rebote y mucho m\u00e1s)<\/li>\n<li>WPBakery Page Builder.<\/li>\n<li>Bien documentada<\/li>\n<li>Compatible con varios navegadores.<\/li>\n<li>P\u00e1gina de error 404.<\/li>\n<li>Tipograf\u00eda rica, c\u00f3digos cortos y mucho m\u00e1s<\/li>\n<\/ul>\n<p>&nbsp;<\/p>\n<p>Adquiera ahora Knowledgedesk Knowledge Base Theme.[\/vc_column_text][\/vc_column][\/vc_row] css=\u00bb.vc_custom_1629733150529{margin-top: 30px !important;}\u00bb mobile_bg_img_hidden=\u00bbno\u00bb tablet_bg_img_hidden=\u00bbno\u00bb woodmart_parallax=\u00bb0&#8243; woodmart_gradient_switch=\u00bbno\u00bb row_reverse_mobile=\u00bb0&#8243; row_reverse_tablet=\u00bb0&#8243; woodmart_disable_overflow=\u00bb0&#8243;] css=\u00bb.vc_custom_1629733167411{background-color: #f4f4f4 !important;border-radius: 5px !important;}\u00bb mobile_bg_img_hidden=\u00bbno\u00bb tablet_bg_img_hidden=\u00bbno\u00bb woodmart_parallax=\u00bb0&#8243; woodmart_sticky_column=\u00bbfalse\u00bb parallax_scroll=\u00bbno\u00bb mobile_reset_margin=\u00bbno\u00bb tablet_reset_margin=\u00bbno\u00bb]_text woodmart_inline=\u00bbno\u00bb text_larger=\u00bbno\u00bb]<\/p>\n<p style=\"text-align: center;\">Los productos publicados en el sitio son distribuimos bajo licenciamiento <a href=\"https:\/\/www.gnu.org\/licenses\/licenses.es.html\" target=\"_blank\" rel=\"noopener\" data-schema-attribute=\"\"><strong>GPL \/ GNU<\/strong><\/a>. Recuerda siempre revisar nuestros <strong><a href=\"https:\/\/wpclub.pro\/terminos-de-uso\/\" target=\"_blank\" rel=\"noopener\" data-schema-attribute=\"\">T\u00e9rminos de Uso<\/a><\/strong> y <strong><a href=\"https:\/\/wpclub.pro\/politica-de-privacidad\/\" target=\"_blank\" rel=\"noopener\" data-schema-attribute=\"\">Pol\u00edtica de Privacidad<\/a><\/strong>.<\/p>\n<p>[\/vc_column_text][\/vc_column][\/vc_row]<\/p>\n","protected":false},"excerpt":{"rendered":"<p>] css=\u00bb.vc_custom_1629733467375{margin-right: 15px !important;padding-top: 30px !important;padding-right: 30px !important;padding-bottom: 30px !important;padding-left: 30px !important;background-color: #f4f4f4 !important;border-radius: 5px !important;}\u00bb width=\u00bb1\/1&#8243; mobile_bg_img_hidden=\u00bbno\u00bb tablet_bg_img_hidden=\u00bbno\u00bb woodmart_parallax=\u00bb0&#8243;<\/p>","protected":false},"featured_media":34449,"comment_status":"closed","ping_status":"closed","template":"","meta":{"_acf_changed":false},"product_brand":[],"product_cat":[15],"product_tag":[177],"class_list":{"0":"post-34448","1":"product","2":"type-product","3":"status-publish","4":"has-post-thumbnail","6":"product_cat-wordpress-themes","7":"product_tag-otros-productos-miscelaneos","8":"pa_autores-themeforest","10":"first","11":"instock","12":"sale","13":"downloadable","14":"virtual","15":"sold-individually","16":"purchasable","17":"product-type-simple"},"acf":[],"_links":{"self":[{"href":"https:\/\/wpclub.pro\/en\/wp-json\/wp\/v2\/product\/34448","targetHints":{"allow":["GET"]}}],"collection":[{"href":"https:\/\/wpclub.pro\/en\/wp-json\/wp\/v2\/product"}],"about":[{"href":"https:\/\/wpclub.pro\/en\/wp-json\/wp\/v2\/types\/product"}],"replies":[{"embeddable":true,"href":"https:\/\/wpclub.pro\/en\/wp-json\/wp\/v2\/comments?post=34448"}],"version-history":[{"count":0,"href":"https:\/\/wpclub.pro\/en\/wp-json\/wp\/v2\/product\/34448\/revisions"}],"wp:featuredmedia":[{"embeddable":true,"href":"https:\/\/wpclub.pro\/en\/wp-json\/wp\/v2\/media\/34449"}],"wp:attachment":[{"href":"https:\/\/wpclub.pro\/en\/wp-json\/wp\/v2\/media?parent=34448"}],"wp:term":[{"taxonomy":"product_brand","embeddable":true,"href":"https:\/\/wpclub.pro\/en\/wp-json\/wp\/v2\/product_brand?post=34448"},{"taxonomy":"product_cat","embeddable":true,"href":"https:\/\/wpclub.pro\/en\/wp-json\/wp\/v2\/product_cat?post=34448"},{"taxonomy":"product_tag","embeddable":true,"href":"https:\/\/wpclub.pro\/en\/wp-json\/wp\/v2\/product_tag?post=34448"}],"curies":[{"name":"wp","href":"https:\/\/api.w.org\/{rel}","templated":true}]}}