{"id":34514,"date":"2025-12-17T11:43:04","date_gmt":"2025-12-17T14:43:04","guid":{"rendered":"https:\/\/wpclub.pro\/?post_type=product&#038;p=34514"},"modified":"2025-12-17T11:44:18","modified_gmt":"2025-12-17T14:44:18","slug":"peepso-ideapush-integration","status":"publish","type":"product","link":"https:\/\/wpclub.pro\/en\/item\/peepso-ideapush-integration\/","title":{"rendered":"PeepSo IdeaPush Integration 8.0.0.0"},"content":{"rendered":"<div data-elementor-type=\"product-post\" data-elementor-id=\"34514\" class=\"elementor elementor-34514\" data-elementor-post-type=\"product\">\n\t\t\t\t<div class=\"wd-negative-gap elementor-element elementor-element-2d8ed707 e-flex e-con-boxed e-con e-parent\" data-id=\"2d8ed707\" data-element_type=\"container\" data-e-type=\"container\">\n\t\t\t\t\t<div class=\"e-con-inner\">\n\t\t\t\t<div class=\"elementor-element elementor-element-3a487deb color-scheme-inherit text-left elementor-widget elementor-widget-text-editor\" data-id=\"3a487deb\" data-element_type=\"widget\" data-e-type=\"widget\" data-widget_type=\"text-editor.default\">\n\t\t\t\t<div class=\"elementor-widget-container\">\n\t\t\t\t\t\t\t\t\t<p><strong>Important<\/strong>This product is quite complex to activate, so the process may take some time. If you are unwilling or unable to wait when necessary, please do not purchase this product.<\/p><h2><strong>PeepSo IdeaPush Integration<\/strong><\/h2><p>Es un complemento innovador que combina el poder de PeepSo, la plataforma de redes sociales para WordPress, con las funcionalidades de IdeaPush, un sistema de gesti\u00f3n de ideas y sugerencias.\u00a0<\/p><p>Este producto es ideal para comunidades online y redes sociales que buscan fomentar la participaci\u00f3n activa de sus miembros, recopilando y gestionando ideas de manera efectiva dentro de su plataforma.<\/p><h3>\u00bfQu\u00e9 es PeepSo IdeaPush Integration?<\/h3><p>PeepSo IdeaPush Integration es un plugin dise\u00f1ado para unir las funcionalidades de PeepSo e IdeaPush en una experiencia integrada. Con este complemento, puedes permitir que los usuarios de tu comunidad PeepSo env\u00eden, voten y comenten ideas directamente desde la interfaz de la red social.\u00a0<\/p><p>Esto transforma tu sitio web en un espacio colaborativo donde los miembros pueden contribuir activamente al desarrollo de proyectos, productos o mejoras de la comunidad.<\/p><p>Este producto simplifica la manera en que las comunidades recogen y priorizan las ideas, ya que IdeaPush organiza autom\u00e1ticamente las sugerencias en un tablero visual, permitiendo a los administradores gestionar y evaluar las propuestas de los usuarios de manera eficiente.<\/p><h3>Beneficios clave de PeepSo IdeaPush Integration<\/h3><ol><li><p><strong>Fomento de la participaci\u00f3n comunitaria<\/strong>: Al integrar la funci\u00f3n de ideas dentro de tu comunidad PeepSo, los usuarios se sienten m\u00e1s involucrados, ya que pueden contribuir con sus sugerencias y votar por las propuestas que consideran m\u00e1s importantes.<\/p><\/li><li><p><strong>Gesti\u00f3n de ideas simplificada<\/strong>: IdeaPush ofrece un tablero intuitivo donde las ideas se clasifican autom\u00e1ticamente seg\u00fan los votos y comentarios, lo que facilita la toma de decisiones basadas en las prioridades de la comunidad.<\/p><\/li><li><p><strong>Mejora continua basada en feedback<\/strong>: Con PeepSo IdeaPush Integration, puedes recopilar informaci\u00f3n valiosa directamente de tus usuarios, mejorando continuamente tus productos, servicios o la experiencia de tu comunidad.<\/p><\/li><li><p><strong>Interacci\u00f3n en tiempo real<\/strong>: Los miembros pueden debatir y colaborar en tiempo real a trav\u00e9s de comentarios, fomentando un entorno de innovaci\u00f3n colectiva.<\/p><\/li><li><p><strong>Mayor retenci\u00f3n de usuarios<\/strong>: Al ofrecer un espacio donde sus ideas son valoradas y consideradas, incrementas la fidelidad y la participaci\u00f3n activa dentro de tu comunidad.<\/p><\/li><\/ol><h3>Caracter\u00edsticas principales de PeepSo IdeaPush Integration<\/h3><ul><li><p><strong>Integraci\u00f3n perfecta con PeepSo<\/strong>: Las funciones de IdeaPush se integran directamente en la interfaz de PeepSo, permitiendo a los usuarios interactuar con las ideas sin necesidad de abandonar la plataforma.<\/p><\/li><li><p><strong>Tablero visual de ideas<\/strong>: Muestra todas las ideas enviadas en un formato atractivo y organizado, donde los usuarios pueden votar y comentar f\u00e1cilmente.<\/p><\/li><li><p><strong>Opciones de personalizaci\u00f3n<\/strong>: Personaliza el tablero de ideas para adaptarlo al estilo visual de tu comunidad, asegurando una experiencia de usuario consistente.<\/p><\/li><li><p><strong>Notificaciones autom\u00e1ticas<\/strong>: Mant\u00e9n informados a los usuarios sobre actualizaciones relacionadas con sus ideas o las propuestas que han apoyado.<\/p><\/li><li><p><strong>Gesti\u00f3n avanzada para administradores<\/strong>: Filtra, clasifica y prioriza ideas seg\u00fan votos, comentarios o fechas, todo desde un panel de control intuitivo.<\/p><\/li><li><p><strong>Compatibilidad responsiva<\/strong>: PeepSo IdeaPush Integration est\u00e1 dise\u00f1ado para funcionar perfectamente en cualquier dispositivo, asegurando que los usuarios puedan participar desde computadoras, tablets o tel\u00e9fonos m\u00f3viles.<\/p><\/li><\/ul><h3>\u00bfC\u00f3mo funciona PeepSo IdeaPush Integration?<\/h3><p>PeepSo IdeaPush Integration se instala como un complemento adicional en tu sitio WordPress. Una vez activado, agrega un tablero de ideas dentro de tu comunidad PeepSo, accesible desde el perfil o un men\u00fa personalizado. Los usuarios pueden enviar ideas a trav\u00e9s de un formulario sencillo, y estas se publican autom\u00e1ticamente en el tablero.<\/p><p>Cada idea incluye opciones de votaci\u00f3n y un \u00e1rea de comentarios donde los miembros pueden expresar su apoyo, dudas o sugerencias adicionales. Por otro lado, los administradores pueden gestionar las ideas directamente desde el panel de control, utilizando herramientas avanzadas para priorizar las propuestas con mayor impacto.<\/p><p>El sistema de notificaciones integrado asegura que los usuarios est\u00e9n siempre al tanto de los cambios relacionados con sus ideas, manteniendo un flujo constante de interacci\u00f3n y participaci\u00f3n.<\/p><h3>\u00bfPor qu\u00e9 elegir PeepSo IdeaPush Integration?<\/h3><p>PeepSo IdeaPush Integration es una soluci\u00f3n imprescindible para comunidades que buscan involucrar activamente a sus miembros en procesos de innovaci\u00f3n y mejora continua. Este plugin no solo facilita la gesti\u00f3n de ideas, sino que tambi\u00e9n crea un entorno en el que los usuarios sienten que su voz importa. Esto se traduce en una comunidad m\u00e1s participativa, usuarios m\u00e1s comprometidos y mejores resultados para tu proyecto.<\/p><p>Adem\u00e1s, PeepSo IdeaPush Integration est\u00e1 dise\u00f1ado para ser f\u00e1cil de instalar y utilizar, ofreciendo un valor inmediato para administradores y miembros por igual. Con este complemento, puedes transformar tu comunidad en un centro din\u00e1mico de intercambio de ideas e innovaci\u00f3n colectiva.<\/p><h3>Conclusion<\/h3><p>PeepSo IdeaPush Integration es la herramienta perfecta para cualquier comunidad en l\u00ednea que desee aprovechar el poder de las ideas colectivas. Con su integraci\u00f3n fluida, funcionalidades avanzadas y enfoque en la colaboraci\u00f3n, este plugin te ayudar\u00e1 a fortalecer la participaci\u00f3n, mejorar la experiencia del usuario y priorizar mejoras basadas en las necesidades reales de tu comunidad.<\/p><p>Invierte en PeepSo IdeaPush Integration hoy mismo y lleva la interacci\u00f3n y el compromiso en tu plataforma al siguiente nivel. \u00a1Transforma tu comunidad en un espacio de innovaci\u00f3n y colaboraci\u00f3n!<\/p>\t\t\t\t\t\t\t\t<\/div>\n\t\t\t\t<\/div>\n\t\t\t\t\t<\/div>\n\t\t\t\t<\/div>\n\t\t\t\t<\/div>","protected":false},"excerpt":{"rendered":"<p>Importante: Este es un producto bastante complejo de activar, por lo que podemos demorarnos en dicho proceso. Si no est\u00e1s<\/p>","protected":false},"featured_media":88447,"comment_status":"closed","ping_status":"closed","template":"","meta":{"_acf_changed":false},"product_brand":[],"product_cat":[67],"product_tag":[151],"class_list":{"0":"post-34514","1":"product","2":"type-product","3":"status-publish","4":"has-post-thumbnail","6":"product_cat-wordpress-plugins","7":"product_tag-plugins-para-comunidades-y-redes-sociales","8":"pa_autores-peepso","10":"first","11":"instock","12":"sale","13":"downloadable","14":"virtual","15":"sold-individually","16":"purchasable","17":"product-type-simple"},"acf":[],"_links":{"self":[{"href":"https:\/\/wpclub.pro\/en\/wp-json\/wp\/v2\/product\/34514","targetHints":{"allow":["GET"]}}],"collection":[{"href":"https:\/\/wpclub.pro\/en\/wp-json\/wp\/v2\/product"}],"about":[{"href":"https:\/\/wpclub.pro\/en\/wp-json\/wp\/v2\/types\/product"}],"replies":[{"embeddable":true,"href":"https:\/\/wpclub.pro\/en\/wp-json\/wp\/v2\/comments?post=34514"}],"version-history":[{"count":0,"href":"https:\/\/wpclub.pro\/en\/wp-json\/wp\/v2\/product\/34514\/revisions"}],"wp:featuredmedia":[{"embeddable":true,"href":"https:\/\/wpclub.pro\/en\/wp-json\/wp\/v2\/media\/88447"}],"wp:attachment":[{"href":"https:\/\/wpclub.pro\/en\/wp-json\/wp\/v2\/media?parent=34514"}],"wp:term":[{"taxonomy":"product_brand","embeddable":true,"href":"https:\/\/wpclub.pro\/en\/wp-json\/wp\/v2\/product_brand?post=34514"},{"taxonomy":"product_cat","embeddable":true,"href":"https:\/\/wpclub.pro\/en\/wp-json\/wp\/v2\/product_cat?post=34514"},{"taxonomy":"product_tag","embeddable":true,"href":"https:\/\/wpclub.pro\/en\/wp-json\/wp\/v2\/product_tag?post=34514"}],"curies":[{"name":"wp","href":"https:\/\/api.w.org\/{rel}","templated":true}]}}