{"id":34644,"date":"2023-10-31T10:42:51","date_gmt":"2023-10-31T13:42:51","guid":{"rendered":"https:\/\/wpclub.pro\/?post_type=product&#038;p=34644"},"modified":"2024-10-03T12:54:07","modified_gmt":"2024-10-03T15:54:07","slug":"technix-technology-it-solutions-theme","status":"publish","type":"product","link":"https:\/\/wpclub.pro\/en\/item\/technix-technology-it-solutions-theme\/","title":{"rendered":"Technix Technology IT Solutions Theme 1.0.3"},"content":{"rendered":"<p>] css=\u00bb.vc_custom_1629733467375{margin-right: 15px !important;padding-top: 30px !important;padding-right: 30px !important;padding-bottom: 30px !important;padding-left: 30px !important;background-color: #f4f4f4 !important;border-radius: 5px !important;}\u00bb width=\u00bb1\/1&#8243; mobile_bg_img_hidden=\u00bbno\u00bb tablet_bg_img_hidden=\u00bbno\u00bb woodmart_parallax=\u00bb0&#8243; woodmart_sticky_column=\u00bbfalse\u00bb parallax_scroll=\u00bbno\u00bb mobile_reset_margin=\u00bbno\u00bb tablet_reset_margin=\u00bbno\u00bb]_text woodmart_inline=\u00bbno\u00bb text_larger=\u00bbno\u00bb]<\/p>\n<h2><strong>Technix Technology IT Solutions Theme<\/strong><\/h2>\n<p>&nbsp;<\/p>\n<p>Technix: Tema de WordPress para soluciones de tecnolog\u00eda y TI para varios tipos de productos, software, empresas emergentes, presentaciones de aplicaciones y productos\/servicios relacionados de Sass. Es totalmente responsivo y se ve impresionante en todo tipo de pantallas y dispositivos.<\/p>\n<p>Puede utilizar SmartSaaS como una mejor forma de presentar y promocionar sus aplicaciones SaaS, aplicaciones m\u00f3viles, software y productos digitales para empresas emergentes. All\u00ed, cada secci\u00f3n es \u00fanica y creativa para Technology &amp; IT Solutions Company. Tiene un dise\u00f1o 100% responsivo y se ha probado en los principales navegadores y dispositivos.<\/p>\n<h3><strong>Lista completa de funciones de Technix Technology IT Solutions Theme<\/strong><\/h3>\n<ul>\n<li>Creador de p\u00e1ginas Elementor<\/li>\n<li>Basado en Bootstrap 5.x<\/li>\n<li>100% responsivo<\/li>\n<li>Tema de WordPress espec\u00edfico para nichos<\/li>\n<li>Compatibilidad con la \u00faltima versi\u00f3n de WordPress<\/li>\n<li>Importaci\u00f3n de demostraciones con un clic<\/li>\n<li>No se requieren conocimientos de codificaci\u00f3n<\/li>\n<li>3 p\u00e1ginas de inicio<\/li>\n<li>3 estilos de encabezado<\/li>\n<li>Estilo de pie de p\u00e1gina de m\u00e1s de 3<\/li>\n<li>de 40 widgets personalizados de Elementor<\/li>\n<li>8+ Widgets personalizados<\/li>\n<li>Optimizado para SEO<\/li>\n<li>Widgets personalizados<\/li>\n<li>Soporta WP Customizer<\/li>\n<li>Configuraci\u00f3n de encabezado y pie de p\u00e1gina<\/li>\n<li>Soporte para varios navegadores<\/li>\n<li>Fuentes de Google<\/li>\n<li>HTML5\/CSS3 v\u00e1lido<\/li>\n<li>Fondo de imagen<\/li>\n<li>F\u00e1cil de personalizar<\/li>\n<li>Flexible y multiusos<\/li>\n<li>HTML5\/CSS3 v\u00e1lido<\/li>\n<li>Se incluyen archivos HTML, CSS y JS<\/li>\n<li>Documentaci\u00f3n detallada<\/li>\n<li>Listo para traducci\u00f3n<\/li>\n<\/ul>\n<p>&nbsp;<\/p>\n<p>Adquiera ahora Technix Technology IT Solutions Theme.[\/vc_column_text][\/vc_column][\/vc_row] css=\u00bb.vc_custom_1629733150529{margin-top: 30px !important;}\u00bb mobile_bg_img_hidden=\u00bbno\u00bb tablet_bg_img_hidden=\u00bbno\u00bb woodmart_parallax=\u00bb0&#8243; woodmart_gradient_switch=\u00bbno\u00bb row_reverse_mobile=\u00bb0&#8243; row_reverse_tablet=\u00bb0&#8243; woodmart_disable_overflow=\u00bb0&#8243;] css=\u00bb.vc_custom_1629733167411{background-color: #f4f4f4 !important;border-radius: 5px !important;}\u00bb mobile_bg_img_hidden=\u00bbno\u00bb tablet_bg_img_hidden=\u00bbno\u00bb woodmart_parallax=\u00bb0&#8243; woodmart_sticky_column=\u00bbfalse\u00bb parallax_scroll=\u00bbno\u00bb mobile_reset_margin=\u00bbno\u00bb tablet_reset_margin=\u00bbno\u00bb]_text woodmart_inline=\u00bbno\u00bb text_larger=\u00bbno\u00bb]<\/p>\n<p style=\"text-align: center;\">Los productos publicados en el sitio son distribuimos bajo licenciamiento <a href=\"https:\/\/www.gnu.org\/licenses\/licenses.es.html\" target=\"_blank\" rel=\"noopener\" data-schema-attribute=\"\"><strong>GPL \/ GNU<\/strong><\/a>. Recuerda siempre revisar nuestros <strong><a href=\"https:\/\/wpclub.pro\/terminos-de-uso\/\" target=\"_blank\" rel=\"noopener\" data-schema-attribute=\"\">T\u00e9rminos de Uso<\/a><\/strong> y <strong><a href=\"https:\/\/wpclub.pro\/politica-de-privacidad\/\" target=\"_blank\" rel=\"noopener\" data-schema-attribute=\"\">Pol\u00edtica de Privacidad<\/a><\/strong>.<\/p>\n<p>[\/vc_column_text][\/vc_column][\/vc_row]<\/p>\n","protected":false},"excerpt":{"rendered":"<p>] css=\u00bb.vc_custom_1629733467375{margin-right: 15px !important;padding-top: 30px !important;padding-right: 30px !important;padding-bottom: 30px !important;padding-left: 30px !important;background-color: #f4f4f4 !important;border-radius: 5px !important;}\u00bb width=\u00bb1\/1&#8243; mobile_bg_img_hidden=\u00bbno\u00bb tablet_bg_img_hidden=\u00bbno\u00bb woodmart_parallax=\u00bb0&#8243;<\/p>","protected":false},"featured_media":34645,"comment_status":"closed","ping_status":"closed","template":"","meta":{"_acf_changed":false},"product_brand":[],"product_cat":[15],"product_tag":[461],"class_list":{"0":"post-34644","1":"product","2":"type-product","3":"status-publish","4":"has-post-thumbnail","6":"product_cat-wordpress-themes","7":"product_tag-temas-para-tecnologia-y-webhosting","8":"pa_autores-themeforest","10":"first","11":"instock","12":"sale","13":"downloadable","14":"virtual","15":"sold-individually","16":"purchasable","17":"product-type-simple"},"acf":[],"_links":{"self":[{"href":"https:\/\/wpclub.pro\/en\/wp-json\/wp\/v2\/product\/34644","targetHints":{"allow":["GET"]}}],"collection":[{"href":"https:\/\/wpclub.pro\/en\/wp-json\/wp\/v2\/product"}],"about":[{"href":"https:\/\/wpclub.pro\/en\/wp-json\/wp\/v2\/types\/product"}],"replies":[{"embeddable":true,"href":"https:\/\/wpclub.pro\/en\/wp-json\/wp\/v2\/comments?post=34644"}],"version-history":[{"count":0,"href":"https:\/\/wpclub.pro\/en\/wp-json\/wp\/v2\/product\/34644\/revisions"}],"wp:featuredmedia":[{"embeddable":true,"href":"https:\/\/wpclub.pro\/en\/wp-json\/wp\/v2\/media\/34645"}],"wp:attachment":[{"href":"https:\/\/wpclub.pro\/en\/wp-json\/wp\/v2\/media?parent=34644"}],"wp:term":[{"taxonomy":"product_brand","embeddable":true,"href":"https:\/\/wpclub.pro\/en\/wp-json\/wp\/v2\/product_brand?post=34644"},{"taxonomy":"product_cat","embeddable":true,"href":"https:\/\/wpclub.pro\/en\/wp-json\/wp\/v2\/product_cat?post=34644"},{"taxonomy":"product_tag","embeddable":true,"href":"https:\/\/wpclub.pro\/en\/wp-json\/wp\/v2\/product_tag?post=34644"}],"curies":[{"name":"wp","href":"https:\/\/api.w.org\/{rel}","templated":true}]}}